{"id":981,"date":"2024-09-10T04:15:33","date_gmt":"2024-09-10T04:15:33","guid":{"rendered":"http:\/\/wankonbiotech.com\/?post_type=product&#038;p=981"},"modified":"2024-09-10T04:20:03","modified_gmt":"2024-09-10T04:20:03","slug":"mangosteen-peel-extract-alpha-mangostin-98-pure-powder","status":"publish","type":"product","link":"https:\/\/wankonbiotech.com\/pt\/produto\/extrato-de-casca-de-mangostao-alfa-mangostina-98-po-puro\/","title":{"rendered":"Extrato de casca de mangost\u00e3o \u2013 Alpha-Mangostin 98% P\u00f3 puro"},"content":{"rendered":"<h2><strong>Introdu\u00e7\u00e3o<\/strong><\/h2>\n<p>O Extrato da Casca de Mangostim \u00e9 um dos extratos naturais mais poderosos dispon\u00edveis para formula\u00e7\u00f5es de cuidados com a pele e bem-estar. Derivado da casca do fruto do mangostim (<em>Garcinia mangostana<\/em>), este extrato altamente concentrado ostenta uma impressionante pureza de 98% de alfa-mangostina, um potente composto antioxidante e anti-inflamat\u00f3rio. Conhecido por sua capacidade de proteger a pele, combater os sinais de envelhecimento e reduzir a inflama\u00e7\u00e3o, este extrato \u00e9 um ingrediente procurado em produtos premium para cuidados com a pele e sa\u00fade. Na Xi'an Wankangyuan Biotechnology Co., Ltd., somos especializados em fornecer Extrato de Casca de Mangost\u00e3o de alta qualidade para ajudar voc\u00ea a criar produtos eficazes e inspirados na natureza.<\/p>\n<p><img fetchpriority=\"high\" decoding=\"async\" class=\"wp-image-982 size-full aligncenter\" src=\"http:\/\/wankonbiotech.com\/wp-content\/uploads\/2024\/09\/32b4e8b1bcfc967ffd29d79ff1.jpeg\" alt=\"Extrato de casca de mangost\u00e3o\" width=\"831\" height=\"651\" title=\"\" srcset=\"https:\/\/wankonbiotech.com\/wp-content\/uploads\/2024\/09\/32b4e8b1bcfc967ffd29d79ff1.jpeg 831w, https:\/\/wankonbiotech.com\/wp-content\/uploads\/2024\/09\/32b4e8b1bcfc967ffd29d79ff1-300x235.jpeg 300w, https:\/\/wankonbiotech.com\/wp-content\/uploads\/2024\/09\/32b4e8b1bcfc967ffd29d79ff1-768x602.jpeg 768w, https:\/\/wankonbiotech.com\/wp-content\/uploads\/2024\/09\/32b4e8b1bcfc967ffd29d79ff1-15x12.jpeg 15w, https:\/\/wankonbiotech.com\/wp-content\/uploads\/2024\/09\/32b4e8b1bcfc967ffd29d79ff1-600x470.jpeg 600w\" sizes=\"(max-width: 831px) 100vw, 831px\" \/><\/p>\n<h2><strong>O que \u00e9 Alpha-Mangostin?<\/strong><\/h2>\n<p>A alfa-mangostina \u00e9 uma das xantonas mais ativas encontradas na casca do mangost\u00e3o. As xantonas s\u00e3o compostos polifen\u00f3licos conhecidos por seus fortes efeitos antioxidantes e anti-inflamat\u00f3rios. A alfa-mangostina se destaca como uma xantona particularmente eficaz, com uma ampla gama de benef\u00edcios potenciais para a sa\u00fade da pele, bem-estar e at\u00e9 mesmo propriedades anticancer\u00edgenas. Quando usada em cuidados com a pele, a alfa-mangostina ajuda a proteger a pele do estresse oxidativo, promove a produ\u00e7\u00e3o de col\u00e1geno e alivia a inflama\u00e7\u00e3o, tornando-a ideal para uma variedade de aplica\u00e7\u00f5es cosm\u00e9ticas e terap\u00eauticas.<\/p>\n<h2><strong>Aplica\u00e7\u00f5es do Extrato de Casca de Mangost\u00e3o<\/strong><\/h2>\n<p>Este poderoso extrato \u00e9 vers\u00e1til e pode ser usado em uma ampla gama de produtos para a pele e bem-estar. Algumas das aplica\u00e7\u00f5es mais comuns incluem:<\/p>\n<ul>\n<li><strong>S\u00e9runs antienvelhecimento:<\/strong> Para combater rugas, melhorar a elasticidade da pele e promover a produ\u00e7\u00e3o de col\u00e1geno.<\/li>\n<li><strong>Tratamentos para acne:<\/strong> Para reduzir a inflama\u00e7\u00e3o, prevenir o crescimento bacteriano e acalmar a pele irritada.<\/li>\n<li><strong>Cremes e s\u00e9runs clareadores:<\/strong> Para reduzir manchas escuras e promover uma pele mais radiante.<\/li>\n<li><strong>Lo\u00e7\u00f5es calmantes:<\/strong> Para aliviar vermelhid\u00e3o, irrita\u00e7\u00e3o e condi\u00e7\u00f5es inflamat\u00f3rias da pele.<\/li>\n<li><strong>Suplementos de bem-estar:<\/strong> Como a alfa-mangostina tamb\u00e9m apresenta benef\u00edcios quando ingerida, esse extrato pode ser usado em suplementos de sa\u00fade para promover o bem-estar geral.<\/li>\n<\/ul>\n<h2><strong>Como \u00e9 feito o extrato da casca do mangost\u00e3o<\/strong><\/h2>\n<p>Na Xi'an Wankangyuan Biotechnology, utilizamos t\u00e9cnicas de extra\u00e7\u00e3o e purifica\u00e7\u00e3o de ponta para obter uma forma altamente concentrada e pura de alfa-mangostina. O processo come\u00e7a com cascas de mangostim de origem sustent\u00e1vel, que s\u00e3o cuidadosamente secas e processadas para extrair as valiosas xantonas. Por meio de m\u00e9todos avan\u00e7ados de purifica\u00e7\u00e3o, isolamos a alfa-mangostina e produzimos um p\u00f3 fino e puro com pot\u00eancia 98%, garantindo a mais alta qualidade para seus produtos.<\/p>\n<h2><strong>Sustentabilidade e Garantia de Qualidade<\/strong><\/h2>\n<p>Na Xi'an Wankangyuan Biotechnology, estamos profundamente comprometidos com a sustentabilidade e a qualidade. Nosso Extrato de Casca de Mangostim \u2013 Alpha-Mangostin 98% em P\u00f3 Puro \u00e9 obtido de forma respons\u00e1vel, garantindo que as cascas de mangostim utilizadas sejam colhidas de forma ecologicamente correta. Al\u00e9m disso, cada lote do nosso extrato passa por rigorosos testes para garantir que atenda aos mais altos padr\u00f5es de pureza e pot\u00eancia, garantindo a voc\u00ea a confian\u00e7a na qualidade dos ingredientes utilizados.<\/p>\n<h2><strong>Por que escolher a Xi'an Wankangyuan Biotechnology para o extrato de casca de mangost\u00e3o?<\/strong><\/h2>\n<p>Escolher a Xi'an Wankangyuan Biotechnology significa fazer parceria com uma empresa com profundo conhecimento dos setores de cosm\u00e9ticos e sa\u00fade. Nosso Extrato de Casca de Mangost\u00e3o \u2013 Alpha-Mangostin 98% em P\u00f3 Puro \u00e9 produzido com os mais altos padr\u00f5es de pureza e pot\u00eancia, permitindo que voc\u00ea crie produtos de cuidados com a pele e bem-estar de alta qualidade que proporcionam resultados reais. Nos orgulhamos do nosso compromisso com a inova\u00e7\u00e3o, qualidade e sustentabilidade, o que nos torna um parceiro confi\u00e1vel para marcas em todo o mundo.<\/p>","protected":false},"excerpt":{"rendered":"<p>O Extrato da Casca de Mangostim \u00e9 um dos extratos naturais mais poderosos dispon\u00edveis para formula\u00e7\u00f5es de cuidados com a pele e bem-estar. Derivado da casca do fruto do mangostim (<em>Garcinia mangostana<\/em>), este extrato altamente concentrado ostenta uma impressionante pureza de 98% de alfa-mangostina, um potente composto antioxidante e anti-inflamat\u00f3rio.<\/p>","protected":false},"featured_media":983,"template":"","meta":{"_acf_changed":false},"product_brand":[],"product_cat":[31],"product_tag":[],"class_list":{"0":"post-981","1":"product","2":"type-product","3":"status-publish","4":"has-post-thumbnail","6":"product_cat-spices-and-seasonings","8":"first","9":"instock","10":"shipping-taxable","11":"product-type-simple"},"acf":[],"_links":{"self":[{"href":"https:\/\/wankonbiotech.com\/pt\/wp-json\/wp\/v2\/product\/981","targetHints":{"allow":["GET"]}}],"collection":[{"href":"https:\/\/wankonbiotech.com\/pt\/wp-json\/wp\/v2\/product"}],"about":[{"href":"https:\/\/wankonbiotech.com\/pt\/wp-json\/wp\/v2\/types\/product"}],"wp:featuredmedia":[{"embeddable":true,"href":"https:\/\/wankonbiotech.com\/pt\/wp-json\/wp\/v2\/media\/983"}],"wp:attachment":[{"href":"https:\/\/wankonbiotech.com\/pt\/wp-json\/wp\/v2\/media?parent=981"}],"wp:term":[{"taxonomy":"product_brand","embeddable":true,"href":"https:\/\/wankonbiotech.com\/pt\/wp-json\/wp\/v2\/product_brand?post=981"},{"taxonomy":"product_cat","embeddable":true,"href":"https:\/\/wankonbiotech.com\/pt\/wp-json\/wp\/v2\/product_cat?post=981"},{"taxonomy":"product_tag","embeddable":true,"href":"https:\/\/wankonbiotech.com\/pt\/wp-json\/wp\/v2\/product_tag?post=981"}],"curies":[{"name":"wp","href":"https:\/\/api.w.org\/{rel}","templated":true}]}}