{"id":971,"date":"2024-08-31T16:32:03","date_gmt":"2024-08-31T16:32:03","guid":{"rendered":"http:\/\/wankonbiotech.com\/?post_type=product&#038;p=971"},"modified":"2024-09-01T02:27:57","modified_gmt":"2024-09-01T02:27:57","slug":"blue-lotus-extract-powder","status":"publish","type":"product","link":"https:\/\/wankonbiotech.com\/pt\/produto\/po-de-extrato-de-lotus-azul\/","title":{"rendered":"Extrato de l\u00f3tus azul em p\u00f3 de alta qualidade por atacado"},"content":{"rendered":"<table>\n<tbody>\n<tr>\n<td>\n<div><strong>Nome do produto:<\/strong><\/div>\n<\/td>\n<td>Extrato de L\u00f3tus Azul em P\u00f3<\/td>\n<\/tr>\n<tr>\n<td>\n<div><strong>Use a parte:<\/strong><\/div>\n<\/td>\n<td>\n<div>Flor<\/div>\n<\/td>\n<\/tr>\n<tr>\n<td>\n<div><strong>Apar\u00eancia:<\/strong><\/div>\n<\/td>\n<td>\n<div>P\u00f3 amarelo marrom<\/div>\n<\/td>\n<\/tr>\n<tr>\n<td>\n<div><strong>Prazo de validade:<\/strong><\/div>\n<\/td>\n<td>\n<div>24 meses<\/div>\n<\/td>\n<\/tr>\n<\/tbody>\n<\/table>\n<h2><strong>Introdu\u00e7\u00e3o<\/strong><\/h2>\n<p>O Extrato de L\u00f3tus \u00e9 uma planta aqu\u00e1tica perene, pertencente ao g\u00eanero Nelumbo, comumente cultivada em jardins aqu\u00e1ticos. As ra\u00edzes do l\u00f3tus s\u00e3o plantadas no solo do fundo de lagos ou rios, enquanto as folhas flutuam na superf\u00edcie da \u00e1gua ou s\u00e3o mantidas bem acima dela. As flores geralmente s\u00e3o encontradas em caules grossos que se elevam v\u00e1rios cent\u00edmetros acima das folhas. A planta normalmente cresce at\u00e9 uma altura de cerca de 150 cm e uma extens\u00e3o horizontal de at\u00e9 3 metros, mas alguns relatos n\u00e3o verificados indicam que a altura pode chegar a mais de 5 metros. As folhas podem atingir 60 cm de di\u00e2metro, enquanto as flores vistosas podem atingir at\u00e9 20 cm de di\u00e2metro.<\/p>\n<p><img fetchpriority=\"high\" decoding=\"async\" class=\"alignnone wp-image-973 size-full\" src=\"http:\/\/wankonbiotech.com\/wp-content\/uploads\/2024\/08\/blue_lotus_extract_dose-scaled-1.webp\" alt=\"Extrato de L\u00f3tus Azul em P\u00f3\" width=\"2048\" height=\"1365\" title=\"\" srcset=\"https:\/\/wankonbiotech.com\/wp-content\/uploads\/2024\/08\/blue_lotus_extract_dose-scaled-1.webp 2048w, https:\/\/wankonbiotech.com\/wp-content\/uploads\/2024\/08\/blue_lotus_extract_dose-scaled-1-300x200.webp 300w, https:\/\/wankonbiotech.com\/wp-content\/uploads\/2024\/08\/blue_lotus_extract_dose-scaled-1-1024x683.webp 1024w, https:\/\/wankonbiotech.com\/wp-content\/uploads\/2024\/08\/blue_lotus_extract_dose-scaled-1-768x512.webp 768w, https:\/\/wankonbiotech.com\/wp-content\/uploads\/2024\/08\/blue_lotus_extract_dose-scaled-1-1536x1024.webp 1536w, https:\/\/wankonbiotech.com\/wp-content\/uploads\/2024\/08\/blue_lotus_extract_dose-scaled-1-18x12.webp 18w, https:\/\/wankonbiotech.com\/wp-content\/uploads\/2024\/08\/blue_lotus_extract_dose-scaled-1-600x400.webp 600w\" sizes=\"(max-width: 2048px) 100vw, 2048px\" \/><\/p>\n<h2><strong>A Ess\u00eancia do Extrato de L\u00f3tus Azul em P\u00f3<\/strong><\/h2>\n<p>Derivado do <strong>Nen\u00fafar azul<\/strong> A planta L\u00f3tus Azul \u00e9 apreciada h\u00e1 s\u00e9culos por suas propriedades calmantes e relaxantes. No \u00e2mbito dos cuidados com a pele, o Extrato de L\u00f3tus Azul em P\u00f3 \u00e9 reconhecido por sua capacidade de promover uma tez jovem, combater o estresse oxidativo e proporcionar hidrata\u00e7\u00e3o profunda. Este extrato \u00e9 rico em flavonoides, antioxidantes e alcaloides, que atuam sinergicamente para melhorar a textura e a elasticidade da pele.<\/p>\n<h2><strong>Benef\u00edcios antienvelhecimento<\/strong><\/h2>\n<p>O Extrato de L\u00f3tus Azul em P\u00f3 \u00e9 particularmente eficaz como ingrediente antienvelhecimento. A alta concentra\u00e7\u00e3o de antioxidantes ajuda a neutralizar os radicais livres, uma das principais causas do envelhecimento precoce. Ao incorporar o Extrato de L\u00f3tus Azul em P\u00f3 em produtos para a pele, os fabricantes podem oferecer solu\u00e7\u00f5es que reduzem o aparecimento de linhas finas e rugas, deixando a pele com apar\u00eancia firme e rejuvenescida.<\/p>\n<h2><strong>Hidrata\u00e7\u00e3o e Umidade<\/strong><\/h2>\n<p>Al\u00e9m de suas propriedades antienvelhecimento, o Extrato de L\u00f3tus Azul em P\u00f3 \u00e9 um poderoso agente hidratante. Ajuda a reter a umidade, tornando-o ideal para formula\u00e7\u00f5es voltadas para peles secas ou desidratadas. As propriedades emolientes naturais do L\u00f3tus Azul garantem que a pele permane\u00e7a macia, flex\u00edvel e radiante, mesmo em condi\u00e7\u00f5es ambientais adversas.<\/p>\n<p><img decoding=\"async\" class=\"alignnone wp-image-974 size-full\" src=\"http:\/\/wankonbiotech.com\/wp-content\/uploads\/2024\/08\/Blue-lotus-extract-capsules-scaled-1.webp\" alt=\" Extrato de L\u00f3tus Azul em P\u00f3\" width=\"2560\" height=\"1736\" title=\"\" srcset=\"https:\/\/wankonbiotech.com\/wp-content\/uploads\/2024\/08\/Blue-lotus-extract-capsules-scaled-1.webp 2560w, https:\/\/wankonbiotech.com\/wp-content\/uploads\/2024\/08\/Blue-lotus-extract-capsules-scaled-1-300x203.webp 300w, https:\/\/wankonbiotech.com\/wp-content\/uploads\/2024\/08\/Blue-lotus-extract-capsules-scaled-1-1024x694.webp 1024w, https:\/\/wankonbiotech.com\/wp-content\/uploads\/2024\/08\/Blue-lotus-extract-capsules-scaled-1-768x521.webp 768w, https:\/\/wankonbiotech.com\/wp-content\/uploads\/2024\/08\/Blue-lotus-extract-capsules-scaled-1-1536x1042.webp 1536w, https:\/\/wankonbiotech.com\/wp-content\/uploads\/2024\/08\/Blue-lotus-extract-capsules-scaled-1-2048x1389.webp 2048w, https:\/\/wankonbiotech.com\/wp-content\/uploads\/2024\/08\/Blue-lotus-extract-capsules-scaled-1-18x12.webp 18w, https:\/\/wankonbiotech.com\/wp-content\/uploads\/2024\/08\/Blue-lotus-extract-capsules-scaled-1-600x407.webp 600w\" sizes=\"(max-width: 2560px) 100vw, 2560px\" \/><\/p>\n<h2><strong>Efeitos calmantes e relaxantes<\/strong><\/h2>\n<p>As propriedades calmantes do L\u00f3tus Azul s\u00e3o bem documentadas, tornando-o uma excelente escolha para produtos desenvolvidos para acalmar peles irritadas ou sens\u00edveis. Seja usado em m\u00e1scaras faciais, s\u00e9runs ou hidratantes, o Extrato de L\u00f3tus Azul em P\u00f3 pode ajudar a reduzir a vermelhid\u00e3o, a inflama\u00e7\u00e3o e o desconforto, promovendo uma pele equilibrada e saud\u00e1vel.<\/p>\n<h2><strong>Aplica\u00e7\u00f5es em produtos para cuidados com a pele<\/strong><\/h2>\n<p>Nosso Extrato de L\u00f3tus Azul em P\u00f3 \u00e9 vers\u00e1til e pode ser facilmente incorporado a diversos produtos para a pele. \u00c9 adequado para uso em:<\/p>\n<ul>\n<li><strong>Cremes antienvelhecimento:<\/strong> Para melhorar a elasticidade da pele e reduzir os sinais de envelhecimento.<\/li>\n<li><strong>S\u00e9runs Hidratantes:<\/strong> Para hidrata\u00e7\u00e3o profunda e efeitos de preenchimento da pele.<\/li>\n<li><strong>M\u00e1scaras Faciais:<\/strong> Para acalmar e suavizar a pele, ao mesmo tempo que fornece nutrientes essenciais.<\/li>\n<li><strong>T\u00f4nicos e lo\u00e7\u00f5es:<\/strong> Para um toque refrescante e hidratante.<\/li>\n<\/ul>\n<h2><strong>Qualidade em que voc\u00ea pode confiar<\/strong><\/h2>\n<p>Na Xi'an Wankangyuan Biotechnology, a qualidade est\u00e1 no centro de tudo o que fazemos. Nosso Extrato de L\u00f3tus Azul em P\u00f3 \u00e9 produzido sob rigorosos controles de qualidade, garantindo que cada lote atenda aos mais altos padr\u00f5es de pureza e pot\u00eancia. Obtemos nosso L\u00f3tus Azul dos melhores ambientes naturais e utilizamos t\u00e9cnicas avan\u00e7adas de extra\u00e7\u00e3o para preservar as propriedades ben\u00e9ficas da planta.<\/p>\n<h2><strong>Por que escolher o extrato de l\u00f3tus azul em p\u00f3 da Xi'an Wankangyuan?<\/strong><\/h2>\n<p>A parceria com a Xi'an Wankangyuan Biotechnology significa ter acesso ao Extrato de L\u00f3tus Azul em P\u00f3 de alta qualidade, que n\u00e3o s\u00f3 \u00e9 eficaz, como tamb\u00e9m seguro e ecologicamente correto. Estamos comprometidos com pr\u00e1ticas sustent\u00e1veis \u200b\u200be fornecimento \u00e9tico, garantindo que nossos produtos sejam t\u00e3o ben\u00e9ficos para o planeta quanto para a sua pele.<\/p>\n<h2><strong>Perguntas frequentes<\/strong><\/h2>\n<p><strong>Para que \u00e9 usado o Extrato de L\u00f3tus Azul em p\u00f3 nos cuidados com a pele?<\/strong><br \/>\nO p\u00f3 de extrato de l\u00f3tus azul \u00e9 comumente usado por suas propriedades antienvelhecimento, hidratantes e calmantes. \u00c9 eficaz na redu\u00e7\u00e3o de linhas finas, melhorando a textura da pele e acalmando a pele irritada.<\/p>\n<p><strong>O Extrato de L\u00f3tus Azul em P\u00f3 pode ser usado em todos os tipos de pele?<\/strong><br \/>\nSim, o Extrato de L\u00f3tus Azul em P\u00f3 \u00e9 adequado para todos os tipos de pele, incluindo as sens\u00edveis. Suas propriedades suaves e hidratantes o tornam uma excelente escolha para uma ampla gama de produtos para a pele.<\/p>\n<p><strong>Como o Extrato de L\u00f3tus Azul em P\u00f3 deve ser armazenado?<\/strong><br \/>\nPara manter sua pot\u00eancia, o Extrato de L\u00f3tus Azul em P\u00f3 deve ser armazenado em local fresco e seco, longe da luz solar direta e da umidade.<\/p>\n<p><strong>O Extrato de L\u00f3tus Azul em P\u00f3 \u00e9 seguro para uso di\u00e1rio?<\/strong><br \/>\nSim, produtos formulados com Extrato de L\u00f3tus Azul em P\u00f3 s\u00e3o geralmente seguros para uso di\u00e1rio, pois o extrato \u00e9 suave e n\u00e3o irritante.<\/p>\n<p><strong>Qual \u00e9 a concentra\u00e7\u00e3o recomendada de Extrato de L\u00f3tus Azul em P\u00f3 nas formula\u00e7\u00f5es?<\/strong><br \/>\nA concentra\u00e7\u00e3o recomendada de Extrato de L\u00f3tus Azul em P\u00f3 varia dependendo do produto, mas normalmente \u00e9 usada de 0,5% a 5% em formula\u00e7\u00f5es para cuidados com a pele.<\/p>\n<p><strong>O Extrato de L\u00f3tus Azul em P\u00f3 tem alguma fragr\u00e2ncia?<\/strong><br \/>\nO Extrato de L\u00f3tus Azul em P\u00f3 tem uma fragr\u00e2ncia suave e natural, sutil e agrad\u00e1vel, tornando-o ideal para formula\u00e7\u00f5es sens\u00edveis a fragr\u00e2ncias.<\/p>\n<p><strong>Links de entrada:<\/strong><\/p>\n<ul>\n<li><a href=\"http:\/\/wankonbiotech.com\/pt\/\" rel=\"noopener\">Xi\u2019an Wankangyuan Biotechnology Co., Ltd. \u2013 Nosso compromisso com a qualidade<\/a><\/li>\n<\/ul>","protected":false},"excerpt":{"rendered":"<p>O Extrato de L\u00f3tus \u00e9 uma planta aqu\u00e1tica perene, pertencente ao g\u00eanero Nelumbo, comumente cultivada em jardins aqu\u00e1ticos. As ra\u00edzes do l\u00f3tus s\u00e3o plantadas no solo do fundo de lagos ou rios, enquanto as folhas flutuam na superf\u00edcie da \u00e1gua ou ficam bem acima dela. As flores geralmente s\u00e3o encontradas em caules grossos, elevando-se v\u00e1rios cent\u00edmetros acima das folhas.<\/p>","protected":false},"featured_media":972,"template":"","meta":{"_acf_changed":false},"product_brand":[],"product_cat":[40],"product_tag":[],"class_list":{"0":"post-971","1":"product","2":"type-product","3":"status-publish","4":"has-post-thumbnail","6":"product_cat-organic-plant-extract","8":"first","9":"instock","10":"shipping-taxable","11":"product-type-simple"},"acf":[],"_links":{"self":[{"href":"https:\/\/wankonbiotech.com\/pt\/wp-json\/wp\/v2\/product\/971","targetHints":{"allow":["GET"]}}],"collection":[{"href":"https:\/\/wankonbiotech.com\/pt\/wp-json\/wp\/v2\/product"}],"about":[{"href":"https:\/\/wankonbiotech.com\/pt\/wp-json\/wp\/v2\/types\/product"}],"wp:featuredmedia":[{"embeddable":true,"href":"https:\/\/wankonbiotech.com\/pt\/wp-json\/wp\/v2\/media\/972"}],"wp:attachment":[{"href":"https:\/\/wankonbiotech.com\/pt\/wp-json\/wp\/v2\/media?parent=971"}],"wp:term":[{"taxonomy":"product_brand","embeddable":true,"href":"https:\/\/wankonbiotech.com\/pt\/wp-json\/wp\/v2\/product_brand?post=971"},{"taxonomy":"product_cat","embeddable":true,"href":"https:\/\/wankonbiotech.com\/pt\/wp-json\/wp\/v2\/product_cat?post=971"},{"taxonomy":"product_tag","embeddable":true,"href":"https:\/\/wankonbiotech.com\/pt\/wp-json\/wp\/v2\/product_tag?post=971"}],"curies":[{"name":"wp","href":"https:\/\/api.w.org\/{rel}","templated":true}]}}