{"id":962,"date":"2024-08-23T05:59:22","date_gmt":"2024-08-23T05:59:22","guid":{"rendered":"http:\/\/wankonbiotech.com\/?post_type=product&#038;p=962"},"modified":"2024-08-23T06:02:40","modified_gmt":"2024-08-23T06:02:40","slug":"natural-fisetin-powder","status":"publish","type":"product","link":"https:\/\/wankonbiotech.com\/pt\/produto\/po-de-fisetina-natural\/","title":{"rendered":"P\u00f3 de Fisetina Natural"},"content":{"rendered":"<table>\n<tbody>\n<tr>\n<td><strong>Nome do produto<\/strong><\/td>\n<td>P\u00f3 de Fisetina Natural<\/td>\n<\/tr>\n<tr>\n<td><strong>Pureza<\/strong><\/td>\n<td>98%+<\/td>\n<\/tr>\n<tr>\n<td><strong>Apar\u00eancia<\/strong><\/td>\n<td>P\u00f3 de cristal acicular amarelo<\/td>\n<\/tr>\n<tr>\n<td><strong>Quantidade m\u00ednima<\/strong><\/td>\n<td>1 kg<\/td>\n<\/tr>\n<tr>\n<td><strong>Pacote<\/strong><\/td>\n<td>1Kg\/Saco de papel alum\u00ednio, 25Kg\/Tambor de papel<\/td>\n<\/tr>\n<tr>\n<td><strong>Estoque<\/strong><\/td>\n<td>600 kg<\/td>\n<\/tr>\n<tr>\n<td><strong>Tempo de envio<\/strong><\/td>\n<td>Dentro de 2 a 3 dias \u00fateis ap\u00f3s o pedido<\/td>\n<\/tr>\n<tr>\n<td><strong>Forma de pagamento<\/strong><\/td>\n<td>Transfer\u00eancia banc\u00e1ria<\/td>\n<\/tr>\n<\/tbody>\n<\/table>\n<h2><strong>Introdu\u00e7\u00e3o<\/strong><\/h2>\n<p><strong>P\u00f3 de Fisetina Natural<\/strong> \u00c9 encontrada em uma variedade de plantas. \u00c9 encontrada em muitas eudicotiled\u00f4neas, como Acacia greggii e Acacia berlandieri, bem como na fam\u00edlia Fabaceae, e em plantas como Quebracho colorado e Rhus chinensis. Tamb\u00e9m \u00e9 encontrada no fustic jovem, um corante amarelo tradicional feito do cerne de Cotinus coggygria, e em muitos vegetais e frutas, como morangos, ma\u00e7\u00e3s e uvas. A fisetina tamb\u00e9m pode ser extra\u00edda de sucos de frutas, vinhos e bebidas fermentadas, como o ch\u00e1. Tamb\u00e9m \u00e9 encontrada em monocotiled\u00f4neas, como cebolas, e em con\u00edferas, como Callitropsis nootkatensis.<\/p>\n<h2><strong>O que \u00e9 o p\u00f3 Fisetin natural?<\/strong><\/h2>\n<p><strong>P\u00f3 de Fisetina Natural<\/strong> \u00e9 um flavonoide, um tipo de composto vegetal conhecido por suas propriedades antioxidantes. \u00c9 encontrado em diversas frutas e vegetais, sendo o morango uma das fontes mais ricas. <strong>Fisetina<\/strong> tem sido objeto de in\u00fameros estudos cient\u00edficos devido aos seus potenciais benef\u00edcios \u00e0 sa\u00fade, particularmente nas \u00e1reas de suporte cognitivo, antienvelhecimento e prote\u00e7\u00e3o celular. <strong>P\u00f3 de Fisetina Natural<\/strong> \u00e9 extra\u00eddo e purificado para garantir a m\u00e1xima pot\u00eancia, fornecendo um suplemento de alta qualidade que se alinha com seus objetivos de sa\u00fade.<\/p>\n<p><img fetchpriority=\"high\" decoding=\"async\" class=\"alignnone size-full wp-image-963\" src=\"http:\/\/wankonbiotech.com\/wp-content\/uploads\/2024\/08\/OIP.jpg\" alt=\"P\u00f3 de Fisetina Natural\" width=\"474\" height=\"355\" title=\"\" srcset=\"https:\/\/wankonbiotech.com\/wp-content\/uploads\/2024\/08\/OIP.jpg 474w, https:\/\/wankonbiotech.com\/wp-content\/uploads\/2024\/08\/OIP-300x225.jpg 300w, https:\/\/wankonbiotech.com\/wp-content\/uploads\/2024\/08\/OIP-16x12.jpg 16w\" sizes=\"(max-width: 474px) 100vw, 474px\" \/> <img decoding=\"async\" class=\"alignnone size-full wp-image-964\" src=\"http:\/\/wankonbiotech.com\/wp-content\/uploads\/2024\/08\/OIP-1.jpg\" alt=\"P\u00f3 de Fisetina Natural\" width=\"474\" height=\"347\" title=\"\" srcset=\"https:\/\/wankonbiotech.com\/wp-content\/uploads\/2024\/08\/OIP-1.jpg 474w, https:\/\/wankonbiotech.com\/wp-content\/uploads\/2024\/08\/OIP-1-300x220.jpg 300w, https:\/\/wankonbiotech.com\/wp-content\/uploads\/2024\/08\/OIP-1-16x12.jpg 16w\" sizes=\"(max-width: 474px) 100vw, 474px\" \/><\/p>\n<h2><strong>Benef\u00edcios para a sa\u00fade do p\u00f3 natural de Fisetin<\/strong><\/h2>\n<p><strong>P\u00f3 de Fisetina Natural<\/strong> oferece uma s\u00e9rie de benef\u00edcios \u00e0 sa\u00fade, tornando-se um excelente complemento \u00e0 sua rotina di\u00e1ria:<\/p>\n<ul>\n<li><strong>Suporte Cognitivo<\/strong>: <strong>Fisetina<\/strong> \u00e9 conhecido por suas propriedades neuroprotetoras, ajudando a melhorar a mem\u00f3ria e a fun\u00e7\u00e3o cerebral. Contribui para a sa\u00fade dos neur\u00f4nios e pode reduzir o risco de decl\u00ednio cognitivo relacionado \u00e0 idade.<\/li>\n<li><strong>Poder antioxidante<\/strong>: Como um forte antioxidante, <strong>Fisetina<\/strong> ajuda a neutralizar os radicais livres no corpo, reduzindo o estresse oxidativo e protegendo as c\u00e9lulas contra danos.<\/li>\n<li><strong>Propriedades antienvelhecimento<\/strong>: <strong>Fisetina<\/strong> demonstrou promover a sa\u00fade celular e a longevidade ao reduzir a inflama\u00e7\u00e3o e apoiar os processos naturais de desintoxica\u00e7\u00e3o do corpo.<\/li>\n<li><strong>Efeitos anti-inflamat\u00f3rios<\/strong>: <strong>Fisetina<\/strong> ajuda a modular vias inflamat\u00f3rias, o que pode beneficiar aqueles que lidam com inflama\u00e7\u00e3o cr\u00f4nica ou condi\u00e7\u00f5es relacionadas.<\/li>\n<\/ul>\n<h2><strong>Aplica\u00e7\u00f5es do P\u00f3 Natural de Fisetina<\/strong><\/h2>\n<p><strong>P\u00f3 de Fisetina Natural<\/strong> \u00e9 vers\u00e1til e pode ser incorporado em diversas rotinas de sa\u00fade e bem-estar:<\/p>\n<ul>\n<li><strong>Suplementos Alimentares<\/strong>: Adicionar <strong>P\u00f3 de Fisetina<\/strong> em c\u00e1psulas ou comprimidos para criar um potente suplemento antioxidante.<\/li>\n<li><strong>Smoothies e Bebidas<\/strong>: Misturar <strong>P\u00f3 de Fisetina Natural<\/strong> em smoothies, sucos ou \u00e1gua para aumentar sua ingest\u00e3o di\u00e1ria de antioxidantes.<\/li>\n<li><strong>Alimentos Funcionais<\/strong>: Incorporar <strong>P\u00f3 de Fisetina<\/strong> em barras de sa\u00fade, lanches energ\u00e9ticos ou outros alimentos funcionais para obter benef\u00edcios nutricionais adicionais.<\/li>\n<\/ul>\n<h2><strong>Por que escolher nosso p\u00f3 natural Fisetin?<\/strong><\/h2>\n<p>No <strong>Xi'an Wankangyuan Biotecnologia Co., Ltd.<\/strong>, orgulhamo-nos de produzir ingredientes naturais de alta qualidade que atendem aos mais altos padr\u00f5es de pureza e efic\u00e1cia. Nossos <strong>P\u00f3 de Fisetina Natural<\/strong> \u00e9 proveniente de frutas e vegetais premium e processado em nossas instala\u00e7\u00f5es de \u00faltima gera\u00e7\u00e3o, garantindo que voc\u00ea receba um produto potente e puro. Com vasta experi\u00eancia na produ\u00e7\u00e3o de extratos vegetais e suplementos de sa\u00fade, garantimos que nossos <strong>P\u00f3 de Fisetina<\/strong> \u00e9 eficaz e seguro para uso a longo prazo.<\/p>\n<p>Nosso compromisso com a qualidade se reflete em nossos rigorosos processos de teste e controle de qualidade, que garantem que cada lote de <strong>P\u00f3 de Fisetina Natural<\/strong> atende aos nossos rigorosos padr\u00f5es. Nos dedicamos a fornecer produtos que promovem a sa\u00fade e o bem-estar, respaldados pela ci\u00eancia e produzidos com integridade.<\/p>\n<h2><strong>Sustentabilidade e Garantia de Qualidade<\/strong><\/h2>\n<p>Nosso <strong>P\u00f3 de Fisetina Natural<\/strong> \u00e9 produzido com foco em sustentabilidade e responsabilidade ambiental. Trabalhamos em estreita colabora\u00e7\u00e3o com agricultores que praticam agricultura sustent\u00e1vel, garantindo que nossos ingredientes sejam cultivados e colhidos de forma ecologicamente correta. Al\u00e9m disso, nossa unidade de processamento segue as normas GMP (Boas Pr\u00e1ticas de Fabrica\u00e7\u00e3o) e ISO, garantindo que voc\u00ea receba um produto seguro e de alta qualidade.<\/p>\n<p>Para explorar mais sobre este e outros suplementos naturais de alta qualidade, visite <a href=\"http:\/\/wankonbiotech.com\/pt\/categoria-de-produto\/ingredientes-nutraceuticos\/\" target=\"_new\" rel=\"noopener\">Categoria de Ingredientes Nutrac\u00eauticos da Wankon Biotech<\/a>.<\/p>\n<h2><strong>Perguntas frequentes<\/strong><\/h2>\n<p>O que \u00e9 o p\u00f3 Fisetin natural?<br \/>\n<strong>P\u00f3 de Fisetina Natural<\/strong> \u00e9 um flavonoide com propriedades antioxidantes, conhecido por apoiar a sa\u00fade cognitiva e reduzir o estresse oxidativo.<\/p>\n<p>Como usar o Natural Fisetin Powder?<br \/>\nVoc\u00ea pode adicionar <strong>P\u00f3 de Fisetina Natural<\/strong> em smoothies, bebidas ou c\u00e1psulas para incorporar seus benef\u00edcios \u00e0 sua rotina di\u00e1ria.<\/p>\n<p>O P\u00f3 Natural Fisetin \u00e9 seguro para uso a longo prazo?<br \/>\nSim, <strong>P\u00f3 de Fisetina Natural<\/strong> \u00e9 seguro para uso a longo prazo e \u00e9 um excelente suplemento para suporte cognitivo e bem-estar geral.<\/p>\n<p>Quais s\u00e3o os benef\u00edcios do Fisetin para a sa\u00fade?<br \/>\n<strong>Fisetina<\/strong> promove a sa\u00fade do c\u00e9rebro, protege as c\u00e9lulas do estresse oxidativo e tem propriedades antienvelhecimento e anti-inflamat\u00f3rias.<\/p>\n<p>Onde posso comprar Fisetin em p\u00f3 natural de alta qualidade?<br \/>\nVoc\u00ea pode comprar alta qualidade <strong>P\u00f3 de Fisetina Natural<\/strong> de fornecedores confi\u00e1veis \u200b\u200bcomo aqueles em <a href=\"http:\/\/wankonbiotech.com\/pt\/categoria-de-produto\/proteina-vegetal-organica\/\" target=\"_new\" rel=\"noopener\">Categoria de Ingredientes Nutrac\u00eauticos da Wankon Biotech<\/a>.<\/p>","protected":false},"excerpt":{"rendered":"<p><strong>P\u00f3 de Fisetina Natural<\/strong> \u00e9 um potente antioxidante derivado de frutas e vegetais, principalmente morangos. Reconhecido por sua capacidade de promover a sa\u00fade cognitiva e proteger as c\u00e9lulas do estresse oxidativo, <strong>Fisetina<\/strong> est\u00e1 sendo cada vez mais reconhecido como um suplemento poderoso para promover a longevidade e o bem-estar geral.<\/p>","protected":false},"featured_media":965,"template":"","meta":{"_acf_changed":false},"product_brand":[],"product_cat":[35],"product_tag":[],"class_list":{"0":"post-962","1":"product","2":"type-product","3":"status-publish","4":"has-post-thumbnail","6":"product_cat-nutracentical-ingredients","8":"first","9":"instock","10":"shipping-taxable","11":"product-type-simple"},"acf":[],"_links":{"self":[{"href":"https:\/\/wankonbiotech.com\/pt\/wp-json\/wp\/v2\/product\/962","targetHints":{"allow":["GET"]}}],"collection":[{"href":"https:\/\/wankonbiotech.com\/pt\/wp-json\/wp\/v2\/product"}],"about":[{"href":"https:\/\/wankonbiotech.com\/pt\/wp-json\/wp\/v2\/types\/product"}],"wp:featuredmedia":[{"embeddable":true,"href":"https:\/\/wankonbiotech.com\/pt\/wp-json\/wp\/v2\/media\/965"}],"wp:attachment":[{"href":"https:\/\/wankonbiotech.com\/pt\/wp-json\/wp\/v2\/media?parent=962"}],"wp:term":[{"taxonomy":"product_brand","embeddable":true,"href":"https:\/\/wankonbiotech.com\/pt\/wp-json\/wp\/v2\/product_brand?post=962"},{"taxonomy":"product_cat","embeddable":true,"href":"https:\/\/wankonbiotech.com\/pt\/wp-json\/wp\/v2\/product_cat?post=962"},{"taxonomy":"product_tag","embeddable":true,"href":"https:\/\/wankonbiotech.com\/pt\/wp-json\/wp\/v2\/product_tag?post=962"}],"curies":[{"name":"wp","href":"https:\/\/api.w.org\/{rel}","templated":true}]}}