{"id":956,"date":"2024-08-23T05:16:21","date_gmt":"2024-08-23T05:16:21","guid":{"rendered":"http:\/\/wankonbiotech.com\/?post_type=product&#038;p=956"},"modified":"2024-08-23T05:38:37","modified_gmt":"2024-08-23T05:38:37","slug":"organic-black-chia-seed","status":"publish","type":"product","link":"https:\/\/wankonbiotech.com\/pt\/produto\/semente-de-chia-preta-organica\/","title":{"rendered":"Fornecedor de sementes de chia preta org\u00e2nicas premium"},"content":{"rendered":"<table>\n<tbody>\n<tr>\n<td colspan=\"1\" rowspan=\"1\"><strong>Nome do produto:<\/strong><\/td>\n<td colspan=\"1\" rowspan=\"1\">Sementes de Chia Org\u00e2nicas<\/td>\n<\/tr>\n<tr>\n<td colspan=\"1\" rowspan=\"1\"><strong>Parte usada:<\/strong><\/td>\n<td colspan=\"1\" rowspan=\"1\">Sementes<\/td>\n<\/tr>\n<tr>\n<td colspan=\"1\" rowspan=\"1\"><strong>Aplicativo:<\/strong><\/td>\n<td colspan=\"1\" rowspan=\"1\">Suplemento alimentar<\/td>\n<\/tr>\n<tr>\n<td colspan=\"1\" rowspan=\"1\"><strong>Ensaio:<\/strong><\/td>\n<td colspan=\"1\" rowspan=\"1\">99%<\/td>\n<\/tr>\n<tr>\n<td colspan=\"1\" rowspan=\"1\"><strong>Nota:<\/strong><\/td>\n<td colspan=\"1\" rowspan=\"1\">Grau aliment\u00edcio<\/td>\n<\/tr>\n<tr>\n<td colspan=\"1\" rowspan=\"1\"><strong>Prazo de validade:<\/strong><\/td>\n<td colspan=\"1\" rowspan=\"1\">2 anos<\/td>\n<\/tr>\n<\/tbody>\n<\/table>\n<h2><strong>Introdu\u00e7\u00e3o<\/strong><\/h2>\n<p><strong>Sementes de Chia Preta Org\u00e2nica<\/strong> s\u00e3o um superalimento poderoso, conhecido por seu rico perfil nutricional e usos vers\u00e1teis. Essas pequenas sementes s\u00e3o poderosas, oferecendo uma fonte significativa de \u00e1cidos graxos \u00f4mega-3, fibras, prote\u00ednas e antioxidantes. Se voc\u00ea busca aumentar sua nutri\u00e7\u00e3o di\u00e1ria, promover a sa\u00fade card\u00edaca ou simplesmente desfrutar de um ingrediente vers\u00e1til em suas refei\u00e7\u00f5es, <strong>Sementes de Chia Preta Org\u00e2nica<\/strong> s\u00e3o uma excelente escolha para consumidores preocupados com a sa\u00fade.<\/p>\n<h2><strong>O que s\u00e3o sementes de chia preta org\u00e2nicas?<\/strong><\/h2>\n<p><strong>Sementes de Chia Preta Org\u00e2nica<\/strong> vem da planta <em>s\u00e1lvia espanhola<\/em>, nativa da Am\u00e9rica Central e do Sul. Essas sementes s\u00e3o um alimento b\u00e1sico em dietas antigas h\u00e1 s\u00e9culos, reverenciadas por suas propriedades energ\u00e9ticas e densidade nutricional. Nossa <strong>Sementes de Chia Preta Org\u00e2nica<\/strong> s\u00e3o cultivados sob rigorosos padr\u00f5es org\u00e2nicos, garantindo que sejam livres de pesticidas, herbicidas e organismos geneticamente modificados (OGMs). Esse compromisso com a qualidade garante que voc\u00ea esteja consumindo um produto puro e natural, alinhado a um estilo de vida saud\u00e1vel.<\/p>\n<p><img fetchpriority=\"high\" decoding=\"async\" class=\"alignnone wp-image-959 size-full\" src=\"http:\/\/wankonbiotech.com\/wp-content\/uploads\/2024\/08\/A-bowl-of-Organic-Black-Chia-Seeds-with-a-spoon-and-a-chia-seed-pudding.gif\" alt=\"Semente de Chia Preta Org\u00e2nica\" width=\"1200\" height=\"600\" title=\"\"><\/p>\n<h2><strong>Benef\u00edcios para a sa\u00fade das sementes org\u00e2nicas de chia preta<\/strong><\/h2>\n<p><strong>Sementes de Chia Preta Org\u00e2nica<\/strong> oferecem in\u00fameros benef\u00edcios \u00e0 sa\u00fade, tornando-os uma adi\u00e7\u00e3o valiosa a qualquer dieta:<\/p>\n<ul>\n<li><strong>Rico em \u00e1cidos graxos \u00f4mega-3<\/strong>:As sementes de chia s\u00e3o uma das melhores fontes vegetais de \u00e1cidos graxos \u00f4mega-3, essenciais para a sa\u00fade do cora\u00e7\u00e3o e a fun\u00e7\u00e3o cerebral.<\/li>\n<li><strong>Alto teor de fibras<\/strong>:Essas sementes s\u00e3o cheias de fibras alimentares, o que promove a sa\u00fade digestiva e ajuda a manter um peso saud\u00e1vel, mantendo voc\u00ea satisfeito por mais tempo.<\/li>\n<li><strong>Excelente fonte de prote\u00edna<\/strong>:Com todos os nove amino\u00e1cidos essenciais, as sementes de chia s\u00e3o uma prote\u00edna completa, o que as torna ideais para vegetarianos e veganos.<\/li>\n<li><strong>Pot\u00eancia antioxidante<\/strong>:Os antioxidantes presentes nas sementes de chia ajudam a combater os radicais livres, reduzindo o estresse oxidativo e auxiliando na sa\u00fade geral.<\/li>\n<\/ul>\n<h2><strong>Aplica\u00e7\u00f5es das Sementes Org\u00e2nicas de Chia Preta<\/strong><\/h2>\n<p><strong>Sementes de Chia Preta Org\u00e2nica<\/strong> s\u00e3o incrivelmente vers\u00e1teis e podem ser facilmente incorporados em diversas refei\u00e7\u00f5es:<\/p>\n<ul>\n<li><strong>Smoothies e Shakes<\/strong>: Adicione uma colher de sopa de sementes de chia aos seus smoothies ou shakes para um refor\u00e7o de nutrientes.<\/li>\n<li><strong>Cozimento<\/strong>: Use sementes de chia em p\u00e3es, muffins ou biscoitos para aumentar seu conte\u00fado nutricional.<\/li>\n<li><strong>Pudins<\/strong>: Combine sementes de chia com seu leite favorito ou alternativa l\u00e1ctea para criar um pudim delicioso e rico em nutrientes.<\/li>\n<li><strong>Saladas e Iogurte<\/strong>: Polvilhe sementes de chia sobre saladas ou iogurte para adicionar textura e nutri\u00e7\u00e3o.<\/li>\n<\/ul>\n<h2><strong>Por que escolher nossas sementes org\u00e2nicas de chia preta?<\/strong><\/h2>\n<p>No <strong>Xi'an Wankangyuan Biotecnologia Co., Ltd.<\/strong>, nos orgulhamos de produzir ingredientes de alta qualidade e ricos em nutrientes. Nossos <strong>Sementes de Chia Preta Org\u00e2nica<\/strong> s\u00e3o provenientes das melhores fazendas org\u00e2nicas e processados \u200b\u200bem nossas instala\u00e7\u00f5es de \u00faltima gera\u00e7\u00e3o, garantindo que cada lote atenda aos mais altos padr\u00f5es de pureza e qualidade. Com nossa vasta experi\u00eancia no setor de mat\u00e9rias-primas para alimentos e cuidados com a sa\u00fade, voc\u00ea pode confiar que nossos produtos ajudar\u00e3o voc\u00ea a atingir seus objetivos de bem-estar.<\/p>\n<p>Nosso processo produtivo \u00e9 pautado por rigorosos controles de qualidade, desde a sele\u00e7\u00e3o das sementes at\u00e9 a embalagem final. Essa dedica\u00e7\u00e3o \u00e0 excel\u00eancia garante que cada lote de <strong>Sementes de Chia Preta Org\u00e2nica<\/strong> mant\u00e9m sua integridade nutricional, proporcionando a voc\u00ea um produto t\u00e3o saud\u00e1vel quanto vers\u00e1til.<\/p>\n<h2><strong>Sustentabilidade e Garantia de Qualidade<\/strong><\/h2>\n<p>Nosso <strong>Sementes de Chia Preta Org\u00e2nica<\/strong> s\u00e3o produzidos com compromisso com a sustentabilidade. Trabalhamos em estreita colabora\u00e7\u00e3o com agricultores que praticam agricultura sustent\u00e1vel, garantindo que nossas sementes de chia sejam cultivadas em harmonia com a natureza. Al\u00e9m disso, nossa unidade de processamento segue as normas GMP (Boas Pr\u00e1ticas de Fabrica\u00e7\u00e3o) e ISO, garantindo que voc\u00ea receba um produto seguro e de alta qualidade.<\/p>\n<p>Para saber mais sobre este e outros superalimentos de alta qualidade, visite <a href=\"http:\/\/wankonbiotech.com\/pt\/categoria-de-produto\/cha-de-ervas-cortado\/\" target=\"_new\" rel=\"noopener\">Categoria de Superalimentos da Wankon Biotech<\/a>.<\/p>\n<p><!--more--><\/p>\n<h2><strong>Perguntas frequentes<\/strong><\/h2>\n<p>O que torna as sementes de chia preta org\u00e2nicas um superalimento?<br \/>\n<strong>Sementes de Chia Preta Org\u00e2nica<\/strong> s\u00e3o considerados um superalimento devido ao seu alto teor de \u00e1cidos graxos \u00f4mega-3, fibras, prote\u00ednas e antioxidantes.<\/p>\n<p>Como posso usar sementes de chia preta org\u00e2nicas na minha dieta?<br \/>\nVoc\u00ea pode adicionar <strong>Sementes de Chia Preta Org\u00e2nica<\/strong> para smoothies, assados, pudins, saladas e iogurte para um refor\u00e7o nutricional.<\/p>\n<p>As sementes de chia preta org\u00e2nicas s\u00e3o adequadas para veganos?<br \/>\nSim, <strong>Sementes de Chia Preta Org\u00e2nica<\/strong> s\u00e3o uma fonte completa de prote\u00edna, tornando-as ideais para dietas veganas e vegetarianas.<\/p>\n<p>Quais s\u00e3o os benef\u00edcios para a sa\u00fade do consumo de sementes de chia preta org\u00e2nicas?<br \/>\n<strong>Sementes de Chia Preta Org\u00e2nica<\/strong> apoiam a sa\u00fade do cora\u00e7\u00e3o, a sa\u00fade digestiva e ajudam a manter um peso saud\u00e1vel devido ao seu alto teor de fibras e \u00f4mega-3.<\/p>\n<p>Onde posso comprar sementes de chia preta org\u00e2nicas de alta qualidade?<br \/>\nVoc\u00ea pode comprar alta qualidade <strong>Sementes de Chia Preta Org\u00e2nica<\/strong> de fornecedores confi\u00e1veis \u200b\u200bcomo aqueles em <a href=\"http:\/\/wankonbiotech.com\/pt\/categoria-de-produto\/proteina-vegetal-organica\/\" target=\"_new\" rel=\"noopener\">Categoria de Superalimentos da Wankon Biotech<\/a>.<\/p>","protected":false},"excerpt":{"rendered":"<p><strong>Sementes de Chia Preta Org\u00e2nica<\/strong> s\u00e3o um superalimento poderoso, conhecido por seu rico perfil nutricional e usos vers\u00e1teis. Essas pequenas sementes s\u00e3o poderosas, oferecendo uma fonte significativa de \u00e1cidos graxos \u00f4mega-3, fibras, prote\u00ednas e antioxidantes.<\/p>","protected":false},"featured_media":957,"template":"","meta":{"_acf_changed":false},"product_brand":[],"product_cat":[34],"product_tag":[],"class_list":{"0":"post-956","1":"product","2":"type-product","3":"status-publish","4":"has-post-thumbnail","6":"product_cat-herbal-tea-cut","8":"first","9":"instock","10":"shipping-taxable","11":"product-type-simple"},"acf":[],"_links":{"self":[{"href":"https:\/\/wankonbiotech.com\/pt\/wp-json\/wp\/v2\/product\/956","targetHints":{"allow":["GET"]}}],"collection":[{"href":"https:\/\/wankonbiotech.com\/pt\/wp-json\/wp\/v2\/product"}],"about":[{"href":"https:\/\/wankonbiotech.com\/pt\/wp-json\/wp\/v2\/types\/product"}],"wp:featuredmedia":[{"embeddable":true,"href":"https:\/\/wankonbiotech.com\/pt\/wp-json\/wp\/v2\/media\/957"}],"wp:attachment":[{"href":"https:\/\/wankonbiotech.com\/pt\/wp-json\/wp\/v2\/media?parent=956"}],"wp:term":[{"taxonomy":"product_brand","embeddable":true,"href":"https:\/\/wankonbiotech.com\/pt\/wp-json\/wp\/v2\/product_brand?post=956"},{"taxonomy":"product_cat","embeddable":true,"href":"https:\/\/wankonbiotech.com\/pt\/wp-json\/wp\/v2\/product_cat?post=956"},{"taxonomy":"product_tag","embeddable":true,"href":"https:\/\/wankonbiotech.com\/pt\/wp-json\/wp\/v2\/product_tag?post=956"}],"curies":[{"name":"wp","href":"https:\/\/api.w.org\/{rel}","templated":true}]}}