{"id":952,"date":"2024-08-21T16:09:39","date_gmt":"2024-08-21T16:09:39","guid":{"rendered":"http:\/\/wankonbiotech.com\/?post_type=product&#038;p=952"},"modified":"2024-11-20T01:23:24","modified_gmt":"2024-11-20T01:23:24","slug":"whey-protein-powder-for-bodybuilding-manufacturers","status":"publish","type":"product","link":"https:\/\/wankonbiotech.com\/pt\/produto\/proteina-de-soro-de-leite-em-po-para-fabricantes-de-musculacao\/","title":{"rendered":"Prote\u00edna de soro de leite em p\u00f3 para muscula\u00e7\u00e3o"},"content":{"rendered":"<table>\n<tbody>\n<tr>\n<td>\n<div><strong>Nome do produto<\/strong><\/div>\n<\/td>\n<td>\n<div class=\"magic-3\">Prote\u00edna de soro de leite<\/div>\n<\/td>\n<\/tr>\n<tr>\n<td>\n<div><strong>Fonte<\/strong><\/div>\n<\/td>\n<td>\n<div class=\"magic-3\">leite<\/div>\n<\/td>\n<\/tr>\n<tr>\n<td>\n<div><strong>Apar\u00eancia<\/strong><\/div>\n<\/td>\n<td>\n<div class=\"magic-3\">p\u00f3 esbranqui\u00e7ado<\/div>\n<\/td>\n<\/tr>\n<tr>\n<td>\n<div><strong>Especifica\u00e7\u00e3o<\/strong><\/div>\n<\/td>\n<td>\n<div class=\"magic-3\">90%<\/div>\n<\/td>\n<\/tr>\n<tr>\n<td>\n<div><strong>Temperatura Efetiva<\/strong><\/div>\n<\/td>\n<td>\n<div class=\"magic-3\">25-50\u00b0C<\/div>\n<\/td>\n<\/tr>\n<tr>\n<td>\n<div><strong>pH e temperatura ideais<\/strong><\/div>\n<\/td>\n<td>\n<div class=\"magic-3\">5,5~6,0\/33\u00b0C<\/div>\n<\/td>\n<\/tr>\n<tr>\n<td>\n<div><strong>Aplicativo<\/strong><\/div>\n<\/td>\n<td>\n<div class=\"magic-3\">Prepara\u00e7\u00f5es enzim\u00e1ticas<\/div>\n<\/td>\n<\/tr>\n<tr>\n<td>\n<div><strong>Certificado<\/strong><\/div>\n<\/td>\n<td>\n<div class=\"magic-3\">ISO Halal<\/div>\n<\/td>\n<\/tr>\n<tr>\n<td>\n<div><strong>Prazo de validade<\/strong><\/div>\n<\/td>\n<td>\n<div class=\"magic-3\">2 anos de armazenamento adequado<\/div>\n<\/td>\n<\/tr>\n<\/tbody>\n<\/table>\n<h2><strong>Introdu\u00e7\u00e3o<\/strong><\/h2>\n<p><strong>Prote\u00edna de soro de leite<\/strong> \u00e9 um suplemento proteico altamente conceituado, conhecido por sua capacidade de auxiliar na recupera\u00e7\u00e3o muscular e na sa\u00fade em geral. Derivado do leite durante o processo de fabrica\u00e7\u00e3o do queijo, <strong>Prote\u00edna de soro de leite<\/strong> \u00c9 rico em amino\u00e1cidos essenciais, tornando-se um suplemento ideal para atletas, entusiastas do fitness e qualquer pessoa que busque aumentar a ingest\u00e3o de prote\u00ednas. Seja para construir m\u00fasculos, recuperar-se ap\u00f3s os treinos ou simplesmente manter uma dieta balanceada, <strong>Prote\u00edna de soro de leite<\/strong> oferece uma solu\u00e7\u00e3o conveniente e eficaz.<\/p>\n<h2><strong>O que \u00e9 prote\u00edna de soro de leite?<\/strong><\/h2>\n<p><strong>Prote\u00edna de soro de leite<\/strong> \u00e9 uma prote\u00edna completa, o que significa que cont\u00e9m todos os nove amino\u00e1cidos essenciais que o corpo necessita, mas n\u00e3o consegue produzir sozinho. \u00c9 rapidamente absorvida pelo corpo, tornando-a particularmente eficaz para a recupera\u00e7\u00e3o p\u00f3s-treino. Existem diferentes tipos de <strong>Prote\u00edna de soro de leite<\/strong> dispon\u00edveis, incluindo concentrado, isolado e hidrolisado, cada um variando em conte\u00fado de prote\u00edna e m\u00e9todos de processamento. <strong>Prote\u00edna de soro de leite<\/strong> tamb\u00e9m \u00e9 naturalmente pobre em gordura e carboidratos, o que o torna um complemento vers\u00e1til para v\u00e1rios planos alimentares.<\/p>\n<h2><strong>Benef\u00edcios para a sa\u00fade da prote\u00edna de soro de leite<\/strong><\/h2>\n<p>O principal benef\u00edcio de <strong>Prote\u00edna de soro de leite<\/strong> \u00e9 o seu papel no apoio \u00e0 recupera\u00e7\u00e3o e crescimento muscular. Ap\u00f3s o exerc\u00edcio, os m\u00fasculos precisam de prote\u00edna para reparar e reconstruir, e <strong>Prote\u00edna de soro de leite<\/strong> fornece os blocos de constru\u00e7\u00e3o necess\u00e1rios para facilitar esse processo. Seu alto teor de amino\u00e1cidos de cadeia ramificada (BCAAs), especialmente leucina, desempenha um papel crucial no est\u00edmulo \u00e0 s\u00edntese de prote\u00edna muscular.<\/p>\n<p><img fetchpriority=\"high\" decoding=\"async\" class=\"size-full wp-image-955 aligncenter\" src=\"http:\/\/wankonbiotech.com\/wp-content\/uploads\/2024\/08\/Whey-Protein-Powder-For-Bodybuilding-Manufacturers.jpg\" alt=\"Prote\u00edna de soro de leite em p\u00f3 para fabricantes de muscula\u00e7\u00e3o\" width=\"794\" height=\"595\" title=\"\" srcset=\"https:\/\/wankonbiotech.com\/wp-content\/uploads\/2024\/08\/Whey-Protein-Powder-For-Bodybuilding-Manufacturers.jpg 794w, https:\/\/wankonbiotech.com\/wp-content\/uploads\/2024\/08\/Whey-Protein-Powder-For-Bodybuilding-Manufacturers-300x225.jpg 300w, https:\/\/wankonbiotech.com\/wp-content\/uploads\/2024\/08\/Whey-Protein-Powder-For-Bodybuilding-Manufacturers-768x576.jpg 768w, https:\/\/wankonbiotech.com\/wp-content\/uploads\/2024\/08\/Whey-Protein-Powder-For-Bodybuilding-Manufacturers-16x12.jpg 16w, https:\/\/wankonbiotech.com\/wp-content\/uploads\/2024\/08\/Whey-Protein-Powder-For-Bodybuilding-Manufacturers-600x450.jpg 600w\" sizes=\"(max-width: 794px) 100vw, 794px\" \/><\/p>\n<p>Al\u00e9m de suas propriedades de constru\u00e7\u00e3o muscular, <strong>Prote\u00edna de soro de leite<\/strong> contribui para a sa\u00fade geral, ajudando a atender \u00e0s necessidades di\u00e1rias de prote\u00edna. A ingest\u00e3o adequada de prote\u00ednas \u00e9 essencial para manter a massa muscular, apoiar a sa\u00fade metab\u00f3lica e promover a saciedade, o que pode auxiliar no controle do peso. Al\u00e9m disso, <strong>Prote\u00edna de soro de leite<\/strong> \u00e9 ben\u00e9fico para a sa\u00fade imunol\u00f3gica, pois cont\u00e9m imunoglobulinas e lactoferrina, que auxiliam na resposta imunol\u00f3gica do corpo.<\/p>\n<h2><strong>Aplica\u00e7\u00f5es da prote\u00edna de soro de leite<\/strong><\/h2>\n<p><strong>Prote\u00edna de soro de leite<\/strong> \u00e9 amplamente utilizado como suplemento alimentar e pode ser incorporado em v\u00e1rios alimentos e bebidas:<\/p>\n<ul>\n<li><strong>Shakes p\u00f3s-treino:<\/strong> Misturado com \u00e1gua ou leite, <strong>Prote\u00edna de soro de leite<\/strong> \u00e9 uma maneira f\u00e1cil e eficaz de aumentar a recupera\u00e7\u00e3o p\u00f3s-treino.<\/li>\n<li><strong>Substitui\u00e7\u00e3o de Refei\u00e7\u00e3o:<\/strong> Combinado com outros ingredientes, <strong>Prote\u00edna de soro de leite<\/strong> pode ser usado em smoothies e shakes substitutos de refei\u00e7\u00e3o para uma refei\u00e7\u00e3o balanceada e rica em prote\u00ednas.<\/li>\n<li><strong>Cozimento:<\/strong> <strong>Prote\u00edna de soro de leite<\/strong> pode ser adicionado a produtos assados, como panquecas e muffins, para aumentar seu teor de prote\u00edna sem alterar significativamente o sabor ou a textura.<\/li>\n<\/ul>\n<h2><strong>Por que escolher prote\u00edna de soro de leite?<\/strong><\/h2>\n<p>Escolhendo <strong>Prote\u00edna de soro de leite<\/strong> garante que voc\u00ea esteja consumindo uma fonte de prote\u00edna de alta qualidade e biodispon\u00edvel que auxilia na recupera\u00e7\u00e3o muscular e na sa\u00fade em geral. Sua versatilidade e facilidade de uso o tornam um item essencial na dieta de atletas, fisiculturistas e pessoas preocupadas com a sa\u00fade. Al\u00e9m disso, <strong>Prote\u00edna de soro de leite<\/strong> \u00e9 apoiado por uma ampla pesquisa, destacando sua efic\u00e1cia na promo\u00e7\u00e3o do crescimento muscular, auxiliando no controle de peso e apoiando a fun\u00e7\u00e3o imunol\u00f3gica.<\/p>\n<p><strong>Qualidade e Pureza<\/strong><\/p>\n<p>Ao selecionar <strong>Prote\u00edna de soro de leite<\/strong>, \u00e9 importante escolher um produto puro, livre de aditivos desnecess\u00e1rios e proveniente de leite de alta qualidade. Procure certifica\u00e7\u00f5es como a de n\u00e3o transg\u00eanico e garanta que o produto seja submetido a testes rigorosos para garantir sua qualidade e efic\u00e1cia.<\/p>","protected":false},"excerpt":{"rendered":"<p>A prote\u00edna do soro do leite \u00e9 conhecida como a rainha das prote\u00ednas, extra\u00edda do leite, uma prote\u00edna com alto valor nutricional, caracter\u00edsticas de f\u00e1cil digest\u00e3o e absor\u00e7\u00e3o, com uma variedade de ingredientes ativos. \u00c9 reconhecida como um dos suplementos proteicos de alta qualidade do corpo humano.<\/p>","protected":false},"featured_media":954,"template":"","meta":{"_acf_changed":false},"product_brand":[],"product_cat":[36],"product_tag":[],"class_list":{"0":"post-952","1":"product","2":"type-product","3":"status-publish","4":"has-post-thumbnail","6":"product_cat-nutritional-formula-blend-powder","8":"first","9":"instock","10":"shipping-taxable","11":"product-type-simple"},"acf":[],"_links":{"self":[{"href":"https:\/\/wankonbiotech.com\/pt\/wp-json\/wp\/v2\/product\/952","targetHints":{"allow":["GET"]}}],"collection":[{"href":"https:\/\/wankonbiotech.com\/pt\/wp-json\/wp\/v2\/product"}],"about":[{"href":"https:\/\/wankonbiotech.com\/pt\/wp-json\/wp\/v2\/types\/product"}],"wp:featuredmedia":[{"embeddable":true,"href":"https:\/\/wankonbiotech.com\/pt\/wp-json\/wp\/v2\/media\/954"}],"wp:attachment":[{"href":"https:\/\/wankonbiotech.com\/pt\/wp-json\/wp\/v2\/media?parent=952"}],"wp:term":[{"taxonomy":"product_brand","embeddable":true,"href":"https:\/\/wankonbiotech.com\/pt\/wp-json\/wp\/v2\/product_brand?post=952"},{"taxonomy":"product_cat","embeddable":true,"href":"https:\/\/wankonbiotech.com\/pt\/wp-json\/wp\/v2\/product_cat?post=952"},{"taxonomy":"product_tag","embeddable":true,"href":"https:\/\/wankonbiotech.com\/pt\/wp-json\/wp\/v2\/product_tag?post=952"}],"curies":[{"name":"wp","href":"https:\/\/api.w.org\/{rel}","templated":true}]}}