{"id":948,"date":"2024-08-21T15:46:24","date_gmt":"2024-08-21T15:46:24","guid":{"rendered":"http:\/\/wankonbiotech.com\/?post_type=product&#038;p=948"},"modified":"2024-08-21T15:53:48","modified_gmt":"2024-08-21T15:53:48","slug":"organic-papain-powder-papain-enzyme-powder","status":"publish","type":"product","link":"https:\/\/wankonbiotech.com\/pt\/produto\/po-de-papaina-organica-po-de-enzima-papaina\/","title":{"rendered":"P\u00f3 branco de qualidade alimentar, p\u00f3 de papa\u00edna org\u00e2nica \/ p\u00f3 de enzima de papa\u00edna"},"content":{"rendered":"<table>\n<tbody>\n<tr style=\"height: 24px;\">\n<td><strong>Nome do produto<\/strong><\/td>\n<td>P\u00f3 de Papa\u00edna Org\u00e2nica<\/td>\n<td><strong>Nome latino<\/strong><\/td>\n<td>Flor de Quinoa Comum<\/td>\n<\/tr>\n<tr style=\"height: 24px;\">\n<td><strong>Parte usada<\/strong><\/td>\n<td>Fruta<\/td>\n<td><strong>Apar\u00eancia<\/strong><\/td>\n<td>P\u00f3 fino branco<\/td>\n<\/tr>\n<tr style=\"height: 24px;\">\n<td><strong>Especifica\u00e7\u00e3o<\/strong><\/td>\n<td colspan=\"3\">p\u00f3 puro<\/td>\n<\/tr>\n<tr style=\"height: 24px;\">\n<td><strong>Armazenar<\/strong><\/td>\n<td colspan=\"3\">Armazene em um recipiente bem fechado, longe da umidade e da luz solar direta.<\/td>\n<\/tr>\n<tr style=\"height: 12px;\">\n<td><strong>Prazo de validade<\/strong><\/td>\n<td colspan=\"3\">24 meses se selado e armazenado corretamente<\/td>\n<\/tr>\n<tr style=\"height: 24px;\">\n<td><strong>M\u00e9todo de esteriliza\u00e7\u00e3o<\/strong><\/td>\n<td colspan=\"3\">Alta temperatura, n\u00e3o irradiado.<\/td>\n<\/tr>\n<\/tbody>\n<\/table>\n<h2><strong>Introdu\u00e7\u00e3o<\/strong><\/h2>\n<p><strong>P\u00f3 de enzima papa\u00edna<\/strong> \u00e9 usar plantas de engenharia biol\u00f3gica a partir do extrato de frutos imaturos de mam\u00e3o de produtos biol\u00f3gicos e naturais, \u00e9 composto de 212 amino\u00e1cidos, peso molecular de 21000, pertence a enzimas de cadeia pept\u00eddica de enxofre (SH), tem a protease e o \u00e9ster da atividade enzim\u00e1tica, e tem uma ampla gama de especificidade, prote\u00edna, polipept\u00eddeo de plantas e animais, \u00e9steres, amidas, etc. t\u00eam forte capacidade de solu\u00e7\u00e3o enzim\u00e1tica, mas tamb\u00e9m tem a capacidade de s\u00edntese, o conte\u00fado de hidr\u00f3lise de prote\u00edna para sintetizar material de tipo proteico, essa capacidade pode ser usada para melhorar o valor nutricional da prote\u00edna vegetal e animal da natureza ou fun\u00e7\u00e3o.<\/p>\n<p><img fetchpriority=\"high\" decoding=\"async\" class=\"alignnone size-full wp-image-951\" src=\"http:\/\/wankonbiotech.com\/wp-content\/uploads\/2024\/08\/Organic-Papain-Powder.jpg\" alt=\" Uma tigela de Papa\u00edna em P\u00f3 Org\u00e2nica com fatias de mam\u00e3o fresco e suplementos digestivos por perto\" width=\"2000\" height=\"1333\" title=\"\" srcset=\"https:\/\/wankonbiotech.com\/wp-content\/uploads\/2024\/08\/Organic-Papain-Powder.jpg 2000w, https:\/\/wankonbiotech.com\/wp-content\/uploads\/2024\/08\/Organic-Papain-Powder-300x200.jpg 300w, https:\/\/wankonbiotech.com\/wp-content\/uploads\/2024\/08\/Organic-Papain-Powder-1024x682.jpg 1024w, https:\/\/wankonbiotech.com\/wp-content\/uploads\/2024\/08\/Organic-Papain-Powder-768x512.jpg 768w, https:\/\/wankonbiotech.com\/wp-content\/uploads\/2024\/08\/Organic-Papain-Powder-1536x1024.jpg 1536w, https:\/\/wankonbiotech.com\/wp-content\/uploads\/2024\/08\/Organic-Papain-Powder-18x12.jpg 18w, https:\/\/wankonbiotech.com\/wp-content\/uploads\/2024\/08\/Organic-Papain-Powder-600x400.jpg 600w\" sizes=\"(max-width: 2000px) 100vw, 2000px\" \/><\/p>\n<p>Defini\u00e7\u00e3o da atividade enzim\u00e1tica: pontos de espectrofotometria ultravioleta: ao determinar as condi\u00e7\u00f5es (37 + \/-0,2 \u00b0C; pH 7,0) a cada minuto de libera\u00e7\u00e3o do hidrolisado de \u00e1cidos de case\u00edna, o \u00e1cido dicloroisocian\u00farico, subst\u00e2ncia sol\u00favel no comprimento de onda de 275 nm, tem absorv\u00eancia e 1 micrograma de espectrofotometria de tirosina \u00e9 bastante, as enzimas necess\u00e1rias para uma vitalidade dessa unidade por u\/g<\/p>\n<h2><strong>O que \u00e9 papa\u00edna em p\u00f3 org\u00e2nica?<\/strong><\/h2>\n<p><strong>P\u00f3 de Papa\u00edna Org\u00e2nica<\/strong> \u00e9 derivado do l\u00e1tex do fruto do mam\u00e3o (<em>Carga de mam\u00e3o<\/em>). Esta enzima \u00e9 conhecida por suas propriedades proteol\u00edticas, o que significa que ajuda a quebrar prote\u00ednas em pept\u00eddeos e amino\u00e1cidos menores. Devido \u00e0 sua origem natural e efic\u00e1cia, <strong>Papa\u00edna<\/strong> \u00e9 amplamente utilizado como auxiliar digestivo, amaciante de carnes e ingrediente em formula\u00e7\u00f5es de cuidados com a pele. Quando obtido organicamente, <strong>P\u00f3 de papa\u00edna<\/strong> oferece o benef\u00edcio adicional de ser livre de pesticidas e aditivos sint\u00e9ticos, alinhando-se \u00e0s prefer\u00eancias dos consumidores de r\u00f3tulos limpos e ecoconscientes.<\/p>\n<h2><strong>Benef\u00edcios para a sa\u00fade do p\u00f3 de papa\u00edna org\u00e2nica<\/strong><\/h2>\n<p>O principal benef\u00edcio de <strong>P\u00f3 de Papa\u00edna Org\u00e2nica<\/strong> reside na sua capacidade de auxiliar a digest\u00e3o. Ao quebrar as prote\u00ednas de forma mais eficiente, <strong>Papa\u00edna<\/strong> Ajuda a reduzir incha\u00e7o, gases e indigest\u00e3o, tornando-se um excelente rem\u00e9dio natural para desconforto digestivo. \u00c9 particularmente ben\u00e9fico para pessoas com dist\u00farbios digestivos ou que t\u00eam dificuldade em digerir alimentos ricos em prote\u00ednas.<\/p>\n<p>Al\u00e9m dos seus benef\u00edcios digestivos, <strong>P\u00f3 de Papa\u00edna Org\u00e2nica<\/strong> Possui propriedades anti-inflamat\u00f3rias. Pode ajudar a reduzir a inflama\u00e7\u00e3o e promover a cicatriza\u00e7\u00e3o, tornando-se \u00fatil tanto em suplementos alimentares quanto em aplica\u00e7\u00f5es t\u00f3picas. Por exemplo, \u00e9 comumente usado em produtos para a pele para esfoliar suavemente a pele, remover c\u00e9lulas mortas e promover uma pele mais limpa.<\/p>\n<h2><strong>Aplica\u00e7\u00f5es do P\u00f3 de Papa\u00edna Org\u00e2nica<\/strong><\/h2>\n<p><strong>P\u00f3 de Papa\u00edna Org\u00e2nica<\/strong> \u00e9 altamente vers\u00e1til e pode ser usado em v\u00e1rios setores:<\/p>\n<ul>\n<li><strong>Ind\u00fastria aliment\u00edcia:<\/strong> Usado como um amaciante natural de carnes, ele melhora a textura das carnes e tamb\u00e9m \u00e9 empregado em suplementos de prote\u00edna para ajudar na digest\u00e3o.<\/li>\n<li><strong>Assist\u00eancia m\u00e9dica:<\/strong> Comumente usado em suplementos digestivos, <strong>Papa\u00edna<\/strong> auxilia na sa\u00fade digestiva geral e na assimila\u00e7\u00e3o de prote\u00ednas.<\/li>\n<li><strong>Cosm\u00e9ticos:<\/strong> Encontrado em esfoliantes, m\u00e1scaras e outros produtos para a pele, <strong>Papa\u00edna<\/strong> promove a renova\u00e7\u00e3o e clareza da pele.<\/li>\n<\/ul>\n<h2><strong>Por que escolher o p\u00f3 de papa\u00edna org\u00e2nico?<\/strong><\/h2>\n<p>Escolhendo <strong>P\u00f3 de Papa\u00edna Org\u00e2nica<\/strong> garante que voc\u00ea esteja adquirindo uma enzima natural de alta qualidade, livre de produtos qu\u00edmicos nocivos. Proveniente de mam\u00f5es cultivados organicamente, este p\u00f3 enzim\u00e1tico \u00e9 ideal para consumidores e fabricantes focados em sa\u00fade, sustentabilidade e ingredientes de r\u00f3tulo limpo. Sua ampla gama de aplica\u00e7\u00f5es e benef\u00edcios o torna um complemento valioso tanto para sua rotina de sa\u00fade quanto para formula\u00e7\u00f5es de produtos.<\/p>","protected":false},"excerpt":{"rendered":"<p><strong>P\u00f3 de Papa\u00edna Org\u00e2nica<\/strong> \u00e9 derivado do l\u00e1tex do fruto do mam\u00e3o (<em>Carga de mam\u00e3o<\/em>). Esta enzima \u00e9 conhecida por suas propriedades proteol\u00edticas, o que significa que ajuda a quebrar prote\u00ednas em pept\u00eddeos e amino\u00e1cidos menores. Devido \u00e0 sua origem natural e efic\u00e1cia, <strong>Papa\u00edna<\/strong> \u00e9 amplamente utilizado como auxiliar digestivo, amaciante de carnes e ingrediente em formula\u00e7\u00f5es de cuidados com a pele. Quando obtido organicamente, <strong>P\u00f3 de papa\u00edna<\/strong> oferece o benef\u00edcio adicional de ser livre de pesticidas e aditivos sint\u00e9ticos, alinhando-se \u00e0s prefer\u00eancias dos consumidores de r\u00f3tulos limpos e ecoconscientes.<\/p>","protected":false},"featured_media":949,"template":"","meta":{"_acf_changed":false},"product_brand":[],"product_cat":[38],"product_tag":[],"class_list":{"0":"post-948","1":"product","2":"type-product","3":"status-publish","4":"has-post-thumbnail","6":"product_cat-organic-juice-concentrate","8":"first","9":"instock","10":"shipping-taxable","11":"product-type-simple"},"acf":[],"_links":{"self":[{"href":"https:\/\/wankonbiotech.com\/pt\/wp-json\/wp\/v2\/product\/948","targetHints":{"allow":["GET"]}}],"collection":[{"href":"https:\/\/wankonbiotech.com\/pt\/wp-json\/wp\/v2\/product"}],"about":[{"href":"https:\/\/wankonbiotech.com\/pt\/wp-json\/wp\/v2\/types\/product"}],"wp:featuredmedia":[{"embeddable":true,"href":"https:\/\/wankonbiotech.com\/pt\/wp-json\/wp\/v2\/media\/949"}],"wp:attachment":[{"href":"https:\/\/wankonbiotech.com\/pt\/wp-json\/wp\/v2\/media?parent=948"}],"wp:term":[{"taxonomy":"product_brand","embeddable":true,"href":"https:\/\/wankonbiotech.com\/pt\/wp-json\/wp\/v2\/product_brand?post=948"},{"taxonomy":"product_cat","embeddable":true,"href":"https:\/\/wankonbiotech.com\/pt\/wp-json\/wp\/v2\/product_cat?post=948"},{"taxonomy":"product_tag","embeddable":true,"href":"https:\/\/wankonbiotech.com\/pt\/wp-json\/wp\/v2\/product_tag?post=948"}],"curies":[{"name":"wp","href":"https:\/\/api.w.org\/{rel}","templated":true}]}}