{"id":943,"date":"2024-08-20T14:54:19","date_gmt":"2024-08-20T14:54:19","guid":{"rendered":"http:\/\/wankonbiotech.com\/?post_type=product&#038;p=943"},"modified":"2024-11-07T05:27:12","modified_gmt":"2024-11-07T05:27:12","slug":"cepharanthine-powder","status":"publish","type":"product","link":"https:\/\/wankonbiotech.com\/pt\/produto\/po-de-cefarantina\/","title":{"rendered":"Extrato natural de Stephania Japonica 98% Cefarantina em p\u00f3"},"content":{"rendered":"<table>\n<tbody>\n<tr>\n<td><strong>Nome do produto<\/strong><\/td>\n<td>P\u00f3 de Cefarantina<\/td>\n<td><strong>Nome latino<\/strong><\/td>\n<td>Extrato de Stephania Japonica<\/td>\n<\/tr>\n<tr>\n<td><strong>Parte usada<\/strong><\/td>\n<td>Raiz<\/td>\n<td><strong>Apar\u00eancia<\/strong><\/td>\n<td>P\u00f3 branco<\/td>\n<\/tr>\n<tr>\n<td><strong>Armazenar<\/strong><\/td>\n<td colspan=\"3\">Armazene em um recipiente bem fechado, longe da umidade e da luz solar direta.<\/td>\n<\/tr>\n<tr>\n<td><strong>Prazo de validade<\/strong><\/td>\n<td colspan=\"3\">24 meses se selado e armazenado corretamente<\/td>\n<\/tr>\n<tr>\n<td><strong>Quantidade m\u00ednima<\/strong><\/td>\n<td colspan=\"3\">10g.<\/td>\n<\/tr>\n<\/tbody>\n<\/table>\n<h2><strong>Introdu\u00e7\u00e3o<\/strong><\/h2>\n<p><strong>P\u00f3 de Cefarantina<\/strong>\u00a0 \u00c9 extra\u00eddo das ra\u00edzes da planta end\u00eamica de Yunnan, Stephania japonica (Thunb.) Miers. A cefarantina pode aumentar o n\u00famero de leuc\u00f3citos no sangue perif\u00e9rico e promover a hiperplasia do tecido da medula \u00f3ssea, sendo usada principalmente para tratar a diminui\u00e7\u00e3o e a defici\u00eancia de leuc\u00f3citos causadas pela quimioterapia do c\u00e2ncer e outros fatores. Atualmente, \u00e9 usada no tratamento da p\u00farpura trombocitop\u00eanica. Sua dosagem \u00e9 conveniente para inibi\u00e7\u00e3o da fibrose pulmonar sem rea\u00e7\u00f5es adversas significativas.<\/p>\n<p><img fetchpriority=\"high\" decoding=\"async\" class=\"alignnone wp-image-945 size-full\" src=\"http:\/\/wankonbiotech.com\/wp-content\/uploads\/2024\/08\/Stephania-Japonica-Extract.webp\" alt=\"Extrato de Stephania Japonica\" width=\"1024\" height=\"768\" title=\"\" srcset=\"https:\/\/wankonbiotech.com\/wp-content\/uploads\/2024\/08\/Stephania-Japonica-Extract.webp 1024w, https:\/\/wankonbiotech.com\/wp-content\/uploads\/2024\/08\/Stephania-Japonica-Extract-300x225.webp 300w, https:\/\/wankonbiotech.com\/wp-content\/uploads\/2024\/08\/Stephania-Japonica-Extract-768x576.webp 768w, https:\/\/wankonbiotech.com\/wp-content\/uploads\/2024\/08\/Stephania-Japonica-Extract-16x12.webp 16w, https:\/\/wankonbiotech.com\/wp-content\/uploads\/2024\/08\/Stephania-Japonica-Extract-600x450.webp 600w\" sizes=\"(max-width: 1024px) 100vw, 1024px\" \/><\/p>\n<h2><strong>O que \u00e9 Cefarantina em P\u00f3?<\/strong><\/h2>\n<p><strong>P\u00f3 de Cefarantina<\/strong> \u00e9 extra\u00eddo do <em>Stephania cepharantha<\/em> planta nativa da \u00c1sia. Este composto derivado de planta \u00e9 um alcaloide conhecido por suas propriedades farmacol\u00f3gicas, incluindo efeitos anti-inflamat\u00f3rios, antioxidantes e imunomoduladores. <strong>Cefarantina<\/strong> funciona modulando as respostas imunol\u00f3gicas e reduzindo a inflama\u00e7\u00e3o, o que o torna valioso tanto nas pr\u00e1ticas m\u00e9dicas tradicionais quanto nas modernas.<img decoding=\"async\" class=\"alignnone wp-image-946 size-full\" src=\"http:\/\/wankonbiotech.com\/wp-content\/uploads\/2024\/08\/Stephania-Japonica-Extract1.webp\" alt=\"P\u00f3 de Cefarantina\" width=\"1618\" height=\"1080\" title=\"\" srcset=\"https:\/\/wankonbiotech.com\/wp-content\/uploads\/2024\/08\/Stephania-Japonica-Extract1.webp 1618w, https:\/\/wankonbiotech.com\/wp-content\/uploads\/2024\/08\/Stephania-Japonica-Extract1-300x200.webp 300w, https:\/\/wankonbiotech.com\/wp-content\/uploads\/2024\/08\/Stephania-Japonica-Extract1-1024x684.webp 1024w, https:\/\/wankonbiotech.com\/wp-content\/uploads\/2024\/08\/Stephania-Japonica-Extract1-768x513.webp 768w, https:\/\/wankonbiotech.com\/wp-content\/uploads\/2024\/08\/Stephania-Japonica-Extract1-1536x1025.webp 1536w, https:\/\/wankonbiotech.com\/wp-content\/uploads\/2024\/08\/Stephania-Japonica-Extract1-18x12.webp 18w, https:\/\/wankonbiotech.com\/wp-content\/uploads\/2024\/08\/Stephania-Japonica-Extract1-600x400.webp 600w\" sizes=\"(max-width: 1618px) 100vw, 1618px\" \/><\/p>\n<h2><strong>Benef\u00edcios para a sa\u00fade do p\u00f3 de cefarantina<\/strong><\/h2>\n<p><strong>P\u00f3 de Cefarantina<\/strong> \u00e9 altamente considerado por sua capacidade de auxiliar a fun\u00e7\u00e3o imunol\u00f3gica. Ele fortalece as defesas naturais do corpo, modulando o sistema imunol\u00f3gico, ajudando-o a responder com mais efic\u00e1cia a pat\u00f3genos. Isso o torna particularmente \u00fatil para quem busca fortalecer a sa\u00fade imunol\u00f3gica, especialmente em per\u00edodos de estresse ou doen\u00e7a.<\/p>\n<p>Al\u00e9m de suas propriedades de refor\u00e7o imunol\u00f3gico, <strong>P\u00f3 de Cefarantina<\/strong> \u00e9 conhecido por seus efeitos anti-inflamat\u00f3rios. Ajuda a reduzir a inflama\u00e7\u00e3o ao inibir a produ\u00e7\u00e3o de citocinas inflamat\u00f3rias, que est\u00e3o envolvidas na inflama\u00e7\u00e3o cr\u00f4nica e em diversas condi\u00e7\u00f5es de sa\u00fade. Essa a\u00e7\u00e3o anti-inflamat\u00f3ria torna <strong>P\u00f3 de Cefarantina<\/strong> ben\u00e9fico para indiv\u00edduos que lidam com dist\u00farbios inflamat\u00f3rios ou buscam prevenir inflama\u00e7\u00f5es cr\u00f4nicas.<\/p>\n<h2><strong>Aplica\u00e7\u00f5es do p\u00f3 de cefarantina<\/strong><\/h2>\n<p><strong>P\u00f3 de Cefarantina<\/strong> \u00c9 vers\u00e1til em suas aplica\u00e7\u00f5es. Pode ser usado como suplemento alimentar para fortalecer o sistema imunol\u00f3gico e reduzir a inflama\u00e7\u00e3o. Al\u00e9m disso, est\u00e1 sendo estudado por seus potenciais benef\u00edcios no tratamento de uma s\u00e9rie de condi\u00e7\u00f5es, incluindo doen\u00e7as autoimunes, c\u00e2ncer e infec\u00e7\u00f5es virais. Sua capacidade de melhorar a sa\u00fade celular e proteger contra o estresse oxidativo tamb\u00e9m o torna um complemento valioso para regimes antienvelhecimento.<\/p>\n<h2><strong>Por que escolher o p\u00f3 de cefarantina?<\/strong><\/h2>\n<p>Escolhendo <strong>P\u00f3 de Cefarantina<\/strong> oferece uma maneira natural e eficaz de apoiar sua sa\u00fade. Ao contr\u00e1rio das drogas sint\u00e9ticas, <strong>Cefarantina<\/strong> \u00e9 derivado de uma fonte natural e tem sido usado tradicionalmente h\u00e1 s\u00e9culos. Seu amplo espectro de benef\u00edcios, desde o suporte imunol\u00f3gico at\u00e9 efeitos anti-inflamat\u00f3rios, o torna um suplemento valioso para o bem-estar geral.<\/p>\n<h2><strong>Qualidade e Pureza<\/strong><\/h2>\n<p>Ao selecionar <strong>P\u00f3 de Cefarantina<\/strong>, \u00e9 importante escolher um produto puro e livre de contaminantes. Alta qualidade <strong>Cefarantina<\/strong> Os suplementos s\u00e3o fabricados sob rigorosos padr\u00f5es de controle de qualidade, garantindo que eles ofere\u00e7am os benef\u00edcios desejados \u00e0 sa\u00fade sem quaisquer aditivos prejudiciais.<\/p>","protected":false},"excerpt":{"rendered":"<p><strong>Cefarantina<\/strong> O p\u00f3 \u00e9 extra\u00eddo das ra\u00edzes da planta end\u00eamica de Yunnan, Stephania japonica (Thunb.) Miers. A cefarantina pode aumentar o n\u00famero de leuc\u00f3citos no sangue perif\u00e9rico e promover a hiperplasia do tecido da medula \u00f3ssea, sendo usada principalmente para tratar a diminui\u00e7\u00e3o e a defici\u00eancia de leuc\u00f3citos causadas pela quimioterapia do c\u00e2ncer e outros fatores.<\/p>","protected":false},"featured_media":944,"template":"","meta":{"_acf_changed":false},"product_brand":[],"product_cat":[40],"product_tag":[],"class_list":{"0":"post-943","1":"product","2":"type-product","3":"status-publish","4":"has-post-thumbnail","6":"product_cat-organic-plant-extract","8":"first","9":"instock","10":"shipping-taxable","11":"product-type-simple"},"acf":[],"_links":{"self":[{"href":"https:\/\/wankonbiotech.com\/pt\/wp-json\/wp\/v2\/product\/943","targetHints":{"allow":["GET"]}}],"collection":[{"href":"https:\/\/wankonbiotech.com\/pt\/wp-json\/wp\/v2\/product"}],"about":[{"href":"https:\/\/wankonbiotech.com\/pt\/wp-json\/wp\/v2\/types\/product"}],"wp:featuredmedia":[{"embeddable":true,"href":"https:\/\/wankonbiotech.com\/pt\/wp-json\/wp\/v2\/media\/944"}],"wp:attachment":[{"href":"https:\/\/wankonbiotech.com\/pt\/wp-json\/wp\/v2\/media?parent=943"}],"wp:term":[{"taxonomy":"product_brand","embeddable":true,"href":"https:\/\/wankonbiotech.com\/pt\/wp-json\/wp\/v2\/product_brand?post=943"},{"taxonomy":"product_cat","embeddable":true,"href":"https:\/\/wankonbiotech.com\/pt\/wp-json\/wp\/v2\/product_cat?post=943"},{"taxonomy":"product_tag","embeddable":true,"href":"https:\/\/wankonbiotech.com\/pt\/wp-json\/wp\/v2\/product_tag?post=943"}],"curies":[{"name":"wp","href":"https:\/\/api.w.org\/{rel}","templated":true}]}}