{"id":933,"date":"2024-08-19T15:53:40","date_gmt":"2024-08-19T15:53:40","guid":{"rendered":"http:\/\/wankonbiotech.com\/?post_type=product&#038;p=933"},"modified":"2024-08-19T16:11:59","modified_gmt":"2024-08-19T16:11:59","slug":"d-mannose","status":"publish","type":"product","link":"https:\/\/wankonbiotech.com\/pt\/produto\/d-manose\/","title":{"rendered":"Ado\u00e7ante de grau aliment\u00edcio D-manose em p\u00f3"},"content":{"rendered":"<table>\n<tbody>\n<tr>\n<td><strong>Item<\/strong><\/td>\n<td>Especifica\u00e7\u00f5es<\/td>\n<\/tr>\n<tr>\n<td><strong>Nome do produto<\/strong><\/td>\n<td>D-Manose<\/td>\n<\/tr>\n<tr>\n<td><strong>Ensaio<\/strong><\/td>\n<td>99%<\/td>\n<\/tr>\n<tr>\n<td><strong>Apar\u00eancia<\/strong><\/td>\n<td>P\u00f3 de cristal branco<\/td>\n<\/tr>\n<tr>\n<td><strong>Caso n\u00ba.<\/strong><\/td>\n<td>3458-28-4<\/td>\n<\/tr>\n<tr>\n<td><strong>F\u00f3rmula molecular<\/strong><\/td>\n<td>C6H12O6<\/td>\n<\/tr>\n<tr>\n<td><strong>Peso molecular<\/strong><\/td>\n<td>180.16<\/td>\n<\/tr>\n<\/tbody>\n<\/table>\n<h2><strong>Introdu\u00e7\u00e3o<\/strong><\/h2>\n<p><strong>D-Manose<\/strong> \u00e9 um suplemento natural reconhecido por sua efic\u00e1cia no aux\u00edlio \u00e0 sa\u00fade do trato urin\u00e1rio. Este a\u00e7\u00facar simples, encontrado em diversas frutas e vegetais, \u00e9 conhecido por sua capacidade \u00fanica de ajudar a prevenir infec\u00e7\u00f5es do trato urin\u00e1rio (ITUs) sem a necessidade de antibi\u00f3ticos. Seguro, natural e bem tolerado, <strong>D-Manose<\/strong> est\u00e1 se tornando uma escolha popular para aqueles que buscam manter a sa\u00fade urin\u00e1ria naturalmente.<\/p>\n<p><img fetchpriority=\"high\" decoding=\"async\" class=\"alignnone size-full wp-image-937\" src=\"http:\/\/wankonbiotech.com\/wp-content\/uploads\/2024\/08\/D-Mannose-1.png\" alt=\"D-Manose\" width=\"1350\" height=\"650\" title=\"\" srcset=\"https:\/\/wankonbiotech.com\/wp-content\/uploads\/2024\/08\/D-Mannose-1.png 1350w, https:\/\/wankonbiotech.com\/wp-content\/uploads\/2024\/08\/D-Mannose-1-300x144.png 300w, https:\/\/wankonbiotech.com\/wp-content\/uploads\/2024\/08\/D-Mannose-1-1024x493.png 1024w, https:\/\/wankonbiotech.com\/wp-content\/uploads\/2024\/08\/D-Mannose-1-768x370.png 768w, https:\/\/wankonbiotech.com\/wp-content\/uploads\/2024\/08\/D-Mannose-1-18x9.png 18w, https:\/\/wankonbiotech.com\/wp-content\/uploads\/2024\/08\/D-Mannose-1-600x289.png 600w\" sizes=\"(max-width: 1350px) 100vw, 1350px\" \/><\/p>\n<h2><strong>O que \u00e9 D-Manose?<\/strong><\/h2>\n<p><strong>D-Manose<\/strong> \u00e9 um tipo de a\u00e7\u00facar intimamente relacionado \u00e0 glicose, mas metabolizado de forma diferente pelo corpo. Ao contr\u00e1rio da glicose, que \u00e9 usada para gerar energia, <strong>D-Manose<\/strong> passa pelo trato urin\u00e1rio quase inalterado. Essa propriedade \u00fanica permite que ele se ligue a bact\u00e9rias, particularmente E. coli, que s\u00e3o comumente respons\u00e1veis \u200b\u200bpor infec\u00e7\u00f5es do trato urin\u00e1rio. Ao se ligar a essas bact\u00e9rias, <strong>D-Manose<\/strong> ajuda a elimin\u00e1-los do trato urin\u00e1rio, evitando que grudem nas paredes da bexiga e causem infec\u00e7\u00f5es.<\/p>\n<h2><strong>Benef\u00edcios para a sa\u00fade da D-manose<\/strong><\/h2>\n<p>O principal benef\u00edcio de <strong>D-Manose<\/strong> \u00e9 sua capacidade de promover a sa\u00fade do trato urin\u00e1rio, prevenindo e controlando infec\u00e7\u00f5es do trato urin\u00e1rio. \u00c9 particularmente eficaz contra infec\u00e7\u00f5es recorrentes, oferecendo uma alternativa natural aos antibi\u00f3ticos. <strong>D-Manose<\/strong> funciona impedindo que bact\u00e9rias nocivas adiram \u00e0s paredes do trato urin\u00e1rio, reduzindo a probabilidade de infec\u00e7\u00e3o.<\/p>\n<p>Ao contr\u00e1rio dos antibi\u00f3ticos, que podem perturbar o equil\u00edbrio das bact\u00e9rias saud\u00e1veis \u200b\u200bno corpo, <strong>D-Manose<\/strong> ataca seletivamente as bact\u00e9rias nocivas, ajudando a manter um microbioma saud\u00e1vel. Isso o torna uma op\u00e7\u00e3o segura para uso a longo prazo, sem o risco de resist\u00eancia a antibi\u00f3ticos.<\/p>\n<h2><strong>Como usar D-Manose<\/strong><\/h2>\n<p><strong>D-Manose<\/strong> Est\u00e1 dispon\u00edvel em diversas formas, incluindo p\u00f3s e c\u00e1psulas, facilitando sua incorpora\u00e7\u00e3o \u00e0 rotina di\u00e1ria. Para uso preventivo, pode ser tomado uma vez ao dia, enquanto doses mais altas podem ser recomendadas no in\u00edcio dos sintomas de ITU. \u00c9 melhor ingeri-lo com \u00e1gua para garantir que chegue ao trato urin\u00e1rio de forma eficaz.<\/p>\n<h2><strong>Por que escolher D-Manose?<\/strong><\/h2>\n<p>Escolhendo <strong>D-Manose<\/strong> Oferece uma s\u00e9rie de benef\u00edcios. \u00c9 um suplemento natural e n\u00e3o t\u00f3xico que pode ser usado com seguran\u00e7a pela maioria das pessoas, incluindo crian\u00e7as e idosos. Oferece uma maneira eficaz de controlar e prevenir infec\u00e7\u00f5es urin\u00e1rias sem os efeitos colaterais associados aos antibi\u00f3ticos. Al\u00e9m disso, <strong>D-Manose<\/strong> \u00e9 suave no sistema digestivo e n\u00e3o interfere nos n\u00edveis de a\u00e7\u00facar no sangue, tornando-o adequado para pessoas com diabetes.<\/p>\n<h2><strong>Qualidade e Seguran\u00e7a<\/strong><\/h2>\n<p>Ao selecionar <strong>D-Manose<\/strong>, \u00e9 importante escolher um produto puro e livre de aditivos desnecess\u00e1rios. Procure suplementos de alta qualidade, feitos de fontes n\u00e3o transg\u00eanicas e fabricados em instala\u00e7\u00f5es que seguem rigorosos padr\u00f5es de qualidade. Garantir a pureza e a qualidade do suplemento \u00e9 fundamental para alcan\u00e7ar os melhores resultados para a sa\u00fade urin\u00e1ria.<\/p>","protected":false},"excerpt":{"rendered":"<p><strong>D-Manose<\/strong> \u00e9 um suplemento natural que ganhou reconhecimento por sua efic\u00e1cia no suporte \u00e0 sa\u00fade do trato urin\u00e1rio.<\/p>","protected":false},"featured_media":936,"template":"","meta":{"_acf_changed":false},"product_brand":[],"product_cat":[31],"product_tag":[],"class_list":{"0":"post-933","1":"product","2":"type-product","3":"status-publish","4":"has-post-thumbnail","6":"product_cat-spices-and-seasonings","8":"first","9":"instock","10":"shipping-taxable","11":"product-type-simple"},"acf":[],"_links":{"self":[{"href":"https:\/\/wankonbiotech.com\/pt\/wp-json\/wp\/v2\/product\/933","targetHints":{"allow":["GET"]}}],"collection":[{"href":"https:\/\/wankonbiotech.com\/pt\/wp-json\/wp\/v2\/product"}],"about":[{"href":"https:\/\/wankonbiotech.com\/pt\/wp-json\/wp\/v2\/types\/product"}],"wp:featuredmedia":[{"embeddable":true,"href":"https:\/\/wankonbiotech.com\/pt\/wp-json\/wp\/v2\/media\/936"}],"wp:attachment":[{"href":"https:\/\/wankonbiotech.com\/pt\/wp-json\/wp\/v2\/media?parent=933"}],"wp:term":[{"taxonomy":"product_brand","embeddable":true,"href":"https:\/\/wankonbiotech.com\/pt\/wp-json\/wp\/v2\/product_brand?post=933"},{"taxonomy":"product_cat","embeddable":true,"href":"https:\/\/wankonbiotech.com\/pt\/wp-json\/wp\/v2\/product_cat?post=933"},{"taxonomy":"product_tag","embeddable":true,"href":"https:\/\/wankonbiotech.com\/pt\/wp-json\/wp\/v2\/product_tag?post=933"}],"curies":[{"name":"wp","href":"https:\/\/api.w.org\/{rel}","templated":true}]}}