{"id":919,"date":"2024-08-17T04:28:39","date_gmt":"2024-08-17T04:28:39","guid":{"rendered":"http:\/\/wankonbiotech.com\/?post_type=product&#038;p=919"},"modified":"2024-08-17T04:33:22","modified_gmt":"2024-08-17T04:33:22","slug":"magnesium-lactate","status":"publish","type":"product","link":"https:\/\/wankonbiotech.com\/pt\/produto\/lactato-de-magnesio\/","title":{"rendered":"Aditivos alimentares naturais puros Lactato de magn\u00e9sio"},"content":{"rendered":"<table>\n<tbody>\n<tr>\n<td><strong>Nome do produto<\/strong><\/td>\n<td>Lactato de magn\u00e9sio<\/td>\n<\/tr>\n<tr>\n<td><strong>Apar\u00eancia<\/strong><\/td>\n<td>P\u00f3 branco<\/td>\n<\/tr>\n<tr>\n<td><strong>Especifica\u00e7\u00f5es<\/strong><\/td>\n<td>99%<\/td>\n<\/tr>\n<tr>\n<td><strong>CAS No<\/strong><\/td>\n<td>18917-93-6<\/td>\n<\/tr>\n<tr>\n<td><strong>Nota<\/strong><\/td>\n<td>Grau aliment\u00edcio<\/td>\n<\/tr>\n<tr>\n<td><strong>Certificado<\/strong><\/td>\n<td>ISO\/HALAL\/KOSHER<\/td>\n<\/tr>\n<tr>\n<td><strong>Certificado de Autentica\u00e7\u00e3o (COA)\/Ficha de Seguran\u00e7a de Dados (MSDS)\/Ficha de Seguran\u00e7a de Dados (TDS)<\/strong><\/td>\n<td>Dispon\u00edvel<\/td>\n<\/tr>\n<tr>\n<td><strong>Amostra<\/strong><\/td>\n<td>Oferecido gratuitamente<\/td>\n<\/tr>\n<tr>\n<td><strong>Quantidade m\u00ednima<\/strong><\/td>\n<td>Qualquer quantidade de pedido \u00e9 bem-vinda<\/td>\n<\/tr>\n<tr>\n<td><strong>Armazenar<\/strong><\/td>\n<td>Armazene em local fresco e seco. Mantenha longe da luz forte e do calor.<\/td>\n<\/tr>\n<tr>\n<td><strong>Embalagem<\/strong><\/td>\n<td>1 kg\/saco de papel alum\u00ednio, 25 kg\/tambor (dois sacos pl\u00e1sticos dentro com tambores de papel), ou conforme as necessidades do cliente.)<\/td>\n<\/tr>\n<tr>\n<td><strong>Prazo de validade<\/strong><\/td>\n<td>2 anos em condi\u00e7\u00f5es de armazenamento em po\u00e7o.<\/td>\n<\/tr>\n<\/tbody>\n<\/table>\n<h2><span style=\"color: #000000;\">Introdu\u00e7\u00e3o <\/span><\/h2>\n<p>No campo dos aditivos alimentares e suplementos alimentares, o Lactato de Magn\u00e9sio ganhou reconhecimento como uma fonte eficaz e natural de magn\u00e9sio. O magn\u00e9sio \u00e9 um mineral essencial que desempenha um papel vital em in\u00fameras fun\u00e7\u00f5es corporais, incluindo a fun\u00e7\u00e3o muscular e nervosa, a produ\u00e7\u00e3o de energia e a sa\u00fade \u00f3ssea. No entanto, muitas pessoas carecem de magn\u00e9sio suficiente em suas dietas. O lactato de magn\u00e9sio fornece uma forma biodispon\u00edvel deste mineral essencial, tornando-o uma escolha ideal para fabricantes de alimentos e consumidores preocupados com a sa\u00fade. Este artigo examina as vantagens, aplica\u00e7\u00f5es e raz\u00f5es por tr\u00e1s da crescente popularidade e confian\u00e7a no lactato de magn\u00e9sio como um aditivo essencial nas ind\u00fastrias de alimentos e suplementos.<\/p>\n<p><img fetchpriority=\"high\" decoding=\"async\" class=\"alignnone wp-image-923 size-full\" src=\"http:\/\/wankonbiotech.com\/wp-content\/uploads\/2024\/08\/Magnesium-Lactate-powder.jpeg\" alt=\"Lactato de magn\u00e9sio em p\u00f3\" width=\"1800\" height=\"1269\" title=\"\" srcset=\"https:\/\/wankonbiotech.com\/wp-content\/uploads\/2024\/08\/Magnesium-Lactate-powder.jpeg 1800w, https:\/\/wankonbiotech.com\/wp-content\/uploads\/2024\/08\/Magnesium-Lactate-powder-300x212.jpeg 300w, https:\/\/wankonbiotech.com\/wp-content\/uploads\/2024\/08\/Magnesium-Lactate-powder-1024x722.jpeg 1024w, https:\/\/wankonbiotech.com\/wp-content\/uploads\/2024\/08\/Magnesium-Lactate-powder-768x541.jpeg 768w, https:\/\/wankonbiotech.com\/wp-content\/uploads\/2024\/08\/Magnesium-Lactate-powder-1536x1083.jpeg 1536w, https:\/\/wankonbiotech.com\/wp-content\/uploads\/2024\/08\/Magnesium-Lactate-powder-18x12.jpeg 18w, https:\/\/wankonbiotech.com\/wp-content\/uploads\/2024\/08\/Magnesium-Lactate-powder-600x423.jpeg 600w\" sizes=\"(max-width: 1800px) 100vw, 1800px\" \/><\/p>\n<p>&nbsp;<\/p>\n<h2><span style=\"color: #000000;\">O que \u00e9 lactato de magn\u00e9sio? <\/span><\/h2>\n<p>O lactato de magn\u00e9sio \u00e9 um composto formado pela rea\u00e7\u00e3o do magn\u00e9sio com o \u00e1cido l\u00e1tico. \u00c9 frequentemente utilizado como suplemento alimentar e aditivo alimentar para fornecer uma forma de magn\u00e9sio de f\u00e1cil absor\u00e7\u00e3o. Ao contr\u00e1rio de outras formas de suplementos de magn\u00e9sio que podem causar desconforto digestivo, o lactato de magn\u00e9sio \u00e9 suave para o est\u00f4mago e possui alta biodisponibilidade, o que significa que \u00e9 absorvido e utilizado de forma eficaz pelo organismo. Isso o torna uma escolha ideal para quem busca aumentar a ingest\u00e3o de magn\u00e9sio de forma natural e eficiente.<\/p>\n<p>&nbsp;<\/p>","protected":false},"excerpt":{"rendered":"<p>No campo dos aditivos alimentares e suplementos alimentares, o Lactato de Magn\u00e9sio ganhou reconhecimento como uma fonte eficaz e natural de magn\u00e9sio. O magn\u00e9sio \u00e9 um mineral essencial que desempenha um papel vital em in\u00fameras fun\u00e7\u00f5es corporais, incluindo a fun\u00e7\u00e3o muscular e nervosa, a produ\u00e7\u00e3o de energia e a sa\u00fade \u00f3ssea.<\/p>","protected":false},"featured_media":920,"template":"","meta":{"_acf_changed":false},"product_brand":[],"product_cat":[31],"product_tag":[],"class_list":{"0":"post-919","1":"product","2":"type-product","3":"status-publish","4":"has-post-thumbnail","6":"product_cat-spices-and-seasonings","8":"first","9":"instock","10":"shipping-taxable","11":"product-type-simple"},"acf":[],"_links":{"self":[{"href":"https:\/\/wankonbiotech.com\/pt\/wp-json\/wp\/v2\/product\/919","targetHints":{"allow":["GET"]}}],"collection":[{"href":"https:\/\/wankonbiotech.com\/pt\/wp-json\/wp\/v2\/product"}],"about":[{"href":"https:\/\/wankonbiotech.com\/pt\/wp-json\/wp\/v2\/types\/product"}],"wp:featuredmedia":[{"embeddable":true,"href":"https:\/\/wankonbiotech.com\/pt\/wp-json\/wp\/v2\/media\/920"}],"wp:attachment":[{"href":"https:\/\/wankonbiotech.com\/pt\/wp-json\/wp\/v2\/media?parent=919"}],"wp:term":[{"taxonomy":"product_brand","embeddable":true,"href":"https:\/\/wankonbiotech.com\/pt\/wp-json\/wp\/v2\/product_brand?post=919"},{"taxonomy":"product_cat","embeddable":true,"href":"https:\/\/wankonbiotech.com\/pt\/wp-json\/wp\/v2\/product_cat?post=919"},{"taxonomy":"product_tag","embeddable":true,"href":"https:\/\/wankonbiotech.com\/pt\/wp-json\/wp\/v2\/product_tag?post=919"}],"curies":[{"name":"wp","href":"https:\/\/api.w.org\/{rel}","templated":true}]}}