{"id":878,"date":"2024-08-16T16:04:47","date_gmt":"2024-08-16T16:04:47","guid":{"rendered":"http:\/\/wankonbiotech.com\/?post_type=product&#038;p=878"},"modified":"2024-08-16T16:05:43","modified_gmt":"2024-08-16T16:05:43","slug":"abalone-collagen-peptide-raw-materials","status":"publish","type":"product","link":"https:\/\/wankonbiotech.com\/pt\/produto\/materias-primas-de-peptideos-de-colageno-de-abalone\/","title":{"rendered":"Mat\u00e9rias-primas do pept\u00eddeo de col\u00e1geno de abalone"},"content":{"rendered":"<table>\n<tbody>\n<tr>\n<td><strong>Nome do produto<\/strong><\/td>\n<td>Pept\u00eddeos de col\u00e1geno de abalone<\/td>\n<\/tr>\n<tr>\n<td><strong>Fonte<\/strong><\/td>\n<td>Abalone natural<\/td>\n<\/tr>\n<tr>\n<td><strong>Parte usada<\/strong><\/td>\n<td>Corpo<\/td>\n<\/tr>\n<tr>\n<td><strong>Ingredientes ativos<\/strong><\/td>\n<td>Abalone, polipept\u00eddeo de abalone, polissacar\u00eddeo de abalone, prote\u00edna, vitamina e amino\u00e1cidos<\/td>\n<\/tr>\n<\/tbody>\n<\/table>\n<h2><strong>Introdu\u00e7\u00e3o<\/strong><\/h2>\n<p><strong>Pept\u00eddeo de col\u00e1geno de abalone\u00a0<\/strong>\u00e9 um tipo de pept\u00eddeo de col\u00e1geno derivado do abalone, um tipo de caracol marinho altamente valorizado por seus usos culin\u00e1rios e medicinais. Pept\u00eddeos de col\u00e1geno s\u00e3o cadeias curtas de amino\u00e1cidos derivadas do col\u00e1geno, a principal prote\u00edna encontrada na pele, ossos e tecidos conjuntivos de animais, incluindo humanos.<\/p>\n<p><img fetchpriority=\"high\" decoding=\"async\" class=\"alignnone size-full wp-image-880\" src=\"http:\/\/wankonbiotech.com\/wp-content\/uploads\/2024\/08\/Abalone.webp\" alt=\"Pept\u00eddeo de col\u00e1geno de abalone em p\u00f3\" width=\"1200\" height=\"600\" title=\"\" srcset=\"https:\/\/wankonbiotech.com\/wp-content\/uploads\/2024\/08\/Abalone.webp 1200w, https:\/\/wankonbiotech.com\/wp-content\/uploads\/2024\/08\/Abalone-300x150.webp 300w, https:\/\/wankonbiotech.com\/wp-content\/uploads\/2024\/08\/Abalone-1024x512.webp 1024w, https:\/\/wankonbiotech.com\/wp-content\/uploads\/2024\/08\/Abalone-768x384.webp 768w, https:\/\/wankonbiotech.com\/wp-content\/uploads\/2024\/08\/Abalone-600x300.webp 600w\" sizes=\"(max-width: 1200px) 100vw, 1200px\" \/><\/p>\n<p>Este pept\u00eddeo \u00e9 rico em amino\u00e1cidos, particularmente glicina, prolina e hidroxiprolina, essenciais para a manuten\u00e7\u00e3o da sa\u00fade e da estrutura da pele, cabelos, unhas e articula\u00e7\u00f5es. Acredita-se que ele tenha diversos benef\u00edcios, incluindo a promo\u00e7\u00e3o da elasticidade da pele, a redu\u00e7\u00e3o do aparecimento de rugas, o fortalecimento de cabelos e unhas e a promo\u00e7\u00e3o da sa\u00fade das articula\u00e7\u00f5es.<\/p>\n<p>O pept\u00eddeo de col\u00e1geno \u00e9 tipicamente hidrolisado, ou seja, decomposto em pept\u00eddeos menores, facilitando sua absor\u00e7\u00e3o e utiliza\u00e7\u00e3o pelo corpo. \u00c9 comumente usado como ingrediente em produtos de beleza e cuidados com a pele, bem como em suplementos alimentares voltados para a sa\u00fade da pele e das articula\u00e7\u00f5es.<\/p>\n<h2><strong>O que \u00e9 o pept\u00eddeo de col\u00e1geno de abalone?<\/strong><\/h2>\n<p><strong>Pept\u00eddeo de col\u00e1geno de abalone<\/strong> \u00c9 derivado do col\u00e1geno encontrado nos tecidos conjuntivos e conchas do abalone, um molusco apreciado por seu valor culin\u00e1rio e nutricional. O col\u00e1geno \u00e9 extra\u00eddo por meio de um processo enzim\u00e1tico suave que o decomp\u00f5e em pept\u00eddeos menores, mais f\u00e1ceis de serem absorvidos e utilizados pelo corpo. Esses pept\u00eddeos s\u00e3o ent\u00e3o processados \u200b\u200bem um p\u00f3 fino que ret\u00e9m os compostos bioativos e os amino\u00e1cidos essenciais inerentes ao col\u00e1geno de abalone. Este pept\u00eddeo de col\u00e1geno \u00e9 rico em glicina, prolina e hidroxiprolina, amino\u00e1cidos essenciais para a s\u00edntese de col\u00e1geno e para a manuten\u00e7\u00e3o da sa\u00fade da pele, das articula\u00e7\u00f5es e dos tecidos conjuntivos.<\/p>\n<h2><strong>Benef\u00edcios nutricionais do pept\u00eddeo de col\u00e1geno de abalone<\/strong><\/h2>\n<p><strong>Pept\u00eddeo de col\u00e1geno de abalone<\/strong> oferece uma gama de benef\u00edcios nutricionais, tornando-se um complemento valioso para qualquer regime de bem-estar. O col\u00e1geno \u00e9 a prote\u00edna mais abundante no corpo humano, desempenhando um papel crucial na manuten\u00e7\u00e3o da estrutura e fun\u00e7\u00e3o da pele, articula\u00e7\u00f5es e tecidos conjuntivos. \u00c0 medida que envelhecemos, a produ\u00e7\u00e3o natural de col\u00e1geno do corpo diminui, levando a sinais de envelhecimento, como rugas, flacidez da pele e desconforto nas articula\u00e7\u00f5es. Suplementar com <strong>Pept\u00eddeo de col\u00e1geno de abalone<\/strong> pode ajudar a repor os n\u00edveis de col\u00e1geno do corpo, mantendo a pele saud\u00e1vel, articula\u00e7\u00f5es fortes e vitalidade geral.<\/p>\n<p>A forma pept\u00eddica do col\u00e1geno de abalone \u00e9 altamente biodispon\u00edvel, o que significa que \u00e9 facilmente absorvido e utilizado pelo corpo. Isso o torna mais eficaz no fornecimento dos amino\u00e1cidos essenciais necess\u00e1rios para a s\u00edntese de col\u00e1geno em compara\u00e7\u00e3o com mol\u00e9culas maiores e intactas de col\u00e1geno. Al\u00e9m disso, <strong>Pept\u00eddeo de col\u00e1geno de abalone<\/strong> \u00e9 uma boa fonte de amino\u00e1cidos essenciais que o corpo n\u00e3o consegue produzir sozinho, o que o torna um suplemento proteico completo que contribui para a sa\u00fade e o bem-estar geral.<\/p>\n<h2><strong>Benef\u00edcios para a sa\u00fade do pept\u00eddeo de col\u00e1geno de abalone<\/strong><\/h2>\n<p>Os benef\u00edcios para a sa\u00fade de <strong>Pept\u00eddeo de col\u00e1geno de abalone<\/strong> s\u00e3o abrangentes e bem fundamentados por pesquisas. Um dos benef\u00edcios mais reconhecidos \u00e9 sua capacidade de melhorar a sa\u00fade da pele. O consumo regular de pept\u00eddeos de col\u00e1geno demonstrou aumentar a hidrata\u00e7\u00e3o, a elasticidade e a maciez da pele, reduzindo o aparecimento de linhas finas e rugas. Isso torna <strong>Pept\u00eddeo de col\u00e1geno de abalone<\/strong> um excelente suplemento para quem busca melhorar sua rotina de beleza de dentro para fora.<\/p>\n<p><strong>Pept\u00eddeo de col\u00e1geno de abalone<\/strong> tamb\u00e9m \u00e9 ben\u00e9fico para a sa\u00fade das articula\u00e7\u00f5es. Os amino\u00e1cidos presentes nos pept\u00eddeos de col\u00e1geno auxiliam na manuten\u00e7\u00e3o e no reparo da cartilagem, o tecido que amortece as articula\u00e7\u00f5es e permite movimentos suaves. Isso pode ajudar a reduzir a dor e a rigidez articular, principalmente em indiv\u00edduos com osteoartrite ou que praticam atividades f\u00edsicas de alto impacto. Al\u00e9m disso, as propriedades anti-inflamat\u00f3rias dos pept\u00eddeos de col\u00e1geno de abalone podem ajudar a reduzir a inflama\u00e7\u00e3o nas articula\u00e7\u00f5es, contribuindo ainda mais para a sa\u00fade e a mobilidade articulares.<\/p>\n<p>Para o bem-estar geral, <strong>Pept\u00eddeo de col\u00e1geno de abalone<\/strong> Contribui para a sa\u00fade dos tecidos conjuntivos em todo o corpo, incluindo tend\u00f5es, ligamentos e ossos. Isso o torna um suplemento valioso para atletas, idosos e qualquer pessoa que busque fortalecer a sa\u00fade musculoesquel\u00e9tica. O conte\u00fado de glicina presente no col\u00e1geno de abalone tamb\u00e9m contribui para padr\u00f5es de sono saud\u00e1veis \u200b\u200be fun\u00e7\u00e3o cognitiva, tornando-o um suplemento completo para a vitalidade geral.<\/p>","protected":false},"excerpt":{"rendered":"<p><strong>Pept\u00eddeo de col\u00e1geno de abalone\u00a0<\/strong>\u00e9 um tipo de pept\u00eddeo de col\u00e1geno derivado do abalone, um tipo de caracol marinho altamente valorizado por seus usos culin\u00e1rios e medicinais. Pept\u00eddeos de col\u00e1geno s\u00e3o cadeias curtas de amino\u00e1cidos derivadas do col\u00e1geno, a principal prote\u00edna encontrada na pele, ossos e tecidos conjuntivos de animais, incluindo humanos.<\/p>","protected":false},"featured_media":879,"template":"","meta":{"_acf_changed":false},"product_brand":[],"product_cat":[41],"product_tag":[],"class_list":{"0":"post-878","1":"product","2":"type-product","3":"status-publish","4":"has-post-thumbnail","6":"product_cat-peptide","8":"first","9":"instock","10":"shipping-taxable","11":"product-type-simple"},"acf":[],"_links":{"self":[{"href":"https:\/\/wankonbiotech.com\/pt\/wp-json\/wp\/v2\/product\/878","targetHints":{"allow":["GET"]}}],"collection":[{"href":"https:\/\/wankonbiotech.com\/pt\/wp-json\/wp\/v2\/product"}],"about":[{"href":"https:\/\/wankonbiotech.com\/pt\/wp-json\/wp\/v2\/types\/product"}],"wp:featuredmedia":[{"embeddable":true,"href":"https:\/\/wankonbiotech.com\/pt\/wp-json\/wp\/v2\/media\/879"}],"wp:attachment":[{"href":"https:\/\/wankonbiotech.com\/pt\/wp-json\/wp\/v2\/media?parent=878"}],"wp:term":[{"taxonomy":"product_brand","embeddable":true,"href":"https:\/\/wankonbiotech.com\/pt\/wp-json\/wp\/v2\/product_brand?post=878"},{"taxonomy":"product_cat","embeddable":true,"href":"https:\/\/wankonbiotech.com\/pt\/wp-json\/wp\/v2\/product_cat?post=878"},{"taxonomy":"product_tag","embeddable":true,"href":"https:\/\/wankonbiotech.com\/pt\/wp-json\/wp\/v2\/product_tag?post=878"}],"curies":[{"name":"wp","href":"https:\/\/api.w.org\/{rel}","templated":true}]}}