{"id":874,"date":"2024-08-16T15:46:33","date_gmt":"2024-08-16T15:46:33","guid":{"rendered":"http:\/\/wankonbiotech.com\/?post_type=product&#038;p=874"},"modified":"2024-08-16T15:47:33","modified_gmt":"2024-08-16T15:47:33","slug":"avocado-fruit-powder","status":"publish","type":"product","link":"https:\/\/wankonbiotech.com\/pt\/produto\/po-de-abacate\/","title":{"rendered":"Fabricantes de p\u00f3 de abacate da China"},"content":{"rendered":"<table>\n<tbody>\n<tr>\n<td>\n<div><strong>Nome do item<\/strong><\/div>\n<\/td>\n<td>\n<div>P\u00f3 de Abacate<\/div>\n<\/td>\n<\/tr>\n<tr>\n<td>\n<div><strong>Amostra<\/strong><\/div>\n<\/td>\n<td>\n<div>Amostra gr\u00e1tis dispon\u00edvel<\/div>\n<\/td>\n<\/tr>\n<tr>\n<td>\n<div><strong>Certificado<\/strong><\/div>\n<\/td>\n<td>\n<div>Certificado org\u00e2nico ISO .EU e USDA<\/div>\n<\/td>\n<\/tr>\n<tr>\n<td>\n<div><strong>Tempo de amostra<\/strong><\/div>\n<\/td>\n<td>\n<div>Cerca de 2 a 5 dias<\/div>\n<\/td>\n<\/tr>\n<tr>\n<td>\n<div><strong>Envio<\/strong><\/div>\n<\/td>\n<td>\n<div>Suporte expresso, frete terrestre, frete mar\u00edtimo, frete a\u00e9reo.<\/div>\n<\/td>\n<\/tr>\n<\/tbody>\n<\/table>\n<h2><strong>Introdu\u00e7\u00e3o<\/strong><\/h2>\n<p><strong>P\u00f3 de abacate<\/strong>\u00a0\u00c9 uma forma concentrada de abacate desidratado e mo\u00eddo em p\u00f3 fino por meio de secagem por atomiza\u00e7\u00e3o ou liofiliza\u00e7\u00e3o. Ele ret\u00e9m o sabor natural e as propriedades nutricionais dos abacates frescos, tornando-se um ingrediente conveniente para uso em uma variedade de aplica\u00e7\u00f5es em alimentos e bebidas. O p\u00f3 de abacate pode ser usado para adicionar sabor, cremosidade e benef\u00edcios nutricionais a smoothies, molhos, temperos, pat\u00eas, assados \u200b\u200be muito mais. \u00c9 frequentemente promovido como uma maneira conveniente de incorporar as propriedades saud\u00e1veis \u200b\u200bdos abacates em produtos sem a necessidade de abacates frescos, al\u00e9m de oferecer maior prazo de validade e armazenamento mais f\u00e1cil.<\/p>\n<p><img fetchpriority=\"high\" decoding=\"async\" class=\"alignnone size-full wp-image-876\" src=\"http:\/\/wankonbiotech.com\/wp-content\/uploads\/2024\/08\/Avocado-Fruit-Powder.jpg\" alt=\"P\u00f3 de Abacate\" width=\"1024\" height=\"683\" title=\"\" srcset=\"https:\/\/wankonbiotech.com\/wp-content\/uploads\/2024\/08\/Avocado-Fruit-Powder.jpg 1024w, https:\/\/wankonbiotech.com\/wp-content\/uploads\/2024\/08\/Avocado-Fruit-Powder-300x200.jpg 300w, https:\/\/wankonbiotech.com\/wp-content\/uploads\/2024\/08\/Avocado-Fruit-Powder-768x512.jpg 768w, https:\/\/wankonbiotech.com\/wp-content\/uploads\/2024\/08\/Avocado-Fruit-Powder-600x400.jpg 600w\" sizes=\"(max-width: 1024px) 100vw, 1024px\" \/><\/p>\n<h2><strong>O que \u00e9 p\u00f3 de abacate?<\/strong><\/h2>\n<p><strong>P\u00f3 de Abacate<\/strong> \u00e9 feito de abacates maduros, cuidadosamente secos e mo\u00eddos at\u00e9 formar um p\u00f3 fino. O processo come\u00e7a com a sele\u00e7\u00e3o de abacates maduros de alta qualidade, que s\u00e3o ent\u00e3o desidratados para remover a umidade, preservando seu rico conte\u00fado nutricional. Uma vez secos, os abacates s\u00e3o mo\u00eddos at\u00e9 formar um p\u00f3 que ret\u00e9m a textura cremosa, o sabor suave e os benef\u00edcios nutricionais da fruta fresca. Este p\u00f3 \u00e9 org\u00e2nico, o que significa que \u00e9 livre de pesticidas, herbicidas e OGMs sint\u00e9ticos, tornando-se um suplemento puro e natural que pode ser facilmente incorporado a diversas rotinas alimentares.<\/p>\n<h2><strong>Benef\u00edcios nutricionais do p\u00f3 de abacate<\/strong><\/h2>\n<p><strong>P\u00f3 de Abacate<\/strong> \u00e9 uma pot\u00eancia nutricional, oferecendo uma rica fonte de gorduras monoinsaturadas saud\u00e1veis, particularmente \u00e1cido oleico, conhecido por auxiliar na sa\u00fade do cora\u00e7\u00e3o. Essas gorduras saud\u00e1veis \u200b\u200bajudam a reduzir os n\u00edveis de colesterol ruim (LDL) enquanto aumentam os n\u00edveis de colesterol bom (HDL), promovendo a sa\u00fade cardiovascular em geral. Al\u00e9m disso, o abacate \u00e9 uma boa fonte de fibras alimentares, que auxiliam na sa\u00fade digestiva, promovendo evacua\u00e7\u00f5es regulares e prevenindo a constipa\u00e7\u00e3o.<\/p>\n<p><img decoding=\"async\" class=\"alignnone wp-image-877 size-full\" src=\"http:\/\/wankonbiotech.com\/wp-content\/uploads\/2024\/08\/Avocado-Fruit-Powder1.jpg\" alt=\"P\u00f3 de Abacate\" width=\"1024\" height=\"536\" title=\"\" srcset=\"https:\/\/wankonbiotech.com\/wp-content\/uploads\/2024\/08\/Avocado-Fruit-Powder1.jpg 1024w, https:\/\/wankonbiotech.com\/wp-content\/uploads\/2024\/08\/Avocado-Fruit-Powder1-300x157.jpg 300w, https:\/\/wankonbiotech.com\/wp-content\/uploads\/2024\/08\/Avocado-Fruit-Powder1-768x402.jpg 768w, https:\/\/wankonbiotech.com\/wp-content\/uploads\/2024\/08\/Avocado-Fruit-Powder1-600x314.jpg 600w\" sizes=\"(max-width: 1024px) 100vw, 1024px\" \/><\/p>\n<p>O p\u00f3 tamb\u00e9m \u00e9 rico em vitaminas e minerais essenciais, incluindo vitaminas E, K e C, al\u00e9m de pot\u00e1ssio, magn\u00e9sio e \u00e1cido f\u00f3lico. A vitamina E \u00e9 um poderoso antioxidante que protege as c\u00e9lulas dos danos oxidativos, enquanto a vitamina K desempenha um papel crucial na sa\u00fade \u00f3ssea e na coagula\u00e7\u00e3o sangu\u00ednea. A vitamina C auxilia na fun\u00e7\u00e3o imunol\u00f3gica e na sa\u00fade da pele, e o pot\u00e1ssio presente no abacate ajuda a regular a press\u00e3o arterial e a manter o equil\u00edbrio de fluidos no corpo. A presen\u00e7a de \u00e1cido f\u00f3lico \u00e9 particularmente ben\u00e9fica para gestantes, pois auxilia no desenvolvimento saud\u00e1vel do feto.<\/p>","protected":false},"excerpt":{"rendered":"<p><strong>P\u00f3 de Abacate<\/strong> \u00e9 feito de abacates maduros, cuidadosamente secos e mo\u00eddos at\u00e9 formar um p\u00f3 fino. O processo come\u00e7a com a sele\u00e7\u00e3o de abacates maduros de alta qualidade, que s\u00e3o ent\u00e3o desidratados para remover a umidade, preservando seu rico conte\u00fado nutricional.<\/p>","protected":false},"featured_media":875,"template":"","meta":{"_acf_changed":false},"product_brand":[],"product_cat":[37],"product_tag":[],"class_list":{"0":"post-874","1":"product","2":"type-product","3":"status-publish","4":"has-post-thumbnail","6":"product_cat-organic-fruit-and-vegetable-powder","8":"first","9":"instock","10":"shipping-taxable","11":"product-type-simple"},"acf":[],"_links":{"self":[{"href":"https:\/\/wankonbiotech.com\/pt\/wp-json\/wp\/v2\/product\/874","targetHints":{"allow":["GET"]}}],"collection":[{"href":"https:\/\/wankonbiotech.com\/pt\/wp-json\/wp\/v2\/product"}],"about":[{"href":"https:\/\/wankonbiotech.com\/pt\/wp-json\/wp\/v2\/types\/product"}],"wp:featuredmedia":[{"embeddable":true,"href":"https:\/\/wankonbiotech.com\/pt\/wp-json\/wp\/v2\/media\/875"}],"wp:attachment":[{"href":"https:\/\/wankonbiotech.com\/pt\/wp-json\/wp\/v2\/media?parent=874"}],"wp:term":[{"taxonomy":"product_brand","embeddable":true,"href":"https:\/\/wankonbiotech.com\/pt\/wp-json\/wp\/v2\/product_brand?post=874"},{"taxonomy":"product_cat","embeddable":true,"href":"https:\/\/wankonbiotech.com\/pt\/wp-json\/wp\/v2\/product_cat?post=874"},{"taxonomy":"product_tag","embeddable":true,"href":"https:\/\/wankonbiotech.com\/pt\/wp-json\/wp\/v2\/product_tag?post=874"}],"curies":[{"name":"wp","href":"https:\/\/api.w.org\/{rel}","templated":true}]}}