{"id":854,"date":"2024-08-14T16:19:00","date_gmt":"2024-08-14T16:19:00","guid":{"rendered":"http:\/\/wankonbiotech.com\/?post_type=product&#038;p=854"},"modified":"2024-08-14T16:19:00","modified_gmt":"2024-08-14T16:19:00","slug":"high-quality-bilberry-extract-powder-manufacturers","status":"publish","type":"product","link":"https:\/\/wankonbiotech.com\/pt\/produto\/fabricantes-de-extrato-de-mirtilo-em-po-de-alta-qualidade\/","title":{"rendered":"Fabricantes de extrato de mirtilo em p\u00f3 de alta qualidade"},"content":{"rendered":"<table>\n<tbody>\n<tr>\n<td>\n<div><strong>Nome do produto<\/strong><\/div>\n<\/td>\n<td>Fabricantes de extrato de mirtilo em p\u00f3 de alta qualidade<\/td>\n<\/tr>\n<tr>\n<td>\n<div><strong>Apar\u00eancia<\/strong><\/div>\n<\/td>\n<td>\n<div>p\u00f3 fino roxo<\/div>\n<\/td>\n<\/tr>\n<tr>\n<td>\n<div><strong>prazo de validade<\/strong><\/div>\n<\/td>\n<td>\n<div>24 meses<\/div>\n<\/td>\n<\/tr>\n<\/tbody>\n<\/table>\n<h2><strong>Introdu\u00e7\u00e3o<\/strong><\/h2>\n<p>\u00c0 medida que cresce a procura por suplementos naturais e ricos em nutrientes, <strong>Extrato de mirtilo em p\u00f3<\/strong> Ganhou popularidade por seus poderosos benef\u00edcios \u00e0 sa\u00fade. Conhecido por seu alto teor de antioxidantes, especialmente antocianinas, o extrato de mirtilo \u00e9 amplamente reconhecido por auxiliar na vis\u00e3o, na sa\u00fade cardiovascular e no bem-estar geral.<\/p>\n<p><img fetchpriority=\"high\" decoding=\"async\" class=\"aligncenter wp-image-857 size-full\" src=\"http:\/\/wankonbiotech.com\/wp-content\/uploads\/2024\/08\/Bilberry-Extract-Powder1.jpg\" alt=\"Extrato de mirtilo em p\u00f3\" width=\"474\" height=\"355\" title=\"\" srcset=\"https:\/\/wankonbiotech.com\/wp-content\/uploads\/2024\/08\/Bilberry-Extract-Powder1.jpg 474w, https:\/\/wankonbiotech.com\/wp-content\/uploads\/2024\/08\/Bilberry-Extract-Powder1-300x225.jpg 300w\" sizes=\"(max-width: 474px) 100vw, 474px\" \/><\/p>\n<p>Seja voc\u00ea um atleta que busca melhorar seu desempenho, um indiv\u00edduo preocupado com a sa\u00fade que busca aumentar sua ingest\u00e3o de antioxidantes ou algu\u00e9m que busca apoiar a sa\u00fade dos olhos, <strong>Extrato de mirtilo em p\u00f3<\/strong> oferece uma solu\u00e7\u00e3o conveniente e eficaz.<\/p>\n<h2><strong>O que \u00e9 extrato de mirtilo em p\u00f3?<\/strong><\/h2>\n<p><strong>Extrato de mirtilo em p\u00f3<\/strong> \u00e9 derivado das pequenas bagas azul-escuras da planta do mirtilo, um parente pr\u00f3ximo do mirtilo. As bagas s\u00e3o colhidas, secas e finamente mo\u00eddas at\u00e9 formar um p\u00f3 que ret\u00e9m a cor p\u00farpura intensa e o potente perfil nutricional da fruta fresca. Este p\u00f3 \u00e9 particularmente rico em antocianinas, um tipo de antioxidante que confere aos mirtilos sua cor caracter\u00edstica e in\u00fameros benef\u00edcios \u00e0 sa\u00fade. <strong>Extrato de mirtilo em p\u00f3<\/strong> \u00e9 org\u00e2nico, o que garante que ele n\u00e3o cont\u00e9m pesticidas, herbicidas e OGMs sint\u00e9ticos, o que o torna um suplemento puro e natural que pode ser facilmente incorporado a uma variedade de rotinas alimentares.<\/p>\n<h2><strong>Benef\u00edcios nutricionais do extrato de mirtilo em p\u00f3<\/strong><\/h2>\n<p><strong>Extrato de mirtilo em p\u00f3<\/strong> \u00c9 repleto de nutrientes essenciais e antioxidantes que contribuem para a sa\u00fade e o bem-estar geral. Os mais not\u00e1veis \u200b\u200bs\u00e3o as antocianinas, poderosos antioxidantes conhecidos por seu papel na prote\u00e7\u00e3o das c\u00e9lulas contra o estresse oxidativo, na redu\u00e7\u00e3o da inflama\u00e7\u00e3o e no apoio \u00e0 sa\u00fade cardiovascular. Esses compostos tamb\u00e9m s\u00e3o ben\u00e9ficos para a sa\u00fade ocular, pois ajudam a fortalecer os capilares oculares e a melhorar a circula\u00e7\u00e3o na retina.<\/p>\n<p><img decoding=\"async\" class=\"alignnone wp-image-856 size-full\" src=\"http:\/\/wankonbiotech.com\/wp-content\/uploads\/2024\/08\/Bilberry-Extract-Powder.jpg\" alt=\"P\u00f3 de Frutas Org\u00e2nicas\" width=\"1000\" height=\"600\" title=\"\" srcset=\"https:\/\/wankonbiotech.com\/wp-content\/uploads\/2024\/08\/Bilberry-Extract-Powder.jpg 1000w, https:\/\/wankonbiotech.com\/wp-content\/uploads\/2024\/08\/Bilberry-Extract-Powder-300x180.jpg 300w, https:\/\/wankonbiotech.com\/wp-content\/uploads\/2024\/08\/Bilberry-Extract-Powder-768x461.jpg 768w, https:\/\/wankonbiotech.com\/wp-content\/uploads\/2024\/08\/Bilberry-Extract-Powder-600x360.jpg 600w\" sizes=\"(max-width: 1000px) 100vw, 1000px\" \/><\/p>\n<p>Al\u00e9m das antocianinas, <strong>Extrato de mirtilo em p\u00f3<\/strong> Cont\u00e9m vitaminas C e E, vitais para a fun\u00e7\u00e3o imunol\u00f3gica, a sa\u00fade da pele e a prote\u00e7\u00e3o celular em geral. O p\u00f3 tamb\u00e9m fornece fibras alimentares, que auxiliam na digest\u00e3o e contribuem para a sa\u00fade do microbioma intestinal. Al\u00e9m disso, os mirtilos s\u00e3o uma fonte de flavonoides, outro grupo de antioxidantes que oferece benef\u00edcios protetores adicionais contra doen\u00e7as cr\u00f4nicas.<\/p>\n<h2><strong>Benef\u00edcios para a sa\u00fade do extrato em p\u00f3 de mirtilo<\/strong><\/h2>\n<p>Os benef\u00edcios para a sa\u00fade de <strong>Extrato de mirtilo em p\u00f3<\/strong> s\u00e3o extensas e bem documentadas. Um dos benef\u00edcios mais reconhecidos \u00e9 a sua capacidade de promover a sa\u00fade ocular. As antocianinas presentes nos mirtilos demonstraram melhorar a vis\u00e3o noturna, reduzir a fadiga ocular e proteger contra doen\u00e7as como degenera\u00e7\u00e3o macular e catarata. Isso torna <strong>Extrato de mirtilo em p\u00f3<\/strong> um excelente suplemento para indiv\u00edduos que passam longas horas em frente \u00e0s telas ou t\u00eam hist\u00f3rico familiar de problemas oculares.<\/p>\n<p><strong>Extrato de mirtilo em p\u00f3<\/strong> tamb\u00e9m \u00e9 ben\u00e9fico para a sa\u00fade cardiovascular. Os antioxidantes presentes nos mirtilos ajudam a reduzir os n\u00edveis de colesterol ruim (LDL), reduzir a press\u00e3o arterial e melhorar a fun\u00e7\u00e3o dos vasos sangu\u00edneos, o que pode diminuir o risco de doen\u00e7as card\u00edacas. Al\u00e9m disso, as propriedades anti-inflamat\u00f3rias do extrato de mirtilo contribuem para a sa\u00fade card\u00edaca em geral, reduzindo a inflama\u00e7\u00e3o nas art\u00e9rias e prevenindo danos oxidativos ao sistema cardiovascular.<\/p>\n<p>Para aqueles que buscam apoiar o bem-estar geral, <strong>Extrato de mirtilo em p\u00f3<\/strong> Oferece um poderoso refor\u00e7o ao sistema imunol\u00f3gico. A combina\u00e7\u00e3o de vitaminas, antioxidantes e flavonoides ajuda a proteger o corpo contra infec\u00e7\u00f5es, reduzir inflama\u00e7\u00f5es e promover um envelhecimento saud\u00e1vel. O teor de fibras do p\u00f3 tamb\u00e9m contribui para a sa\u00fade digestiva, promovendo movimentos intestinais regulares e prevenindo a constipa\u00e7\u00e3o.<\/p>\n<h2><strong>Aplica\u00e7\u00f5es do p\u00f3 de extrato de mirtilo na ind\u00fastria de alimentos e bebidas<\/strong><\/h2>\n<p><strong>Extrato de mirtilo em p\u00f3<\/strong> \u00c9 incrivelmente vers\u00e1til e pode ser incorporado a uma ampla variedade de alimentos e bebidas. Seu sabor rico e levemente \u00e1cido o torna um ingrediente ideal para smoothies, sucos e shots de bem-estar. Tamb\u00e9m pode ser adicionado a produtos assados, como muffins, bolos e barras energ\u00e9ticas, para real\u00e7ar seu sabor e conte\u00fado nutricional.<\/p>\n<p>No crescente mercado de alimentos e suplementos funcionais, <strong>Extrato de mirtilo em p\u00f3<\/strong> est\u00e1 sendo cada vez mais utilizado em suplementos alimentares, bebidas saud\u00e1veis \u200b\u200be at\u00e9 mesmo como corante natural devido \u00e0 sua vibrante tonalidade roxa. Seu perfil nutricional natural o torna um ingrediente valioso para fabricantes de alimentos que buscam atender \u00e0 demanda por produtos org\u00e2nicos, com alto teor de antioxidantes e r\u00f3tulos limpos. Al\u00e9m disso, <strong>Extrato de mirtilo em p\u00f3<\/strong> pode ser usado em combina\u00e7\u00e3o com outros superalimentos para criar misturas antioxidantes potentes que promovem a sa\u00fade e o bem-estar geral.<\/p>","protected":false},"excerpt":{"rendered":"<p><strong>Extrato de mirtilo em p\u00f3<\/strong> \u00c9 incrivelmente vers\u00e1til e pode ser incorporado a uma ampla variedade de alimentos e bebidas. Seu sabor rico e levemente \u00e1cido o torna um ingrediente ideal para smoothies, sucos e shots de bem-estar. Tamb\u00e9m pode ser adicionado a produtos assados, como muffins, bolos e barras energ\u00e9ticas, para real\u00e7ar seu sabor e conte\u00fado nutricional.<\/p>","protected":false},"featured_media":855,"template":"","meta":{"_acf_changed":false},"product_brand":[],"product_cat":[37],"product_tag":[],"class_list":{"0":"post-854","1":"product","2":"type-product","3":"status-publish","4":"has-post-thumbnail","6":"product_cat-organic-fruit-and-vegetable-powder","8":"first","9":"instock","10":"shipping-taxable","11":"product-type-simple"},"acf":[],"_links":{"self":[{"href":"https:\/\/wankonbiotech.com\/pt\/wp-json\/wp\/v2\/product\/854","targetHints":{"allow":["GET"]}}],"collection":[{"href":"https:\/\/wankonbiotech.com\/pt\/wp-json\/wp\/v2\/product"}],"about":[{"href":"https:\/\/wankonbiotech.com\/pt\/wp-json\/wp\/v2\/types\/product"}],"wp:featuredmedia":[{"embeddable":true,"href":"https:\/\/wankonbiotech.com\/pt\/wp-json\/wp\/v2\/media\/855"}],"wp:attachment":[{"href":"https:\/\/wankonbiotech.com\/pt\/wp-json\/wp\/v2\/media?parent=854"}],"wp:term":[{"taxonomy":"product_brand","embeddable":true,"href":"https:\/\/wankonbiotech.com\/pt\/wp-json\/wp\/v2\/product_brand?post=854"},{"taxonomy":"product_cat","embeddable":true,"href":"https:\/\/wankonbiotech.com\/pt\/wp-json\/wp\/v2\/product_cat?post=854"},{"taxonomy":"product_tag","embeddable":true,"href":"https:\/\/wankonbiotech.com\/pt\/wp-json\/wp\/v2\/product_tag?post=854"}],"curies":[{"name":"wp","href":"https:\/\/api.w.org\/{rel}","templated":true}]}}