{"id":850,"date":"2024-08-14T16:00:24","date_gmt":"2024-08-14T16:00:24","guid":{"rendered":"http:\/\/wankonbiotech.com\/?post_type=product&#038;p=850"},"modified":"2024-08-14T16:00:24","modified_gmt":"2024-08-14T16:00:24","slug":"cranberry-extract-powder","status":"publish","type":"product","link":"https:\/\/wankonbiotech.com\/pt\/produto\/extrato-de-cranberry-em-po\/","title":{"rendered":"Extrato de cranberry em p\u00f3 de alta qualidade"},"content":{"rendered":"<table>\n<tbody>\n<tr>\n<td width=\"497\"><strong>Nome latino<\/strong><\/td>\n<td width=\"497\">\u00a0Vaccinium Macrocarpon L<\/td>\n<\/tr>\n<tr>\n<td width=\"497\"><strong>Extrair solvente<\/strong><\/td>\n<td width=\"497\">\u00a0\u00c1gua<\/td>\n<\/tr>\n<tr>\n<td width=\"497\"><strong>Apar\u00eancia<\/strong><\/td>\n<td width=\"497\">P\u00f3 fino vermelho-p\u00farpura profundo<\/td>\n<\/tr>\n<\/tbody>\n<\/table>\n<h2><strong>Introdu\u00e7\u00e3o<\/strong><\/h2>\n<p>No mundo dos p\u00f3s de frutas org\u00e2nicas, <strong>Extrato de cranberry em p\u00f3<\/strong> destaca-se como um suplemento potente, repleto de antioxidantes e propriedades promotoras da sa\u00fade. Derivado do cranberry, uma fruta conhecida por sua cor vermelha vibrante e sabor \u00e1cido, este p\u00f3 oferece uma maneira conveniente de incorporar os in\u00fameros benef\u00edcios do cranberry \u00e0 sua rotina di\u00e1ria. Seja para melhorar a sa\u00fade do trato urin\u00e1rio, fortalecer o sistema imunol\u00f3gico ou simplesmente adicionar um elemento nutritivo \u00e0 sua dieta, <strong>Extrato de cranberry em p\u00f3<\/strong> \u00e9 uma escolha vers\u00e1til e eficaz. Este artigo explora os benef\u00edcios, aplica\u00e7\u00f5es e raz\u00f5es pelas quais <strong>Extrato de cranberry em p\u00f3<\/strong> est\u00e1 se tornando um produto b\u00e1sico na categoria de p\u00f3s org\u00e2nicos para frutas e vegetais.<\/p>\n<p><img fetchpriority=\"high\" decoding=\"async\" class=\"alignnone size-full wp-image-852\" src=\"http:\/\/wankonbiotech.com\/wp-content\/uploads\/2024\/08\/Cranberry-Extract-Powder.webp\" alt=\"Extrato de cranberry em p\u00f3\" width=\"1040\" height=\"652\" title=\"\" srcset=\"https:\/\/wankonbiotech.com\/wp-content\/uploads\/2024\/08\/Cranberry-Extract-Powder.webp 1040w, https:\/\/wankonbiotech.com\/wp-content\/uploads\/2024\/08\/Cranberry-Extract-Powder-300x188.webp 300w, https:\/\/wankonbiotech.com\/wp-content\/uploads\/2024\/08\/Cranberry-Extract-Powder-1024x642.webp 1024w, https:\/\/wankonbiotech.com\/wp-content\/uploads\/2024\/08\/Cranberry-Extract-Powder-768x481.webp 768w, https:\/\/wankonbiotech.com\/wp-content\/uploads\/2024\/08\/Cranberry-Extract-Powder-600x376.webp 600w\" sizes=\"(max-width: 1040px) 100vw, 1040px\" \/><\/p>\n<h2><strong>O que \u00e9 extrato de cranberry em p\u00f3?<\/strong><\/h2>\n<p><strong>Extrato de cranberry em p\u00f3<\/strong> \u00e9 feito de cranberries secas finamente mo\u00eddas at\u00e9 virarem p\u00f3. O processo come\u00e7a com a colheita de cranberries frescas, que s\u00e3o ent\u00e3o secas para remover a umidade, preservando seu rico conte\u00fado nutricional. Uma vez secas, as cranberries s\u00e3o mo\u00eddas at\u00e9 virarem um p\u00f3 fino que ret\u00e9m a cor vibrante e o sabor \u00e1cido caracter\u00edsticos da fruta. Este p\u00f3 \u00e9 org\u00e2nico, o que garante que seja livre de pesticidas, herbicidas e OGMs sint\u00e9ticos, tornando-se um suplemento puro e natural. <strong>Extrato de cranberry em p\u00f3<\/strong> \u00e9 rico em vitaminas, minerais e compostos bioativos que contribuem para a sa\u00fade e o bem-estar geral.<\/p>\n<h2><strong>Benef\u00edcios nutricionais do extrato de cranberry em p\u00f3<\/strong><\/h2>\n<p><strong>Extrato de cranberry em p\u00f3<\/strong> \u00e9 um suplemento rico em nutrientes, oferecendo uma rica fonte de vitaminas C, E e K. A vitamina C \u00e9 um poderoso antioxidante que auxilia na fun\u00e7\u00e3o imunol\u00f3gica, na sa\u00fade da pele e na cicatriza\u00e7\u00e3o de feridas. A vitamina E atua como um antioxidante que ajuda a proteger as c\u00e9lulas contra danos oxidativos, enquanto a vitamina K desempenha um papel crucial na sa\u00fade \u00f3ssea e na coagula\u00e7\u00e3o sangu\u00ednea.<\/p>\n<p>Uma das caracter\u00edsticas de destaque do <strong>Extrato de cranberry em p\u00f3<\/strong> \u00e9 seu alto teor de antioxidantes, particularmente proantocianidinas. Esses antioxidantes ajudam a combater o estresse oxidativo, reduzir a inflama\u00e7\u00e3o e proteger o corpo de doen\u00e7as cr\u00f4nicas. Os cranberries tamb\u00e9m s\u00e3o conhecidos por sua capacidade de promover a sa\u00fade do trato urin\u00e1rio devido \u00e0 presen\u00e7a de compostos que impedem a ades\u00e3o de bact\u00e9rias \u00e0s paredes do trato urin\u00e1rio.<\/p>\n<p><img decoding=\"async\" class=\"alignnone size-full wp-image-853\" src=\"http:\/\/wankonbiotech.com\/wp-content\/uploads\/2024\/08\/Cranberry-Extract-Powder1.jpg\" alt=\"Extrato de cranberry em p\u00f3\" width=\"1600\" height=\"1200\" title=\"\" srcset=\"https:\/\/wankonbiotech.com\/wp-content\/uploads\/2024\/08\/Cranberry-Extract-Powder1.jpg 1600w, https:\/\/wankonbiotech.com\/wp-content\/uploads\/2024\/08\/Cranberry-Extract-Powder1-300x225.jpg 300w, https:\/\/wankonbiotech.com\/wp-content\/uploads\/2024\/08\/Cranberry-Extract-Powder1-1024x768.jpg 1024w, https:\/\/wankonbiotech.com\/wp-content\/uploads\/2024\/08\/Cranberry-Extract-Powder1-768x576.jpg 768w, https:\/\/wankonbiotech.com\/wp-content\/uploads\/2024\/08\/Cranberry-Extract-Powder1-1536x1152.jpg 1536w, https:\/\/wankonbiotech.com\/wp-content\/uploads\/2024\/08\/Cranberry-Extract-Powder1-600x450.jpg 600w\" sizes=\"(max-width: 1600px) 100vw, 1600px\" \/><\/p>\n<p>Al\u00e9m do seu conte\u00fado antioxidante, <strong>Extrato de cranberry em p\u00f3<\/strong> \u00e9 uma boa fonte de fibra alimentar, que contribui para a sa\u00fade digestiva, promovendo movimentos intestinais regulares e prevenindo a constipa\u00e7\u00e3o. Os compostos naturais encontrados nos cranberries, incluindo flavonoides e \u00e1cidos fen\u00f3licos, aprimoram ainda mais o perfil nutricional deste poderoso suplemento.<\/p>","protected":false},"excerpt":{"rendered":"<p><strong>Extrato de cranberry em p\u00f3<\/strong> \u00e9 um suplemento rico em nutrientes, oferecendo uma rica fonte de vitaminas C, E e K. A vitamina C \u00e9 um poderoso antioxidante que auxilia na fun\u00e7\u00e3o imunol\u00f3gica, na sa\u00fade da pele e na cicatriza\u00e7\u00e3o de feridas. A vitamina E atua como um antioxidante que ajuda a proteger as c\u00e9lulas contra danos oxidativos, enquanto a vitamina K desempenha um papel crucial na sa\u00fade \u00f3ssea e na coagula\u00e7\u00e3o sangu\u00ednea.<\/p>","protected":false},"featured_media":851,"template":"","meta":{"_acf_changed":false},"product_brand":[],"product_cat":[37],"product_tag":[],"class_list":{"0":"post-850","1":"product","2":"type-product","3":"status-publish","4":"has-post-thumbnail","6":"product_cat-organic-fruit-and-vegetable-powder","8":"first","9":"instock","10":"shipping-taxable","11":"product-type-simple"},"acf":[],"_links":{"self":[{"href":"https:\/\/wankonbiotech.com\/pt\/wp-json\/wp\/v2\/product\/850","targetHints":{"allow":["GET"]}}],"collection":[{"href":"https:\/\/wankonbiotech.com\/pt\/wp-json\/wp\/v2\/product"}],"about":[{"href":"https:\/\/wankonbiotech.com\/pt\/wp-json\/wp\/v2\/types\/product"}],"wp:featuredmedia":[{"embeddable":true,"href":"https:\/\/wankonbiotech.com\/pt\/wp-json\/wp\/v2\/media\/851"}],"wp:attachment":[{"href":"https:\/\/wankonbiotech.com\/pt\/wp-json\/wp\/v2\/media?parent=850"}],"wp:term":[{"taxonomy":"product_brand","embeddable":true,"href":"https:\/\/wankonbiotech.com\/pt\/wp-json\/wp\/v2\/product_brand?post=850"},{"taxonomy":"product_cat","embeddable":true,"href":"https:\/\/wankonbiotech.com\/pt\/wp-json\/wp\/v2\/product_cat?post=850"},{"taxonomy":"product_tag","embeddable":true,"href":"https:\/\/wankonbiotech.com\/pt\/wp-json\/wp\/v2\/product_tag?post=850"}],"curies":[{"name":"wp","href":"https:\/\/api.w.org\/{rel}","templated":true}]}}