{"id":784,"date":"2024-08-12T14:10:42","date_gmt":"2024-08-12T14:10:42","guid":{"rendered":"http:\/\/wankonbiotech.com\/?post_type=product&#038;p=784"},"modified":"2024-08-12T14:12:55","modified_gmt":"2024-08-12T14:12:55","slug":"kale-extract-powder","status":"publish","type":"product","link":"https:\/\/wankonbiotech.com\/pt\/produto\/extrato-de-couve-em-po\/","title":{"rendered":"P\u00f3 de extrato de couve org\u00e2nico puro de alta qualidade, suplemento de ervas em p\u00f3 de couve 10:1 20:1, p\u00f3 de extrato de couve"},"content":{"rendered":"<table>\n<tbody>\n<tr style=\"height: 24px;\">\n<td style=\"height: 24px;\" colspan=\"1\" rowspan=\"1\">\n<div data-spm-anchor-id=\"a2700.details.0.i36.43f72463zzVohM\"><strong>Nome do produto<\/strong><\/div>\n<\/td>\n<td style=\"height: 24px;\" colspan=\"1\" rowspan=\"1\">\n<div data-spm-anchor-id=\"a2700.details.0.i38.43f72463zzVohM\">P\u00f3 de couve<\/div>\n<\/td>\n<\/tr>\n<tr style=\"height: 24px;\">\n<td style=\"height: 24px;\" colspan=\"1\" rowspan=\"1\">\n<div><strong>Apar\u00eancia<\/strong><\/div>\n<\/td>\n<td style=\"height: 24px;\" colspan=\"1\" rowspan=\"1\">\n<div data-spm-anchor-id=\"a2700.details.0.i37.43f72463zzVohM\">P\u00f3 verde<\/div>\n<\/td>\n<\/tr>\n<tr style=\"height: 24px;\">\n<td style=\"height: 24px;\" colspan=\"1\" rowspan=\"1\">\n<div><strong>Especifica\u00e7\u00e3o<\/strong><\/div>\n<\/td>\n<td style=\"height: 24px;\" colspan=\"1\" rowspan=\"1\">\n<div>suco de couve em p\u00f3 puro<\/div>\n<\/td>\n<\/tr>\n<tr style=\"height: 24px;\">\n<td style=\"height: 24px;\" colspan=\"1\" rowspan=\"1\">\n<div><strong>Armazenar<\/strong><\/div>\n<\/td>\n<td style=\"height: 24px;\" colspan=\"1\" rowspan=\"1\">\n<div>Mantenha em local fresco, seco e escuro, em um recipiente ou cilindro bem fechado.<\/div>\n<\/td>\n<\/tr>\n<\/tbody>\n<\/table>\n<h2><strong>Introdu\u00e7\u00e3o<\/strong><\/h2>\n<p>No reino dos superalimentos org\u00e2nicos, <strong>Extrato de couve em p\u00f3<\/strong> Destaca-se como um suplemento poderoso e rico em nutrientes. A couve, frequentemente aclamada como um superalimento, \u00e9 rica em vitaminas, minerais e antioxidantes que contribuem para a sa\u00fade e o bem-estar geral. Ao converter esta folha verde em um p\u00f3 pr\u00e1tico, <strong>Extrato de couve em p\u00f3<\/strong> torna mais f\u00e1cil do que nunca incorporar esses benef\u00edcios \u00e0 sa\u00fade em sua dieta di\u00e1ria.<\/p>\n<p><img fetchpriority=\"high\" decoding=\"async\" class=\"alignnone size-full wp-image-786\" src=\"http:\/\/wankonbiotech.com\/wp-content\/uploads\/2024\/08\/Kale-Extract-Powder.jpg\" alt=\"Extrato de couve em p\u00f3\" width=\"1404\" height=\"672\" title=\"\" srcset=\"https:\/\/wankonbiotech.com\/wp-content\/uploads\/2024\/08\/Kale-Extract-Powder.jpg 1404w, https:\/\/wankonbiotech.com\/wp-content\/uploads\/2024\/08\/Kale-Extract-Powder-300x144.jpg 300w, https:\/\/wankonbiotech.com\/wp-content\/uploads\/2024\/08\/Kale-Extract-Powder-1024x490.jpg 1024w, https:\/\/wankonbiotech.com\/wp-content\/uploads\/2024\/08\/Kale-Extract-Powder-768x368.jpg 768w, https:\/\/wankonbiotech.com\/wp-content\/uploads\/2024\/08\/Kale-Extract-Powder-600x287.jpg 600w\" sizes=\"(max-width: 1404px) 100vw, 1404px\" \/><\/p>\n<h2><strong>O que \u00e9 extrato de couve em p\u00f3?<\/strong><\/h2>\n<p><strong>Extrato de couve em p\u00f3<\/strong> \u00e9 feito de folhas de couve desidratadas e finamente mo\u00eddas, um dos vegetais mais ricos em nutrientes dispon\u00edveis. A couve faz parte da fam\u00edlia das cruc\u00edferas, que inclui br\u00f3colis, couve-flor e couve-de-bruxelas. Para criar o p\u00f3, folhas frescas de couve s\u00e3o colhidas, lavadas e secas delicadamente em baixas temperaturas para preservar seu conte\u00fado nutricional. As folhas secas s\u00e3o ent\u00e3o mo\u00eddas em um p\u00f3 fino, que ret\u00e9m a cor verde vibrante e o perfil nutricional da couve fresca. Este p\u00f3 \u00e9 org\u00e2nico, o que significa que \u00e9 livre de pesticidas, herbicidas e OGMs sint\u00e9ticos, tornando-se um suplemento limpo e natural.<\/p>\n<h2><strong>Benef\u00edcios nutricionais do extrato de couve em p\u00f3<\/strong><\/h2>\n<p><strong>Extrato de couve em p\u00f3<\/strong> \u00c9 uma pot\u00eancia nutricional, oferecendo uma rica fonte de vitaminas, minerais e antioxidantes essenciais. \u00c9 particularmente rica em vitaminas A, C e K. A vitamina A contribui para a sa\u00fade dos olhos e a fun\u00e7\u00e3o imunol\u00f3gica, enquanto a vitamina C \u00e9 crucial para a produ\u00e7\u00e3o de col\u00e1geno, a sa\u00fade da pele e a defesa imunol\u00f3gica. A vitamina K desempenha um papel fundamental na sa\u00fade \u00f3ssea e na coagula\u00e7\u00e3o sangu\u00ednea. Al\u00e9m disso, a couve \u00e9 uma boa fonte de minerais como c\u00e1lcio, pot\u00e1ssio e magn\u00e9sio, vitais para a for\u00e7a \u00f3ssea, a sa\u00fade card\u00edaca e a fun\u00e7\u00e3o muscular.<\/p>\n<p><img decoding=\"async\" class=\"alignnone size-full wp-image-787\" src=\"http:\/\/wankonbiotech.com\/wp-content\/uploads\/2024\/08\/Kale-Extract-Powder1.jpg\" alt=\"Extrato de couve em p\u00f3\" width=\"2500\" height=\"1667\" title=\"\" srcset=\"https:\/\/wankonbiotech.com\/wp-content\/uploads\/2024\/08\/Kale-Extract-Powder1.jpg 2500w, https:\/\/wankonbiotech.com\/wp-content\/uploads\/2024\/08\/Kale-Extract-Powder1-300x200.jpg 300w, https:\/\/wankonbiotech.com\/wp-content\/uploads\/2024\/08\/Kale-Extract-Powder1-1024x683.jpg 1024w, https:\/\/wankonbiotech.com\/wp-content\/uploads\/2024\/08\/Kale-Extract-Powder1-768x512.jpg 768w, https:\/\/wankonbiotech.com\/wp-content\/uploads\/2024\/08\/Kale-Extract-Powder1-1536x1024.jpg 1536w, https:\/\/wankonbiotech.com\/wp-content\/uploads\/2024\/08\/Kale-Extract-Powder1-2048x1366.jpg 2048w, https:\/\/wankonbiotech.com\/wp-content\/uploads\/2024\/08\/Kale-Extract-Powder1-600x400.jpg 600w\" sizes=\"(max-width: 2500px) 100vw, 2500px\" \/><\/p>\n<p>Uma das caracter\u00edsticas de destaque do <strong>Extrato de couve em p\u00f3<\/strong> \u00e9 seu alto teor de antioxidantes, incluindo compostos como quercetina e kaempferol. Esses antioxidantes ajudam a combater o estresse oxidativo, reduzir a inflama\u00e7\u00e3o e proteger o corpo de doen\u00e7as cr\u00f4nicas. A couve tamb\u00e9m \u00e9 rica em fibras, que auxiliam na sa\u00fade digestiva, promovendo movimentos intestinais regulares e prevenindo a constipa\u00e7\u00e3o. Al\u00e9m disso, <strong>Extrato de couve em p\u00f3<\/strong> \u00e9 baixo em calorias, mas rico em \u00e1gua, o que o torna um suplemento ideal para controle de peso e sa\u00fade geral.<\/p>","protected":false},"excerpt":{"rendered":"<p>Seja voc\u00ea um atleta, um consumidor preocupado com a sa\u00fade ou simplesmente procurando aumentar sua ingest\u00e3o nutricional, <strong>Extrato de couve em p\u00f3<\/strong> oferece uma maneira simples, por\u00e9m poderosa, de melhorar seu bem-estar geral. Este artigo explora as vantagens, usos e raz\u00f5es pelas quais <strong>Extrato de couve em p\u00f3<\/strong> est\u00e1 se tornando uma parte essencial da categoria de p\u00f3s org\u00e2nicos para frutas e vegetais.<\/p>","protected":false},"featured_media":785,"template":"","meta":{"_acf_changed":false},"product_brand":[],"product_cat":[37],"product_tag":[],"class_list":{"0":"post-784","1":"product","2":"type-product","3":"status-publish","4":"has-post-thumbnail","6":"product_cat-organic-fruit-and-vegetable-powder","8":"first","9":"instock","10":"shipping-taxable","11":"product-type-simple"},"acf":[],"_links":{"self":[{"href":"https:\/\/wankonbiotech.com\/pt\/wp-json\/wp\/v2\/product\/784","targetHints":{"allow":["GET"]}}],"collection":[{"href":"https:\/\/wankonbiotech.com\/pt\/wp-json\/wp\/v2\/product"}],"about":[{"href":"https:\/\/wankonbiotech.com\/pt\/wp-json\/wp\/v2\/types\/product"}],"wp:featuredmedia":[{"embeddable":true,"href":"https:\/\/wankonbiotech.com\/pt\/wp-json\/wp\/v2\/media\/785"}],"wp:attachment":[{"href":"https:\/\/wankonbiotech.com\/pt\/wp-json\/wp\/v2\/media?parent=784"}],"wp:term":[{"taxonomy":"product_brand","embeddable":true,"href":"https:\/\/wankonbiotech.com\/pt\/wp-json\/wp\/v2\/product_brand?post=784"},{"taxonomy":"product_cat","embeddable":true,"href":"https:\/\/wankonbiotech.com\/pt\/wp-json\/wp\/v2\/product_cat?post=784"},{"taxonomy":"product_tag","embeddable":true,"href":"https:\/\/wankonbiotech.com\/pt\/wp-json\/wp\/v2\/product_tag?post=784"}],"curies":[{"name":"wp","href":"https:\/\/api.w.org\/{rel}","templated":true}]}}