{"id":781,"date":"2024-08-12T13:55:43","date_gmt":"2024-08-12T13:55:43","guid":{"rendered":"http:\/\/wankonbiotech.com\/?post_type=product&#038;p=781"},"modified":"2024-08-12T13:58:58","modified_gmt":"2024-08-12T13:58:58","slug":"peanut-protein-powder-manufacturers","status":"publish","type":"product","link":"https:\/\/wankonbiotech.com\/pt\/produto\/fabricantes-de-proteina-de-amendoim-em-po\/","title":{"rendered":"Fabricantes de prote\u00edna de amendoim em p\u00f3"},"content":{"rendered":"<table>\n<tbody>\n<tr>\n<td width=\"284\"><strong>Nome do produto<\/strong><\/td>\n<td width=\"284\">Prote\u00edna de amendoim em p\u00f3<\/td>\n<\/tr>\n<tr>\n<td width=\"284\"><strong>Especifica\u00e7\u00e3o<\/strong><\/td>\n<td width=\"284\">\u00a0P\u00f3 fino amarelo, odor e sabor caracter\u00edsticos, m\u00ednimo de 50% de prote\u00edna (em base seca), baixo teor de a\u00e7\u00facar, baixo teor de gordura, sem colesterol e alto valor nutricional.<\/td>\n<\/tr>\n<tr>\n<td width=\"284\"><strong>Certificados<\/strong><\/td>\n<td width=\"284\">\u00a0Certifica\u00e7\u00e3o ISO22000; Halal; N\u00c3O-OGM<\/td>\n<\/tr>\n<tr>\n<td width=\"284\"><strong>Capacidade de fornecimento anual<\/strong><\/td>\n<td width=\"284\">\u00a0Mais de 3000 toneladas<\/td>\n<\/tr>\n<tr>\n<td width=\"284\"><strong>Caracter\u00edsticas<\/strong><\/td>\n<td width=\"284\">\u00a0Boa solubilidade; Boa estabilidade; Baixa viscosidade; F\u00e1cil de digerir e absorver;<\/td>\n<\/tr>\n<tr>\n<td width=\"284\"><strong>Aplicativo<\/strong><\/td>\n<td width=\"284\">\u00a0Alimentos nutritivos, alimentos para atletas, alimentos saud\u00e1veis \u200b\u200bpara popula\u00e7\u00f5es especiais.<\/td>\n<\/tr>\n<\/tbody>\n<\/table>\n<h2><strong>Introdu\u00e7\u00e3o<\/strong><\/h2>\n<p><strong>Prote\u00edna de amendoim em p\u00f3<\/strong>\u00a0\u00c9 um tipo de prote\u00edna vegetal sem desnatura\u00e7\u00e3o t\u00e9rmica e com alto valor nutricional. Ret\u00e9m completamente os nutrientes do amendoim. Possui alto valor proteico sol\u00favel e NSI, boa solubilidade em \u00e1gua, brancura e sabor suave, al\u00e9m de possuir o aroma \u00fanico do amendoim. Seu valor nutricional pode ser comparado ao da prote\u00edna animal. Vitaminas, oligoelementos e minerais t\u00eam uma taxa de utiliza\u00e7\u00e3o efetiva de 98%, s\u00e3o facilmente digeridos e absorvidos pelo corpo humano e cont\u00eam menos fatores antinutricionais do que a soja. \u00c9 um produto nutricional natural com baixo teor de a\u00e7\u00facar, baixo teor de gordura, sem colesterol e alto valor nutricional.<\/p>\n<p><img fetchpriority=\"high\" decoding=\"async\" class=\"size-full wp-image-783 aligncenter\" src=\"http:\/\/wankonbiotech.com\/wp-content\/uploads\/2024\/08\/IMG_Peanuts.jpg\" alt=\"Prote\u00edna de amendoim em p\u00f3\" width=\"1080\" height=\"720\" title=\"\" srcset=\"https:\/\/wankonbiotech.com\/wp-content\/uploads\/2024\/08\/IMG_Peanuts.jpg 1080w, https:\/\/wankonbiotech.com\/wp-content\/uploads\/2024\/08\/IMG_Peanuts-300x200.jpg 300w, https:\/\/wankonbiotech.com\/wp-content\/uploads\/2024\/08\/IMG_Peanuts-1024x683.jpg 1024w, https:\/\/wankonbiotech.com\/wp-content\/uploads\/2024\/08\/IMG_Peanuts-768x512.jpg 768w, https:\/\/wankonbiotech.com\/wp-content\/uploads\/2024\/08\/IMG_Peanuts-600x400.jpg 600w\" sizes=\"(max-width: 1080px) 100vw, 1080px\" \/><\/p>\n<h2><strong>O que \u00e9 prote\u00edna de amendoim em p\u00f3?<\/strong><\/h2>\n<p><strong>Prote\u00edna de amendoim em p\u00f3<\/strong> \u00c9 feito de amendoim cru ou torrado, prensado para remover a maior parte do \u00f3leo e, em seguida, mo\u00eddo at\u00e9 formar um p\u00f3 fino. O resultado \u00e9 um produto rico em prote\u00ednas que ret\u00e9m o sabor rico e amendoado do amendoim, com baixo teor de gordura e carboidratos. Este p\u00f3 proteico \u00e9 naturalmente sem gl\u00faten e pode ser usado em uma variedade de aplica\u00e7\u00f5es culin\u00e1rias, desde smoothies e shakes at\u00e9 assados \u200b\u200be pratos preparados. <strong>Prote\u00edna de amendoim em p\u00f3<\/strong> \u00e9 uma excelente fonte de prote\u00edna vegetal, fornecendo um perfil equilibrado de amino\u00e1cidos que auxilia na repara\u00e7\u00e3o muscular e na sa\u00fade geral.<\/p>\n<h2><strong>Benef\u00edcios nutricionais da prote\u00edna de amendoim em p\u00f3<\/strong><\/h2>\n<p><strong>Prote\u00edna de amendoim em p\u00f3<\/strong> \u00c9 um suplemento rico em nutrientes, com alto teor de prote\u00edna, variando tipicamente de 40 a 50% por peso, dependendo do m\u00e9todo de processamento. Isso o torna uma excelente fonte de prote\u00edna para veganos, vegetarianos e qualquer pessoa que queira aumentar sua ingest\u00e3o de prote\u00edna sem depender de produtos de origem animal. Al\u00e9m da prote\u00edna, o amendoim em p\u00f3 \u00e9 rico em vitaminas e minerais essenciais, incluindo magn\u00e9sio, f\u00f3sforo e vitaminas do complexo B, que auxiliam na produ\u00e7\u00e3o de energia, na sa\u00fade \u00f3ssea e na vitalidade geral.<\/p>\n<p>O amendoim tamb\u00e9m \u00e9 conhecido por suas gorduras saud\u00e1veis, principalmente as monoinsaturadas e poli-insaturadas, que contribuem para a sa\u00fade do cora\u00e7\u00e3o ao ajudar a reduzir os n\u00edveis de colesterol ruim. <strong>Prote\u00edna de amendoim em p\u00f3<\/strong> ret\u00e9m algumas dessas gorduras saud\u00e1veis, fornecendo uma fonte equilibrada de nutri\u00e7\u00e3o. Al\u00e9m disso, o amendoim \u00e9 uma boa fonte de fibras, que auxiliam na digest\u00e3o e ajudam a manter a sensa\u00e7\u00e3o de saciedade, facilitando o controle do peso. Wankon Biotech <a href=\"http:\/\/wankonbiotech.com\/pt\/categoria-de-produto\/proteina-vegetal-organica\/\">Prote\u00edna Vegetal Org\u00e2nica<\/a> Categoria.<\/p>","protected":false},"excerpt":{"rendered":"<p><strong>Prote\u00edna de amendoim em p\u00f3<\/strong> \u00c9 feito de amendoim cru ou torrado, prensado para remover a maior parte do \u00f3leo e, em seguida, mo\u00eddo at\u00e9 formar um p\u00f3 fino. O resultado \u00e9 um produto rico em prote\u00ednas que ret\u00e9m o sabor rico e amendoado do amendoim, com baixo teor de gordura e carboidratos. Este p\u00f3 proteico \u00e9 naturalmente sem gl\u00faten e pode ser usado em uma variedade de aplica\u00e7\u00f5es culin\u00e1rias, desde smoothies e shakes at\u00e9 assados \u200b\u200be pratos preparados. <strong>Prote\u00edna de amendoim em p\u00f3<\/strong> \u00e9 uma excelente fonte de prote\u00edna vegetal, fornecendo um perfil equilibrado de amino\u00e1cidos que auxilia na repara\u00e7\u00e3o muscular e na sa\u00fade geral.<\/p>","protected":false},"featured_media":782,"template":"","meta":{"_acf_changed":false},"product_brand":[],"product_cat":[39],"product_tag":[],"class_list":{"0":"post-781","1":"product","2":"type-product","3":"status-publish","4":"has-post-thumbnail","6":"product_cat-organic-plant-based-protein","8":"first","9":"instock","10":"shipping-taxable","11":"product-type-simple"},"acf":[],"_links":{"self":[{"href":"https:\/\/wankonbiotech.com\/pt\/wp-json\/wp\/v2\/product\/781","targetHints":{"allow":["GET"]}}],"collection":[{"href":"https:\/\/wankonbiotech.com\/pt\/wp-json\/wp\/v2\/product"}],"about":[{"href":"https:\/\/wankonbiotech.com\/pt\/wp-json\/wp\/v2\/types\/product"}],"wp:featuredmedia":[{"embeddable":true,"href":"https:\/\/wankonbiotech.com\/pt\/wp-json\/wp\/v2\/media\/782"}],"wp:attachment":[{"href":"https:\/\/wankonbiotech.com\/pt\/wp-json\/wp\/v2\/media?parent=781"}],"wp:term":[{"taxonomy":"product_brand","embeddable":true,"href":"https:\/\/wankonbiotech.com\/pt\/wp-json\/wp\/v2\/product_brand?post=781"},{"taxonomy":"product_cat","embeddable":true,"href":"https:\/\/wankonbiotech.com\/pt\/wp-json\/wp\/v2\/product_cat?post=781"},{"taxonomy":"product_tag","embeddable":true,"href":"https:\/\/wankonbiotech.com\/pt\/wp-json\/wp\/v2\/product_tag?post=781"}],"curies":[{"name":"wp","href":"https:\/\/api.w.org\/{rel}","templated":true}]}}