{"id":779,"date":"2024-08-12T05:53:04","date_gmt":"2024-08-12T05:53:04","guid":{"rendered":"http:\/\/wankonbiotech.com\/?post_type=product&#038;p=779"},"modified":"2024-08-12T05:53:04","modified_gmt":"2024-08-12T05:53:04","slug":"millet-protein-powder","status":"publish","type":"product","link":"https:\/\/wankonbiotech.com\/pt\/produto\/proteina-de-milheto-em-po\/","title":{"rendered":"Prote\u00edna em p\u00f3 de pain\u00e7o"},"content":{"rendered":"<h2><strong>Introdu\u00e7\u00e3o<\/strong><\/h2>\n<p>Utilizando o milheto como mat\u00e9ria-prima, hidr\u00f3lise enzim\u00e1tica composta de baixa temperatura e outras biotecnologias multi-link, extraindo\u00a0<strong>Prote\u00edna em p\u00f3 de pain\u00e7o<\/strong>\u00a0Rico em v\u00e1rios amino\u00e1cidos e minerais. Este produto possui alto valor nutricional e \u00e9 rico em prote\u00ednas, gorduras e vitaminas. Al\u00e9m de ser comest\u00edvel, pode ser usado como medicamento. O milheto cont\u00e9m prote\u00ednas ricas, vitamina B1 e sais inorg\u00e2nicos. \u00c9 rico em vitaminas B1, B12, etc., e tem o efeito de prevenir indigest\u00e3o, antineurite e berib\u00e9ri. O milheto tem o efeito de prevenir n\u00e1useas e v\u00f4mitos.<\/p>\n<p>Os nutrientes do milheto s\u00e3o completos e ricos, e a taxa de absor\u00e7\u00e3o de v\u00e1rios nutrientes \u00e9 alta. De acordo com informa\u00e7\u00f5es, a digestibilidade de prote\u00ednas do milheto \u00e9 de 83,4%, gordura \u00e9 de 90,8% e carboidratos \u00e9 de 99,4%, o que \u00e9 a base para que o milheto se torne uma boa fonte nutricional; a rela\u00e7\u00e3o calor\u00edfica dos tr\u00eas nutrientes termog\u00eanicos no milheto \u00e9 de prote\u00edna 14,2%, gordura 4,5% e carboidrato 81,34%, entre os quais a gordura tem a menor rela\u00e7\u00e3o cal\u00f3rica, o que torna o milheto uma boa mat\u00e9ria-prima para a produ\u00e7\u00e3o.\u00a0<strong>Prote\u00edna em p\u00f3 de pain\u00e7o<\/strong>\u00a0uma comida saud\u00e1vel.<\/p>\n<h2><strong>O que \u00e9 prote\u00edna de milheto em p\u00f3?<\/strong><\/h2>\n<p><strong>Prote\u00edna em p\u00f3 de pain\u00e7o<\/strong> \u00c9 produzido a partir do processamento de gr\u00e3os de milheto, um grupo de gram\u00edneas de sementes pequenas cultivadas h\u00e1 milhares de anos. O milheto \u00e9 conhecido por sua alta resili\u00eancia, sendo capaz de crescer em condi\u00e7\u00f5es adversas com o m\u00ednimo de \u00e1gua e nutrientes do solo. Os gr\u00e3os s\u00e3o colhidos, limpos e mo\u00eddos em um p\u00f3 fino rico em prote\u00ednas e nutrientes essenciais. Este p\u00f3 proteico \u00e9 naturalmente sem gl\u00faten, tornando-o adequado para pessoas com doen\u00e7a cel\u00edaca ou sensibilidade ao gl\u00faten. Al\u00e9m disso, o milheto \u00e9 hipoalerg\u00eanico e de f\u00e1cil digest\u00e3o, tornando-se uma fonte de prote\u00edna ideal para uma ampla gama de necessidades alimentares.<\/p>\n<h2><strong>Benef\u00edcios nutricionais da prote\u00edna em p\u00f3 de pain\u00e7o<\/strong><\/h2>\n<p><strong>Prote\u00edna em p\u00f3 de pain\u00e7o<\/strong> \u00c9 uma pot\u00eancia nutricional, oferecendo uma rica fonte de prote\u00edna vegetal, essencial para a repara\u00e7\u00e3o muscular, o crescimento e o funcionamento geral do corpo. Cada por\u00e7\u00e3o cont\u00e9m, em m\u00e9dia, cerca de 20-25% de prote\u00edna por peso, dependendo do m\u00e9todo de processamento. O milheto tamb\u00e9m \u00e9 rico em fibras alimentares, que contribuem para a sa\u00fade digestiva, promovendo movimentos intestinais regulares e prevenindo a constipa\u00e7\u00e3o. Essa fibra tamb\u00e9m ajuda a regular os n\u00edveis de a\u00e7\u00facar no sangue, tornando o milheto um alimento de baixo \u00edndice glic\u00eamico, ideal para controlar o diabetes e prevenir picos e quedas de energia.<\/p>\n<p>Al\u00e9m de prote\u00ednas e fibras, <strong>Prote\u00edna em p\u00f3 de pain\u00e7o<\/strong> \u00c9 rico em vitaminas e minerais essenciais, incluindo magn\u00e9sio, f\u00f3sforo e vitaminas do complexo B, que auxiliam na produ\u00e7\u00e3o de energia, na sa\u00fade \u00f3ssea e na vitalidade geral. O milheto tamb\u00e9m \u00e9 uma boa fonte de antioxidantes, que ajudam a proteger o corpo do estresse oxidativo e da inflama\u00e7\u00e3o. A presen\u00e7a desses nutrientes torna <strong>Prote\u00edna em p\u00f3 de pain\u00e7o<\/strong> n\u00e3o apenas uma fonte de prote\u00edna, mas tamb\u00e9m um ingrediente alimentar funcional com benef\u00edcios adicionais \u00e0 sa\u00fade.<\/p>","protected":false},"excerpt":{"rendered":"<p>Utilizando o milheto como mat\u00e9ria-prima, hidr\u00f3lise enzim\u00e1tica composta de baixa temperatura e outras biotecnologias multi-link, extraindo\u00a0<strong>Prote\u00edna em p\u00f3 de pain\u00e7o<\/strong>\u00a0Rico em v\u00e1rios amino\u00e1cidos e minerais. Este produto possui alto valor nutricional e \u00e9 rico em prote\u00ednas, gorduras e vitaminas. Al\u00e9m de ser comest\u00edvel, pode ser usado como medicamento. O milheto cont\u00e9m prote\u00ednas ricas, vitamina B1 e sais inorg\u00e2nicos. \u00c9 rico em vitaminas B1, B12, etc., e tem o efeito de prevenir indigest\u00e3o, antineurite e berib\u00e9ri. O milheto tem o efeito de prevenir n\u00e1useas e v\u00f4mitos.<\/p>","protected":false},"featured_media":780,"template":"","meta":{"_acf_changed":false},"product_brand":[],"product_cat":[39],"product_tag":[],"class_list":{"0":"post-779","1":"product","2":"type-product","3":"status-publish","4":"has-post-thumbnail","6":"product_cat-organic-plant-based-protein","8":"first","9":"instock","10":"shipping-taxable","11":"product-type-simple"},"acf":[],"_links":{"self":[{"href":"https:\/\/wankonbiotech.com\/pt\/wp-json\/wp\/v2\/product\/779","targetHints":{"allow":["GET"]}}],"collection":[{"href":"https:\/\/wankonbiotech.com\/pt\/wp-json\/wp\/v2\/product"}],"about":[{"href":"https:\/\/wankonbiotech.com\/pt\/wp-json\/wp\/v2\/types\/product"}],"wp:featuredmedia":[{"embeddable":true,"href":"https:\/\/wankonbiotech.com\/pt\/wp-json\/wp\/v2\/media\/780"}],"wp:attachment":[{"href":"https:\/\/wankonbiotech.com\/pt\/wp-json\/wp\/v2\/media?parent=779"}],"wp:term":[{"taxonomy":"product_brand","embeddable":true,"href":"https:\/\/wankonbiotech.com\/pt\/wp-json\/wp\/v2\/product_brand?post=779"},{"taxonomy":"product_cat","embeddable":true,"href":"https:\/\/wankonbiotech.com\/pt\/wp-json\/wp\/v2\/product_cat?post=779"},{"taxonomy":"product_tag","embeddable":true,"href":"https:\/\/wankonbiotech.com\/pt\/wp-json\/wp\/v2\/product_tag?post=779"}],"curies":[{"name":"wp","href":"https:\/\/api.w.org\/{rel}","templated":true}]}}