{"id":775,"date":"2024-08-12T05:39:30","date_gmt":"2024-08-12T05:39:30","guid":{"rendered":"http:\/\/wankonbiotech.com\/?post_type=product&#038;p=775"},"modified":"2024-08-12T05:39:30","modified_gmt":"2024-08-12T05:39:30","slug":"high-quality-instant-oat-protein-powder-oat-extract-oat-beta-glucan-powder","status":"publish","type":"product","link":"https:\/\/wankonbiotech.com\/pt\/produto\/proteina-de-aveia-instantanea-de-alta-qualidade-em-po-extrato-de-aveia-beta-glucana-de-aveia-em-po\/","title":{"rendered":"Prote\u00edna de aveia instant\u00e2nea em p\u00f3 de alta qualidade, extrato de aveia, betaglucana em p\u00f3"},"content":{"rendered":"<table>\n<tbody>\n<tr>\n<td width=\"284\"><strong>Nome latino<\/strong><\/td>\n<td width=\"284\">\u00a0Avena sativa L.<\/td>\n<\/tr>\n<tr>\n<td width=\"284\"><strong>Apar\u00eancia<\/strong><\/td>\n<td width=\"284\">\u00a0P\u00f3 fino esbranqui\u00e7ado<\/td>\n<\/tr>\n<tr>\n<td width=\"284\"><strong>Especifica\u00e7\u00e3o<\/strong><\/td>\n<td width=\"284\">50%~80%<\/td>\n<\/tr>\n<\/tbody>\n<\/table>\n<h2><strong>Introdu\u00e7\u00e3o<\/strong><\/h2>\n<p>A aveia \u00e9 o \u00fanico cereal que cont\u00e9m uma globulina ou prote\u00edna semelhante a uma leguminosa, a avenalina, como principal prote\u00edna de armazenamento (80%).\u00a0<strong>Prote\u00edna de aveia em p\u00f3<\/strong>\u00a0\u00e9 um concentrado proteico natural exclusivo \u00e0 base de plantas, \u00e0 base de aveia chinesa n\u00e3o transg\u00eanica, que auxilia os fabricantes a atender \u00e0 crescente demanda dos consumidores por alimentos e suplementos nutritivos e enriquecidos com prote\u00ednas. \u00c9 vegano, saboroso e uma excelente alternativa a outras fontes de prote\u00edna l\u00e1ctea e vegetal. Tudo isso o torna o ingrediente ideal para aumentar o teor de prote\u00edna em uma ampla gama de produtos. Sua qualidade \u00e9 quase equivalente \u00e0 da prote\u00edna de soja, que, segundo pesquisas da Organiza\u00e7\u00e3o Mundial da Sa\u00fade, \u00e9 igual \u00e0 da prote\u00edna da carne, do leite e do ovo.<\/p>\n<p><img fetchpriority=\"high\" decoding=\"async\" class=\"wp-image-777 size-large aligncenter\" src=\"http:\/\/wankonbiotech.com\/wp-content\/uploads\/2024\/08\/Oat-Protein-Powder-1024x683.webp\" alt=\"Prote\u00edna de aveia em p\u00f3\" width=\"1024\" height=\"683\" title=\"\" srcset=\"https:\/\/wankonbiotech.com\/wp-content\/uploads\/2024\/08\/Oat-Protein-Powder-1024x683.webp 1024w, https:\/\/wankonbiotech.com\/wp-content\/uploads\/2024\/08\/Oat-Protein-Powder-300x200.webp 300w, https:\/\/wankonbiotech.com\/wp-content\/uploads\/2024\/08\/Oat-Protein-Powder-768x512.webp 768w, https:\/\/wankonbiotech.com\/wp-content\/uploads\/2024\/08\/Oat-Protein-Powder-1536x1024.webp 1536w, https:\/\/wankonbiotech.com\/wp-content\/uploads\/2024\/08\/Oat-Protein-Powder-2048x1366.webp 2048w, https:\/\/wankonbiotech.com\/wp-content\/uploads\/2024\/08\/Oat-Protein-Powder-600x400.webp 600w\" sizes=\"(max-width: 1024px) 100vw, 1024px\" \/><\/p>\n<h2><strong>O que \u00e9 prote\u00edna de aveia em p\u00f3?<\/strong><\/h2>\n<p><strong>Prote\u00edna de aveia em p\u00f3<\/strong> \u00e9 derivado da aveia integral, um cereal conhecido por seu alto teor de fibras e benef\u00edcios para a sa\u00fade do cora\u00e7\u00e3o. A prote\u00edna \u00e9 extra\u00edda da aveia por meio de um processo que envolve a separa\u00e7\u00e3o da prote\u00edna do amido e da fibra, resultando em um p\u00f3 fino rico em prote\u00ednas e nutrientes essenciais. Este p\u00f3 proteico \u00e9 naturalmente sem gl\u00faten e hipoalerg\u00eanico, o que o torna uma excelente op\u00e7\u00e3o para pessoas com sensibilidades alimentares ou que seguem uma dieta sem gl\u00faten. <strong>Prote\u00edna de aveia em p\u00f3<\/strong> oferece um perfil completo de amino\u00e1cidos, o que o torna um complemento valioso para uma dieta balanceada.<\/p>\n<h2><strong>Benef\u00edcios nutricionais da prote\u00edna de aveia em p\u00f3<\/strong><\/h2>\n<p><strong>Prote\u00edna de aveia em p\u00f3<\/strong> \u00e9 uma pot\u00eancia nutricional, fornecendo uma rica fonte de prote\u00edna essencial para a repara\u00e7\u00e3o muscular, crescimento e fun\u00e7\u00e3o geral do corpo. Cada por\u00e7\u00e3o normalmente cont\u00e9m cerca de 50-60% de prote\u00edna por peso, dependendo do m\u00e9todo de processamento. Al\u00e9m da prote\u00edna, a prote\u00edna da aveia \u00e9 rica em fibras alimentares, particularmente beta-glucana, conhecida por sua capacidade de reduzir os n\u00edveis de colesterol e promover a sa\u00fade card\u00edaca. Isso torna <strong>Prote\u00edna de aveia em p\u00f3<\/strong> n\u00e3o apenas uma fonte de prote\u00edna, mas tamb\u00e9m um ingrediente alimentar funcional com benef\u00edcios adicionais \u00e0 sa\u00fade.<\/p>\n<p><img decoding=\"async\" class=\"alignnone wp-image-778 size-full\" src=\"http:\/\/wankonbiotech.com\/wp-content\/uploads\/2024\/08\/Oat-Protein-Powder.jpg\" alt=\"Prote\u00edna de aveia em p\u00f3\" width=\"1600\" height=\"896\" title=\"\" srcset=\"https:\/\/wankonbiotech.com\/wp-content\/uploads\/2024\/08\/Oat-Protein-Powder.jpg 1600w, https:\/\/wankonbiotech.com\/wp-content\/uploads\/2024\/08\/Oat-Protein-Powder-300x168.jpg 300w, https:\/\/wankonbiotech.com\/wp-content\/uploads\/2024\/08\/Oat-Protein-Powder-1024x573.jpg 1024w, https:\/\/wankonbiotech.com\/wp-content\/uploads\/2024\/08\/Oat-Protein-Powder-768x430.jpg 768w, https:\/\/wankonbiotech.com\/wp-content\/uploads\/2024\/08\/Oat-Protein-Powder-1536x860.jpg 1536w, https:\/\/wankonbiotech.com\/wp-content\/uploads\/2024\/08\/Oat-Protein-Powder-600x336.jpg 600w\" sizes=\"(max-width: 1600px) 100vw, 1600px\" \/><\/p>\n<p>Al\u00e9m disso, <strong>Prote\u00edna de aveia em p\u00f3<\/strong> \u00c9 rico em vitaminas e minerais essenciais, incluindo ferro, magn\u00e9sio e f\u00f3sforo, que auxiliam na produ\u00e7\u00e3o de energia, na sa\u00fade \u00f3ssea e na vitalidade geral. A presen\u00e7a de antioxidantes na aveia, como as avenantramidas, aprimora ainda mais o perfil nutricional deste p\u00f3 proteico, proporcionando propriedades anti-inflamat\u00f3rias e de refor\u00e7o imunol\u00f3gico.<\/p>","protected":false},"excerpt":{"rendered":"<p><strong>Prote\u00edna de aveia em p\u00f3<\/strong> \u00c9 rico em vitaminas e minerais essenciais, incluindo ferro, magn\u00e9sio e f\u00f3sforo, que auxiliam na produ\u00e7\u00e3o de energia, na sa\u00fade \u00f3ssea e na vitalidade geral. A presen\u00e7a de antioxidantes na aveia, como as avenantramidas, aprimora ainda mais o perfil nutricional deste p\u00f3 proteico, proporcionando propriedades anti-inflamat\u00f3rias e de refor\u00e7o imunol\u00f3gico.<\/p>","protected":false},"featured_media":776,"template":"","meta":{"_acf_changed":false},"product_brand":[],"product_cat":[39],"product_tag":[],"class_list":{"0":"post-775","1":"product","2":"type-product","3":"status-publish","4":"has-post-thumbnail","6":"product_cat-organic-plant-based-protein","8":"first","9":"instock","10":"shipping-taxable","11":"product-type-simple"},"acf":[],"_links":{"self":[{"href":"https:\/\/wankonbiotech.com\/pt\/wp-json\/wp\/v2\/product\/775","targetHints":{"allow":["GET"]}}],"collection":[{"href":"https:\/\/wankonbiotech.com\/pt\/wp-json\/wp\/v2\/product"}],"about":[{"href":"https:\/\/wankonbiotech.com\/pt\/wp-json\/wp\/v2\/types\/product"}],"wp:featuredmedia":[{"embeddable":true,"href":"https:\/\/wankonbiotech.com\/pt\/wp-json\/wp\/v2\/media\/776"}],"wp:attachment":[{"href":"https:\/\/wankonbiotech.com\/pt\/wp-json\/wp\/v2\/media?parent=775"}],"wp:term":[{"taxonomy":"product_brand","embeddable":true,"href":"https:\/\/wankonbiotech.com\/pt\/wp-json\/wp\/v2\/product_brand?post=775"},{"taxonomy":"product_cat","embeddable":true,"href":"https:\/\/wankonbiotech.com\/pt\/wp-json\/wp\/v2\/product_cat?post=775"},{"taxonomy":"product_tag","embeddable":true,"href":"https:\/\/wankonbiotech.com\/pt\/wp-json\/wp\/v2\/product_tag?post=775"}],"curies":[{"name":"wp","href":"https:\/\/api.w.org\/{rel}","templated":true}]}}