{"id":770,"date":"2024-08-11T06:14:11","date_gmt":"2024-08-11T06:14:11","guid":{"rendered":"http:\/\/wankonbiotech.com\/?post_type=product&#038;p=770"},"modified":"2024-08-12T16:40:02","modified_gmt":"2024-08-12T16:40:02","slug":"vegan-potato-protein-powder-manufacturers","status":"publish","type":"product","link":"https:\/\/wankonbiotech.com\/pt\/produto\/fabricantes-de-proteina-de-batata-vegana-em-po\/","title":{"rendered":"Fabricantes de prote\u00edna de batata vegana em p\u00f3"},"content":{"rendered":"<table>\n<tbody>\n<tr>\n<td width=\"218\"><strong>Nome latino<\/strong><\/td>\n<td width=\"218\">\u00a0Solanum tuberosum L.<\/td>\n<\/tr>\n<tr>\n<td width=\"218\"><strong>Especifica\u00e7\u00e3o<\/strong><\/td>\n<td width=\"218\">70%~85%, 100%Pass80Mesh, P\u00f3 fino branco-sujo<\/td>\n<\/tr>\n<tr>\n<td width=\"218\"><strong>Certificados<\/strong><\/td>\n<td width=\"218\">\u00a0Certifica\u00e7\u00e3o ISO22000; Halal; N\u00c3O-OGM<\/td>\n<\/tr>\n<\/tbody>\n<\/table>\n<h3><strong>Introdu\u00e7\u00e3o<\/strong><\/h3>\n<p><strong>Prote\u00edna de batata vegana<\/strong><strong>\u00a0P\u00f3<\/strong>\u00a0\u00c9 rico em prote\u00ednas, fibras brutas e carboidratos, fornecendo nutrientes essenciais para os seres humanos. A prote\u00edna org\u00e2nica da batata cont\u00e9m uma grande quantidade de prote\u00edna de corpo aderente, uma mistura de mais de um tipo de glicoprote\u00edna, que pode prevenir a deposi\u00e7\u00e3o de gordura no sistema cardiovascular, manter a elasticidade das art\u00e9rias, prevenir a ateromatose prematura, al\u00e9m de prevenir a atrofia do tecido conjuntivo do f\u00edgado e dos rins e manter a lubrifica\u00e7\u00e3o do trato respirat\u00f3rio e digestivo. A preven\u00e7\u00e3o e o controle da prote\u00edna da batata e da batata-doce podem contribuir para o desenvolvimento de doen\u00e7as vasculares do col\u00e1geno.<\/p>\n<p><img fetchpriority=\"high\" decoding=\"async\" class=\"size-full wp-image-772 aligncenter\" src=\"http:\/\/wankonbiotech.com\/wp-content\/uploads\/2024\/08\/potatoes.jpg\" alt=\"Prote\u00edna de batata vegana em p\u00f3\" width=\"1200\" height=\"800\" title=\"\" srcset=\"https:\/\/wankonbiotech.com\/wp-content\/uploads\/2024\/08\/potatoes.jpg 1200w, https:\/\/wankonbiotech.com\/wp-content\/uploads\/2024\/08\/potatoes-300x200.jpg 300w, https:\/\/wankonbiotech.com\/wp-content\/uploads\/2024\/08\/potatoes-1024x683.jpg 1024w, https:\/\/wankonbiotech.com\/wp-content\/uploads\/2024\/08\/potatoes-768x512.jpg 768w, https:\/\/wankonbiotech.com\/wp-content\/uploads\/2024\/08\/potatoes-600x400.jpg 600w\" sizes=\"(max-width: 1200px) 100vw, 1200px\" \/><\/p>\n<p>A prote\u00edna de batata em p\u00f3 \u00e9 um alimento saud\u00e1vel de valor inestim\u00e1vel para idosos e desempenha uma importante fun\u00e7\u00e3o fisiol\u00f3gica na \u00e1rea da sa\u00fade. A prote\u00edna de batata \u00e9 adequada para uso em uma ampla gama de aplica\u00e7\u00f5es de ra\u00e7\u00e3o animal de alta qualidade, como ra\u00e7\u00e3o para animais jovens, leit\u00f5es e bezerros, bem como ra\u00e7\u00e3o para aves e alimentos para animais de estima\u00e7\u00e3o.<\/p>\n<p><strong>O que \u00e9 prote\u00edna de batata vegana em p\u00f3?<\/strong><\/p>\n<p><strong>Prote\u00edna de batata vegana em p\u00f3<\/strong> \u00e9 produzido pela extra\u00e7\u00e3o de prote\u00edna da batata, especificamente do suco da batata branca ou amarela. O processo envolve o isolamento da prote\u00edna por meio de uma s\u00e9rie de etapas de filtra\u00e7\u00e3o, resultando em um p\u00f3 fino e de sabor neutro. Este p\u00f3 \u00e9 rico em amino\u00e1cidos essenciais, tornando-se uma excelente fonte de prote\u00edna vegetal para veganos, vegetarianos e qualquer pessoa que busque incorporar fontes de prote\u00edna mais sustent\u00e1veis \u200b\u200bem sua dieta. Ao contr\u00e1rio de outras prote\u00ednas vegetais, a prote\u00edna da batata \u00e9 facilmente diger\u00edvel e livre de al\u00e9rgenos comuns, tornando-a adequada para uma ampla gama de necessidades alimentares.<\/p>\n<p><strong>Benef\u00edcios nutricionais da prote\u00edna de batata vegana em p\u00f3<\/strong><\/p>\n<p><strong>Prote\u00edna de batata vegana em p\u00f3<\/strong> \u00e9 altamente nutritivo, oferecendo um perfil completo de amino\u00e1cidos que inclui todos os nove amino\u00e1cidos essenciais exigidos pelo corpo humano. Isso o diferencia de muitas outras prote\u00ednas vegetais, que frequentemente precisam ser combinadas com outras fontes de prote\u00edna para fornecer nutri\u00e7\u00e3o completa. Cada por\u00e7\u00e3o de <strong>Prote\u00edna de batata vegana em p\u00f3<\/strong> normalmente cont\u00e9m cerca de 80-90% de prote\u00edna por peso, o que a torna uma fonte proteica altamente concentrada. Al\u00e9m disso, a prote\u00edna da batata \u00e9 baixa em gordura e carboidratos, o que a torna ideal para quem segue dietas com controle cal\u00f3rico ou baixo teor de carboidratos.<\/p>","protected":false},"excerpt":{"rendered":"<p><strong>Prote\u00edna de batata vegana<\/strong><strong>\u00a0P\u00f3<\/strong>\u00a0\u00c9 rico em prote\u00ednas, fibras brutas e carboidratos, fornecendo nutrientes essenciais para os seres humanos. A prote\u00edna org\u00e2nica da batata cont\u00e9m uma grande quantidade de prote\u00edna de corpo aderente, uma mistura de mais de um tipo de glicoprote\u00edna, que pode prevenir a deposi\u00e7\u00e3o de gordura no sistema cardiovascular, manter a elasticidade das art\u00e9rias, prevenir a ateromatose prematura, al\u00e9m de prevenir a atrofia do tecido conjuntivo do f\u00edgado e dos rins e manter a lubrifica\u00e7\u00e3o do trato respirat\u00f3rio e digestivo. A preven\u00e7\u00e3o e o controle da prote\u00edna da batata e da batata-doce podem contribuir para o desenvolvimento de doen\u00e7as vasculares do col\u00e1geno.<\/p>","protected":false},"featured_media":771,"template":"","meta":{"_acf_changed":false},"product_brand":[],"product_cat":[39],"product_tag":[],"class_list":{"0":"post-770","1":"product","2":"type-product","3":"status-publish","4":"has-post-thumbnail","6":"product_cat-organic-plant-based-protein","8":"first","9":"instock","10":"shipping-taxable","11":"product-type-simple"},"acf":[],"_links":{"self":[{"href":"https:\/\/wankonbiotech.com\/pt\/wp-json\/wp\/v2\/product\/770","targetHints":{"allow":["GET"]}}],"collection":[{"href":"https:\/\/wankonbiotech.com\/pt\/wp-json\/wp\/v2\/product"}],"about":[{"href":"https:\/\/wankonbiotech.com\/pt\/wp-json\/wp\/v2\/types\/product"}],"wp:featuredmedia":[{"embeddable":true,"href":"https:\/\/wankonbiotech.com\/pt\/wp-json\/wp\/v2\/media\/771"}],"wp:attachment":[{"href":"https:\/\/wankonbiotech.com\/pt\/wp-json\/wp\/v2\/media?parent=770"}],"wp:term":[{"taxonomy":"product_brand","embeddable":true,"href":"https:\/\/wankonbiotech.com\/pt\/wp-json\/wp\/v2\/product_brand?post=770"},{"taxonomy":"product_cat","embeddable":true,"href":"https:\/\/wankonbiotech.com\/pt\/wp-json\/wp\/v2\/product_cat?post=770"},{"taxonomy":"product_tag","embeddable":true,"href":"https:\/\/wankonbiotech.com\/pt\/wp-json\/wp\/v2\/product_tag?post=770"}],"curies":[{"name":"wp","href":"https:\/\/api.w.org\/{rel}","templated":true}]}}