{"id":766,"date":"2024-08-11T05:41:19","date_gmt":"2024-08-11T05:41:19","guid":{"rendered":"http:\/\/wankonbiotech.com\/?post_type=product&#038;p=766"},"modified":"2024-08-11T05:41:50","modified_gmt":"2024-08-11T05:41:50","slug":"textured-organic-soy-protein-textured-vegetable-protein-bulk","status":"publish","type":"product","link":"https:\/\/wankonbiotech.com\/pt\/produto\/proteina-de-soja-organica-texturizada-proteina-vegetal-texturizada-a-granel-2\/","title":{"rendered":"Prote\u00edna de soja org\u00e2nica texturizada\/Prote\u00edna vegetal texturizada a granel"},"content":{"rendered":"<table>\n<tbody>\n<tr>\n<td colspan=\"2\">Informa\u00e7\u00f5es b\u00e1sicas<\/td>\n<\/tr>\n<tr>\n<td><strong>Nome do produto<\/strong><\/td>\n<td>Prote\u00edna de soja texturizada<\/td>\n<\/tr>\n<tr>\n<td><strong>Parte usada<\/strong><\/td>\n<td>Soja<\/td>\n<\/tr>\n<tr>\n<td><strong>Especifica\u00e7\u00e3o<\/strong><\/td>\n<td>50%-70%<\/td>\n<\/tr>\n<tr>\n<td><strong>Gordo<\/strong><\/td>\n<td>M\u00e1x.1%<\/td>\n<\/tr>\n<tr>\n<td><strong>Apar\u00eancia<\/strong><\/td>\n<td>S\u00f3lido amarelo claro<\/td>\n<\/tr>\n<tr>\n<td><strong>Nota<\/strong><\/td>\n<td>\u00a0Comida<\/td>\n<\/tr>\n<\/tbody>\n<\/table>\n<h2><strong>Introdu\u00e7\u00e3o<\/strong><\/h2>\n<p><strong>Prote\u00edna de soja texturizada org\u00e2nica (TSP), tamb\u00e9m\u00a0<\/strong>conhecido como\u00a0<strong>Prote\u00edna Vegetal Texturizada<\/strong>\u00a0(TVP),<strong>\u00a0Eu sou carne<\/strong>, ou\u00a0<strong>Peda\u00e7os de soja<\/strong>\u00a0\u00e9 um produto de farinha de soja desengordurada, um subproduto da extra\u00e7\u00e3o do \u00f3leo de soja. \u00c9 um produto proteico vegano, feito principalmente de soja org\u00e2nica, sem aditivos qu\u00edmicos, n\u00e3o transg\u00eanico e uma excelente fonte de prote\u00edna, perfeito para hamb\u00fargueres vegetarianos, chili, ensopados, sopas, ca\u00e7arolas e muito mais.<\/p>\n<p>Feito de prote\u00edna de soja org\u00e2nica,\u00a0<strong>Prote\u00edna de soja texturizada<\/strong>\u00a0\u00e9 rico em prote\u00ednas e fibras, mantendo-se baixo em gordura. Isso o torna um ingrediente favorito para pessoas que seguem dietas de baixa gordura e calorias. Vendida em fatias, flocos, p\u00f3, gr\u00e2nulos e peda\u00e7os secos, a prote\u00edna de soja texturizada deve ser reidratada antes de ser usada. Embora possa ser apreciada como est\u00e1, tem um sabor bastante insosso por si s\u00f3, e \u00e9 por isso que muitas pessoas preferem saboriz\u00e1-la antes de usar. Felizmente, por ser um alimento desidratado, ele absorve prontamente os sabores de qualquer l\u00edquido, permitindo que voc\u00ea o trabalhe em quase qualquer tipo de culin\u00e1ria. O TSP pode ser usado para fazer v\u00e1rios pratos e \u00e9 comumente usado como uma alternativa \u00e0 carne em pratos que cont\u00eam carne mo\u00edda ou peda\u00e7os de carne, como tortas e lasanha.<\/p>\n<p><img fetchpriority=\"high\" decoding=\"async\" class=\"wp-image-769 size-full aligncenter\" src=\"http:\/\/wankonbiotech.com\/wp-content\/uploads\/2024\/08\/Anderson-International-texturized-soy-protein.jpg\" alt=\"Prote\u00edna de soja org\u00e2nica texturizada\" width=\"1200\" height=\"780\" title=\"\" srcset=\"https:\/\/wankonbiotech.com\/wp-content\/uploads\/2024\/08\/Anderson-International-texturized-soy-protein.jpg 1200w, https:\/\/wankonbiotech.com\/wp-content\/uploads\/2024\/08\/Anderson-International-texturized-soy-protein-300x195.jpg 300w, https:\/\/wankonbiotech.com\/wp-content\/uploads\/2024\/08\/Anderson-International-texturized-soy-protein-1024x666.jpg 1024w, https:\/\/wankonbiotech.com\/wp-content\/uploads\/2024\/08\/Anderson-International-texturized-soy-protein-768x499.jpg 768w, https:\/\/wankonbiotech.com\/wp-content\/uploads\/2024\/08\/Anderson-International-texturized-soy-protein-600x390.jpg 600w\" sizes=\"(max-width: 1200px) 100vw, 1200px\" \/><\/p>\n<p><strong>Prote\u00edna Vegetal Texturizada<\/strong>\u00a0A farinha de sementes rica em prote\u00ednas (PVT) pode ser produzida a partir de qualquer farinha de sementes rica em prote\u00ednas, resultante da produ\u00e7\u00e3o de \u00f3leo vegetal. Especificamente, uma ampla gama de sementes de leguminosas, al\u00e9m da soja, incluindo lentilhas, ervilhas e favas, e tamb\u00e9m trigo, pode ser utilizada para a produ\u00e7\u00e3o de PVT. A PVT \u00e0 base de amendoim \u00e9 produzida na China, onde o \u00f3leo de amendoim \u00e9 um \u00f3leo de cozinha popular.<\/p>\n<h2><strong>O que \u00e9 prote\u00edna de soja org\u00e2nica texturizada?<\/strong><\/h2>\n<p><strong>Prote\u00edna de soja org\u00e2nica texturizada<\/strong>, frequentemente chamada de TSP ou TVP (Prote\u00edna Vegetal Texturizada), \u00e9 derivada da soja org\u00e2nica. A soja \u00e9 descascada e desengordurada antes de ser processada em um produto rico em prote\u00edna. A textura \u00e9 criada por meio de um processo de extrus\u00e3o, onde a prote\u00edna de soja \u00e9 cozida sob alta press\u00e3o e depois seca, resultando em um produto com textura fibrosa, semelhante \u00e0 da carne. Isso a torna um excelente substituto da carne em uma variedade de pratos. Por ser feita de soja org\u00e2nica, \u00e9 livre de pesticidas, herbicidas e OGMs sint\u00e9ticos, o que a torna um ingrediente de r\u00f3tulo limpo.<\/p>\n<p><img decoding=\"async\" class=\"wp-image-768 size-full aligncenter\" src=\"http:\/\/wankonbiotech.com\/wp-content\/uploads\/2024\/08\/soy-3.jpg\" alt=\"Prote\u00edna de soja org\u00e2nica texturizada\" width=\"1024\" height=\"768\" title=\"\" srcset=\"https:\/\/wankonbiotech.com\/wp-content\/uploads\/2024\/08\/soy-3.jpg 1024w, https:\/\/wankonbiotech.com\/wp-content\/uploads\/2024\/08\/soy-3-300x225.jpg 300w, https:\/\/wankonbiotech.com\/wp-content\/uploads\/2024\/08\/soy-3-768x576.jpg 768w, https:\/\/wankonbiotech.com\/wp-content\/uploads\/2024\/08\/soy-3-600x450.jpg 600w\" sizes=\"(max-width: 1024px) 100vw, 1024px\" \/><\/p>\n<h2><strong>Benef\u00edcios nutricionais da prote\u00edna de soja org\u00e2nica texturizada<\/strong><\/h2>\n<p><strong>Prote\u00edna de soja org\u00e2nica texturizada<\/strong> \u00e9 conhecido por seu alto teor de prote\u00edna, tipicamente em torno de 50-70% por peso, dependendo do produto espec\u00edfico. Isso o torna uma das fontes de prote\u00edna vegetal mais concentradas dispon\u00edveis. \u00c9 tamb\u00e9m uma prote\u00edna completa, o que significa que cont\u00e9m todos os nove amino\u00e1cidos essenciais que o corpo humano n\u00e3o consegue produzir sozinho. Isso \u00e9 particularmente importante para quem segue dietas vegetarianas ou veganas, que precisam garantir que estejam consumindo uma fonte de prote\u00edna balanceada e completa.<\/p>","protected":false},"excerpt":{"rendered":"<p>A Prote\u00edna de Soja Texturizada Org\u00e2nica (TSP), tamb\u00e9m conhecida como Prote\u00edna Vegetal Texturizada (PVT), Carne de Soja ou Peda\u00e7os de Soja, \u00e9 um produto de farinha de soja desengordurada, um subproduto da extra\u00e7\u00e3o do \u00f3leo de soja. \u00c9 um produto proteico vegano feito principalmente de soja org\u00e2nica, sem aditivos qu\u00edmicos, sem OGM e uma excelente fonte de prote\u00edna, perfeito para hamb\u00fargueres vegetarianos, chili, ensopados, sopas, ca\u00e7arolas e muito mais.<\/p>","protected":false},"featured_media":767,"template":"","meta":{"_acf_changed":false},"product_brand":[],"product_cat":[39],"product_tag":[],"class_list":{"0":"post-766","1":"product","2":"type-product","3":"status-publish","4":"has-post-thumbnail","6":"product_cat-organic-plant-based-protein","8":"first","9":"instock","10":"shipping-taxable","11":"product-type-simple"},"acf":[],"_links":{"self":[{"href":"https:\/\/wankonbiotech.com\/pt\/wp-json\/wp\/v2\/product\/766","targetHints":{"allow":["GET"]}}],"collection":[{"href":"https:\/\/wankonbiotech.com\/pt\/wp-json\/wp\/v2\/product"}],"about":[{"href":"https:\/\/wankonbiotech.com\/pt\/wp-json\/wp\/v2\/types\/product"}],"wp:featuredmedia":[{"embeddable":true,"href":"https:\/\/wankonbiotech.com\/pt\/wp-json\/wp\/v2\/media\/767"}],"wp:attachment":[{"href":"https:\/\/wankonbiotech.com\/pt\/wp-json\/wp\/v2\/media?parent=766"}],"wp:term":[{"taxonomy":"product_brand","embeddable":true,"href":"https:\/\/wankonbiotech.com\/pt\/wp-json\/wp\/v2\/product_brand?post=766"},{"taxonomy":"product_cat","embeddable":true,"href":"https:\/\/wankonbiotech.com\/pt\/wp-json\/wp\/v2\/product_cat?post=766"},{"taxonomy":"product_tag","embeddable":true,"href":"https:\/\/wankonbiotech.com\/pt\/wp-json\/wp\/v2\/product_tag?post=766"}],"curies":[{"name":"wp","href":"https:\/\/api.w.org\/{rel}","templated":true}]}}