{"id":760,"date":"2024-08-11T05:24:08","date_gmt":"2024-08-11T05:24:08","guid":{"rendered":"http:\/\/wankonbiotech.com\/?post_type=product&#038;p=760"},"modified":"2024-08-11T05:24:41","modified_gmt":"2024-08-11T05:24:41","slug":"organic-textured-pea-protein-manufacturers","status":"publish","type":"product","link":"https:\/\/wankonbiotech.com\/pt\/produto\/fabricantes-de-proteina-de-ervilha-texturizada-organica\/","title":{"rendered":"Fabricantes de prote\u00edna de ervilha texturizada org\u00e2nica"},"content":{"rendered":"<table>\n<tbody>\n<tr>\n<td width=\"218\"><strong>Nome do produto<\/strong><\/td>\n<td width=\"218\">\u00a0Prote\u00edna de ervilha texturizada org\u00e2nica<\/td>\n<\/tr>\n<tr>\n<td width=\"218\"><strong>Especifica\u00e7\u00e3o<\/strong><\/td>\n<td width=\"218\">\u00a0Prote\u00edna 60%~80%<\/td>\n<\/tr>\n<tr>\n<td width=\"218\"><strong>Certificados<\/strong><\/td>\n<td width=\"218\">\u00a0ISO22000; Halal; Certifica\u00e7\u00e3o N\u00c3O-OGM, USDA e certificado org\u00e2nico da UE<\/td>\n<\/tr>\n<\/tbody>\n<\/table>\n<h2><strong>Introdu\u00e7\u00e3o<\/strong><\/h2>\n<p><strong>Prote\u00edna de ervilha texturizada org\u00e2nica \u00e9<\/strong>\u00a0um<strong>\u00a0produto regenerativo<\/strong>, cultivado a partir de ervilhas org\u00e2nicas para criar alternativas de carne ricas em prote\u00edna e \u00e0 base de plantas, sem OGM, sem soja e sem gl\u00faten. O TPP \u00e9 um produto natural sem gl\u00faten e sem soja, com sabor agrad\u00e1vel e textura atraente, tornando-o um complemento perfeito para ingredientes comuns em uma ampla gama de aplica\u00e7\u00f5es.<\/p>\n<p><img fetchpriority=\"high\" decoding=\"async\" class=\"wp-image-765 size-large aligncenter\" src=\"http:\/\/wankonbiotech.com\/wp-content\/uploads\/2024\/08\/WEB-Pet-food-front-page-image_TVP_-202205-2048x796-1-1024x398.png\" alt=\"prote\u00edna de ervilha texturizada org\u00e2nica\" width=\"1024\" height=\"398\" title=\"\" srcset=\"https:\/\/wankonbiotech.com\/wp-content\/uploads\/2024\/08\/WEB-Pet-food-front-page-image_TVP_-202205-2048x796-1-1024x398.png 1024w, https:\/\/wankonbiotech.com\/wp-content\/uploads\/2024\/08\/WEB-Pet-food-front-page-image_TVP_-202205-2048x796-1-300x117.png 300w, https:\/\/wankonbiotech.com\/wp-content\/uploads\/2024\/08\/WEB-Pet-food-front-page-image_TVP_-202205-2048x796-1-768x299.png 768w, https:\/\/wankonbiotech.com\/wp-content\/uploads\/2024\/08\/WEB-Pet-food-front-page-image_TVP_-202205-2048x796-1-1536x597.png 1536w, https:\/\/wankonbiotech.com\/wp-content\/uploads\/2024\/08\/WEB-Pet-food-front-page-image_TVP_-202205-2048x796-1-600x233.png 600w, https:\/\/wankonbiotech.com\/wp-content\/uploads\/2024\/08\/WEB-Pet-food-front-page-image_TVP_-202205-2048x796-1.png 2048w\" sizes=\"(max-width: 1024px) 100vw, 1024px\" \/><\/p>\n<p>A prote\u00edna texturizada de ervilha oferece uma solu\u00e7\u00e3o inovadora para a cria\u00e7\u00e3o de produtos nutricionalmente ricos com textura aprimorada. Uma vez reidratada, a prote\u00edna texturizada de ervilha simula a textura e a textura da carne.<br \/>\nO benef\u00edcio exclusivo da prote\u00edna texturizada de ervilha reside no tamanho dos seus gr\u00e2nulos. Seu tamanho reduzido e apar\u00eancia fibrosa a tornam ideal para aplica\u00e7\u00f5es em carne mo\u00edda de origem vegetal e em salsichas e hamb\u00fargueres veganos. Ela \u00e9 especialmente conhecida por real\u00e7ar a sucul\u00eancia dos produtos e imitar a sensa\u00e7\u00e3o de morder a carne.<\/p>\n<h2><strong>O que \u00e9 prote\u00edna de ervilha texturizada org\u00e2nica?<\/strong><\/h2>\n<p>A Prote\u00edna Texturizada de Ervilha Org\u00e2nica \u00e9 derivada de ervilhas amarelas, que s\u00e3o processadas para extrair e concentrar a prote\u00edna. A prote\u00edna \u00e9 ent\u00e3o transformada em uma forma texturizada, que pode ser usada como substituto da carne em diversos pratos. Esse processo envolve o aquecimento da prote\u00edna da ervilha sob press\u00e3o, o que cria uma textura fibrosa semelhante \u00e0 da carne. O resultado \u00e9 um produto rico em prote\u00ednas, semelhante \u00e0 carne, totalmente \u00e0 base de plantas, tornando-se uma excelente op\u00e7\u00e3o para vegetarianos, veganos e qualquer pessoa que queira reduzir o consumo de carne.<\/p>\n<h2><strong>Benef\u00edcios nutricionais da prote\u00edna de ervilha texturizada org\u00e2nica<\/strong><\/h2>\n<p>A Prote\u00edna de Ervilha Texturizada Org\u00e2nica n\u00e3o \u00e9 apenas uma fonte de prote\u00edna; \u00e9 um suplemento nutricional completo. Cada por\u00e7\u00e3o fornece um alto teor de prote\u00edna, tipicamente em torno de 80% por peso, juntamente com todos os nove amino\u00e1cidos essenciais necess\u00e1rios para a repara\u00e7\u00e3o e o crescimento muscular. Isso a torna uma fonte valiosa de prote\u00edna para atletas, fisiculturistas e pessoas com estilos de vida ativos.<\/p>\n<p><img decoding=\"async\" class=\"wp-image-763 size-full aligncenter\" src=\"http:\/\/wankonbiotech.com\/wp-content\/uploads\/2024\/08\/organic-textured-pea-protein1.jpg\" alt=\"prote\u00edna de ervilha texturizada org\u00e2nica\" width=\"1600\" height=\"901\" title=\"\" srcset=\"https:\/\/wankonbiotech.com\/wp-content\/uploads\/2024\/08\/organic-textured-pea-protein1.jpg 1600w, https:\/\/wankonbiotech.com\/wp-content\/uploads\/2024\/08\/organic-textured-pea-protein1-300x169.jpg 300w, https:\/\/wankonbiotech.com\/wp-content\/uploads\/2024\/08\/organic-textured-pea-protein1-1024x577.jpg 1024w, https:\/\/wankonbiotech.com\/wp-content\/uploads\/2024\/08\/organic-textured-pea-protein1-768x432.jpg 768w, https:\/\/wankonbiotech.com\/wp-content\/uploads\/2024\/08\/organic-textured-pea-protein1-1536x865.jpg 1536w, https:\/\/wankonbiotech.com\/wp-content\/uploads\/2024\/08\/organic-textured-pea-protein1-600x338.jpg 600w\" sizes=\"(max-width: 1600px) 100vw, 1600px\" \/><\/p>\n<p>Al\u00e9m da prote\u00edna, a Prote\u00edna Texturizada de Ervilha Org\u00e2nica \u00e9 rica em fibras alimentares, que contribuem para a sa\u00fade digestiva, promovendo movimentos intestinais regulares e prevenindo a constipa\u00e7\u00e3o. Tamb\u00e9m \u00e9 uma boa fonte de ferro, um mineral essencial que ajuda a transportar oxig\u00eanio por todo o corpo e a manter os n\u00edveis de energia. Al\u00e9m disso, a prote\u00edna de ervilha tem baixo teor de gordura e \u00e9 isenta de colesterol, o que a torna uma op\u00e7\u00e3o saud\u00e1vel para o cora\u00e7\u00e3o. Por ser hipoalerg\u00eanica, a Prote\u00edna Texturizada de Ervilha Org\u00e2nica \u00e9 adequada para pessoas com sensibilidades alimentares ou alergias \u00e0 soja, latic\u00ednios ou gl\u00faten.<a href=\"http:\/\/wankonbiotech.com\/pt\/categoria-de-produto\/proteina-vegetal-organica\/\" target=\"_new\" rel=\"noreferrer noopener\">Categoria de Prote\u00ednas Org\u00e2nicas \u00e0 Base de Plantas da Wankon Biotech<\/a>.<\/p>","protected":false},"excerpt":{"rendered":"<p><strong>Prote\u00edna de ervilha texturizada org\u00e2nica \u00e9<\/strong>\u00a0um<strong>\u00a0produto regenerativo<\/strong>, cultivado a partir de ervilhas org\u00e2nicas para criar alternativas de carne ricas em prote\u00edna e \u00e0 base de plantas, sem OGM, sem soja e sem gl\u00faten. O TPP \u00e9 um produto natural sem gl\u00faten e sem soja, com sabor agrad\u00e1vel e textura atraente, tornando-o um complemento perfeito para ingredientes comuns em uma ampla gama de aplica\u00e7\u00f5es.<\/p>","protected":false},"featured_media":762,"template":"","meta":{"_acf_changed":false},"product_brand":[],"product_cat":[39],"product_tag":[],"class_list":{"0":"post-760","1":"product","2":"type-product","3":"status-publish","4":"has-post-thumbnail","6":"product_cat-organic-plant-based-protein","8":"first","9":"instock","10":"shipping-taxable","11":"product-type-simple"},"acf":[],"_links":{"self":[{"href":"https:\/\/wankonbiotech.com\/pt\/wp-json\/wp\/v2\/product\/760","targetHints":{"allow":["GET"]}}],"collection":[{"href":"https:\/\/wankonbiotech.com\/pt\/wp-json\/wp\/v2\/product"}],"about":[{"href":"https:\/\/wankonbiotech.com\/pt\/wp-json\/wp\/v2\/types\/product"}],"wp:featuredmedia":[{"embeddable":true,"href":"https:\/\/wankonbiotech.com\/pt\/wp-json\/wp\/v2\/media\/762"}],"wp:attachment":[{"href":"https:\/\/wankonbiotech.com\/pt\/wp-json\/wp\/v2\/media?parent=760"}],"wp:term":[{"taxonomy":"product_brand","embeddable":true,"href":"https:\/\/wankonbiotech.com\/pt\/wp-json\/wp\/v2\/product_brand?post=760"},{"taxonomy":"product_cat","embeddable":true,"href":"https:\/\/wankonbiotech.com\/pt\/wp-json\/wp\/v2\/product_cat?post=760"},{"taxonomy":"product_tag","embeddable":true,"href":"https:\/\/wankonbiotech.com\/pt\/wp-json\/wp\/v2\/product_tag?post=760"}],"curies":[{"name":"wp","href":"https:\/\/api.w.org\/{rel}","templated":true}]}}