{"id":751,"date":"2024-08-10T15:44:27","date_gmt":"2024-08-10T15:44:27","guid":{"rendered":"http:\/\/wankonbiotech.com\/?post_type=product&#038;p=751"},"modified":"2024-08-11T04:47:02","modified_gmt":"2024-08-11T04:47:02","slug":"mankai-duckweed-powder","status":"publish","type":"product","link":"https:\/\/wankonbiotech.com\/pt\/produto\/po-de-lentilha-dagua-mankai\/","title":{"rendered":"P\u00f3 de Lentilha-d'\u00e1gua Mankai"},"content":{"rendered":"<table>\n<tbody>\n<tr>\n<td colspan=\"1\" rowspan=\"1\"><strong>Nome do produto<\/strong><\/td>\n<td colspan=\"1\" rowspan=\"1\">P\u00f3 de lentilha-d'\u00e1gua<\/td>\n<\/tr>\n<tr>\n<td colspan=\"1\" rowspan=\"1\"><strong>Apar\u00eancia<\/strong><\/td>\n<td colspan=\"1\" rowspan=\"1\">P\u00f3 fino<\/td>\n<\/tr>\n<tr>\n<td colspan=\"1\" rowspan=\"1\"><strong>Nota<\/strong><\/td>\n<td colspan=\"1\" rowspan=\"1\">Grau cosm\u00e9tico\/grau m\u00e9dico\/grau aliment\u00edcio<\/td>\n<\/tr>\n<tr>\n<td colspan=\"1\" rowspan=\"1\"><strong>Parte da planta usada<\/strong><\/td>\n<td colspan=\"1\" rowspan=\"1\">Lemna minor L. erva inteira<\/td>\n<\/tr>\n<tr>\n<td colspan=\"1\" rowspan=\"1\"><strong>Especifica\u00e7\u00e3o<\/strong><\/td>\n<td colspan=\"1\" rowspan=\"1\">C\u00e1psula; p\u00f3 puro<\/td>\n<\/tr>\n<tr>\n<td colspan=\"1\" rowspan=\"1\"><strong>Pureza<\/strong><\/td>\n<td colspan=\"1\" rowspan=\"1\">99%<\/td>\n<\/tr>\n<\/tbody>\n<\/table>\n<h2><strong>Introdu\u00e7\u00e3o<\/strong><\/h2>\n<p><strong>P\u00f3 de Lentilha-d'\u00e1gua Mankai\u00a0<\/strong>\u00e9<strong>\u00a0<\/strong>feito de uma lentilha-d'\u00e1gua especial, tamb\u00e9m chamada\u00a0<strong>Lemna menor<\/strong>,\u00a0<strong>Lentilha d'\u00e1gua<\/strong>,\u00a0<strong>LENTEINA<\/strong>, e\u00a0<strong>cara, kai<\/strong>, uma planta aqu\u00e1tica que vive na superf\u00edcie da \u00e1gua. S\u00e3o pequenas plantas aqu\u00e1ticas com flores, cultivadas em \u00e1gua doce com temperatura morna, e fazem parte da fam\u00edlia das lentilhas-d'\u00e1gua (Lemna e Wolffia). De acordo com aqueles que tiveram o privil\u00e9gio de obter a forma bruta das lentilhas aqu\u00e1ticas, elas t\u00eam sabor semelhante ao das lentilhas normais (t\u00eam um sabor doce e suave), mas crescem em \u00e1gua rica em nutrientes, e n\u00e3o em solo.<\/p>\n<p><img fetchpriority=\"high\" decoding=\"async\" class=\"wp-image-753 size-full aligncenter\" src=\"http:\/\/wankonbiotech.com\/wp-content\/uploads\/2024\/08\/Mankai-Duckweed-superfood-GettyImages-1330156251-225893cb25d044c89b187173cd254cdd.jpg\" alt=\"P\u00f3 de lentilha-d&#039;\u00e1gua Mankai em uma tigela cercada por plantas de lentilha-d&#039;\u00e1gua.\" width=\"1500\" height=\"1000\" title=\"\" srcset=\"https:\/\/wankonbiotech.com\/wp-content\/uploads\/2024\/08\/Mankai-Duckweed-superfood-GettyImages-1330156251-225893cb25d044c89b187173cd254cdd.jpg 1500w, https:\/\/wankonbiotech.com\/wp-content\/uploads\/2024\/08\/Mankai-Duckweed-superfood-GettyImages-1330156251-225893cb25d044c89b187173cd254cdd-300x200.jpg 300w, https:\/\/wankonbiotech.com\/wp-content\/uploads\/2024\/08\/Mankai-Duckweed-superfood-GettyImages-1330156251-225893cb25d044c89b187173cd254cdd-1024x683.jpg 1024w, https:\/\/wankonbiotech.com\/wp-content\/uploads\/2024\/08\/Mankai-Duckweed-superfood-GettyImages-1330156251-225893cb25d044c89b187173cd254cdd-768x512.jpg 768w, https:\/\/wankonbiotech.com\/wp-content\/uploads\/2024\/08\/Mankai-Duckweed-superfood-GettyImages-1330156251-225893cb25d044c89b187173cd254cdd-600x400.jpg 600w, https:\/\/wankonbiotech.com\/wp-content\/uploads\/2024\/08\/elementor\/thumbs\/Mankai-Duckweed-superfood-GettyImages-1330156251-225893cb25d044c89b187173cd254cdd-qsesa5tgp5gq6j2r2m4ugvxnmzgbwgslqrajhrgb2g.jpg 750w\" sizes=\"(max-width: 1500px) 100vw, 1500px\" \/><\/p>\n<h2><strong>O que \u00e9 p\u00f3 de lentilha-d'\u00e1gua Mankai?<\/strong><\/h2>\n<p>O P\u00f3 de Lentilha-d'\u00e1gua Mankai \u00e9 derivado da lentilha-d'\u00e1gua Mankai, uma pequena planta aqu\u00e1tica verde que cresce na superf\u00edcie da \u00e1gua. Frequentemente chamada de \"lentilha-d'\u00e1gua\", a lentilha-d'\u00e1gua \u00e9 reconhecida por seu r\u00e1pido crescimento e alto teor de prote\u00edna. A lentilha-d'\u00e1gua Mankai, em particular, \u00e9 conhecida por seu perfil nutricional superior. Para criar o P\u00f3 de Lentilha-d'\u00e1gua Mankai, as plantas s\u00e3o colhidas, secas e mo\u00eddas em um p\u00f3 fino que pode ser facilmente incorporado a diversos alimentos e bebidas. Este p\u00f3 \u00e9 rico em prote\u00ednas, amino\u00e1cidos essenciais, vitaminas, minerais e fibras alimentares, tornando-se um suplemento completo e altamente nutritivo.<\/p>\n<h2><strong>Benef\u00edcios nutricionais do p\u00f3 de lentilha-d'\u00e1gua Mankai<\/strong><\/h2>\n<p>O P\u00f3 de Lentilha-d'\u00e1gua Mankai \u00e9 uma pot\u00eancia nutricional, oferecendo uma rica fonte de prote\u00edna vegetal compar\u00e1vel \u00e0s fontes de origem animal. Cada por\u00e7\u00e3o normalmente fornece cerca de 45-50% de prote\u00edna, al\u00e9m de um perfil completo de amino\u00e1cidos, incluindo todos os nove amino\u00e1cidos essenciais que o corpo n\u00e3o consegue produzir sozinho. Isso o torna uma excelente fonte de prote\u00edna para veganos, vegetarianos e qualquer pessoa que queira reduzir sua depend\u00eancia de produtos de origem animal.<\/p>\n<p>Al\u00e9m da prote\u00edna, o P\u00f3 de Lentilha-d'\u00e1gua Mankai \u00e9 rico em nutrientes vitais, como ferro, vitamina B12 e \u00e1cidos graxos \u00f4mega-3. A presen\u00e7a da vitamina B12 \u00e9 particularmente not\u00e1vel, pois \u00e9 rara em alimentos de origem vegetal e essencial para a fun\u00e7\u00e3o nervosa e a produ\u00e7\u00e3o de DNA e gl\u00f3bulos vermelhos. Os \u00e1cidos graxos \u00f4mega-3 contribuem para a sa\u00fade card\u00edaca, reduzem a inflama\u00e7\u00e3o e desempenham um papel importante na fun\u00e7\u00e3o cerebral. O P\u00f3 de Lentilha-d'\u00e1gua Mankai tamb\u00e9m \u00e9 uma boa fonte de antioxidantes, que ajudam a proteger o corpo do estresse oxidativo e a promover a sa\u00fade geral.<\/p>","protected":false},"excerpt":{"rendered":"<p>O P\u00f3 de Lentilha-d'\u00e1gua Mankai \u00e9 uma pot\u00eancia nutricional, oferecendo uma rica fonte de prote\u00edna vegetal compar\u00e1vel \u00e0s fontes de origem animal. Cada por\u00e7\u00e3o normalmente fornece cerca de 45-50% de prote\u00edna, al\u00e9m de um perfil completo de amino\u00e1cidos, incluindo todos os nove amino\u00e1cidos essenciais que o corpo n\u00e3o consegue produzir sozinho. Isso o torna uma excelente fonte de prote\u00edna para veganos, vegetarianos e qualquer pessoa que queira reduzir sua depend\u00eancia de produtos de origem animal.<\/p>","protected":false},"featured_media":752,"template":"","meta":{"_acf_changed":false},"product_brand":[],"product_cat":[39],"product_tag":[],"class_list":{"0":"post-751","1":"product","2":"type-product","3":"status-publish","4":"has-post-thumbnail","6":"product_cat-organic-plant-based-protein","8":"first","9":"instock","10":"shipping-taxable","11":"product-type-simple"},"acf":[],"_links":{"self":[{"href":"https:\/\/wankonbiotech.com\/pt\/wp-json\/wp\/v2\/product\/751","targetHints":{"allow":["GET"]}}],"collection":[{"href":"https:\/\/wankonbiotech.com\/pt\/wp-json\/wp\/v2\/product"}],"about":[{"href":"https:\/\/wankonbiotech.com\/pt\/wp-json\/wp\/v2\/types\/product"}],"wp:featuredmedia":[{"embeddable":true,"href":"https:\/\/wankonbiotech.com\/pt\/wp-json\/wp\/v2\/media\/752"}],"wp:attachment":[{"href":"https:\/\/wankonbiotech.com\/pt\/wp-json\/wp\/v2\/media?parent=751"}],"wp:term":[{"taxonomy":"product_brand","embeddable":true,"href":"https:\/\/wankonbiotech.com\/pt\/wp-json\/wp\/v2\/product_brand?post=751"},{"taxonomy":"product_cat","embeddable":true,"href":"https:\/\/wankonbiotech.com\/pt\/wp-json\/wp\/v2\/product_cat?post=751"},{"taxonomy":"product_tag","embeddable":true,"href":"https:\/\/wankonbiotech.com\/pt\/wp-json\/wp\/v2\/product_tag?post=751"}],"curies":[{"name":"wp","href":"https:\/\/api.w.org\/{rel}","templated":true}]}}