{"id":747,"date":"2024-08-10T15:31:11","date_gmt":"2024-08-10T15:31:11","guid":{"rendered":"http:\/\/wankonbiotech.com\/?post_type=product&#038;p=747"},"modified":"2024-08-11T04:47:25","modified_gmt":"2024-08-11T04:47:25","slug":"factory-wholesale-quinoa-protein-powder-80-quinoa-powder","status":"publish","type":"product","link":"https:\/\/wankonbiotech.com\/pt\/produto\/fabrica-de-proteina-de-quinoa-em-po-por-atacado-80-quinoa-em-po\/","title":{"rendered":"Prote\u00edna de quinoa em p\u00f3 por atacado de f\u00e1brica 80% quinoa em p\u00f3"},"content":{"rendered":"<table>\n<tbody>\n<tr>\n<td><strong>Nome do produto<\/strong><\/td>\n<td>Prote\u00edna em p\u00f3 de quinoa<\/td>\n<\/tr>\n<tr>\n<td><strong>Modelo<\/strong><\/td>\n<td>80%<\/td>\n<\/tr>\n<tr>\n<td><strong>Apar\u00eancia<\/strong><\/td>\n<td>Cor amarelo claro<\/td>\n<\/tr>\n<tr>\n<td><strong>Pe\u00e7a usada<\/strong><\/td>\n<td>Semente de Quinoa<\/td>\n<\/tr>\n<tr>\n<td><strong>Forma<\/strong><\/td>\n<td>P\u00f3<\/td>\n<\/tr>\n<tr>\n<td><strong>Tecnologia de Produ\u00e7\u00e3o<\/strong><\/td>\n<td>Secagem por pulveriza\u00e7\u00e3o<\/td>\n<\/tr>\n<tr>\n<td><strong>Nota<\/strong><\/td>\n<td>Ingredientes alimentares<\/td>\n<\/tr>\n<tr>\n<td><strong>Armazenar<\/strong><\/td>\n<td>em boas condi\u00e7\u00f5es de armazenamento e armazenado longe da luz solar direta<\/td>\n<\/tr>\n<tr>\n<td><strong>Prazo de validade<\/strong><\/td>\n<td>2 anos<\/td>\n<\/tr>\n<tr>\n<td><strong>Prazo de entrega<\/strong><\/td>\n<td>1-2 dias ap\u00f3s o seu pagamento<\/td>\n<\/tr>\n<\/tbody>\n<\/table>\n<h2><strong>Introdu\u00e7\u00e3o<\/strong><\/h2>\n<p><strong>Prote\u00edna em p\u00f3 de quinoa<\/strong>\u00a0\u00e9 um dos \u00fanicos alimentos de origem vegetal considerado uma prote\u00edna completa, pois fornece todos os amino\u00e1cidos essenciais. Constitui aproximadamente 60% do gr\u00e3o de quinoa, enquanto o g\u00e9rmen de trigo, em compara\u00e7\u00e3o, constitui apenas 3% de um gr\u00e3o de trigo. Isso torna a quinoa um substituto saud\u00e1vel para a prote\u00edna da carne e dos latic\u00ednios, especialmente para controlar o peso, e seu alto teor de prote\u00edna ajuda voc\u00ea a se sentir satisfeito por mais tempo. A quinoa tamb\u00e9m \u00e9 uma op\u00e7\u00e3o sem gl\u00faten para pessoas com alergia ao trigo.<\/p>\n<p><img fetchpriority=\"high\" decoding=\"async\" class=\"wp-image-750 size-full aligncenter\" src=\"http:\/\/wankonbiotech.com\/wp-content\/uploads\/2024\/08\/quinoa-protein-powder-1024x661-1.jpg\" alt=\"Prote\u00edna em p\u00f3 de quinoa\" width=\"1024\" height=\"661\" title=\"\" srcset=\"https:\/\/wankonbiotech.com\/wp-content\/uploads\/2024\/08\/quinoa-protein-powder-1024x661-1.jpg 1024w, https:\/\/wankonbiotech.com\/wp-content\/uploads\/2024\/08\/quinoa-protein-powder-1024x661-1-300x194.jpg 300w, https:\/\/wankonbiotech.com\/wp-content\/uploads\/2024\/08\/quinoa-protein-powder-1024x661-1-768x496.jpg 768w, https:\/\/wankonbiotech.com\/wp-content\/uploads\/2024\/08\/quinoa-protein-powder-1024x661-1-600x387.jpg 600w\" sizes=\"(max-width: 1024px) 100vw, 1024px\" \/><br \/>\nAo contr\u00e1rio da maioria das outras fontes de prote\u00edna vegetal, a quinoa \u00e9 considerada uma fonte proteica de alta qualidade, com todos os nove amino\u00e1cidos essenciais. A quinoa cont\u00e9m uma quantidade excepcionalmente alta de lisina, um amino\u00e1cido geralmente ausente em fontes vegetais, e \u00e9 rica em histidina e metionina. A digestibilidade da prote\u00edna da quinoa \u00e9 compar\u00e1vel \u00e0 da case\u00edna \u2013 uma prote\u00edna de alta qualidade encontrada em latic\u00ednios.<\/p>\n<h2><strong>O que \u00e9 prote\u00edna de quinoa em p\u00f3?<\/strong><\/h2>\n<p>A Prote\u00edna em P\u00f3 de Quinoa \u00e9 produzida a partir do processamento de sementes de quinoa, um pseudocereal nativo da regi\u00e3o andina da Am\u00e9rica do Sul. As sementes s\u00e3o colhidas, limpas e mo\u00eddas at\u00e9 formar um p\u00f3 fino, rico em prote\u00ednas, fibras e amino\u00e1cidos essenciais. Ao contr\u00e1rio de muitas outras prote\u00ednas vegetais, a quinoa \u00e9 uma prote\u00edna completa, o que significa que cont\u00e9m todos os nove amino\u00e1cidos essenciais que o corpo n\u00e3o consegue produzir sozinho. Isso torna a Prote\u00edna em P\u00f3 de Quinoa uma fonte de prote\u00edna altamente valiosa, especialmente para quem segue dietas veganas ou vegetarianas.<\/p>\n<h2><strong>Benef\u00edcios nutricionais da prote\u00edna de quinoa em p\u00f3<\/strong><\/h2>\n<p>A Prote\u00edna em P\u00f3 de Quinoa \u00e9 uma pot\u00eancia nutricional, fornecendo uma excelente fonte de prote\u00edna de alta qualidade. Cada por\u00e7\u00e3o normalmente cont\u00e9m cerca de 12 a 15 gramas de prote\u00edna, dependendo do m\u00e9todo de processamento. Al\u00e9m da prote\u00edna, a quinoa tamb\u00e9m \u00e9 rica em fibras alimentares, que auxiliam na digest\u00e3o e na manuten\u00e7\u00e3o de um peso saud\u00e1vel, promovendo uma sensa\u00e7\u00e3o de saciedade. Al\u00e9m disso, a Prote\u00edna em P\u00f3 de Quinoa \u00e9 rica em vitaminas e minerais essenciais, incluindo magn\u00e9sio, ferro e vitaminas do complexo B, que auxiliam na produ\u00e7\u00e3o de energia, na sa\u00fade \u00f3ssea e na vitalidade geral.<\/p>\n<p><img decoding=\"async\" class=\"wp-image-749 size-large aligncenter\" src=\"http:\/\/wankonbiotech.com\/wp-content\/uploads\/2024\/08\/quinoa-flour-scaled-1-1024x485.webp\" alt=\"Prote\u00edna em p\u00f3 de quinoa\" width=\"1024\" height=\"485\" title=\"\" srcset=\"https:\/\/wankonbiotech.com\/wp-content\/uploads\/2024\/08\/quinoa-flour-scaled-1-1024x485.webp 1024w, https:\/\/wankonbiotech.com\/wp-content\/uploads\/2024\/08\/quinoa-flour-scaled-1-300x142.webp 300w, https:\/\/wankonbiotech.com\/wp-content\/uploads\/2024\/08\/quinoa-flour-scaled-1-768x363.webp 768w, https:\/\/wankonbiotech.com\/wp-content\/uploads\/2024\/08\/quinoa-flour-scaled-1-1536x727.webp 1536w, https:\/\/wankonbiotech.com\/wp-content\/uploads\/2024\/08\/quinoa-flour-scaled-1-600x284.webp 600w, https:\/\/wankonbiotech.com\/wp-content\/uploads\/2024\/08\/quinoa-flour-scaled-1.webp 2048w\" sizes=\"(max-width: 1024px) 100vw, 1024px\" \/><\/p>\n<p>Outro benef\u00edcio not\u00e1vel da Prote\u00edna de Quinoa em P\u00f3 \u00e9 seu teor de antioxidantes, especialmente quercetina e kaempferol, que ajudam a proteger o corpo do estresse oxidativo e da inflama\u00e7\u00e3o. As gorduras saud\u00e1veis \u200b\u200bpresentes na quinoa, incluindo os \u00e1cidos graxos \u00f4mega-3 e \u00f4mega-6, contribuem ainda mais para seu perfil nutricional, promovendo a sa\u00fade card\u00edaca e reduzindo o risco de doen\u00e7as cr\u00f4nicas.<\/p>\n<p>Para explorar mais sobre esta e outras prote\u00ednas vegetais, visite <a href=\"http:\/\/wankonbiotech.com\/pt\/categoria-de-produto\/proteina-vegetal-organica\/\" target=\"_new\" rel=\"noreferrer noopener\">Categoria de Prote\u00ednas Org\u00e2nicas \u00e0 Base de Plantas da Wankon Biotech<\/a>.<\/p>","protected":false},"excerpt":{"rendered":"<p>A prote\u00edna em p\u00f3 de quinoa \u00e9 um dos \u00fanicos alimentos vegetais considerados uma prote\u00edna completa, pois fornece todos os amino\u00e1cidos essenciais. Ela comp\u00f5e aproximadamente 60% do gr\u00e3o de quinoa, enquanto o g\u00e9rmen de trigo, em compara\u00e7\u00e3o, comp\u00f5e apenas 3% de um gr\u00e3o de trigo. Isso torna a quinoa um substituto saud\u00e1vel para a prote\u00edna da carne e dos latic\u00ednios, especialmente para controlar o peso, e seu alto teor de prote\u00edna ajuda voc\u00ea a se sentir satisfeito por mais tempo. A quinoa tamb\u00e9m \u00e9 uma op\u00e7\u00e3o sem gl\u00faten para pessoas com alergia ao trigo.<\/p>","protected":false},"featured_media":748,"template":"","meta":{"_acf_changed":false},"product_brand":[],"product_cat":[39],"product_tag":[],"class_list":{"0":"post-747","1":"product","2":"type-product","3":"status-publish","4":"has-post-thumbnail","6":"product_cat-organic-plant-based-protein","8":"first","9":"instock","10":"shipping-taxable","11":"product-type-simple"},"acf":[],"_links":{"self":[{"href":"https:\/\/wankonbiotech.com\/pt\/wp-json\/wp\/v2\/product\/747","targetHints":{"allow":["GET"]}}],"collection":[{"href":"https:\/\/wankonbiotech.com\/pt\/wp-json\/wp\/v2\/product"}],"about":[{"href":"https:\/\/wankonbiotech.com\/pt\/wp-json\/wp\/v2\/types\/product"}],"wp:featuredmedia":[{"embeddable":true,"href":"https:\/\/wankonbiotech.com\/pt\/wp-json\/wp\/v2\/media\/748"}],"wp:attachment":[{"href":"https:\/\/wankonbiotech.com\/pt\/wp-json\/wp\/v2\/media?parent=747"}],"wp:term":[{"taxonomy":"product_brand","embeddable":true,"href":"https:\/\/wankonbiotech.com\/pt\/wp-json\/wp\/v2\/product_brand?post=747"},{"taxonomy":"product_cat","embeddable":true,"href":"https:\/\/wankonbiotech.com\/pt\/wp-json\/wp\/v2\/product_cat?post=747"},{"taxonomy":"product_tag","embeddable":true,"href":"https:\/\/wankonbiotech.com\/pt\/wp-json\/wp\/v2\/product_tag?post=747"}],"curies":[{"name":"wp","href":"https:\/\/api.w.org\/{rel}","templated":true}]}}