{"id":741,"date":"2024-08-10T15:14:46","date_gmt":"2024-08-10T15:14:46","guid":{"rendered":"http:\/\/wankonbiotech.com\/?post_type=product&#038;p=741"},"modified":"2024-08-11T04:41:43","modified_gmt":"2024-08-11T04:41:43","slug":"pure-natural-organic-watermelon-seed-protein-powder-bulk-wholesale","status":"publish","type":"product","link":"https:\/\/wankonbiotech.com\/pt\/produto\/proteina-de-semente-de-melancia-organica-natural-pura-em-po-a-granel-no-atacado\/","title":{"rendered":"Prote\u00edna em p\u00f3 de semente de melancia org\u00e2nica natural pura a granel"},"content":{"rendered":"<table>\n<tbody>\n<tr>\n<td width=\"284\"><strong>Nome latino<\/strong><\/td>\n<td width=\"284\">\u00a0Citrullus lanatus<\/td>\n<\/tr>\n<tr>\n<td width=\"284\"><strong>Apar\u00eancia<\/strong><\/td>\n<td width=\"284\">\u00a0P\u00f3 esbranqui\u00e7ado<\/td>\n<\/tr>\n<tr>\n<td width=\"284\"><strong>Especifica\u00e7\u00e3o<\/strong><\/td>\n<td width=\"284\">\u00a0Prote\u00edna 50% 60%<\/td>\n<\/tr>\n<\/tbody>\n<\/table>\n<h2><strong>Introdu\u00e7\u00e3o<\/strong><\/h2>\n<p>A prote\u00edna da semente de melancia \u00e9 uma prote\u00edna vegetal derivada das sementes da melancia (Citrullus Lanatus). \u00c9 uma rica fonte de amino\u00e1cidos essenciais, tornando-se uma excelente op\u00e7\u00e3o para vegetarianos e veganos que buscam aumentar a ingest\u00e3o de prote\u00ednas. A prote\u00edna \u00e9 normalmente extra\u00edda das sementes por meio de v\u00e1rios m\u00e9todos, como prensagem a frio, desengorduramento e moagem.<\/p>\n<p>Esta prote\u00edna de semente \u00e9 uma boa fonte de amino\u00e1cidos e nutrientes essenciais. Normalmente cont\u00e9m um perfil completo de amino\u00e1cidos, incluindo amino\u00e1cidos de cadeia ramificada (BCAAs), como leucina, isoleucina e valina, importantes para o crescimento e reparo muscular. Al\u00e9m disso, esta prote\u00edna \u00e9 rica em arginina, um amino\u00e1cido que desempenha um papel em v\u00e1rios processos fisiol\u00f3gicos, como fun\u00e7\u00e3o imunol\u00f3gica, cicatriza\u00e7\u00e3o de feridas e secre\u00e7\u00e3o hormonal.<\/p>\n<p><img fetchpriority=\"high\" decoding=\"async\" class=\"wp-image-743 size-full aligncenter\" src=\"http:\/\/wankonbiotech.com\/wp-content\/uploads\/2024\/08\/Watermelon-Seed-side-effects-10-1.jpg\" alt=\"Prote\u00edna de semente de melancia\" width=\"1200\" height=\"900\" title=\"\" srcset=\"https:\/\/wankonbiotech.com\/wp-content\/uploads\/2024\/08\/Watermelon-Seed-side-effects-10-1.jpg 1200w, https:\/\/wankonbiotech.com\/wp-content\/uploads\/2024\/08\/Watermelon-Seed-side-effects-10-1-300x225.jpg 300w, https:\/\/wankonbiotech.com\/wp-content\/uploads\/2024\/08\/Watermelon-Seed-side-effects-10-1-1024x768.jpg 1024w, https:\/\/wankonbiotech.com\/wp-content\/uploads\/2024\/08\/Watermelon-Seed-side-effects-10-1-768x576.jpg 768w, https:\/\/wankonbiotech.com\/wp-content\/uploads\/2024\/08\/Watermelon-Seed-side-effects-10-1-600x450.jpg 600w\" sizes=\"(max-width: 1200px) 100vw, 1200px\" \/><\/p>\n<h2><strong>O que \u00e9 prote\u00edna de semente de melancia?<\/strong><\/h2>\n<p>A Prote\u00edna de Semente de Melancia \u00e9 derivada das sementes de melancia, especificamente das sementes que frequentemente s\u00e3o descartadas ap\u00f3s o consumo da fruta. Essas sementes s\u00e3o limpas, secas e prensadas a frio para extrair o \u00f3leo, resultando em uma torta de sementes rica em nutrientes. Essa torta \u00e9 ent\u00e3o finamente mo\u00edda at\u00e9 virar um p\u00f3, resultando em um suplemento rico em prote\u00edna, vers\u00e1til e nutritivo. A Prote\u00edna de Semente de Melancia \u00e9 uma excelente fonte de prote\u00edna vegetal, fornecendo um perfil completo de amino\u00e1cidos, al\u00e9m de vitaminas, minerais e gorduras saud\u00e1veis.<\/p>\n<p><img decoding=\"async\" class=\"wp-image-746 size-full aligncenter\" src=\"http:\/\/wankonbiotech.com\/wp-content\/uploads\/2024\/08\/how-to-eat-melon-seeds-1706228877.jpg\" alt=\"\" width=\"1500\" height=\"1000\" title=\"\" srcset=\"https:\/\/wankonbiotech.com\/wp-content\/uploads\/2024\/08\/how-to-eat-melon-seeds-1706228877.jpg 1500w, https:\/\/wankonbiotech.com\/wp-content\/uploads\/2024\/08\/how-to-eat-melon-seeds-1706228877-300x200.jpg 300w, https:\/\/wankonbiotech.com\/wp-content\/uploads\/2024\/08\/how-to-eat-melon-seeds-1706228877-1024x683.jpg 1024w, https:\/\/wankonbiotech.com\/wp-content\/uploads\/2024\/08\/how-to-eat-melon-seeds-1706228877-768x512.jpg 768w, https:\/\/wankonbiotech.com\/wp-content\/uploads\/2024\/08\/how-to-eat-melon-seeds-1706228877-600x400.jpg 600w\" sizes=\"(max-width: 1500px) 100vw, 1500px\" \/><\/p>\n<h2><strong>Benef\u00edcios nutricionais da prote\u00edna da semente de melancia<\/strong><\/h2>\n<p>A Prote\u00edna de Semente de Melancia \u00e9 uma pot\u00eancia nutricional, oferecendo uma rica fonte de prote\u00edna essencial para a repara\u00e7\u00e3o muscular, crescimento e fun\u00e7\u00e3o geral do corpo. Cada por\u00e7\u00e3o de Prote\u00edna de Semente de Melancia fornece uma quantidade significativa de prote\u00edna, normalmente em torno de 60% por peso, tornando-se uma excelente op\u00e7\u00e3o para quem busca aumentar a ingest\u00e3o de prote\u00edna. Al\u00e9m de prote\u00edna, tamb\u00e9m \u00e9 uma boa fonte de amino\u00e1cidos essenciais, incluindo arginina, que contribui para a sa\u00fade cardiovascular.<\/p>\n<p>Al\u00e9m disso, a Prote\u00edna de Semente de Melancia \u00e9 rica em nutrientes vitais, como magn\u00e9sio, ferro e zinco. O magn\u00e9sio \u00e9 essencial para a fun\u00e7\u00e3o muscular e a produ\u00e7\u00e3o de energia, enquanto o ferro contribui para a circula\u00e7\u00e3o sangu\u00ednea saud\u00e1vel e previne a anemia. O zinco desempenha um papel crucial na fun\u00e7\u00e3o imunol\u00f3gica e na cicatriza\u00e7\u00e3o de feridas. A Prote\u00edna de Semente de Melancia tamb\u00e9m \u00e9 baixa em carboidratos e cont\u00e9m gorduras saud\u00e1veis, incluindo \u00e1cidos graxos \u00f4mega-6, que s\u00e3o ben\u00e9ficos para a sa\u00fade card\u00edaca e reduzem a inflama\u00e7\u00e3o.<\/p>\n<p>Para explorar mais sobre esta e outras prote\u00ednas vegetais, visite <a href=\"http:\/\/wankonbiotech.com\/pt\/categoria-de-produto\/proteina-vegetal-organica\/\" target=\"_new\" rel=\"noreferrer noopener\">Categoria de Prote\u00ednas Org\u00e2nicas \u00e0 Base de Plantas da Wankon Biotech<\/a>.<\/p>","protected":false},"excerpt":{"rendered":"<p>A prote\u00edna da semente de melancia \u00e9 uma prote\u00edna vegetal derivada das sementes da melancia (Citrullus Lanatus). \u00c9 uma rica fonte de amino\u00e1cidos essenciais, tornando-se uma excelente op\u00e7\u00e3o para vegetarianos e veganos que buscam aumentar a ingest\u00e3o de prote\u00ednas. A prote\u00edna \u00e9 normalmente extra\u00edda das sementes por meio de v\u00e1rios m\u00e9todos, como prensagem a frio, desengorduramento e moagem.<\/p>","protected":false},"featured_media":742,"template":"","meta":{"_acf_changed":false},"product_brand":[],"product_cat":[39],"product_tag":[],"class_list":{"0":"post-741","1":"product","2":"type-product","3":"status-publish","4":"has-post-thumbnail","6":"product_cat-organic-plant-based-protein","8":"first","9":"instock","10":"shipping-taxable","11":"product-type-simple"},"acf":[],"_links":{"self":[{"href":"https:\/\/wankonbiotech.com\/pt\/wp-json\/wp\/v2\/product\/741","targetHints":{"allow":["GET"]}}],"collection":[{"href":"https:\/\/wankonbiotech.com\/pt\/wp-json\/wp\/v2\/product"}],"about":[{"href":"https:\/\/wankonbiotech.com\/pt\/wp-json\/wp\/v2\/types\/product"}],"wp:featuredmedia":[{"embeddable":true,"href":"https:\/\/wankonbiotech.com\/pt\/wp-json\/wp\/v2\/media\/742"}],"wp:attachment":[{"href":"https:\/\/wankonbiotech.com\/pt\/wp-json\/wp\/v2\/media?parent=741"}],"wp:term":[{"taxonomy":"product_brand","embeddable":true,"href":"https:\/\/wankonbiotech.com\/pt\/wp-json\/wp\/v2\/product_brand?post=741"},{"taxonomy":"product_cat","embeddable":true,"href":"https:\/\/wankonbiotech.com\/pt\/wp-json\/wp\/v2\/product_cat?post=741"},{"taxonomy":"product_tag","embeddable":true,"href":"https:\/\/wankonbiotech.com\/pt\/wp-json\/wp\/v2\/product_tag?post=741"}],"curies":[{"name":"wp","href":"https:\/\/api.w.org\/{rel}","templated":true}]}}