{"id":718,"date":"2024-08-10T10:58:21","date_gmt":"2024-08-10T10:58:21","guid":{"rendered":"http:\/\/wankonbiotech.com\/?post_type=product&#038;p=718"},"modified":"2024-08-10T11:03:11","modified_gmt":"2024-08-10T11:03:11","slug":"high-purity-lupine-seed-protein","status":"publish","type":"product","link":"https:\/\/wankonbiotech.com\/pt\/produto\/proteina-de-semente-de-tremoco-de-alta-pureza\/","title":{"rendered":"Prote\u00edna de semente de tremo\u00e7o de alta pureza"},"content":{"rendered":"<table>\n<tbody>\n<tr>\n<td width=\"284\"><strong>Outro nome de produto<\/strong><\/td>\n<td width=\"284\">Prote\u00edna de tremo\u00e7o<\/td>\n<\/tr>\n<tr>\n<td width=\"284\"><strong>Nome latino<\/strong><\/td>\n<td width=\"284\">\u00a0Lupinus micranthus Guss.<\/td>\n<\/tr>\n<tr>\n<td width=\"284\"><strong>Especifica\u00e7\u00e3o<\/strong><\/td>\n<td width=\"284\">60%~65%<\/td>\n<\/tr>\n<tr>\n<td width=\"284\"><strong>Apar\u00eancia<\/strong><\/td>\n<td width=\"284\">\u00a0P\u00f3 Off White<\/td>\n<\/tr>\n<\/tbody>\n<\/table>\n<h2><strong>Introdu\u00e7\u00e3o<\/strong><\/h2>\n<p>A prote\u00edna da semente de tremo\u00e7o \u00e9 uma prote\u00edna derivada das sementes de tremo\u00e7o, plantas da fam\u00edlia das leguminosas. A prote\u00edna da semente de tremo\u00e7o \u00e9 considerada uma prote\u00edna vegetal de alta qualidade, pois \u00e9 rica em amino\u00e1cidos essenciais e possui alto teor proteico. Pode ser usada em produtos aliment\u00edcios como fonte de prote\u00edna, especialmente em produtos veganos e vegetarianos, e tamb\u00e9m tem aplica\u00e7\u00f5es potenciais na ind\u00fastria de ra\u00e7\u00e3o animal. Al\u00e9m disso, a prote\u00edna da semente de tremo\u00e7o pode trazer benef\u00edcios \u00e0 sa\u00fade, como auxiliar no crescimento muscular e fornecer uma fonte de energia.<\/p>\n<p><img fetchpriority=\"high\" decoding=\"async\" class=\"alignnone wp-image-721 size-full\" src=\"http:\/\/wankonbiotech.com\/wp-content\/uploads\/2024\/08\/shutterstock_1758089033-scaled-e1657039272498.jpg\" alt=\"Prote\u00edna de semente de tremo\u00e7o\" width=\"1600\" height=\"1067\" title=\"\" srcset=\"https:\/\/wankonbiotech.com\/wp-content\/uploads\/2024\/08\/shutterstock_1758089033-scaled-e1657039272498.jpg 1600w, https:\/\/wankonbiotech.com\/wp-content\/uploads\/2024\/08\/shutterstock_1758089033-scaled-e1657039272498-300x200.jpg 300w, https:\/\/wankonbiotech.com\/wp-content\/uploads\/2024\/08\/shutterstock_1758089033-scaled-e1657039272498-1024x683.jpg 1024w, https:\/\/wankonbiotech.com\/wp-content\/uploads\/2024\/08\/shutterstock_1758089033-scaled-e1657039272498-768x512.jpg 768w, https:\/\/wankonbiotech.com\/wp-content\/uploads\/2024\/08\/shutterstock_1758089033-scaled-e1657039272498-1536x1024.jpg 1536w, https:\/\/wankonbiotech.com\/wp-content\/uploads\/2024\/08\/shutterstock_1758089033-scaled-e1657039272498-600x400.jpg 600w\" sizes=\"(max-width: 1600px) 100vw, 1600px\" \/><br \/>\nA prote\u00edna da semente de tremo\u00e7o cont\u00e9m uma variedade de ingredientes ativos, consistindo principalmente de amino\u00e1cidos essenciais, como leucina, isoleucina, valina, lisina e outros. Esses amino\u00e1cidos s\u00e3o componentes importantes das prote\u00ednas e desempenham pap\u00e9is cruciais em v\u00e1rios processos fisiol\u00f3gicos do corpo. Al\u00e9m disso, a prote\u00edna da semente de tremo\u00e7o tamb\u00e9m pode conter fitoqu\u00edmicos, fibras e outros nutrientes naturalmente presentes nas sementes de tremo\u00e7o. Essa fonte de prote\u00edna \u00e9 frequentemente utilizada em produtos aliment\u00edcios e suplementos de origem vegetal devido ao seu valor nutricional e propriedades funcionais.<\/p>\n<h2><strong>O que \u00e9 prote\u00edna de semente de tremo\u00e7o?<\/strong><\/h2>\n<p>A Prote\u00edna de Semente de Tremo\u00e7o \u00e9 uma prote\u00edna vegetal derivada das sementes do tremo\u00e7o, que pertence \u00e0 fam\u00edlia das leguminosas. A prote\u00edna \u00e9 extra\u00edda por meio de um processo que envolve o descascamento e a moagem das sementes para criar um p\u00f3 fino e rico em nutrientes. A Prote\u00edna de Semente de Tremo\u00e7o \u00e9 reconhecida por seu alto teor de prote\u00edna, que pode variar de 60% a 65%, tornando-a uma das fontes de prote\u00edna vegetal mais ricas dispon\u00edveis. Al\u00e9m de rica em prote\u00ednas, a Prote\u00edna de Semente de Tremo\u00e7o \u00e9 naturalmente isenta de gl\u00faten, pobre em gordura e rica em fibras alimentares, amino\u00e1cidos essenciais e minerais importantes.<\/p>\n<h2><strong>Benef\u00edcios nutricionais da prote\u00edna da semente de tremo\u00e7o<\/strong><\/h2>\n<p>Uma das caracter\u00edsticas marcantes da Prote\u00edna de Semente de Tremo\u00e7o \u00e9 seu perfil nutricional completo. Esta prote\u00edna \u00e9 uma fonte completa de amino\u00e1cidos essenciais, cruciais para a repara\u00e7\u00e3o muscular, a fun\u00e7\u00e3o imunol\u00f3gica e a sa\u00fade em geral. Com seu alto teor proteico, a Prote\u00edna de Semente de Tremo\u00e7o \u00e9 uma excelente op\u00e7\u00e3o para quem busca aumentar a ingest\u00e3o de prote\u00ednas sem depender de produtos de origem animal. Tamb\u00e9m \u00e9 rica em fibras alimentares, que contribuem para a sa\u00fade digestiva, ajudam a manter os n\u00edveis de a\u00e7\u00facar no sangue est\u00e1veis \u200b\u200be promovem a sensa\u00e7\u00e3o de saciedade, auxiliando no controle de peso.<\/p>\n<p><img decoding=\"async\" class=\"wp-image-720 size-full aligncenter\" src=\"http:\/\/wankonbiotech.com\/wp-content\/uploads\/2024\/08\/kassey-downard-5s-ajSqziUE-unsplash.webp\" alt=\"Prote\u00edna de semente de tremo\u00e7o\" width=\"1000\" height=\"662\" title=\"\" srcset=\"https:\/\/wankonbiotech.com\/wp-content\/uploads\/2024\/08\/kassey-downard-5s-ajSqziUE-unsplash.webp 1000w, https:\/\/wankonbiotech.com\/wp-content\/uploads\/2024\/08\/kassey-downard-5s-ajSqziUE-unsplash-300x199.webp 300w, https:\/\/wankonbiotech.com\/wp-content\/uploads\/2024\/08\/kassey-downard-5s-ajSqziUE-unsplash-768x508.webp 768w, https:\/\/wankonbiotech.com\/wp-content\/uploads\/2024\/08\/kassey-downard-5s-ajSqziUE-unsplash-600x397.webp 600w\" sizes=\"(max-width: 1000px) 100vw, 1000px\" \/><\/p>\n<p>Al\u00e9m disso, a Prote\u00edna de Semente de Tremo\u00e7o \u00e9 uma boa fonte de magn\u00e9sio, c\u00e1lcio e pot\u00e1ssio \u2014 minerais vitais para a sa\u00fade \u00f3ssea, a fun\u00e7\u00e3o muscular e a sa\u00fade cardiovascular. Ao contr\u00e1rio de muitas outras prote\u00ednas vegetais, a Prote\u00edna de Semente de Tremo\u00e7o tem baixo \u00edndice glic\u00eamico, tornando-a uma escolha ideal para pessoas com diabetes ou que seguem dietas com baixo teor de carboidratos.<\/p>","protected":false},"excerpt":{"rendered":"<p>A prote\u00edna da semente de tremo\u00e7o \u00e9 uma prote\u00edna derivada das sementes de tremo\u00e7o, plantas da fam\u00edlia das leguminosas. A prote\u00edna da semente de tremo\u00e7o \u00e9 considerada uma prote\u00edna vegetal de alta qualidade, pois \u00e9 rica em amino\u00e1cidos essenciais e possui alto teor proteico. Pode ser usada em produtos aliment\u00edcios como fonte de prote\u00edna, particularmente em produtos veganos e vegetarianos, e tamb\u00e9m tem aplica\u00e7\u00f5es potenciais na ind\u00fastria de ra\u00e7\u00e3o animal.<\/p>","protected":false},"featured_media":719,"template":"","meta":{"_acf_changed":false},"product_brand":[],"product_cat":[39],"product_tag":[],"class_list":{"0":"post-718","1":"product","2":"type-product","3":"status-publish","4":"has-post-thumbnail","6":"product_cat-organic-plant-based-protein","8":"first","9":"instock","10":"shipping-taxable","11":"product-type-simple"},"acf":[],"_links":{"self":[{"href":"https:\/\/wankonbiotech.com\/pt\/wp-json\/wp\/v2\/product\/718","targetHints":{"allow":["GET"]}}],"collection":[{"href":"https:\/\/wankonbiotech.com\/pt\/wp-json\/wp\/v2\/product"}],"about":[{"href":"https:\/\/wankonbiotech.com\/pt\/wp-json\/wp\/v2\/types\/product"}],"wp:featuredmedia":[{"embeddable":true,"href":"https:\/\/wankonbiotech.com\/pt\/wp-json\/wp\/v2\/media\/719"}],"wp:attachment":[{"href":"https:\/\/wankonbiotech.com\/pt\/wp-json\/wp\/v2\/media?parent=718"}],"wp:term":[{"taxonomy":"product_brand","embeddable":true,"href":"https:\/\/wankonbiotech.com\/pt\/wp-json\/wp\/v2\/product_brand?post=718"},{"taxonomy":"product_cat","embeddable":true,"href":"https:\/\/wankonbiotech.com\/pt\/wp-json\/wp\/v2\/product_cat?post=718"},{"taxonomy":"product_tag","embeddable":true,"href":"https:\/\/wankonbiotech.com\/pt\/wp-json\/wp\/v2\/product_tag?post=718"}],"curies":[{"name":"wp","href":"https:\/\/api.w.org\/{rel}","templated":true}]}}