{"id":709,"date":"2024-08-10T09:35:52","date_gmt":"2024-08-10T09:35:52","guid":{"rendered":"http:\/\/wankonbiotech.com\/?post_type=product&#038;p=709"},"modified":"2024-08-10T09:39:24","modified_gmt":"2024-08-10T09:39:24","slug":"pure-organic-almond-powder-cheap-high-quality-almond-protein-powder","status":"publish","type":"product","link":"https:\/\/wankonbiotech.com\/pt\/produto\/po-de-amendoa-organico-puro-proteina-de-amendoa-em-po-barata-e-de-alta-qualidade\/","title":{"rendered":"P\u00f3 de am\u00eandoa org\u00e2nico puro, prote\u00edna de am\u00eandoa em p\u00f3 de alta qualidade e baixo custo"},"content":{"rendered":"<table class=\"hight-light-first-column all magic-12\">\n<tbody>\n<tr>\n<td colspan=\"1\" rowspan=\"1\">\n<div><strong>Nome do produto<\/strong><\/div>\n<\/td>\n<td colspan=\"1\" rowspan=\"1\">\n<div>Prote\u00edna de am\u00eandoa em p\u00f3<\/div>\n<\/td>\n<\/tr>\n<tr>\n<td colspan=\"1\" rowspan=\"1\">\n<div><strong>Apar\u00eancia<\/strong><\/div>\n<\/td>\n<td colspan=\"4\" rowspan=\"1\">\n<div>P\u00f3 Off White<\/div>\n<\/td>\n<\/tr>\n<tr>\n<td colspan=\"1\" rowspan=\"1\">\n<div><strong>Especifica\u00e7\u00e3o<\/strong><\/div>\n<\/td>\n<td colspan=\"4\" rowspan=\"1\">\n<div>90%<\/div>\n<\/td>\n<\/tr>\n<\/tbody>\n<\/table>\n<h2><strong>Introdu\u00e7\u00e3o<\/strong><\/h2>\n<p>No mundo em constante expans\u00e3o da nutri\u00e7\u00e3o \u00e0 base de plantas, a Prote\u00edna de Am\u00eandoas em P\u00f3 surgiu como uma alternativa \u00fanica e rica em nutrientes \u00e0s fontes tradicionais de prote\u00edna. Derivada de am\u00eandoas finamente mo\u00eddas, essa prote\u00edna em p\u00f3 vem ganhando popularidade entre consumidores preocupados com a sa\u00fade e entusiastas do fitness. Conhecida por seu rico perfil nutricional e aplica\u00e7\u00f5es vers\u00e1teis, a Prote\u00edna de Am\u00eandoas em P\u00f3 \u00e9 mais do que apenas uma fonte de prote\u00edna; \u00e9 uma fonte de vitaminas, minerais e gorduras saud\u00e1veis \u200b\u200bque contribuem para o bem-estar geral. Este artigo analisa os diversos benef\u00edcios, usos e raz\u00f5es pelas quais a Prote\u00edna de Am\u00eandoas em P\u00f3 \u00e9 uma escolha superior no mercado de prote\u00ednas \u00e0 base de plantas.<\/p>\n<p><img fetchpriority=\"high\" decoding=\"async\" class=\"alignnone wp-image-712 size-full\" src=\"http:\/\/wankonbiotech.com\/wp-content\/uploads\/2024\/08\/Recipe-For-Almond-Meal-MSN-BCE.jpg\" alt=\"Prote\u00edna de am\u00eandoa em p\u00f3\" width=\"1600\" height=\"900\" title=\"\" srcset=\"https:\/\/wankonbiotech.com\/wp-content\/uploads\/2024\/08\/Recipe-For-Almond-Meal-MSN-BCE.jpg 1600w, https:\/\/wankonbiotech.com\/wp-content\/uploads\/2024\/08\/Recipe-For-Almond-Meal-MSN-BCE-300x169.jpg 300w, https:\/\/wankonbiotech.com\/wp-content\/uploads\/2024\/08\/Recipe-For-Almond-Meal-MSN-BCE-1024x576.jpg 1024w, https:\/\/wankonbiotech.com\/wp-content\/uploads\/2024\/08\/Recipe-For-Almond-Meal-MSN-BCE-768x432.jpg 768w, https:\/\/wankonbiotech.com\/wp-content\/uploads\/2024\/08\/Recipe-For-Almond-Meal-MSN-BCE-1536x864.jpg 1536w, https:\/\/wankonbiotech.com\/wp-content\/uploads\/2024\/08\/Recipe-For-Almond-Meal-MSN-BCE-600x338.jpg 600w\" sizes=\"(max-width: 1600px) 100vw, 1600px\" \/><\/p>\n<h2><strong>O que \u00e9 prote\u00edna de am\u00eandoa em p\u00f3?<\/strong><\/h2>\n<p>A Prote\u00edna em P\u00f3 de Am\u00eandoa \u00e9 produzida pelo processamento de am\u00eandoas inteiras em um p\u00f3 fino ap\u00f3s a extra\u00e7\u00e3o do \u00f3leo. Esse processo preserva o teor proteico, ao mesmo tempo em que ret\u00e9m muitos dos nutrientes ben\u00e9ficos encontrados nas am\u00eandoas. O resultado \u00e9 um p\u00f3 de cor clara com um sabor suave de nozes, tornando-o um ingrediente vers\u00e1til para uma variedade de aplica\u00e7\u00f5es culin\u00e1rias. Ao contr\u00e1rio de muitas outras prote\u00ednas em p\u00f3, a Prote\u00edna em P\u00f3 de Am\u00eandoa \u00e9 naturalmente rica em fibras, gorduras saud\u00e1veis \u200b\u200be vitaminas essenciais, como a vitamina E, o que a torna um suplemento nutricional hol\u00edstico.<\/p>\n<h2><strong>Benef\u00edcios nutricionais da prote\u00edna de am\u00eandoa em p\u00f3<\/strong><\/h2>\n<p>O P\u00f3 de Prote\u00edna de Am\u00eandoa n\u00e3o se trata apenas de prote\u00edna; \u00e9 um suplemento nutricional completo. Cada por\u00e7\u00e3o fornece uma boa quantidade de prote\u00edna, juntamente com fibras alimentares, que auxiliam na digest\u00e3o e promovem a sensa\u00e7\u00e3o de saciedade. Al\u00e9m disso, o P\u00f3 de Prote\u00edna de Am\u00eandoa \u00e9 uma excelente fonte de vitamina E, um antioxidante que contribui para a sa\u00fade da pele e do sistema imunol\u00f3gico. As gorduras saud\u00e1veis \u200b\u200bpresentes nas am\u00eandoas, incluindo as monoinsaturadas, contribuem para a sa\u00fade do cora\u00e7\u00e3o, ajudando a reduzir os n\u00edveis de colesterol ruim. Este p\u00f3 tamb\u00e9m cont\u00e9m minerais como magn\u00e9sio, c\u00e1lcio e pot\u00e1ssio, essenciais para a sa\u00fade \u00f3ssea e a fun\u00e7\u00e3o muscular.<\/p>\n<h2><strong>Benef\u00edcios para a sa\u00fade da prote\u00edna de am\u00eandoa em p\u00f3<\/strong><\/h2>\n<p>Os benef\u00edcios para a sa\u00fade do P\u00f3 de Prote\u00edna de Am\u00eandoa v\u00e3o muito al\u00e9m do seu conte\u00fado nutricional. \u00c9 conhecido por auxiliar na sa\u00fade card\u00edaca, gra\u00e7as aos seus altos n\u00edveis de gorduras monoinsaturadas e \u00e0 presen\u00e7a de arginina, um amino\u00e1cido que ajuda a melhorar a circula\u00e7\u00e3o sangu\u00ednea. O P\u00f3 de Prote\u00edna de Am\u00eandoa tamb\u00e9m \u00e9 ben\u00e9fico para quem est\u00e1 controlando o peso, pois sua combina\u00e7\u00e3o de prote\u00ednas, fibras e gorduras saud\u00e1veis \u200b\u200bpromove a saciedade e reduz a ingest\u00e3o cal\u00f3rica total. Al\u00e9m disso, os antioxidantes presentes na prote\u00edna de am\u00eandoa ajudam a combater o estresse oxidativo, que pode levar a doen\u00e7as cr\u00f4nicas e envelhecimento precoce. Seu baixo teor de carboidratos e baixo \u00edndice glic\u00eamico o tornam uma excelente op\u00e7\u00e3o para quem est\u00e1 controlando os n\u00edveis de a\u00e7\u00facar no sangue. Bem-vindo! Explore nossa linha completa de <a href=\"http:\/\/wankonbiotech.com\/pt\/categoria-de-produto\/proteina-vegetal-organica\/\">prote\u00ednas em p\u00f3 \u00e0 base de plantas<\/a>.<\/p>\n<p><img decoding=\"async\" class=\"wp-image-711 size-full\" src=\"http:\/\/wankonbiotech.com\/wp-content\/uploads\/2024\/08\/v2-8hk12-h3grk.jpg\" alt=\"Prote\u00edna de am\u00eandoa em p\u00f3\" width=\"1213\" height=\"832\" title=\"\" srcset=\"https:\/\/wankonbiotech.com\/wp-content\/uploads\/2024\/08\/v2-8hk12-h3grk.jpg 1213w, https:\/\/wankonbiotech.com\/wp-content\/uploads\/2024\/08\/v2-8hk12-h3grk-300x206.jpg 300w, https:\/\/wankonbiotech.com\/wp-content\/uploads\/2024\/08\/v2-8hk12-h3grk-1024x702.jpg 1024w, https:\/\/wankonbiotech.com\/wp-content\/uploads\/2024\/08\/v2-8hk12-h3grk-768x527.jpg 768w, https:\/\/wankonbiotech.com\/wp-content\/uploads\/2024\/08\/v2-8hk12-h3grk-600x412.jpg 600w\" sizes=\"(max-width: 1213px) 100vw, 1213px\" \/><\/p>","protected":false},"excerpt":{"rendered":"<p>No mundo em constante expans\u00e3o da nutri\u00e7\u00e3o \u00e0 base de plantas, a Prote\u00edna de Am\u00eandoa em P\u00f3 surgiu como uma alternativa \u00fanica e rica em nutrientes \u00e0s fontes tradicionais de prote\u00edna. Derivada de am\u00eandoas finamente mo\u00eddas, esta prote\u00edna em p\u00f3 est\u00e1 ganhando popularidade entre consumidores preocupados com a sa\u00fade e entusiastas do fitness.<\/p>","protected":false},"featured_media":710,"template":"","meta":{"_acf_changed":false},"product_brand":[],"product_cat":[39],"product_tag":[],"class_list":{"0":"post-709","1":"product","2":"type-product","3":"status-publish","4":"has-post-thumbnail","6":"product_cat-organic-plant-based-protein","8":"first","9":"instock","10":"shipping-taxable","11":"product-type-simple"},"acf":[],"_links":{"self":[{"href":"https:\/\/wankonbiotech.com\/pt\/wp-json\/wp\/v2\/product\/709","targetHints":{"allow":["GET"]}}],"collection":[{"href":"https:\/\/wankonbiotech.com\/pt\/wp-json\/wp\/v2\/product"}],"about":[{"href":"https:\/\/wankonbiotech.com\/pt\/wp-json\/wp\/v2\/types\/product"}],"wp:featuredmedia":[{"embeddable":true,"href":"https:\/\/wankonbiotech.com\/pt\/wp-json\/wp\/v2\/media\/710"}],"wp:attachment":[{"href":"https:\/\/wankonbiotech.com\/pt\/wp-json\/wp\/v2\/media?parent=709"}],"wp:term":[{"taxonomy":"product_brand","embeddable":true,"href":"https:\/\/wankonbiotech.com\/pt\/wp-json\/wp\/v2\/product_brand?post=709"},{"taxonomy":"product_cat","embeddable":true,"href":"https:\/\/wankonbiotech.com\/pt\/wp-json\/wp\/v2\/product_cat?post=709"},{"taxonomy":"product_tag","embeddable":true,"href":"https:\/\/wankonbiotech.com\/pt\/wp-json\/wp\/v2\/product_tag?post=709"}],"curies":[{"name":"wp","href":"https:\/\/api.w.org\/{rel}","templated":true}]}}