{"id":688,"date":"2024-08-09T15:46:58","date_gmt":"2024-08-09T15:46:58","guid":{"rendered":"http:\/\/wankonbiotech.com\/?post_type=product&#038;p=688"},"modified":"2024-08-09T16:11:53","modified_gmt":"2024-08-09T16:11:53","slug":"organic-pea-protein-powder-80-85-pea-protein-isolate","status":"publish","type":"product","link":"https:\/\/wankonbiotech.com\/pt\/produto\/proteina-de-ervilha-organica-em-po-80-85-proteina-isolada-de-ervilha\/","title":{"rendered":"Prote\u00edna de ervilha org\u00e2nica em p\u00f3 80% 85% prote\u00edna isolada de ervilha"},"content":{"rendered":"<table class=\"hight-light-first-column all magic-7\">\n<tbody>\n<tr>\n<td colspan=\"1\" rowspan=\"1\">\n<div data-spm-anchor-id=\"a2700.details.0.i32.1a93ed4drhhEQY\"><strong>Nome do produto<\/strong><\/div>\n<\/td>\n<td style=\"width: 63.7821%;\" colspan=\"1\" rowspan=\"1\">\n<div>Prote\u00edna de ervilha org\u00e2nica em p\u00f3<\/div>\n<\/td>\n<\/tr>\n<tr>\n<td style=\"width: 33.9744%;\" colspan=\"1\" rowspan=\"1\">\n<div><strong>Pe\u00e7a usada<\/strong><\/div>\n<\/td>\n<td style=\"width: 63.7821%;\" colspan=\"1\" rowspan=\"1\">\n<div>Feij\u00e3o<\/div>\n<\/td>\n<\/tr>\n<tr>\n<td style=\"width: 33.9744%;\" colspan=\"1\" rowspan=\"1\">\n<div><strong>Especifica\u00e7\u00e3o<\/strong><\/div>\n<\/td>\n<td style=\"width: 63.7821%;\" colspan=\"1\" rowspan=\"1\">\n<div data-spm-anchor-id=\"a2700.details.0.i33.1a93ed4drhhEQY\">80%<\/div>\n<\/td>\n<\/tr>\n<tr>\n<td style=\"width: 33.9744%;\" colspan=\"1\" rowspan=\"1\">\n<div><strong>Cor<\/strong><\/div>\n<\/td>\n<td style=\"width: 63.7821%;\" colspan=\"1\" rowspan=\"1\">\n<div>P\u00f3 amarelo claro<\/div>\n<\/td>\n<\/tr>\n<tr>\n<td style=\"width: 33.9744%;\" colspan=\"1\" rowspan=\"1\">\n<div><strong>Quantidade m\u00ednima<\/strong><\/div>\n<\/td>\n<td style=\"width: 63.7821%;\" colspan=\"1\" rowspan=\"1\">\n<div>20 kg<\/div>\n<\/td>\n<\/tr>\n<tr>\n<td style=\"width: 33.9744%;\" colspan=\"1\" rowspan=\"1\">\n<div><strong>Amostra<\/strong><\/div>\n<\/td>\n<td style=\"width: 63.7821%;\" colspan=\"1\" rowspan=\"1\">\n<div>Fornecido gratuitamente<\/div>\n<\/td>\n<\/tr>\n<tr>\n<td style=\"width: 33.9744%;\" colspan=\"1\" rowspan=\"1\">\n<div><strong>Prazo de validade<\/strong><\/div>\n<\/td>\n<td style=\"width: 63.7821%;\" colspan=\"1\" rowspan=\"1\">\n<div>24 meses<\/div>\n<\/td>\n<\/tr>\n<\/tbody>\n<\/table>\n<h2><strong>Introdu\u00e7\u00e3o<\/strong><\/h2>\n<p>No cen\u00e1rio em constante evolu\u00e7\u00e3o da sa\u00fade e do bem-estar, a Prote\u00edna de Ervilha Org\u00e2nica surgiu como uma alternativa l\u00edder para quem busca uma fonte de prote\u00edna sustent\u00e1vel e de origem vegetal. Este produto n\u00e3o s\u00f3 atende \u00e0s necessidades alimentares de veganos e vegetarianos, como tamb\u00e9m atrai qualquer pessoa interessada em alimenta\u00e7\u00e3o saud\u00e1vel e produtos org\u00e2nicos. Nesta an\u00e1lise detalhada, exploraremos as propriedades, benef\u00edcios e aplica\u00e7\u00f5es \u00fanicas da Prote\u00edna de Ervilha Org\u00e2nica, explicando por que ela \u00e9 a escolha preferida entre consumidores e fabricantes preocupados com a sa\u00fade na ind\u00fastria de alimentos e bebidas.<\/p>\n<p><img fetchpriority=\"high\" decoding=\"async\" class=\"alignnone wp-image-692 size-full\" src=\"http:\/\/wankonbiotech.com\/wp-content\/uploads\/2024\/08\/pea-protein.jpg\" alt=\"Prote\u00edna de ervilha org\u00e2nica\" width=\"1000\" height=\"500\" title=\"\" srcset=\"https:\/\/wankonbiotech.com\/wp-content\/uploads\/2024\/08\/pea-protein.jpg 1000w, https:\/\/wankonbiotech.com\/wp-content\/uploads\/2024\/08\/pea-protein-300x150.jpg 300w, https:\/\/wankonbiotech.com\/wp-content\/uploads\/2024\/08\/pea-protein-768x384.jpg 768w, https:\/\/wankonbiotech.com\/wp-content\/uploads\/2024\/08\/pea-protein-600x300.jpg 600w\" sizes=\"(max-width: 1000px) 100vw, 1000px\" \/><\/p>\n<h2><strong>O que \u00e9 prote\u00edna de ervilha org\u00e2nica?<\/strong><\/h2>\n<p>A Prote\u00edna de Ervilha Org\u00e2nica \u00e9 derivada de ervilhas amarelas (Pisum sativum) e passa por um cuidadoso processo de extra\u00e7\u00e3o para remover o amido e a fibra, resultando em um concentrado proteico de alta qualidade. O selo \"org\u00e2nico\" significa que as ervilhas utilizadas s\u00e3o cultivadas sem pesticidas, herbicidas ou organismos geneticamente modificados (OGMs) sint\u00e9ticos, tornando-as uma fonte de prote\u00edna mais limpa e ecologicamente correta. O produto resultante \u00e9 um p\u00f3 fino e bege, facilmente incorporado em diversas aplica\u00e7\u00f5es em alimentos e bebidas. Confira nossa sele\u00e7\u00e3o de <a href=\"http:\/\/wankonbiotech.com\/pt\/categoria-de-produto\/proteina-vegetal-organica\/\">prote\u00ednas org\u00e2nicas de origem vegetal<\/a>.<\/p>\n<h2><strong>Benef\u00edcios nutricionais da prote\u00edna de ervilha org\u00e2nica<\/strong><\/h2>\n<p>A Prote\u00edna de Ervilha Org\u00e2nica \u00e9 uma fonte poderosa de nutri\u00e7\u00e3o, oferecendo um perfil completo de amino\u00e1cidos, incluindo os amino\u00e1cidos essenciais exigidos pelo corpo humano. \u00c9 particularmente rica em amino\u00e1cidos de cadeia ramificada (BCAAs), como leucina, isoleucina e valina, vitais para o crescimento e a recupera\u00e7\u00e3o muscular. Al\u00e9m disso, a Prote\u00edna de Ervilha Org\u00e2nica \u00e9 hipoalerg\u00eanica, tornando-a adequada para pessoas com sensibilidades ou alergias alimentares, especialmente a latic\u00ednios, soja ou gl\u00faten. Tamb\u00e9m \u00e9 rica em ferro, um mineral essencial frequentemente ausente em dietas \u00e0 base de plantas.<\/p>\n<p><img decoding=\"async\" class=\"alignnone wp-image-691 size-full\" src=\"http:\/\/wankonbiotech.com\/wp-content\/uploads\/2024\/08\/pea_protein-1.webp\" alt=\"Prote\u00edna Vegetal\" width=\"1000\" height=\"684\" title=\"\" srcset=\"https:\/\/wankonbiotech.com\/wp-content\/uploads\/2024\/08\/pea_protein-1.webp 1000w, https:\/\/wankonbiotech.com\/wp-content\/uploads\/2024\/08\/pea_protein-1-300x205.webp 300w, https:\/\/wankonbiotech.com\/wp-content\/uploads\/2024\/08\/pea_protein-1-768x525.webp 768w, https:\/\/wankonbiotech.com\/wp-content\/uploads\/2024\/08\/pea_protein-1-600x410.webp 600w\" sizes=\"(max-width: 1000px) 100vw, 1000px\" \/><\/p>\n<h2><strong>Benef\u00edcios para a sa\u00fade da prote\u00edna org\u00e2nica de ervilha<\/strong><\/h2>\n<p>Os benef\u00edcios da Prote\u00edna de Ervilha Org\u00e2nica para a sa\u00fade v\u00e3o al\u00e9m do seu conte\u00fado nutricional. Estudos demonstraram que ela pode ajudar a controlar a press\u00e3o arterial e a promover a sa\u00fade card\u00edaca devido aos seus altos n\u00edveis de arginina, um amino\u00e1cido que promove o fluxo sangu\u00edneo. A Prote\u00edna de Ervilha Org\u00e2nica tamb\u00e9m \u00e9 ben\u00e9fica para a sa\u00fade digestiva, pois \u00e9 de f\u00e1cil digest\u00e3o e menos propensa a causar incha\u00e7o em compara\u00e7\u00e3o com outras fontes de prote\u00edna. Seu baixo \u00edndice glic\u00eamico a torna uma excelente escolha para quem est\u00e1 controlando os n\u00edveis de a\u00e7\u00facar no sangue, contribuindo para uma energia sustentada sem picos e quedas.<\/p>","protected":false},"excerpt":{"rendered":"<p>No cen\u00e1rio em constante evolu\u00e7\u00e3o da sa\u00fade e do bem-estar, a Prote\u00edna de Ervilha Org\u00e2nica surgiu como uma alternativa l\u00edder para quem busca uma fonte de prote\u00edna sustent\u00e1vel e de origem vegetal. Este produto n\u00e3o s\u00f3 atende \u00e0s necessidades alimentares de veganos e vegetarianos, como tamb\u00e9m atrai qualquer pessoa interessada em alimenta\u00e7\u00e3o saud\u00e1vel e produtos org\u00e2nicos. Nesta an\u00e1lise detalhada, exploraremos as propriedades, benef\u00edcios e aplica\u00e7\u00f5es \u00fanicas da Prote\u00edna de Ervilha Org\u00e2nica, explicando por que ela \u00e9 a escolha preferida entre consumidores e fabricantes preocupados com a sa\u00fade na ind\u00fastria de alimentos e bebidas.<\/p>","protected":false},"featured_media":689,"template":"","meta":{"_acf_changed":false},"product_brand":[],"product_cat":[39],"product_tag":[],"class_list":{"0":"post-688","1":"product","2":"type-product","3":"status-publish","4":"has-post-thumbnail","6":"product_cat-organic-plant-based-protein","8":"first","9":"instock","10":"shipping-taxable","11":"product-type-simple"},"acf":[],"_links":{"self":[{"href":"https:\/\/wankonbiotech.com\/pt\/wp-json\/wp\/v2\/product\/688","targetHints":{"allow":["GET"]}}],"collection":[{"href":"https:\/\/wankonbiotech.com\/pt\/wp-json\/wp\/v2\/product"}],"about":[{"href":"https:\/\/wankonbiotech.com\/pt\/wp-json\/wp\/v2\/types\/product"}],"wp:featuredmedia":[{"embeddable":true,"href":"https:\/\/wankonbiotech.com\/pt\/wp-json\/wp\/v2\/media\/689"}],"wp:attachment":[{"href":"https:\/\/wankonbiotech.com\/pt\/wp-json\/wp\/v2\/media?parent=688"}],"wp:term":[{"taxonomy":"product_brand","embeddable":true,"href":"https:\/\/wankonbiotech.com\/pt\/wp-json\/wp\/v2\/product_brand?post=688"},{"taxonomy":"product_cat","embeddable":true,"href":"https:\/\/wankonbiotech.com\/pt\/wp-json\/wp\/v2\/product_cat?post=688"},{"taxonomy":"product_tag","embeddable":true,"href":"https:\/\/wankonbiotech.com\/pt\/wp-json\/wp\/v2\/product_tag?post=688"}],"curies":[{"name":"wp","href":"https:\/\/api.w.org\/{rel}","templated":true}]}}