{"id":651,"date":"2024-08-09T07:57:55","date_gmt":"2024-08-09T07:57:55","guid":{"rendered":"http:\/\/wankonbiotech.com\/?post_type=product&#038;p=651"},"modified":"2024-08-20T02:00:11","modified_gmt":"2024-08-20T02:00:11","slug":"pure-isolate-soy-protein-isolate-powder-90-soy-protein-isolate","status":"publish","type":"product","link":"https:\/\/wankonbiotech.com\/pt\/produto\/isolado-de-proteina-de-soja-pura-em-po-90-isolado-de-proteina-de-soja\/","title":{"rendered":"Prote\u00edna de soja isolada pura em p\u00f3 90% Prote\u00edna de soja isolada"},"content":{"rendered":"<table>\n<tbody>\n<tr>\n<td colspan=\"1\" rowspan=\"1\">\n<div data-spm-anchor-id=\"a2700.details.0.i39.5eef1e8aNrPzX8\"><strong>Nome do produto<\/strong><\/div>\n<\/td>\n<td colspan=\"1\" rowspan=\"1\">\n<div>Prote\u00edna isolada de soja<\/div>\n<\/td>\n<\/tr>\n<tr>\n<td colspan=\"1\" rowspan=\"1\">\n<div><strong>Nota<\/strong><\/div>\n<\/td>\n<td colspan=\"1\" rowspan=\"1\">\n<div>Grau aliment\u00edcio<\/div>\n<\/td>\n<\/tr>\n<tr>\n<td colspan=\"1\" rowspan=\"1\">\n<div><strong>Especifica\u00e7\u00e3o<\/strong><\/div>\n<\/td>\n<td colspan=\"1\" rowspan=\"1\">\n<div>Prote\u00edna 90%<\/div>\n<\/td>\n<\/tr>\n<tr>\n<td colspan=\"1\" rowspan=\"1\">\n<div><strong>F\u00f3rmula molecular<\/strong><\/div>\n<\/td>\n<td colspan=\"1\" rowspan=\"1\">\n<div>C13H10N2<\/div>\n<\/td>\n<\/tr>\n<tr>\n<td colspan=\"1\" rowspan=\"1\">\n<div><strong>Apar\u00eancia<\/strong><\/div>\n<\/td>\n<td colspan=\"1\" rowspan=\"1\">\n<div>P\u00f3 branco claro ou branco leitoso<\/div>\n<\/td>\n<\/tr>\n<tr>\n<td colspan=\"1\" rowspan=\"1\">\n<div><strong>M\u00e9todo de teste<\/strong><\/div>\n<\/td>\n<td colspan=\"1\" rowspan=\"1\">\n<div>HPLC<\/div>\n<\/td>\n<\/tr>\n<tr>\n<td colspan=\"1\" rowspan=\"1\">\n<div><strong>CAS<\/strong><\/div>\n<\/td>\n<td colspan=\"1\" rowspan=\"1\">\n<div>9010-10-0<\/div>\n<\/td>\n<\/tr>\n<\/tbody>\n<\/table>\n<h2><strong>Introdu\u00e7\u00e3o<\/strong><\/h2>\n<p>No mundo din\u00e2mico da sa\u00fade e da nutri\u00e7\u00e3o, a demanda por fontes de prote\u00edna de origem vegetal est\u00e1 em ascens\u00e3o, e a Prote\u00edna Isolada de Soja se destaca como uma op\u00e7\u00e3o superior. Como prote\u00edna em p\u00f3 de origem vegetal, oferece in\u00fameros benef\u00edcios, tornando-se um ingrediente essencial para indiv\u00edduos preocupados com a sa\u00fade, atletas e aqueles que buscam uma alternativa \u00e0s prote\u00ednas de origem animal. Explore nossa linha de <a href=\"http:\/\/wankonbiotech.com\/pt\/categoria-de-produto\/proteina-vegetal-organica\/\">Prote\u00edna Vegetal Org\u00e2nica<\/a>. Este detalhe do produto explorar\u00e1 as propriedades, os benef\u00edcios e as aplica\u00e7\u00f5es exclusivas do Isolado de Prote\u00edna de Soja, destacando por que ele \u00e9 uma excelente escolha para consumidores e empresas.<\/p>\n<p><img fetchpriority=\"high\" decoding=\"async\" class=\"alignnone wp-image-682 size-full\" src=\"http:\/\/wankonbiotech.com\/wp-content\/uploads\/2024\/08\/soyproviso4-min_1_1200x.jpg\" alt=\"\" width=\"1199\" height=\"600\" title=\"\" srcset=\"https:\/\/wankonbiotech.com\/wp-content\/uploads\/2024\/08\/soyproviso4-min_1_1200x.jpg 1199w, https:\/\/wankonbiotech.com\/wp-content\/uploads\/2024\/08\/soyproviso4-min_1_1200x-300x150.jpg 300w, https:\/\/wankonbiotech.com\/wp-content\/uploads\/2024\/08\/soyproviso4-min_1_1200x-1024x512.jpg 1024w, https:\/\/wankonbiotech.com\/wp-content\/uploads\/2024\/08\/soyproviso4-min_1_1200x-768x384.jpg 768w, https:\/\/wankonbiotech.com\/wp-content\/uploads\/2024\/08\/soyproviso4-min_1_1200x-600x300.jpg 600w\" sizes=\"(max-width: 1199px) 100vw, 1199px\" \/><\/p>\n<h2><strong>O que \u00e9 prote\u00edna isolada de soja?<\/strong><\/h2>\n<p>O Isolado Proteico de Soja \u00e9 uma forma altamente refinada de prote\u00edna de soja, derivada de flocos de soja desengordurados. Atrav\u00e9s de um processo meticuloso de lavagem da soja com \u00e1gua e \u00e1lcool, a prote\u00edna \u00e9 extra\u00edda e purificada, resultando em um produto com teor proteico superior a 90% em peso. Esse processo remove a maior parte das gorduras e carboidratos, deixando para tr\u00e1s uma fonte proteica concentrada com n\u00edveis m\u00ednimos de gordura e carboidratos.<\/p>\n<p><img decoding=\"async\" class=\"alignnone wp-image-683 size-full\" src=\"http:\/\/wankonbiotech.com\/wp-content\/uploads\/2024\/08\/soy-protein-powder-with-soybeans-isolated-white-background_264757-86.jpg\" alt=\"\" width=\"1380\" height=\"920\" title=\"\" srcset=\"https:\/\/wankonbiotech.com\/wp-content\/uploads\/2024\/08\/soy-protein-powder-with-soybeans-isolated-white-background_264757-86.jpg 1380w, https:\/\/wankonbiotech.com\/wp-content\/uploads\/2024\/08\/soy-protein-powder-with-soybeans-isolated-white-background_264757-86-300x200.jpg 300w, https:\/\/wankonbiotech.com\/wp-content\/uploads\/2024\/08\/soy-protein-powder-with-soybeans-isolated-white-background_264757-86-1024x683.jpg 1024w, https:\/\/wankonbiotech.com\/wp-content\/uploads\/2024\/08\/soy-protein-powder-with-soybeans-isolated-white-background_264757-86-768x512.jpg 768w, https:\/\/wankonbiotech.com\/wp-content\/uploads\/2024\/08\/soy-protein-powder-with-soybeans-isolated-white-background_264757-86-600x400.jpg 600w\" sizes=\"(max-width: 1380px) 100vw, 1380px\" \/><\/p>\n<p>&nbsp;<\/p>\n<h2><strong>Benef\u00edcios nutricionais do isolado de prote\u00edna de soja<\/strong><\/h2>\n<p>O Isolado de Prote\u00edna de Soja n\u00e3o s\u00f3 possui alto teor proteico, como tamb\u00e9m \u00e9 uma prote\u00edna completa, contendo todos os nove amino\u00e1cidos essenciais exigidos pelo corpo humano. Isso o torna uma excelente op\u00e7\u00e3o para quem busca atender \u00e0s suas necessidades di\u00e1rias de prote\u00edna, especialmente em uma dieta \u00e0 base de plantas. Al\u00e9m disso, o Isolado de Prote\u00edna de Soja \u00e9 baixo em gordura e carboidratos, tornando-o adequado para indiv\u00edduos com dieta com controle cal\u00f3rico. A presen\u00e7a de isoflavonas, um tipo de fitoestr\u00f3geno, tamb\u00e9m contribui para seu perfil nutricional, oferecendo potenciais benef\u00edcios \u00e0 sa\u00fade, como redu\u00e7\u00e3o dos n\u00edveis de colesterol e melhora da sa\u00fade card\u00edaca. Saiba mais <a href=\"http:\/\/wankonbiotech.com\/pt\/por-que-a-proteina-de-soja-deve-ser-um-alimento-basico-em-seu-plano-de-alimentacao-saudavel\/\">sobre os benef\u00edcios da prote\u00edna de soja na sua dieta<\/a>.<\/p>\n<p><iframe title=\"Expositor de p\u00f3 de prote\u00edna isolada de soja\" width=\"800\" height=\"450\" src=\"https:\/\/www.youtube.com\/embed\/tydPOFkIi8k?feature=oembed\" frameborder=\"0\" allow=\"accelerometer; autoplay; clipboard-write; encrypted-media; gyroscope; picture-in-picture; web-share\" referrerpolicy=\"strict-origin-when-cross-origin\" allowfullscreen><\/iframe><\/p>\n<p>&nbsp;<\/p>","protected":false},"excerpt":{"rendered":"<p>No din\u00e2mico mundo da sa\u00fade e da nutri\u00e7\u00e3o, a demanda por fontes de prote\u00edna de origem vegetal est\u00e1 em ascens\u00e3o, e a Prote\u00edna Isolada de Soja se destaca como uma op\u00e7\u00e3o superior. Como prote\u00edna em p\u00f3 de origem vegetal, ela oferece in\u00fameros benef\u00edcios, tornando-se um ingrediente essencial para indiv\u00edduos preocupados com a sa\u00fade, atletas e aqueles que buscam uma alternativa \u00e0s prote\u00ednas de origem animal. Este detalhamento do produto explorar\u00e1 as propriedades, os benef\u00edcios e as aplica\u00e7\u00f5es exclusivas da Prote\u00edna Isolada de Soja, destacando por que ela \u00e9 uma excelente escolha para consumidores e empresas.<\/p>","protected":false},"featured_media":679,"template":"","meta":{"_acf_changed":false},"product_brand":[],"product_cat":[39],"product_tag":[],"class_list":{"0":"post-651","1":"product","2":"type-product","3":"status-publish","4":"has-post-thumbnail","6":"product_cat-organic-plant-based-protein","8":"first","9":"instock","10":"shipping-taxable","11":"product-type-simple"},"acf":[],"_links":{"self":[{"href":"https:\/\/wankonbiotech.com\/pt\/wp-json\/wp\/v2\/product\/651","targetHints":{"allow":["GET"]}}],"collection":[{"href":"https:\/\/wankonbiotech.com\/pt\/wp-json\/wp\/v2\/product"}],"about":[{"href":"https:\/\/wankonbiotech.com\/pt\/wp-json\/wp\/v2\/types\/product"}],"wp:featuredmedia":[{"embeddable":true,"href":"https:\/\/wankonbiotech.com\/pt\/wp-json\/wp\/v2\/media\/679"}],"wp:attachment":[{"href":"https:\/\/wankonbiotech.com\/pt\/wp-json\/wp\/v2\/media?parent=651"}],"wp:term":[{"taxonomy":"product_brand","embeddable":true,"href":"https:\/\/wankonbiotech.com\/pt\/wp-json\/wp\/v2\/product_brand?post=651"},{"taxonomy":"product_cat","embeddable":true,"href":"https:\/\/wankonbiotech.com\/pt\/wp-json\/wp\/v2\/product_cat?post=651"},{"taxonomy":"product_tag","embeddable":true,"href":"https:\/\/wankonbiotech.com\/pt\/wp-json\/wp\/v2\/product_tag?post=651"}],"curies":[{"name":"wp","href":"https:\/\/api.w.org\/{rel}","templated":true}]}}