{"id":1481,"date":"2025-01-12T03:43:15","date_gmt":"2025-01-12T03:43:15","guid":{"rendered":"http:\/\/wankonbiotech.com\/?post_type=product&#038;p=1481"},"modified":"2025-06-05T06:03:40","modified_gmt":"2025-06-05T06:03:40","slug":"eleutherococcus-senticosus-0-8","status":"publish","type":"product","link":"https:\/\/wankonbiotech.com\/pt\/produto\/eleutherococcus-senticosus-0-8\/","title":{"rendered":"Eleutherococcus senticosus 0,8%"},"content":{"rendered":"<table>\n<thead>\n<tr>\n<th><strong>Nome do produto<\/strong><\/th>\n<th>Saponinas Eleuthero 0,8%<\/th>\n<\/tr>\n<\/thead>\n<tbody>\n<tr>\n<td><strong>Alias \u200b\u200bdo produto<\/strong><\/td>\n<td>Ci Wu Jia, Acanthopanax espinhoso, Ginseng siberiano, Arbusto do diabo, Cem agulhas<\/td>\n<\/tr>\n<tr>\n<td><strong>Apar\u00eancia<\/strong><\/td>\n<td>P\u00f3 marrom<\/td>\n<\/tr>\n<tr>\n<td><strong>M\u00e9todo de teste<\/strong><\/td>\n<td>HPLC<\/td>\n<\/tr>\n<tr>\n<td><strong>Especifica\u00e7\u00e3o<\/strong><\/td>\n<td>Saponinas Eleuthero 0,8%, 1,0%, 1,5%<\/td>\n<\/tr>\n<tr>\n<td><strong>Embalagem<\/strong><\/td>\n<td>Tambor de 25 kg\/papel\u00e3o; personaliz\u00e1vel de acordo com as necessidades do cliente<\/td>\n<\/tr>\n<tr>\n<td><strong>Prazo de validade<\/strong><\/td>\n<td>48 meses<\/td>\n<\/tr>\n<tr>\n<td><strong>Condi\u00e7\u00f5es de armazenamento<\/strong><\/td>\n<td>Armazene em local fechado, protegido da luz e fresco. Evite altas temperaturas e umidade.<\/td>\n<\/tr>\n<\/tbody>\n<\/table>\n<h2><strong>O que \u00e9 Eleutherococcus Senticosus?<\/strong><\/h2>\n<p>Eleutherococcus senticosus, tamb\u00e9m conhecido como ginseng siberiano, \u00e9 um arbusto lenhoso nativo do nordeste da \u00c1sia. \u00c9 usado h\u00e1 s\u00e9culos na medicina tradicional por sua capacidade de aumentar a vitalidade, aumentar a energia e promover o bem-estar geral. Ao contr\u00e1rio do ginseng verdadeiro (Panax ginseng), o Eleutherococcus senticosus pertence a uma fam\u00edlia bot\u00e2nica diferente, mas compartilha propriedades adaptog\u00eanicas semelhantes.<\/p>\n<p><img fetchpriority=\"high\" decoding=\"async\" class=\"aligncenter wp-image-1483 size-full\" title=\"Eleutherococcus senticosus\" src=\"http:\/\/wankonbiotech.com\/wp-content\/uploads\/2025\/01\/Siberian-Ginseng-Extract-Eleutherococcus-senticosus-scaled-1-1024x717-1.jpg\" alt=\"\" width=\"1024\" height=\"717\" srcset=\"https:\/\/wankonbiotech.com\/wp-content\/uploads\/2025\/01\/Siberian-Ginseng-Extract-Eleutherococcus-senticosus-scaled-1-1024x717-1.jpg 1024w, https:\/\/wankonbiotech.com\/wp-content\/uploads\/2025\/01\/Siberian-Ginseng-Extract-Eleutherococcus-senticosus-scaled-1-1024x717-1-300x210.jpg 300w, https:\/\/wankonbiotech.com\/wp-content\/uploads\/2025\/01\/Siberian-Ginseng-Extract-Eleutherococcus-senticosus-scaled-1-1024x717-1-768x538.jpg 768w, https:\/\/wankonbiotech.com\/wp-content\/uploads\/2025\/01\/Siberian-Ginseng-Extract-Eleutherococcus-senticosus-scaled-1-1024x717-1-18x12.jpg 18w, https:\/\/wankonbiotech.com\/wp-content\/uploads\/2025\/01\/Siberian-Ginseng-Extract-Eleutherococcus-senticosus-scaled-1-1024x717-1-600x420.jpg 600w\" sizes=\"(max-width: 1024px) 100vw, 1024px\" \/><\/p>\n<h2><strong>Principais benef\u00edcios do extrato de Eleutherococcus Senticosus 0,8%<\/strong><\/h2>\n<ol>\n<li><strong>Propriedades adaptog\u00eanicas<\/strong>: Ajuda o corpo a se adaptar ao estresse f\u00edsico e mental, promovendo resili\u00eancia e equil\u00edbrio.<\/li>\n<li><strong>Energia e resist\u00eancia<\/strong>: Oferece suporte ao aumento dos n\u00edveis de energia e reduz a fadiga, o que o torna popular entre atletas e indiv\u00edduos ativos.<\/li>\n<li><strong>Suporte ao Sistema Imunol\u00f3gico<\/strong>: Melhora a fun\u00e7\u00e3o imunol\u00f3gica, ajudando o corpo a se defender contra estressores ambientais.<\/li>\n<li><strong>Sa\u00fade Cognitiva<\/strong>: Pode melhorar a clareza mental, o foco e a mem\u00f3ria, apoiando a fun\u00e7\u00e3o cerebral saud\u00e1vel.<\/li>\n<li><strong>Atividade antioxidante<\/strong>: Cont\u00e9m compostos que combatem o estresse oxidativo, promovendo a sa\u00fade celular e a longevidade.<\/li>\n<\/ol>\n<h2><strong>Aplica\u00e7\u00f5es do extrato de Eleutherococcus Senticosus 0,8%<\/strong><\/h2>\n<ul>\n<li><strong>Suplementos Alimentares<\/strong>: C\u00e1psulas, comprimidos e tinturas para suporte di\u00e1rio ao bem-estar.<\/li>\n<li><strong>Alimentos e Bebidas Funcionais<\/strong>: Adicionado a barras energ\u00e9ticas, ch\u00e1s e bebidas saud\u00e1veis.<\/li>\n<li><strong>Produtos cosm\u00e9ticos e de cuidados com a pele<\/strong>: Usado por suas propriedades antioxidantes e antienvelhecimento.<\/li>\n<li><strong>Formula\u00e7\u00f5es \u00e0 base de ervas<\/strong>: Combinado com outros adapt\u00f3genos para efeitos sin\u00e9rgicos.<\/li>\n<\/ul>\n<h2><strong>Por que escolher nosso extrato de Eleutherococcus Senticosus 0,8%?<\/strong><\/h2>\n<p>Como f\u00e1brica e distribuidora profissional de extratos vegetais, orgulhamo-nos de fornecer extratos padronizados e de alta qualidade. Nosso Eleutherococcus senticosus 0,8% \u00e9:<\/p>\n<ul>\n<li><strong>Padronizado para pot\u00eancia<\/strong>:Garantido que cont\u00e9m 0,8% eleuteros\u00eddeos para efic\u00e1cia consistente.<\/li>\n<li><strong>Testado por terceiros<\/strong>: Verificado quanto \u00e0 pureza, metais pesados \u200b\u200be contaminantes microbianos.<\/li>\n<li><strong>De origem sustent\u00e1vel<\/strong>: Colhido eticamente para apoiar a conserva\u00e7\u00e3o ambiental.<\/li>\n<li><strong>Solu\u00e7\u00f5es personaliz\u00e1veis<\/strong>: Dispon\u00edvel em v\u00e1rias formas (p\u00f3, l\u00edquido) para atender \u00e0s suas necessidades espec\u00edficas.<\/li>\n<\/ul>\n<h2>Perguntas frequentes sobre Eleutherococcus Senticosus 0,8%<\/h2>\n<p><strong>1. Para que \u00e9 usado o Eleutherococcus senticosus?<\/strong><br \/>\nEleutherococcus senticosus \u00e9 usado principalmente como adapt\u00f3geno para ajudar o corpo a controlar o estresse, aumentar a energia e fortalecer a fun\u00e7\u00e3o imunol\u00f3gica. Tamb\u00e9m \u00e9 usado para melhorar o desempenho f\u00edsico e a clareza mental.<\/p>\n<p><strong>2. Eleutherococcus senticosus \u00e9 o mesmo que ginseng?<\/strong><br \/>\nN\u00e3o, Eleutherococcus senticosus n\u00e3o \u00e9 um ginseng verdadeiro (Panax ginseng), mas \u00e9 frequentemente chamado de ginseng siberiano devido \u00e0s suas propriedades adaptog\u00eanicas semelhantes.<\/p>\n<p><strong>3. O que significa padroniza\u00e7\u00e3o 0,8%?<\/strong><br \/>\nA padroniza\u00e7\u00e3o de 0,8% refere-se \u00e0 concentra\u00e7\u00e3o de compostos ativos (eleuteros\u00eddeos) no extrato. Isso garante pot\u00eancia e efic\u00e1cia consistentes em cada lote.<\/p>\n<p><strong>4. O Eleutherococcus senticosus \u00e9 seguro para uso?<\/strong><br \/>\nSim, quando usado conforme as instru\u00e7\u00f5es, o Eleutherococcus senticosus \u00e9 geralmente seguro para a maioria das pessoas. No entanto, \u00e9 sempre recomend\u00e1vel consultar um profissional de sa\u00fade antes de iniciar qualquer novo suplemento.<\/p>\n<p><strong>5. Eleutherococcus senticosus pode ajudar com a fadiga?<\/strong><br \/>\nSim, Eleutherococcus senticosus \u00e9 conhecido por sua capacidade de reduzir a fadiga e aumentar os n\u00edveis de energia, o que o torna uma escolha popular para pessoas com estilos de vida ativos.<\/p>\n<p><strong>6. Como \u00e9 feito o extrato de Eleutherococcus senticosus?<\/strong><br \/>\nNosso extrato \u00e9 produzido utilizando t\u00e9cnicas avan\u00e7adas de extra\u00e7\u00e3o para isolar e concentrar os compostos ativos (eleuteros\u00eddeos) da raiz da planta Eleutherococcus senticosus. O processo garante alta pureza e pot\u00eancia.<\/p>","protected":false},"excerpt":{"rendered":"<p>Eleutherococcus senticosus 0,8% \u00e9 um extrato vegetal de alta qualidade derivado da raiz da planta Eleutherococcus senticosus, comumente conhecida como ginseng siberiano. Este extrato \u00e9 padronizado para conter eleuteros\u00eddeos 0,8%, os compostos ativos respons\u00e1veis \u200b\u200bpor suas propriedades adaptog\u00eanicas. Obtido a partir de mat\u00e9rias-primas de alta qualidade e processado com t\u00e9cnicas avan\u00e7adas de extra\u00e7\u00e3o, nosso Eleutherococcus senticosus 0,8% \u00e9 ideal para uso em suplementos alimentares, alimentos funcionais e formula\u00e7\u00f5es \u00e0 base de ervas. \u00c9 rigorosamente testado quanto \u00e0 pureza, pot\u00eancia e seguran\u00e7a, garantindo que atenda aos mais altos padr\u00f5es da ind\u00fastria.<\/p>","protected":false},"featured_media":1482,"template":"","meta":{"_acf_changed":false},"product_brand":[],"product_cat":[40],"product_tag":[],"class_list":{"0":"post-1481","1":"product","2":"type-product","3":"status-publish","4":"has-post-thumbnail","6":"product_cat-organic-plant-extract","8":"first","9":"instock","10":"shipping-taxable","11":"product-type-variable"},"acf":[],"_links":{"self":[{"href":"https:\/\/wankonbiotech.com\/pt\/wp-json\/wp\/v2\/product\/1481","targetHints":{"allow":["GET"]}}],"collection":[{"href":"https:\/\/wankonbiotech.com\/pt\/wp-json\/wp\/v2\/product"}],"about":[{"href":"https:\/\/wankonbiotech.com\/pt\/wp-json\/wp\/v2\/types\/product"}],"wp:featuredmedia":[{"embeddable":true,"href":"https:\/\/wankonbiotech.com\/pt\/wp-json\/wp\/v2\/media\/1482"}],"wp:attachment":[{"href":"https:\/\/wankonbiotech.com\/pt\/wp-json\/wp\/v2\/media?parent=1481"}],"wp:term":[{"taxonomy":"product_brand","embeddable":true,"href":"https:\/\/wankonbiotech.com\/pt\/wp-json\/wp\/v2\/product_brand?post=1481"},{"taxonomy":"product_cat","embeddable":true,"href":"https:\/\/wankonbiotech.com\/pt\/wp-json\/wp\/v2\/product_cat?post=1481"},{"taxonomy":"product_tag","embeddable":true,"href":"https:\/\/wankonbiotech.com\/pt\/wp-json\/wp\/v2\/product_tag?post=1481"}],"curies":[{"name":"wp","href":"https:\/\/api.w.org\/{rel}","templated":true}]}}