{"id":981,"date":"2024-09-10T04:15:33","date_gmt":"2024-09-10T04:15:33","guid":{"rendered":"http:\/\/wankonbiotech.com\/?post_type=product&#038;p=981"},"modified":"2024-09-10T04:20:03","modified_gmt":"2024-09-10T04:20:03","slug":"mangosteen-peel-extract-alpha-mangostin-98-pure-powder","status":"publish","type":"product","link":"https:\/\/wankonbiotech.com\/it\/prodotto-2\/estratto-di-buccia-di-mangostano-alfa-mangostina-98-polvere-pura-2\/","title":{"rendered":"Estratto di buccia di mangostano - Alfa-Mangostina 98% Polvere pura"},"content":{"rendered":"<h2><strong>Introduzione<\/strong><\/h2>\n<p>L'estratto di buccia di mangostano \u00e8 uno dei pi\u00f9 potenti estratti naturali disponibili per le formulazioni di cura e benessere della pelle. Deriva dalla buccia del frutto del mangostano (<em>Garcinia mangostana<\/em>), questo estratto altamente concentrato vanta un'impressionante purezza di 98% di alfa-mangostina, un potente composto antiossidante e antinfiammatorio. Noto per la sua capacit\u00e0 di proteggere la pelle, combattere i segni dell'invecchiamento e ridurre l'infiammazione, questo estratto \u00e8 un ingrediente ricercato nei prodotti di qualit\u00e0 per la cura e la salute della pelle. Noi di Xi'an Wankangyuan Biotechnology Co., Ltd. siamo specializzati nella fornitura di estratto di buccia di mangostano di alta qualit\u00e0 per aiutarvi a creare prodotti efficaci e ispirati alla natura.<\/p>\n<p><img fetchpriority=\"high\" decoding=\"async\" class=\"wp-image-982 size-full aligncenter\" src=\"http:\/\/wankonbiotech.com\/wp-content\/uploads\/2024\/09\/32b4e8b1bcfc967ffd29d79ff1.jpeg\" alt=\"Estratto di buccia di mangostano\" width=\"831\" height=\"651\" title=\"\" srcset=\"https:\/\/wankonbiotech.com\/wp-content\/uploads\/2024\/09\/32b4e8b1bcfc967ffd29d79ff1.jpeg 831w, https:\/\/wankonbiotech.com\/wp-content\/uploads\/2024\/09\/32b4e8b1bcfc967ffd29d79ff1-300x235.jpeg 300w, https:\/\/wankonbiotech.com\/wp-content\/uploads\/2024\/09\/32b4e8b1bcfc967ffd29d79ff1-768x602.jpeg 768w, https:\/\/wankonbiotech.com\/wp-content\/uploads\/2024\/09\/32b4e8b1bcfc967ffd29d79ff1-15x12.jpeg 15w, https:\/\/wankonbiotech.com\/wp-content\/uploads\/2024\/09\/32b4e8b1bcfc967ffd29d79ff1-600x470.jpeg 600w\" sizes=\"(max-width: 831px) 100vw, 831px\" \/><\/p>\n<h2><strong>Che cos'\u00e8 l'alfa-mangostina?<\/strong><\/h2>\n<p>L'alfa-mangostina \u00e8 uno degli xantoni pi\u00f9 attivi presenti nella buccia del frutto del mangostano. Gli xantoni sono composti polifenolici noti per i loro forti effetti antiossidanti e antinfiammatori. L'alfa-mangostina si distingue come uno xantone particolarmente efficace, con un'ampia gamma di potenziali benefici per la salute della pelle, il benessere e persino le propriet\u00e0 antitumorali. Utilizzata nella cura della pelle, l'alfa-mangostina aiuta a proteggerla dallo stress ossidativo, promuove la produzione di collagene e lenisce le infiammazioni, rendendola ideale per una serie di applicazioni cosmetiche e terapeutiche.<\/p>\n<h2><strong>Applicazioni dell'estratto di buccia di mangostano<\/strong><\/h2>\n<p>Questo potente estratto \u00e8 versatile e pu\u00f2 essere utilizzato in un'ampia gamma di prodotti per la cura e il benessere della pelle. Alcune delle applicazioni pi\u00f9 comuni includono:<\/p>\n<ul>\n<li><strong>Sieri anti-et\u00e0:<\/strong> Per combattere le rughe, migliorare l'elasticit\u00e0 della pelle e promuovere la produzione di collagene.<\/li>\n<li><strong>Trattamenti per l'acne:<\/strong> Per ridurre l'infiammazione, prevenire la crescita batterica e calmare la pelle irritata.<\/li>\n<li><strong>Creme e sieri illuminanti:<\/strong> Per ridurre le macchie scure e favorire un incarnato pi\u00f9 luminoso.<\/li>\n<li><strong>Lozioni lenitive:<\/strong> Per alleviare arrossamenti, irritazioni e condizioni infiammatorie della pelle.<\/li>\n<li><strong>Integratori per il benessere:<\/strong> Poich\u00e9 l'alfa-mangostina ha benefici anche se ingerita, questo estratto pu\u00f2 essere utilizzato negli integratori per il benessere generale.<\/li>\n<\/ul>\n<h2><strong>Come si produce l'estratto di buccia di mangostano<\/strong><\/h2>\n<p>Alla Xi'an Wankangyuan Biotechnology utilizziamo tecniche di estrazione e purificazione all'avanguardia per ottenere una forma altamente concentrata e pura di alfa-mangostina. Il processo inizia con le bucce di mangostano di provenienza sostenibile, che vengono accuratamente essiccate e lavorate per estrarre i preziosi xantoni. Grazie a metodi di purificazione avanzati, isoliamo l'alfa-mangostina e produciamo una polvere fine e pura con una potenza di 98%, garantendo la massima qualit\u00e0 per i vostri prodotti.<\/p>\n<h2><strong>Sostenibilit\u00e0 e garanzia di qualit\u00e0<\/strong><\/h2>\n<p>La Xi'an Wankangyuan Biotechnology si impegna a fondo per la sostenibilit\u00e0 e la qualit\u00e0. Il nostro estratto di buccia di mangostano - alfa-mangostina 98% in polvere pura viene acquistato in modo responsabile, garantendo che le bucce di mangostano utilizzate siano raccolte nel rispetto dell'ambiente. Inoltre, ogni lotto del nostro estratto viene sottoposto a test rigorosi per garantire che soddisfi i pi\u00f9 alti standard di purezza e potenza, dandovi la certezza della qualit\u00e0 degli ingredienti che utilizzate.<\/p>\n<h2><strong>Perch\u00e9 scegliere la biotecnologia di Xi'an Wankangyuan per l'estratto di buccia di mangostano?<\/strong><\/h2>\n<p>Scegliere Xi'an Wankangyuan Biotechnology significa collaborare con un'azienda che ha una profonda conoscenza del settore cosmetico e sanitario. Il nostro estratto di buccia di mangostano - alfa-mangostina 98% in polvere pura \u00e8 prodotto secondo i pi\u00f9 alti standard di purezza e potenza, consentendovi di creare prodotti di qualit\u00e0 superiore per la cura e il benessere della pelle che offrono risultati reali. Siamo orgogliosi del nostro impegno per l'innovazione, la qualit\u00e0 e la sostenibilit\u00e0, che ci rende un partner affidabile per i marchi di tutto il mondo.<\/p>","protected":false},"excerpt":{"rendered":"<p>L'estratto di buccia di mangostano \u00e8 uno dei pi\u00f9 potenti estratti naturali disponibili per le formulazioni di cura e benessere della pelle. Deriva dalla buccia del frutto del mangostano (<em>Garcinia mangostana<\/em>), questo estratto altamente concentrato vanta un'impressionante purezza di 98% di alfa-mangostina, un potente composto antiossidante e antinfiammatorio.<\/p>","protected":false},"featured_media":983,"template":"","meta":{"_acf_changed":false},"product_brand":[],"product_cat":[31],"product_tag":[],"class_list":{"0":"post-981","1":"product","2":"type-product","3":"status-publish","4":"has-post-thumbnail","6":"product_cat-spices-and-seasonings","8":"first","9":"instock","10":"shipping-taxable","11":"product-type-simple"},"acf":[],"_links":{"self":[{"href":"https:\/\/wankonbiotech.com\/it\/wp-json\/wp\/v2\/product\/981","targetHints":{"allow":["GET"]}}],"collection":[{"href":"https:\/\/wankonbiotech.com\/it\/wp-json\/wp\/v2\/product"}],"about":[{"href":"https:\/\/wankonbiotech.com\/it\/wp-json\/wp\/v2\/types\/product"}],"wp:featuredmedia":[{"embeddable":true,"href":"https:\/\/wankonbiotech.com\/it\/wp-json\/wp\/v2\/media\/983"}],"wp:attachment":[{"href":"https:\/\/wankonbiotech.com\/it\/wp-json\/wp\/v2\/media?parent=981"}],"wp:term":[{"taxonomy":"product_brand","embeddable":true,"href":"https:\/\/wankonbiotech.com\/it\/wp-json\/wp\/v2\/product_brand?post=981"},{"taxonomy":"product_cat","embeddable":true,"href":"https:\/\/wankonbiotech.com\/it\/wp-json\/wp\/v2\/product_cat?post=981"},{"taxonomy":"product_tag","embeddable":true,"href":"https:\/\/wankonbiotech.com\/it\/wp-json\/wp\/v2\/product_tag?post=981"}],"curies":[{"name":"wp","href":"https:\/\/api.w.org\/{rel}","templated":true}]}}