{"id":971,"date":"2024-08-31T16:32:03","date_gmt":"2024-08-31T16:32:03","guid":{"rendered":"http:\/\/wankonbiotech.com\/?post_type=product&#038;p=971"},"modified":"2024-09-01T02:27:57","modified_gmt":"2024-09-01T02:27:57","slug":"blue-lotus-extract-powder","status":"publish","type":"product","link":"https:\/\/wankonbiotech.com\/it\/prodotto-2\/estratto-di-loto-blu-in-polvere-2\/","title":{"rendered":"Qualit\u00e0 superiore all'ingrosso Estratto di loto blu in polvere"},"content":{"rendered":"<table>\n<tbody>\n<tr>\n<td>\n<div><strong>Nome del prodotto:<\/strong><\/div>\n<\/td>\n<td>Estratto di loto blu in polvere<\/td>\n<\/tr>\n<tr>\n<td>\n<div><strong>Utilizzare la parte:<\/strong><\/div>\n<\/td>\n<td>\n<div>Fiore<\/div>\n<\/td>\n<\/tr>\n<tr>\n<td>\n<div><strong>Aspetto:<\/strong><\/div>\n<\/td>\n<td>\n<div>Polvere giallo-marrone<\/div>\n<\/td>\n<\/tr>\n<tr>\n<td>\n<div><strong>Durata di conservazione:<\/strong><\/div>\n<\/td>\n<td>\n<div>24 falene<\/div>\n<\/td>\n<\/tr>\n<\/tbody>\n<\/table>\n<h2><strong>Introduzione<\/strong><\/h2>\n<p>L'estratto di loto \u00e8 una pianta acquatica perenne, appartenente al genere Nelumbo, comunemente coltivata nei giardini acquatici. Le radici del loto sono piantate nel terreno del fondo dello stagno o del fiume, mentre le foglie galleggiano sulla superficie dell'acqua o si tengono ben al di sopra di essa. I fiori si trovano solitamente su steli spessi che si ergono per diversi centimetri al di sopra delle foglie. La pianta cresce normalmente fino a un'altezza di circa 150 cm e una diffusione orizzontale fino a 3 metri, ma alcuni rapporti non verificati indicano un'altezza di oltre 5 metri. Le foglie possono raggiungere i 60 cm di diametro, mentre i vistosi fiori possono raggiungere i 20 cm di diametro.<\/p>\n<p><img fetchpriority=\"high\" decoding=\"async\" class=\"alignnone wp-image-973 size-full\" src=\"http:\/\/wankonbiotech.com\/wp-content\/uploads\/2024\/08\/blue_lotus_extract_dose-scaled-1.webp\" alt=\"Estratto di loto blu in polvere\" width=\"2048\" height=\"1365\" title=\"\" srcset=\"https:\/\/wankonbiotech.com\/wp-content\/uploads\/2024\/08\/blue_lotus_extract_dose-scaled-1.webp 2048w, https:\/\/wankonbiotech.com\/wp-content\/uploads\/2024\/08\/blue_lotus_extract_dose-scaled-1-300x200.webp 300w, https:\/\/wankonbiotech.com\/wp-content\/uploads\/2024\/08\/blue_lotus_extract_dose-scaled-1-1024x683.webp 1024w, https:\/\/wankonbiotech.com\/wp-content\/uploads\/2024\/08\/blue_lotus_extract_dose-scaled-1-768x512.webp 768w, https:\/\/wankonbiotech.com\/wp-content\/uploads\/2024\/08\/blue_lotus_extract_dose-scaled-1-1536x1024.webp 1536w, https:\/\/wankonbiotech.com\/wp-content\/uploads\/2024\/08\/blue_lotus_extract_dose-scaled-1-18x12.webp 18w, https:\/\/wankonbiotech.com\/wp-content\/uploads\/2024\/08\/blue_lotus_extract_dose-scaled-1-600x400.webp 600w\" sizes=\"(max-width: 2048px) 100vw, 2048px\" \/><\/p>\n<h2><strong>L'essenza dell'estratto di loto blu in polvere<\/strong><\/h2>\n<p>Derivato dal <strong>Nymphaea caerulea<\/strong> Il Loto Blu \u00e8 una pianta apprezzata da secoli per le sue propriet\u00e0 lenitive e rilassanti. Nel campo della cura della pelle, l'estratto di loto blu in polvere \u00e8 riconosciuto per la sua capacit\u00e0 di promuovere un colorito giovane, combattere lo stress ossidativo e fornire un'idratazione profonda. Questo estratto \u00e8 ricco di flavonoidi, antiossidanti e alcaloidi, che agiscono sinergicamente per migliorare la struttura e l'elasticit\u00e0 della pelle.<\/p>\n<h2><strong>Benefici anti-invecchiamento<\/strong><\/h2>\n<p>L'estratto di loto blu in polvere \u00e8 particolarmente efficace come ingrediente anti-invecchiamento. L'alta concentrazione di antiossidanti aiuta a neutralizzare i radicali liberi, che sono una delle cause principali dell'invecchiamento precoce. Incorporando l'estratto di loto blu in polvere nei prodotti per la cura della pelle, i produttori possono offrire soluzioni che riducono la comparsa di linee sottili e rughe, facendo apparire la pelle soda e ringiovanita.<\/p>\n<h2><strong>Idratazione e idratazione<\/strong><\/h2>\n<p>Oltre alle sue propriet\u00e0 anti-invecchiamento, l'estratto di loto blu in polvere \u00e8 un potente agente idratante. Aiuta a trattenere l'idratazione, rendendolo ideale per le formulazioni destinate alle pelli secche o disidratate. Le propriet\u00e0 emollienti naturali del Loto blu assicurano che la pelle rimanga morbida, elastica e luminosa, anche in condizioni ambientali difficili.<\/p>\n<p><img decoding=\"async\" class=\"alignnone wp-image-974 size-full\" src=\"http:\/\/wankonbiotech.com\/wp-content\/uploads\/2024\/08\/Blue-lotus-extract-capsules-scaled-1.webp\" alt=\" Estratto di loto blu in polvere\" width=\"2560\" height=\"1736\" title=\"\" srcset=\"https:\/\/wankonbiotech.com\/wp-content\/uploads\/2024\/08\/Blue-lotus-extract-capsules-scaled-1.webp 2560w, https:\/\/wankonbiotech.com\/wp-content\/uploads\/2024\/08\/Blue-lotus-extract-capsules-scaled-1-300x203.webp 300w, https:\/\/wankonbiotech.com\/wp-content\/uploads\/2024\/08\/Blue-lotus-extract-capsules-scaled-1-1024x694.webp 1024w, https:\/\/wankonbiotech.com\/wp-content\/uploads\/2024\/08\/Blue-lotus-extract-capsules-scaled-1-768x521.webp 768w, https:\/\/wankonbiotech.com\/wp-content\/uploads\/2024\/08\/Blue-lotus-extract-capsules-scaled-1-1536x1042.webp 1536w, https:\/\/wankonbiotech.com\/wp-content\/uploads\/2024\/08\/Blue-lotus-extract-capsules-scaled-1-2048x1389.webp 2048w, https:\/\/wankonbiotech.com\/wp-content\/uploads\/2024\/08\/Blue-lotus-extract-capsules-scaled-1-18x12.webp 18w, https:\/\/wankonbiotech.com\/wp-content\/uploads\/2024\/08\/Blue-lotus-extract-capsules-scaled-1-600x407.webp 600w\" sizes=\"(max-width: 2560px) 100vw, 2560px\" \/><\/p>\n<h2><strong>Effetti calmanti e lenitivi<\/strong><\/h2>\n<p>Le propriet\u00e0 calmanti del Loto blu sono ben documentate e lo rendono una scelta eccellente per i prodotti destinati a lenire la pelle irritata o sensibile. Utilizzato in una maschera per il viso, in un siero o in una crema idratante, l'estratto di loto blu in polvere pu\u00f2 aiutare a ridurre arrossamenti, infiammazioni e disagi, promuovendo un colorito equilibrato e sano.<\/p>\n<h2><strong>Applicazioni nei prodotti per la cura della pelle<\/strong><\/h2>\n<p>Il nostro estratto di loto blu in polvere \u00e8 versatile e pu\u00f2 essere incorporato senza problemi in vari prodotti per la cura della pelle. \u00c8 adatto all'uso in:<\/p>\n<ul>\n<li><strong>Creme anti-et\u00e0:<\/strong> Per migliorare l'elasticit\u00e0 della pelle e ridurre i segni del tempo.<\/li>\n<li><strong>Sieri idratanti:<\/strong> Per un'idratazione profonda e un effetto rimpolpante della pelle.<\/li>\n<li><strong>Maschere per il viso:<\/strong> Per calmare e lenire la pelle, apportando al contempo nutrienti essenziali.<\/li>\n<li><strong>Tonici e lozioni:<\/strong> Per una spinta rinfrescante e idratante.<\/li>\n<\/ul>\n<h2><strong>Qualit\u00e0 di cui ci si pu\u00f2 fidare<\/strong><\/h2>\n<p>Alla Xi'an Wankangyuan Biotechnology, la qualit\u00e0 \u00e8 al centro di tutto ci\u00f2 che facciamo. Il nostro Estratto di Loto Blu in polvere \u00e8 prodotto in base a rigorose misure di controllo della qualit\u00e0, che assicurano che ogni lotto soddisfi i pi\u00f9 alti standard di purezza e potenza. Ci riforniamo di Loto Blu dai migliori ambienti naturali e utilizziamo tecniche di estrazione avanzate per preservare le propriet\u00e0 benefiche della pianta.<\/p>\n<h2><strong>Perch\u00e9 scegliere l'estratto di loto blu in polvere di Xi'an Wankangyuan?<\/strong><\/h2>\n<p>Collaborare con la Xi'an Wankangyuan Biotechnology significa avere accesso a una polvere di estratto di loto blu di prima qualit\u00e0, non solo efficace ma anche sicura e responsabile dal punto di vista ambientale. Siamo impegnati in pratiche sostenibili e nell'approvvigionamento etico, assicurando che i nostri prodotti facciano bene sia al pianeta che alla vostra pelle.<\/p>\n<h2><strong>Domande frequenti<\/strong><\/h2>\n<p><strong>A cosa serve l'estratto di loto blu in polvere per la cura della pelle?<\/strong><br \/>\nL'estratto di loto blu in polvere \u00e8 comunemente usato per le sue propriet\u00e0 anti-invecchiamento, idratanti e lenitive. \u00c8 efficace per ridurre le linee sottili, migliorare la texture della pelle e calmare la pelle irritata.<\/p>\n<p><strong>L'estratto di loto blu in polvere pu\u00f2 essere utilizzato per tutti i tipi di pelle?<\/strong><br \/>\nS\u00ec, l'estratto di loto blu in polvere \u00e8 adatto a tutti i tipi di pelle, comprese quelle sensibili. Le sue propriet\u00e0 delicate e idratanti lo rendono una scelta eccellente per un'ampia gamma di prodotti per la cura della pelle.<\/p>\n<p><strong>Come deve essere conservato l'Estratto di Loto Blu in polvere?<\/strong><br \/>\nPer mantenere la sua potenza, l'estratto di loto blu in polvere deve essere conservato in un luogo fresco e asciutto, lontano dalla luce solare diretta e dall'umidit\u00e0.<\/p>\n<p><strong>L'estratto di loto blu in polvere \u00e8 sicuro per l'uso quotidiano?<\/strong><br \/>\nS\u00ec, i prodotti formulati con l'estratto di loto blu in polvere sono generalmente sicuri per l'uso quotidiano, poich\u00e9 l'estratto \u00e8 delicato e non irritante.<\/p>\n<p><strong>Qual \u00e8 la concentrazione raccomandata di estratto di loto blu in polvere nelle formulazioni?<\/strong><br \/>\nLa concentrazione raccomandata dell'estratto di loto blu in polvere varia a seconda del prodotto, ma in genere viene utilizzata da 0,5% a 5% nelle formulazioni per la cura della pelle.<\/p>\n<p><strong>L'Estratto di Loto Blu in polvere ha un profumo?<\/strong><br \/>\nL'estratto di loto blu in polvere ha una fragranza delicata e naturale, sottile e gradevole, che lo rende ideale per le formulazioni sensibili ai profumi.<\/p>\n<p><strong>Link in entrata:<\/strong><\/p>\n<ul>\n<li><a href=\"http:\/\/wankonbiotech.com\/it\/\" rel=\"noopener\">Xi'an Wankangyuan Biotechnology Co., Ltd. - Il nostro impegno per la qualit\u00e0<\/a><\/li>\n<\/ul>","protected":false},"excerpt":{"rendered":"<p>L'estratto di loto \u00e8 una pianta acquatica perenne, appartenente al genere Nelumbo, comunemente coltivata nei giardini acquatici. Le radici del loto sono piantate nel terreno del fondo dello stagno o del fiume, mentre le foglie galleggiano sulla superficie dell'acqua o si tengono ben al di sopra di essa. I fiori si trovano solitamente su steli spessi che si ergono per diversi centimetri al di sopra delle foglie.<\/p>","protected":false},"featured_media":972,"template":"","meta":{"_acf_changed":false},"product_brand":[],"product_cat":[40],"product_tag":[],"class_list":{"0":"post-971","1":"product","2":"type-product","3":"status-publish","4":"has-post-thumbnail","6":"product_cat-organic-plant-extract","8":"first","9":"instock","10":"shipping-taxable","11":"product-type-simple"},"acf":[],"_links":{"self":[{"href":"https:\/\/wankonbiotech.com\/it\/wp-json\/wp\/v2\/product\/971","targetHints":{"allow":["GET"]}}],"collection":[{"href":"https:\/\/wankonbiotech.com\/it\/wp-json\/wp\/v2\/product"}],"about":[{"href":"https:\/\/wankonbiotech.com\/it\/wp-json\/wp\/v2\/types\/product"}],"wp:featuredmedia":[{"embeddable":true,"href":"https:\/\/wankonbiotech.com\/it\/wp-json\/wp\/v2\/media\/972"}],"wp:attachment":[{"href":"https:\/\/wankonbiotech.com\/it\/wp-json\/wp\/v2\/media?parent=971"}],"wp:term":[{"taxonomy":"product_brand","embeddable":true,"href":"https:\/\/wankonbiotech.com\/it\/wp-json\/wp\/v2\/product_brand?post=971"},{"taxonomy":"product_cat","embeddable":true,"href":"https:\/\/wankonbiotech.com\/it\/wp-json\/wp\/v2\/product_cat?post=971"},{"taxonomy":"product_tag","embeddable":true,"href":"https:\/\/wankonbiotech.com\/it\/wp-json\/wp\/v2\/product_tag?post=971"}],"curies":[{"name":"wp","href":"https:\/\/api.w.org\/{rel}","templated":true}]}}