{"id":962,"date":"2024-08-23T05:59:22","date_gmt":"2024-08-23T05:59:22","guid":{"rendered":"http:\/\/wankonbiotech.com\/?post_type=product&#038;p=962"},"modified":"2024-08-23T06:02:40","modified_gmt":"2024-08-23T06:02:40","slug":"natural-fisetin-powder","status":"publish","type":"product","link":"https:\/\/wankonbiotech.com\/it\/prodotto-2\/fisetina-naturale-in-polvere\/","title":{"rendered":"Fisetina naturale in polvere"},"content":{"rendered":"<table>\n<tbody>\n<tr>\n<td><strong>Nome del prodotto<\/strong><\/td>\n<td>Fisetina naturale in polvere<\/td>\n<\/tr>\n<tr>\n<td><strong>La purezza<\/strong><\/td>\n<td>98%+<\/td>\n<\/tr>\n<tr>\n<td><strong>Aspetto<\/strong><\/td>\n<td>Polvere cristallina aciculare gialla<\/td>\n<\/tr>\n<tr>\n<td><strong>MOQ<\/strong><\/td>\n<td>1Kg<\/td>\n<\/tr>\n<tr>\n<td><strong>Pacchetto<\/strong><\/td>\n<td>1Kg\/sacco di alluminio, 25Kg\/fusto di carta<\/td>\n<\/tr>\n<tr>\n<td><strong>Stock<\/strong><\/td>\n<td>600 Kg<\/td>\n<\/tr>\n<tr>\n<td><strong>Tempo di spedizione<\/strong><\/td>\n<td>Entro 2~3 giorni lavorativi dall'ordine<\/td>\n<\/tr>\n<tr>\n<td><strong>Modalit\u00e0 di pagamento<\/strong><\/td>\n<td>Bonifico bancario<\/td>\n<\/tr>\n<\/tbody>\n<\/table>\n<h2><strong>Introduzione<\/strong><\/h2>\n<p><strong>Fisetina naturale in polvere<\/strong> \u00e8 presente in una variet\u00e0 di piante. Si trova in molte eudicot, come l'Acacia greggii e l'Acacia berlandieri, nonch\u00e9 nella famiglia delle Fabaceae e in piante come il Quebracho colorado e il Rhus chinensis. Si trova anche nel fustico giovane, un colorante giallo tradizionale ricavato dal durame del Cotinus coggygria, e in molte verdure e frutti, come fragole, mele e uva. La fisetina pu\u00f2 essere estratta anche dai succhi di frutta, dai vini e dalle bevande preparate come il t\u00e8. Si trova anche nelle monocotiledoni, come le cipolle, e nelle conifere, come la Callitropsis nootkatensis.<\/p>\n<h2><strong>Che cos'\u00e8 la Fisetina naturale in polvere?<\/strong><\/h2>\n<p><strong>Fisetina naturale in polvere<\/strong> \u00e8 un flavonoide, un tipo di composto vegetale noto per le sue propriet\u00e0 antiossidanti. Si trova in diversi tipi di frutta e verdura e le fragole ne sono una delle fonti pi\u00f9 ricche. <strong>Fisetina<\/strong> \u00e8 stato oggetto di numerosi studi scientifici per i suoi potenziali benefici per la salute, in particolare nelle aree del supporto cognitivo, dell'anti-invecchiamento e della protezione cellulare. Il nostro <strong>Fisetina naturale in polvere<\/strong> viene estratto e purificato per garantire la massima potenza, fornendo un integratore di alta qualit\u00e0 in linea con i vostri obiettivi di salute.<\/p>\n<p><img fetchpriority=\"high\" decoding=\"async\" class=\"alignnone size-full wp-image-963\" src=\"http:\/\/wankonbiotech.com\/wp-content\/uploads\/2024\/08\/OIP.jpg\" alt=\"Fisetina naturale in polvere\" width=\"474\" height=\"355\" title=\"\" srcset=\"https:\/\/wankonbiotech.com\/wp-content\/uploads\/2024\/08\/OIP.jpg 474w, https:\/\/wankonbiotech.com\/wp-content\/uploads\/2024\/08\/OIP-300x225.jpg 300w, https:\/\/wankonbiotech.com\/wp-content\/uploads\/2024\/08\/OIP-16x12.jpg 16w\" sizes=\"(max-width: 474px) 100vw, 474px\" \/> <img decoding=\"async\" class=\"alignnone size-full wp-image-964\" src=\"http:\/\/wankonbiotech.com\/wp-content\/uploads\/2024\/08\/OIP-1.jpg\" alt=\"Fisetina naturale in polvere\" width=\"474\" height=\"347\" title=\"\" srcset=\"https:\/\/wankonbiotech.com\/wp-content\/uploads\/2024\/08\/OIP-1.jpg 474w, https:\/\/wankonbiotech.com\/wp-content\/uploads\/2024\/08\/OIP-1-300x220.jpg 300w, https:\/\/wankonbiotech.com\/wp-content\/uploads\/2024\/08\/OIP-1-16x12.jpg 16w\" sizes=\"(max-width: 474px) 100vw, 474px\" \/><\/p>\n<h2><strong>Benefici per la salute della fisetina naturale in polvere<\/strong><\/h2>\n<p><strong>Fisetina naturale in polvere<\/strong> offre una serie di benefici per la salute che la rendono un'eccellente aggiunta alla vostra routine quotidiana:<\/p>\n<ul>\n<li><strong>Supporto cognitivo<\/strong>: <strong>Fisetina<\/strong> \u00e8 noto per le sue propriet\u00e0 neuroprotettive, che aiutano a migliorare la memoria e le funzioni cerebrali. Favorisce la salute dei neuroni e pu\u00f2 ridurre il rischio di declino cognitivo legato all'et\u00e0.<\/li>\n<li><strong>Potere antiossidante<\/strong>: Come forte antiossidante, <strong>Fisetina<\/strong> aiuta a neutralizzare i radicali liberi nell'organismo, riducendo lo stress ossidativo e proteggendo le cellule dai danni.<\/li>\n<li><strong>Propriet\u00e0 anti-invecchiamento<\/strong>: <strong>Fisetina<\/strong> ha dimostrato di promuovere la salute cellulare e la longevit\u00e0 riducendo l'infiammazione e sostenendo i naturali processi di disintossicazione dell'organismo.<\/li>\n<li><strong>Effetti antinfiammatori<\/strong>: <strong>Fisetina<\/strong> aiuta a modulare le vie infiammatorie, a beneficio di chi soffre di infiammazione cronica o di condizioni correlate.<\/li>\n<\/ul>\n<h2><strong>Applicazioni della fisetina naturale in polvere<\/strong><\/h2>\n<p><strong>Fisetina naturale in polvere<\/strong> \u00e8 versatile e pu\u00f2 essere incorporato in diverse routine di salute e benessere:<\/p>\n<ul>\n<li><strong>Integratori alimentari<\/strong>: Aggiungi <strong>Fisetina in polvere<\/strong> a capsule o compresse per creare un potente integratore antiossidante.<\/li>\n<li><strong>Frullati e bevande<\/strong>: Miscela <strong>Fisetina naturale in polvere<\/strong> nei frullati, nei succhi o nell'acqua per aumentare l'apporto giornaliero di antiossidanti.<\/li>\n<li><strong>Alimenti funzionali<\/strong>: Incorporare <strong>Fisetina in polvere<\/strong> in barrette salutari, snack energetici o altri alimenti funzionali per ottenere maggiori benefici nutrizionali.<\/li>\n<\/ul>\n<h2><strong>Perch\u00e9 scegliere la nostra polvere di fisetina naturale?<\/strong><\/h2>\n<p>A <strong>Xi'an Wankangyuan Biotechnology Co., Ltd.<\/strong>Siamo orgogliosi di produrre ingredienti naturali di alta qualit\u00e0 che soddisfano i pi\u00f9 elevati standard di purezza ed efficacia. Il nostro <strong>Fisetina naturale in polvere<\/strong> proviene da frutta e verdura di prima qualit\u00e0 e viene lavorato nel nostro stabilimento all'avanguardia, per garantire un prodotto potente e puro. Grazie alla nostra vasta esperienza nella produzione di estratti vegetali e di integratori per la salute, garantiamo che il nostro <strong>Fisetina in polvere<\/strong> \u00e8 efficace e sicuro per l'uso a lungo termine.<\/p>\n<p>Il nostro impegno per la qualit\u00e0 si riflette nei nostri rigorosi processi di test e di controllo della qualit\u00e0, che garantiscono che ogni lotto di <strong>Fisetina naturale in polvere<\/strong> soddisfa i nostri rigorosi standard. Ci impegniamo a fornire prodotti che supportano la salute e il benessere, supportati dalla scienza e prodotti con integrit\u00e0.<\/p>\n<h2><strong>Sostenibilit\u00e0 e garanzia di qualit\u00e0<\/strong><\/h2>\n<p>Il nostro <strong>Fisetina naturale in polvere<\/strong> \u00e8 prodotto con un'attenzione particolare alla sostenibilit\u00e0 e alla responsabilit\u00e0 ambientale. Lavoriamo a stretto contatto con agricoltori che praticano un'agricoltura sostenibile, assicurando che i nostri ingredienti siano coltivati e raccolti in modo ecologico. Inoltre, il nostro impianto di lavorazione segue le norme GMP (Good Manufacturing Practices) e ISO, garantendo un prodotto sicuro e di alta qualit\u00e0.<\/p>\n<p>Per saperne di pi\u00f9 su questo e su altri integratori naturali di alta qualit\u00e0, visitate il sito <a href=\"http:\/\/wankonbiotech.com\/it\/categoria-di-prodotto-2\/ingredienti-nutraceutici\/\" target=\"_new\" rel=\"noopener\">Categoria di ingredienti nutraceutici di Wankon Biotech<\/a>.<\/p>\n<h2><strong>Domande frequenti<\/strong><\/h2>\n<p>Che cos'\u00e8 la Fisetina naturale in polvere?<br \/>\n<strong>Fisetina naturale in polvere<\/strong> \u00e8 un flavonoide con propriet\u00e0 antiossidanti, noto per sostenere la salute cognitiva e ridurre lo stress ossidativo.<\/p>\n<p>Come si usa la Fisetina naturale in polvere?<br \/>\n\u00c8 possibile aggiungere <strong>Fisetina naturale in polvere<\/strong> a frullati, bevande o capsule per integrare i suoi benefici nella routine quotidiana.<\/p>\n<p>Natural Fisetin Powder \u00e8 sicuro per l'uso a lungo termine?<br \/>\nS\u00ec, <strong>Fisetina naturale in polvere<\/strong> \u00e8 sicuro per l'uso a lungo termine ed \u00e8 un ottimo integratore per il supporto cognitivo e il benessere generale.<\/p>\n<p>Quali sono i benefici della Fisetina per la salute?<br \/>\n<strong>Fisetina<\/strong> sostiene la salute del cervello, protegge le cellule dallo stress ossidativo e ha propriet\u00e0 antinvecchiamento e antinfiammatorie.<\/p>\n<p>Dove posso acquistare la Fisetina naturale in polvere di alta qualit\u00e0?<br \/>\n\u00c8 possibile acquistare prodotti di alta qualit\u00e0 <strong>Fisetina naturale in polvere<\/strong> da fornitori di fiducia come quelli di <a href=\"http:\/\/wankonbiotech.com\/it\/categoria-di-prodotto-2\/proteine-biologiche-di-origine-vegetale-2\/\" target=\"_new\" rel=\"noopener\">Categoria di ingredienti nutraceutici di Wankon Biotech<\/a>.<\/p>","protected":false},"excerpt":{"rendered":"<p><strong>Fisetina naturale in polvere<\/strong> \u00e8 un potente antiossidante derivato da frutta e verdura, in particolare dalle fragole. \u00c8 noto per la sua capacit\u00e0 di sostenere la salute cognitiva e di proteggere le cellule dallo stress ossidativo, <strong>Fisetina<\/strong> \u00e8 sempre pi\u00f9 riconosciuto come un potente integratore per promuovere la longevit\u00e0 e il benessere generale.<\/p>","protected":false},"featured_media":965,"template":"","meta":{"_acf_changed":false},"product_brand":[],"product_cat":[35],"product_tag":[],"class_list":{"0":"post-962","1":"product","2":"type-product","3":"status-publish","4":"has-post-thumbnail","6":"product_cat-nutracentical-ingredients","8":"first","9":"instock","10":"shipping-taxable","11":"product-type-simple"},"acf":[],"_links":{"self":[{"href":"https:\/\/wankonbiotech.com\/it\/wp-json\/wp\/v2\/product\/962","targetHints":{"allow":["GET"]}}],"collection":[{"href":"https:\/\/wankonbiotech.com\/it\/wp-json\/wp\/v2\/product"}],"about":[{"href":"https:\/\/wankonbiotech.com\/it\/wp-json\/wp\/v2\/types\/product"}],"wp:featuredmedia":[{"embeddable":true,"href":"https:\/\/wankonbiotech.com\/it\/wp-json\/wp\/v2\/media\/965"}],"wp:attachment":[{"href":"https:\/\/wankonbiotech.com\/it\/wp-json\/wp\/v2\/media?parent=962"}],"wp:term":[{"taxonomy":"product_brand","embeddable":true,"href":"https:\/\/wankonbiotech.com\/it\/wp-json\/wp\/v2\/product_brand?post=962"},{"taxonomy":"product_cat","embeddable":true,"href":"https:\/\/wankonbiotech.com\/it\/wp-json\/wp\/v2\/product_cat?post=962"},{"taxonomy":"product_tag","embeddable":true,"href":"https:\/\/wankonbiotech.com\/it\/wp-json\/wp\/v2\/product_tag?post=962"}],"curies":[{"name":"wp","href":"https:\/\/api.w.org\/{rel}","templated":true}]}}