{"id":952,"date":"2024-08-21T16:09:39","date_gmt":"2024-08-21T16:09:39","guid":{"rendered":"http:\/\/wankonbiotech.com\/?post_type=product&#038;p=952"},"modified":"2024-11-20T01:23:24","modified_gmt":"2024-11-20T01:23:24","slug":"whey-protein-powder-for-bodybuilding-manufacturers","status":"publish","type":"product","link":"https:\/\/wankonbiotech.com\/it\/prodotto-2\/proteine-del-siero-di-latte\/","title":{"rendered":"Proteine del siero del latte in polvere per il bodybuilding"},"content":{"rendered":"<table>\n<tbody>\n<tr>\n<td>\n<div><strong>Nome del prodotto<\/strong><\/div>\n<\/td>\n<td>\n<div class=\"magic-3\">Proteine del siero di latte<\/div>\n<\/td>\n<\/tr>\n<tr>\n<td>\n<div><strong>Fonte<\/strong><\/div>\n<\/td>\n<td>\n<div class=\"magic-3\">latte<\/div>\n<\/td>\n<\/tr>\n<tr>\n<td>\n<div><strong>Aspetto<\/strong><\/div>\n<\/td>\n<td>\n<div class=\"magic-3\">polvere biancastra<\/div>\n<\/td>\n<\/tr>\n<tr>\n<td>\n<div><strong>Specifiche<\/strong><\/div>\n<\/td>\n<td>\n<div class=\"magic-3\">90%<\/div>\n<\/td>\n<\/tr>\n<tr>\n<td>\n<div><strong>Temperatura effettiva<\/strong><\/div>\n<\/td>\n<td>\n<div class=\"magic-3\">25-50\u00b0C<\/div>\n<\/td>\n<\/tr>\n<tr>\n<td>\n<div><strong>pH e temperatura ottimali<\/strong><\/div>\n<\/td>\n<td>\n<div class=\"magic-3\">5.5~6.0\/33\u00b0C<\/div>\n<\/td>\n<\/tr>\n<tr>\n<td>\n<div><strong>Applicazione<\/strong><\/div>\n<\/td>\n<td>\n<div class=\"magic-3\">Preparazioni enzimatiche<\/div>\n<\/td>\n<\/tr>\n<tr>\n<td>\n<div><strong>Certificato<\/strong><\/div>\n<\/td>\n<td>\n<div class=\"magic-3\">ISO Halal<\/div>\n<\/td>\n<\/tr>\n<tr>\n<td>\n<div><strong>Durata di conservazione<\/strong><\/div>\n<\/td>\n<td>\n<div class=\"magic-3\">2 anni se conservato correttamente<\/div>\n<\/td>\n<\/tr>\n<\/tbody>\n<\/table>\n<h2><strong>Introduzione<\/strong><\/h2>\n<p><strong>Proteine del siero di latte<\/strong> \u00e8 un integratore proteico molto apprezzato, noto per la sua capacit\u00e0 di favorire il recupero muscolare e la salute generale. Deriva dal latte durante il processo di produzione del formaggio, <strong>Proteine del siero di latte<\/strong> \u00e8 ricco di aminoacidi essenziali, che lo rendono un integratore ideale per gli atleti, gli appassionati di fitness e tutti coloro che desiderano migliorare il proprio apporto proteico. Sia che si tratti di costruire muscoli, di recuperare dopo l'allenamento o semplicemente di mantenere una dieta equilibrata, <strong>Proteine del siero di latte<\/strong> offre una soluzione comoda ed efficace.<\/p>\n<h2><strong>Che cos'\u00e8 la proteina del siero di latte?<\/strong><\/h2>\n<p><strong>Proteine del siero di latte<\/strong> \u00e8 una proteina completa, cio\u00e8 contiene tutti e nove gli aminoacidi essenziali di cui il corpo ha bisogno ma che non \u00e8 in grado di produrre da solo. Viene assorbita rapidamente dall'organismo, il che la rende particolarmente efficace per il recupero post-allenamento. Esistono diversi tipi di <strong>Proteine del siero di latte<\/strong> Sono disponibili diversi tipi di proteine, tra cui il concentrato, l'isolato e l'idrolizzato, che variano per contenuto proteico e metodi di lavorazione. <strong>Proteine del siero di latte<\/strong> \u00e8 anche naturalmente povera di grassi e carboidrati, il che la rende un'aggiunta versatile a diversi piani dietetici.<\/p>\n<h2><strong>Benefici per la salute delle proteine del siero di latte<\/strong><\/h2>\n<p>Il vantaggio principale di <strong>Proteine del siero di latte<\/strong> \u00e8 il suo ruolo nel favorire il recupero e la crescita muscolare. Dopo l'esercizio fisico, i muscoli hanno bisogno di proteine per riparare e ricostruire, e <strong>Proteine del siero di latte<\/strong> fornisce i mattoni necessari per facilitare questo processo. L'elevato contenuto di aminoacidi a catena ramificata (BCAA), in particolare di leucina, svolge un ruolo fondamentale nello stimolare la sintesi proteica muscolare.<\/p>\n<p><img fetchpriority=\"high\" decoding=\"async\" class=\"size-full wp-image-955 aligncenter\" src=\"http:\/\/wankonbiotech.com\/wp-content\/uploads\/2024\/08\/Whey-Protein-Powder-For-Bodybuilding-Manufacturers.jpg\" alt=\"Proteine del siero del latte in polvere per il bodybuilding Produttori\" width=\"794\" height=\"595\" title=\"\" srcset=\"https:\/\/wankonbiotech.com\/wp-content\/uploads\/2024\/08\/Whey-Protein-Powder-For-Bodybuilding-Manufacturers.jpg 794w, https:\/\/wankonbiotech.com\/wp-content\/uploads\/2024\/08\/Whey-Protein-Powder-For-Bodybuilding-Manufacturers-300x225.jpg 300w, https:\/\/wankonbiotech.com\/wp-content\/uploads\/2024\/08\/Whey-Protein-Powder-For-Bodybuilding-Manufacturers-768x576.jpg 768w, https:\/\/wankonbiotech.com\/wp-content\/uploads\/2024\/08\/Whey-Protein-Powder-For-Bodybuilding-Manufacturers-16x12.jpg 16w, https:\/\/wankonbiotech.com\/wp-content\/uploads\/2024\/08\/Whey-Protein-Powder-For-Bodybuilding-Manufacturers-600x450.jpg 600w\" sizes=\"(max-width: 794px) 100vw, 794px\" \/><\/p>\n<p>Oltre alle sue propriet\u00e0 di rafforzamento muscolare, <strong>Proteine del siero di latte<\/strong> sostiene la salute generale aiutando a soddisfare il fabbisogno proteico giornaliero. Un'adeguata assunzione di proteine \u00e8 essenziale per mantenere la massa muscolare, sostenere la salute del metabolismo e favorire il senso di saziet\u00e0, che pu\u00f2 contribuire alla gestione del peso. Inoltre, <strong>Proteine del siero di latte<\/strong> \u00e8 utile per la salute immunitaria, in quanto contiene immunoglobuline e lattoferrina, che favoriscono la risposta immunitaria dell'organismo.<\/p>\n<h2><strong>Applicazioni delle proteine del siero di latte<\/strong><\/h2>\n<p><strong>Proteine del siero di latte<\/strong> \u00e8 ampiamente utilizzato come integratore alimentare e pu\u00f2 essere incorporato in vari alimenti e bevande:<\/p>\n<ul>\n<li><strong>Frullati post-allenamento:<\/strong> Miscelato con acqua o latte, <strong>Proteine del siero di latte<\/strong> \u00e8 un modo semplice ed efficace per potenziare il recupero post-allenamento.<\/li>\n<li><strong>Sostituto del pasto:<\/strong> Combinato con altri ingredienti, <strong>Proteine del siero di latte<\/strong> pu\u00f2 essere utilizzato nei frullati e nei frullati sostitutivi dei pasti per ottenere un pasto equilibrato e ricco di proteine.<\/li>\n<li><strong>Cottura:<\/strong> <strong>Proteine del siero di latte<\/strong> possono essere aggiunti ai prodotti da forno, come pancake e muffin, per aumentarne il contenuto proteico senza alterarne significativamente il gusto o la consistenza.<\/li>\n<\/ul>\n<h2><strong>Perch\u00e9 scegliere le proteine del siero del latte?<\/strong><\/h2>\n<p>La scelta <strong>Proteine del siero di latte<\/strong> garantisce una fonte proteica di alta qualit\u00e0 e biodisponibile che favorisce il recupero muscolare e la salute generale. La sua versatilit\u00e0 e facilit\u00e0 d'uso ne fanno un alimento fondamentale nella dieta di atleti, culturisti e persone attente alla salute. Inoltre, <strong>Proteine del siero di latte<\/strong> \u00e8 supportato da ricerche approfondite che ne evidenziano l'efficacia nel promuovere la crescita muscolare, nel favorire la gestione del peso e nel sostenere la funzione immunitaria.<\/p>\n<p><strong>Qualit\u00e0 e purezza<\/strong><\/p>\n<p>Quando si seleziona <strong>Proteine del siero di latte<\/strong>\u00c8 importante scegliere un prodotto puro, privo di additivi inutili e proveniente da latte di alta qualit\u00e0. Cercate certificazioni come quella non OGM e assicuratevi che il prodotto sia sottoposto a test rigorosi per garantirne la qualit\u00e0 e l'efficacia.<\/p>","protected":false},"excerpt":{"rendered":"<p>La proteina del siero del latte \u00e8 conosciuta come il re delle proteine, estratta dal latte di una proteina con un alto valore nutrizionale, facile da digerire caratteristiche di assorbimento con una variet\u00e0 di ingredienti attivi.<\/p>","protected":false},"featured_media":954,"template":"","meta":{"_acf_changed":false},"product_brand":[],"product_cat":[36],"product_tag":[],"class_list":{"0":"post-952","1":"product","2":"type-product","3":"status-publish","4":"has-post-thumbnail","6":"product_cat-nutritional-formula-blend-powder","8":"first","9":"instock","10":"shipping-taxable","11":"product-type-simple"},"acf":[],"_links":{"self":[{"href":"https:\/\/wankonbiotech.com\/it\/wp-json\/wp\/v2\/product\/952","targetHints":{"allow":["GET"]}}],"collection":[{"href":"https:\/\/wankonbiotech.com\/it\/wp-json\/wp\/v2\/product"}],"about":[{"href":"https:\/\/wankonbiotech.com\/it\/wp-json\/wp\/v2\/types\/product"}],"wp:featuredmedia":[{"embeddable":true,"href":"https:\/\/wankonbiotech.com\/it\/wp-json\/wp\/v2\/media\/954"}],"wp:attachment":[{"href":"https:\/\/wankonbiotech.com\/it\/wp-json\/wp\/v2\/media?parent=952"}],"wp:term":[{"taxonomy":"product_brand","embeddable":true,"href":"https:\/\/wankonbiotech.com\/it\/wp-json\/wp\/v2\/product_brand?post=952"},{"taxonomy":"product_cat","embeddable":true,"href":"https:\/\/wankonbiotech.com\/it\/wp-json\/wp\/v2\/product_cat?post=952"},{"taxonomy":"product_tag","embeddable":true,"href":"https:\/\/wankonbiotech.com\/it\/wp-json\/wp\/v2\/product_tag?post=952"}],"curies":[{"name":"wp","href":"https:\/\/api.w.org\/{rel}","templated":true}]}}