{"id":948,"date":"2024-08-21T15:46:24","date_gmt":"2024-08-21T15:46:24","guid":{"rendered":"http:\/\/wankonbiotech.com\/?post_type=product&#038;p=948"},"modified":"2024-08-21T15:53:48","modified_gmt":"2024-08-21T15:53:48","slug":"organic-papain-powder-papain-enzyme-powder","status":"publish","type":"product","link":"https:\/\/wankonbiotech.com\/it\/prodotto-2\/papaina-organica-in-polvere-enzima-papaina-in-polvere-2\/","title":{"rendered":"Polvere bianca di papaina organica del commestibile\/enzima papaina in polvere"},"content":{"rendered":"<table>\n<tbody>\n<tr style=\"height: 24px;\">\n<td><strong>Nome del prodotto<\/strong><\/td>\n<td>Papaina biologica in polvere<\/td>\n<td><strong>Nome latino<\/strong><\/td>\n<td>Aquina comune da fiore<\/td>\n<\/tr>\n<tr style=\"height: 24px;\">\n<td><strong>Parte usata<\/strong><\/td>\n<td>La frutta<\/td>\n<td><strong>Aspetto<\/strong><\/td>\n<td>Polvere fine bianca<\/td>\n<\/tr>\n<tr style=\"height: 24px;\">\n<td><strong>Specifiche<\/strong><\/td>\n<td colspan=\"3\">Polvere pura<\/td>\n<\/tr>\n<tr style=\"height: 24px;\">\n<td><strong>Immagazzinamento<\/strong><\/td>\n<td colspan=\"3\">Conservare in un contenitore ben chiuso al riparo dall'umidit\u00e0 e dalla luce solare diretta.<\/td>\n<\/tr>\n<tr style=\"height: 12px;\">\n<td><strong>Durata di conservazione<\/strong><\/td>\n<td colspan=\"3\">24 mesi se sigillato e conservato correttamente<\/td>\n<\/tr>\n<tr style=\"height: 24px;\">\n<td><strong>Metodo di sterilizzazione<\/strong><\/td>\n<td colspan=\"3\">Ad alta temperatura, non irradiato.<\/td>\n<\/tr>\n<\/tbody>\n<\/table>\n<h2><strong>Introduzione<\/strong><\/h2>\n<p><strong>Enzima papaina in polvere<\/strong> \u00e8 quello di utilizzare impianti di ingegneria biologica da papaya immaturo estratto di frutta di prodotti biologici e naturali, \u00e8 composto da 212 aminoacidi, peso molecolare per 21000, appartengono a contenere zolfo (SH) enzimi a catena peptidica, ha la proteasi e l'estere dell'attivit\u00e0 enzimatica, e hanno una vasta gamma di specificit\u00e0, proteine, polipeptidi di piante e animali, esteri, ammidi, ecc hanno una forte capacit\u00e0 di soluzione enzimatica, ma ha anche la capacit\u00e0 di sintesi, il contenuto di idrolisi delle proteine per sintetizzare materiale proteico tipo, questa capacit\u00e0 pu\u00f2 essere utilizzata per migliorare la pianta e il valore nutrizionale delle proteine animali della natura o funzione.<\/p>\n<p><img fetchpriority=\"high\" decoding=\"async\" class=\"alignnone size-full wp-image-951\" src=\"http:\/\/wankonbiotech.com\/wp-content\/uploads\/2024\/08\/Organic-Papain-Powder.jpg\" alt=\" Una ciotola di polvere di papaina biologica con fette di papaia fresca e integratori digestivi nelle vicinanze\" width=\"2000\" height=\"1333\" title=\"\" srcset=\"https:\/\/wankonbiotech.com\/wp-content\/uploads\/2024\/08\/Organic-Papain-Powder.jpg 2000w, https:\/\/wankonbiotech.com\/wp-content\/uploads\/2024\/08\/Organic-Papain-Powder-300x200.jpg 300w, https:\/\/wankonbiotech.com\/wp-content\/uploads\/2024\/08\/Organic-Papain-Powder-1024x682.jpg 1024w, https:\/\/wankonbiotech.com\/wp-content\/uploads\/2024\/08\/Organic-Papain-Powder-768x512.jpg 768w, https:\/\/wankonbiotech.com\/wp-content\/uploads\/2024\/08\/Organic-Papain-Powder-1536x1024.jpg 1536w, https:\/\/wankonbiotech.com\/wp-content\/uploads\/2024\/08\/Organic-Papain-Powder-18x12.jpg 18w, https:\/\/wankonbiotech.com\/wp-content\/uploads\/2024\/08\/Organic-Papain-Powder-600x400.jpg 600w\" sizes=\"(max-width: 2000px) 100vw, 2000px\" \/><\/p>\n<p>La definizione di attivit\u00e0 enzimatica: spettrofotometria ultravioletta punti: quando si determinano le condizioni (37 + \/-0,2 \u00b0 C; PH 7,0) ogni minuto di acidi caseinici idrolizzati rilasciare acido dicloroisocianurico sostanza solubile nella lunghezza d'onda di 275 nm hanno assorbenza e 1 microgrammi di tirosina spettrofotometria \u00e8 abbastanza, gli enzimi necessari per una vitalit\u00e0 di tale unit\u00e0 da u \/ g<\/p>\n<h2><strong>Che cos'\u00e8 la papaina biologica in polvere?<\/strong><\/h2>\n<p><strong>Papaina biologica in polvere<\/strong> \u00e8 derivato dal lattice del frutto della papaya (<em>Carica papaya<\/em>). Questo enzima \u00e8 noto per le sue propriet\u00e0 proteolitiche, ovvero aiuta a scomporre le proteine in peptidi e aminoacidi pi\u00f9 piccoli. Grazie alla sua origine naturale e alla sua efficacia, <strong>Papaina<\/strong> \u00e8 ampiamente utilizzato come coadiuvante della digestione, ammorbidente della carne e ingrediente nelle formulazioni per la cura della pelle. Se proveniente da agricoltura biologica, <strong>Papaina in polvere<\/strong> offre l'ulteriore vantaggio di essere privo di pesticidi e additivi sintetici, allineandosi alle preferenze dei consumatori attenti all'ambiente e alle etichette pulite.<\/p>\n<h2><strong>Benefici per la salute della papaina biologica in polvere<\/strong><\/h2>\n<p>Il vantaggio principale di <strong>Papaina biologica in polvere<\/strong> sta nella sua capacit\u00e0 di favorire la digestione. Scomponendo le proteine in modo pi\u00f9 efficiente, <strong>Papaina<\/strong> aiuta a ridurre il gonfiore, il gas e l'indigestione, rendendolo un eccellente rimedio naturale per i disturbi digestivi. \u00c8 particolarmente utile per i soggetti con disturbi digestivi o che hanno difficolt\u00e0 a digerire alimenti ricchi di proteine.<\/p>\n<p>Oltre ai suoi benefici digestivi, <strong>Papaina biologica in polvere<\/strong> ha propriet\u00e0 antinfiammatorie. Pu\u00f2 contribuire a ridurre l'infiammazione e a promuovere la guarigione, rendendola utile sia negli integratori alimentari che nelle applicazioni topiche. Ad esempio, viene comunemente utilizzato nei prodotti per la cura della pelle per esfoliarla delicatamente, rimuovere le cellule morte e promuovere una carnagione pi\u00f9 chiara.<\/p>\n<h2><strong>Applicazioni della papaina organica in polvere<\/strong><\/h2>\n<p><strong>Papaina biologica in polvere<\/strong> \u00e8 molto versatile e pu\u00f2 essere utilizzato in diversi settori:<\/p>\n<ul>\n<li><strong>Industria alimentare:<\/strong> Utilizzato come ammorbidente naturale, migliora la consistenza delle carni e viene impiegato anche negli integratori proteici per favorire la digestione.<\/li>\n<li><strong>Assistenza sanitaria:<\/strong> Comunemente utilizzato negli integratori per la digestione, <strong>Papaina<\/strong> favorisce la salute dell'apparato digerente e l'assimilazione delle proteine.<\/li>\n<li><strong>Cosmetici:<\/strong> Si trova in scrub esfolianti, maschere e altri prodotti per la cura della pelle, <strong>Papaina<\/strong> promuove il rinnovamento e la chiarezza della pelle.<\/li>\n<\/ul>\n<h2><strong>Perch\u00e9 scegliere la papaina biologica in polvere?<\/strong><\/h2>\n<p>La scelta <strong>Papaina biologica in polvere<\/strong> garantisce un enzima naturale di alta qualit\u00e0, privo di sostanze chimiche nocive. Proveniente da papaie coltivate biologicamente, questo enzima in polvere \u00e8 ideale per i consumatori e i produttori attenti alla salute, alla sostenibilit\u00e0 e agli ingredienti a marchio pulito. La sua ampia gamma di applicazioni e benefici lo rende un'aggiunta preziosa sia al vostro regime di salute che alle formulazioni dei prodotti.<\/p>","protected":false},"excerpt":{"rendered":"<p><strong>Papaina biologica in polvere<\/strong> \u00e8 derivato dal lattice del frutto della papaya (<em>Carica papaya<\/em>). Questo enzima \u00e8 noto per le sue propriet\u00e0 proteolitiche, ovvero aiuta a scomporre le proteine in peptidi e aminoacidi pi\u00f9 piccoli. Grazie alla sua origine naturale e alla sua efficacia, <strong>Papaina<\/strong> \u00e8 ampiamente utilizzato come coadiuvante della digestione, ammorbidente della carne e ingrediente nelle formulazioni per la cura della pelle. Se proveniente da agricoltura biologica, <strong>Papaina in polvere<\/strong> offre l'ulteriore vantaggio di essere privo di pesticidi e additivi sintetici, allineandosi alle preferenze dei consumatori attenti all'ambiente e alle etichette pulite.<\/p>","protected":false},"featured_media":949,"template":"","meta":{"_acf_changed":false},"product_brand":[],"product_cat":[38],"product_tag":[],"class_list":{"0":"post-948","1":"product","2":"type-product","3":"status-publish","4":"has-post-thumbnail","6":"product_cat-organic-juice-concentrate","8":"first","9":"instock","10":"shipping-taxable","11":"product-type-simple"},"acf":[],"_links":{"self":[{"href":"https:\/\/wankonbiotech.com\/it\/wp-json\/wp\/v2\/product\/948","targetHints":{"allow":["GET"]}}],"collection":[{"href":"https:\/\/wankonbiotech.com\/it\/wp-json\/wp\/v2\/product"}],"about":[{"href":"https:\/\/wankonbiotech.com\/it\/wp-json\/wp\/v2\/types\/product"}],"wp:featuredmedia":[{"embeddable":true,"href":"https:\/\/wankonbiotech.com\/it\/wp-json\/wp\/v2\/media\/949"}],"wp:attachment":[{"href":"https:\/\/wankonbiotech.com\/it\/wp-json\/wp\/v2\/media?parent=948"}],"wp:term":[{"taxonomy":"product_brand","embeddable":true,"href":"https:\/\/wankonbiotech.com\/it\/wp-json\/wp\/v2\/product_brand?post=948"},{"taxonomy":"product_cat","embeddable":true,"href":"https:\/\/wankonbiotech.com\/it\/wp-json\/wp\/v2\/product_cat?post=948"},{"taxonomy":"product_tag","embeddable":true,"href":"https:\/\/wankonbiotech.com\/it\/wp-json\/wp\/v2\/product_tag?post=948"}],"curies":[{"name":"wp","href":"https:\/\/api.w.org\/{rel}","templated":true}]}}