{"id":943,"date":"2024-08-20T14:54:19","date_gmt":"2024-08-20T14:54:19","guid":{"rendered":"http:\/\/wankonbiotech.com\/?post_type=product&#038;p=943"},"modified":"2024-11-07T05:27:12","modified_gmt":"2024-11-07T05:27:12","slug":"cepharanthine-powder","status":"publish","type":"product","link":"https:\/\/wankonbiotech.com\/it\/prodotto-2\/cefarantina-in-polvere-2\/","title":{"rendered":"Estratto naturale di Stephania Japonica 98% Polvere di cefarantina"},"content":{"rendered":"<table>\n<tbody>\n<tr>\n<td><strong>Nome del prodotto<\/strong><\/td>\n<td>Polvere di cefarantina<\/td>\n<td><strong>Nome latino<\/strong><\/td>\n<td>Estratto di Stephania Japonica<\/td>\n<\/tr>\n<tr>\n<td><strong>Parte usata<\/strong><\/td>\n<td>Radice<\/td>\n<td><strong>Aspetto<\/strong><\/td>\n<td>Polvere bianca<\/td>\n<\/tr>\n<tr>\n<td><strong>Immagazzinamento<\/strong><\/td>\n<td colspan=\"3\">Conservare in un contenitore ben chiuso al riparo dall'umidit\u00e0 e dalla luce solare diretta.<\/td>\n<\/tr>\n<tr>\n<td><strong>Durata di conservazione<\/strong><\/td>\n<td colspan=\"3\">24 mesi se sigillato e conservato correttamente<\/td>\n<\/tr>\n<tr>\n<td><strong>MOQ<\/strong><\/td>\n<td colspan=\"3\">10g.<\/td>\n<\/tr>\n<\/tbody>\n<\/table>\n<h2><strong>Introduzione<\/strong><\/h2>\n<p><strong>Polvere di cefarantina<\/strong>\u00a0 \u00e8 estratta dalle radici della pianta endemica della provincia dello Yunnan, Stephania japonica (Thunb.) Miers. La cefarantina \u00e8 in grado di aumentare il numero di leucociti del sangue periferico e di promuovere l'iperplasia del tessuto del midollo osseo, essendo utilizzata principalmente per curare la diminuzione e la carenza di leucociti causata dalla chemioterapia antitumorale e da altri fattori. Ora viene utilizzato nel trattamento della porpora trombocitopenica. \u00c8 comodo da dosare per inibire la fibrosi polmonare senza significative reazioni avverse.<\/p>\n<p><img fetchpriority=\"high\" decoding=\"async\" class=\"alignnone wp-image-945 size-full\" src=\"http:\/\/wankonbiotech.com\/wp-content\/uploads\/2024\/08\/Stephania-Japonica-Extract.webp\" alt=\"Estratto di Stephania Japonica\" width=\"1024\" height=\"768\" title=\"\" srcset=\"https:\/\/wankonbiotech.com\/wp-content\/uploads\/2024\/08\/Stephania-Japonica-Extract.webp 1024w, https:\/\/wankonbiotech.com\/wp-content\/uploads\/2024\/08\/Stephania-Japonica-Extract-300x225.webp 300w, https:\/\/wankonbiotech.com\/wp-content\/uploads\/2024\/08\/Stephania-Japonica-Extract-768x576.webp 768w, https:\/\/wankonbiotech.com\/wp-content\/uploads\/2024\/08\/Stephania-Japonica-Extract-16x12.webp 16w, https:\/\/wankonbiotech.com\/wp-content\/uploads\/2024\/08\/Stephania-Japonica-Extract-600x450.webp 600w\" sizes=\"(max-width: 1024px) 100vw, 1024px\" \/><\/p>\n<h2><strong>Che cos'\u00e8 la cefarantina in polvere?<\/strong><\/h2>\n<p><strong>Polvere di cefarantina<\/strong> viene estratto dal file <em>Stephania cepharantha<\/em> pianta originaria dell'Asia. Questo composto di origine vegetale \u00e8 un alcaloide noto per le sue propriet\u00e0 farmacologiche, tra cui effetti antinfiammatori, antiossidanti e immunomodulatori. <strong>Cefarantina<\/strong> agisce modulando le risposte immunitarie e riducendo l'infiammazione, il che la rende preziosa nelle pratiche mediche tradizionali e moderne.<img decoding=\"async\" class=\"alignnone wp-image-946 size-full\" src=\"http:\/\/wankonbiotech.com\/wp-content\/uploads\/2024\/08\/Stephania-Japonica-Extract1.webp\" alt=\"Polvere di cefarantina\" width=\"1618\" height=\"1080\" title=\"\" srcset=\"https:\/\/wankonbiotech.com\/wp-content\/uploads\/2024\/08\/Stephania-Japonica-Extract1.webp 1618w, https:\/\/wankonbiotech.com\/wp-content\/uploads\/2024\/08\/Stephania-Japonica-Extract1-300x200.webp 300w, https:\/\/wankonbiotech.com\/wp-content\/uploads\/2024\/08\/Stephania-Japonica-Extract1-1024x684.webp 1024w, https:\/\/wankonbiotech.com\/wp-content\/uploads\/2024\/08\/Stephania-Japonica-Extract1-768x513.webp 768w, https:\/\/wankonbiotech.com\/wp-content\/uploads\/2024\/08\/Stephania-Japonica-Extract1-1536x1025.webp 1536w, https:\/\/wankonbiotech.com\/wp-content\/uploads\/2024\/08\/Stephania-Japonica-Extract1-18x12.webp 18w, https:\/\/wankonbiotech.com\/wp-content\/uploads\/2024\/08\/Stephania-Japonica-Extract1-600x400.webp 600w\" sizes=\"(max-width: 1618px) 100vw, 1618px\" \/><\/p>\n<h2><strong>Benefici per la salute della cefarantina in polvere<\/strong><\/h2>\n<p><strong>Polvere di cefarantina<\/strong> \u00e8 molto apprezzato per la sua capacit\u00e0 di sostenere la funzione immunitaria. Aumenta le difese naturali dell'organismo modulando il sistema immunitario e aiutandolo a rispondere in modo pi\u00f9 efficace agli agenti patogeni. Per questo motivo \u00e8 particolarmente utile per coloro che desiderano rafforzare le proprie difese immunitarie, soprattutto nei periodi di stress o di malattia.<\/p>\n<p>Oltre alle sue propriet\u00e0 immunitarie, <strong>Polvere di cefarantina<\/strong> \u00e8 noto per i suoi effetti antinfiammatori. Contribuisce a ridurre l'infiammazione inibendo la produzione di citochine infiammatorie, coinvolte nell'infiammazione cronica e in varie condizioni di salute. Questa azione antinfiammatoria rende <strong>Polvere di cefarantina<\/strong> vantaggioso per le persone che soffrono di disturbi infiammatori o che cercano di prevenire l'infiammazione cronica.<\/p>\n<h2><strong>Applicazioni della cefarantina in polvere<\/strong><\/h2>\n<p><strong>Polvere di cefarantina<\/strong> \u00e8 versatile nelle sue applicazioni. Pu\u00f2 essere utilizzato come integratore alimentare per sostenere la salute immunitaria e ridurre l'infiammazione. Inoltre, \u00e8 in fase di studio per i suoi potenziali benefici nel trattamento di una serie di patologie, tra cui disturbi autoimmuni, cancro e infezioni virali. La sua capacit\u00e0 di migliorare la salute delle cellule e di proteggere dallo stress ossidativo lo rende anche una valida aggiunta ai regimi anti-invecchiamento.<\/p>\n<h2><strong>Perch\u00e9 scegliere la cefarantina in polvere?<\/strong><\/h2>\n<p>La scelta <strong>Polvere di cefarantina<\/strong> offre un modo naturale ed efficace per sostenere la vostra salute. A differenza dei farmaci di sintesi, <strong>Cefarantina<\/strong> deriva da una fonte naturale ed \u00e8 usato tradizionalmente da secoli. Il suo ampio spettro di benefici, dal supporto immunitario agli effetti antinfiammatori, lo rende un integratore prezioso per il benessere generale.<\/p>\n<h2><strong>Qualit\u00e0 e purezza<\/strong><\/h2>\n<p>Quando si seleziona <strong>Polvere di cefarantina<\/strong>\u00c8 importante scegliere un prodotto puro e privo di contaminanti. Di alta qualit\u00e0 <strong>Cefarantina<\/strong> Gli integratori sono prodotti in base a rigorosi standard di controllo della qualit\u00e0, che garantiscono i benefici desiderati per la salute senza additivi dannosi.<\/p>","protected":false},"excerpt":{"rendered":"<p><strong>Cefarantina<\/strong> La polvere viene estratta dalle radici della pianta endemica della provincia dello Yunnan, Stephania japonica (Thunb.) Miers. La cefarantina pu\u00f2 aumentare il numero di leucociti del sangue periferico e promuovere l'iperplasia del tessuto del midollo osseo, essendo utilizzata principalmente per curare la diminuzione e la carenza di leucociti causata dalla chemioterapia del cancro e da altri fattori.<\/p>","protected":false},"featured_media":944,"template":"","meta":{"_acf_changed":false},"product_brand":[],"product_cat":[40],"product_tag":[],"class_list":{"0":"post-943","1":"product","2":"type-product","3":"status-publish","4":"has-post-thumbnail","6":"product_cat-organic-plant-extract","8":"first","9":"instock","10":"shipping-taxable","11":"product-type-simple"},"acf":[],"_links":{"self":[{"href":"https:\/\/wankonbiotech.com\/it\/wp-json\/wp\/v2\/product\/943","targetHints":{"allow":["GET"]}}],"collection":[{"href":"https:\/\/wankonbiotech.com\/it\/wp-json\/wp\/v2\/product"}],"about":[{"href":"https:\/\/wankonbiotech.com\/it\/wp-json\/wp\/v2\/types\/product"}],"wp:featuredmedia":[{"embeddable":true,"href":"https:\/\/wankonbiotech.com\/it\/wp-json\/wp\/v2\/media\/944"}],"wp:attachment":[{"href":"https:\/\/wankonbiotech.com\/it\/wp-json\/wp\/v2\/media?parent=943"}],"wp:term":[{"taxonomy":"product_brand","embeddable":true,"href":"https:\/\/wankonbiotech.com\/it\/wp-json\/wp\/v2\/product_brand?post=943"},{"taxonomy":"product_cat","embeddable":true,"href":"https:\/\/wankonbiotech.com\/it\/wp-json\/wp\/v2\/product_cat?post=943"},{"taxonomy":"product_tag","embeddable":true,"href":"https:\/\/wankonbiotech.com\/it\/wp-json\/wp\/v2\/product_tag?post=943"}],"curies":[{"name":"wp","href":"https:\/\/api.w.org\/{rel}","templated":true}]}}