{"id":933,"date":"2024-08-19T15:53:40","date_gmt":"2024-08-19T15:53:40","guid":{"rendered":"http:\/\/wankonbiotech.com\/?post_type=product&#038;p=933"},"modified":"2024-08-19T16:11:59","modified_gmt":"2024-08-19T16:11:59","slug":"d-mannose","status":"publish","type":"product","link":"https:\/\/wankonbiotech.com\/it\/prodotto-2\/d-mannosio-2\/","title":{"rendered":"Edulcorante di grado alimentare D Mannosio D-Mannosio in polvere"},"content":{"rendered":"<table>\n<tbody>\n<tr>\n<td><strong>Articolo<\/strong><\/td>\n<td>Specifiche<\/td>\n<\/tr>\n<tr>\n<td><strong>Nome del prodotto<\/strong><\/td>\n<td>D-Mannosio<\/td>\n<\/tr>\n<tr>\n<td><strong>Test<\/strong><\/td>\n<td>99%<\/td>\n<\/tr>\n<tr>\n<td><strong>Aspetto<\/strong><\/td>\n<td>Polvere di cristallo bianca<\/td>\n<\/tr>\n<tr>\n<td><strong>Cas No.<\/strong><\/td>\n<td>3458-28-4<\/td>\n<\/tr>\n<tr>\n<td><strong>Formula molecolare<\/strong><\/td>\n<td>C6H12O6<\/td>\n<\/tr>\n<tr>\n<td><strong>Peso molecolare<\/strong><\/td>\n<td>180.16<\/td>\n<\/tr>\n<\/tbody>\n<\/table>\n<h2><strong>Introduzione<\/strong><\/h2>\n<p><strong>D-Mannosio<\/strong> \u00e8 un integratore naturale riconosciuto per la sua efficacia nel supportare la salute delle vie urinarie. Questo zucchero semplice, presente in diversi tipi di frutta e verdura, \u00e8 noto per la sua capacit\u00e0 unica di aiutare a prevenire le infezioni del tratto urinario (UTI) senza bisogno di antibiotici. Sicuro, naturale e ben tollerato, <strong>D-Mannosio<\/strong> sta diventando una scelta popolare per chi vuole mantenere la propria salute urinaria in modo naturale.<\/p>\n<p><img fetchpriority=\"high\" decoding=\"async\" class=\"alignnone size-full wp-image-937\" src=\"http:\/\/wankonbiotech.com\/wp-content\/uploads\/2024\/08\/D-Mannose-1.png\" alt=\"D-Mannosio\" width=\"1350\" height=\"650\" title=\"\" srcset=\"https:\/\/wankonbiotech.com\/wp-content\/uploads\/2024\/08\/D-Mannose-1.png 1350w, https:\/\/wankonbiotech.com\/wp-content\/uploads\/2024\/08\/D-Mannose-1-300x144.png 300w, https:\/\/wankonbiotech.com\/wp-content\/uploads\/2024\/08\/D-Mannose-1-1024x493.png 1024w, https:\/\/wankonbiotech.com\/wp-content\/uploads\/2024\/08\/D-Mannose-1-768x370.png 768w, https:\/\/wankonbiotech.com\/wp-content\/uploads\/2024\/08\/D-Mannose-1-18x9.png 18w, https:\/\/wankonbiotech.com\/wp-content\/uploads\/2024\/08\/D-Mannose-1-600x289.png 600w\" sizes=\"(max-width: 1350px) 100vw, 1350px\" \/><\/p>\n<h2><strong>Che cos'\u00e8 il D-Mannosio?<\/strong><\/h2>\n<p><strong>D-Mannosio<\/strong> \u00e8 un tipo di zucchero strettamente correlato al glucosio, ma viene metabolizzato in modo diverso dall'organismo. A differenza del glucosio, che viene utilizzato per produrre energia, <strong>D-Mannosio<\/strong> passa attraverso il tratto urinario quasi inalterato. Questa propriet\u00e0 unica gli consente di legarsi ai batteri, in particolare all'Escherichia coli, comunemente responsabili delle infezioni urinarie. Attaccandosi a questi batteri, <strong>D-Mannosio<\/strong> aiuta a espellere le sostanze dalle vie urinarie, evitando che si attacchino alle pareti della vescica e causino infezioni.<\/p>\n<h2><strong>Benefici del D-Mannosio per la salute<\/strong><\/h2>\n<p>Il vantaggio principale di <strong>D-Mannosio<\/strong> \u00e8 la sua capacit\u00e0 di sostenere la salute delle vie urinarie, prevenendo e gestendo le IVU. \u00c8 particolarmente efficace contro le infezioni ricorrenti, offrendo un'alternativa naturale agli antibiotici. <strong>D-Mannosio<\/strong> impedisce ai batteri nocivi di aderire alle pareti del tratto urinario, riducendo la probabilit\u00e0 di infezione.<\/p>\n<p>A differenza degli antibiotici, che possono alterare l'equilibrio dei batteri sani dell'organismo, <strong>D-Mannosio<\/strong> colpisce selettivamente i batteri nocivi, contribuendo a mantenere un microbioma sano. Questo lo rende un'opzione sicura per l'uso a lungo termine, senza il rischio di resistenza agli antibiotici.<\/p>\n<h2><strong>Come utilizzare il D-Mannosio<\/strong><\/h2>\n<p><strong>D-Mannosio<\/strong> \u00e8 disponibile in varie forme, tra cui polveri e capsule, che ne facilitano l'integrazione nella routine quotidiana. A scopo preventivo, pu\u00f2 essere assunto una volta al giorno, mentre dosi pi\u00f9 elevate possono essere consigliate all'insorgere dei sintomi delle IVU. \u00c8 preferibile assumerlo con acqua per garantire che raggiunga efficacemente il tratto urinario.<\/p>\n<h2><strong>Perch\u00e9 scegliere il D-Mannosio?<\/strong><\/h2>\n<p>La scelta <strong>D-Mannosio<\/strong> offre una serie di benefici. \u00c8 un integratore naturale e non tossico che pu\u00f2 essere utilizzato in modo sicuro dalla maggior parte delle persone, compresi i bambini e gli anziani. Rappresenta un modo efficace per gestire e prevenire le IVU senza gli effetti collaterali associati agli antibiotici. Inoltre, <strong>D-Mannosio<\/strong> \u00e8 delicato per l'apparato digerente e non interferisce con i livelli di zucchero nel sangue, rendendolo adatto ai soggetti affetti da diabete.<\/p>\n<h2><strong>Qualit\u00e0 e sicurezza<\/strong><\/h2>\n<p>Quando si seleziona <strong>D-Mannosio<\/strong>\u00c8 importante scegliere un prodotto puro e privo di additivi inutili. Cercate integratori di alta qualit\u00e0 che provengano da fonti non OGM e siano prodotti in strutture che rispettano rigorosi standard di qualit\u00e0. Garantire la purezza e la qualit\u00e0 dell'integratore \u00e8 fondamentale per ottenere i migliori risultati per la salute delle vie urinarie.<\/p>","protected":false},"excerpt":{"rendered":"<p><strong>D-Mannosio<\/strong> \u00e8 un integratore naturale riconosciuto per la sua efficacia nel supportare la salute delle vie urinarie.<\/p>","protected":false},"featured_media":936,"template":"","meta":{"_acf_changed":false},"product_brand":[],"product_cat":[31],"product_tag":[],"class_list":{"0":"post-933","1":"product","2":"type-product","3":"status-publish","4":"has-post-thumbnail","6":"product_cat-spices-and-seasonings","8":"first","9":"instock","10":"shipping-taxable","11":"product-type-simple"},"acf":[],"_links":{"self":[{"href":"https:\/\/wankonbiotech.com\/it\/wp-json\/wp\/v2\/product\/933","targetHints":{"allow":["GET"]}}],"collection":[{"href":"https:\/\/wankonbiotech.com\/it\/wp-json\/wp\/v2\/product"}],"about":[{"href":"https:\/\/wankonbiotech.com\/it\/wp-json\/wp\/v2\/types\/product"}],"wp:featuredmedia":[{"embeddable":true,"href":"https:\/\/wankonbiotech.com\/it\/wp-json\/wp\/v2\/media\/936"}],"wp:attachment":[{"href":"https:\/\/wankonbiotech.com\/it\/wp-json\/wp\/v2\/media?parent=933"}],"wp:term":[{"taxonomy":"product_brand","embeddable":true,"href":"https:\/\/wankonbiotech.com\/it\/wp-json\/wp\/v2\/product_brand?post=933"},{"taxonomy":"product_cat","embeddable":true,"href":"https:\/\/wankonbiotech.com\/it\/wp-json\/wp\/v2\/product_cat?post=933"},{"taxonomy":"product_tag","embeddable":true,"href":"https:\/\/wankonbiotech.com\/it\/wp-json\/wp\/v2\/product_tag?post=933"}],"curies":[{"name":"wp","href":"https:\/\/api.w.org\/{rel}","templated":true}]}}