{"id":928,"date":"2024-08-17T07:02:41","date_gmt":"2024-08-17T07:02:41","guid":{"rendered":"http:\/\/wankonbiotech.com\/?post_type=product&#038;p=928"},"modified":"2024-08-17T07:02:41","modified_gmt":"2024-08-17T07:02:41","slug":"top-quality-agar-agar-powder","status":"publish","type":"product","link":"https:\/\/wankonbiotech.com\/it\/prodotto-2\/agar-agar-in-polvere-di-alta-qualita-2\/","title":{"rendered":"Massima qualit\u00e0 Agar in polvere Agar-Agar in polvere"},"content":{"rendered":"<h2><strong>Introduzione<\/strong><\/h2>\n<p>Nel mondo degli ingredienti naturali, <strong>Agar-Agar in polvere<\/strong> si distingue per la sua versatilit\u00e0 e alta qualit\u00e0. Derivato dalle alghe rosse, questo gelificante naturale \u00e8 un punto fermo in diversi settori, tra cui quello alimentare, cosmetico e farmaceutico. \u00c8 noto per le sue forti propriet\u00e0 gelificanti e per il suo gusto neutro, <strong>Agar-Agar in polvere<\/strong> \u00e8 la scelta preferita da chi cerca un'alternativa vegetale alla gelatina. Grazie all'eccellente qualit\u00e0 e alle ampie applicazioni, questo prodotto \u00e8 essenziale sia per le cucine professionali che per l'uso industriale.<\/p>\n<p><img fetchpriority=\"high\" decoding=\"async\" class=\"alignnone wp-image-929 size-full\" src=\"http:\/\/wankonbiotech.com\/wp-content\/uploads\/2024\/08\/A-bowl-of-Agar-Agar-Powder.jpg\" alt=\"Una ciotola di Agar-Agar in polvere\" width=\"1193\" height=\"795\" title=\"\" srcset=\"https:\/\/wankonbiotech.com\/wp-content\/uploads\/2024\/08\/A-bowl-of-Agar-Agar-Powder.jpg 1193w, https:\/\/wankonbiotech.com\/wp-content\/uploads\/2024\/08\/A-bowl-of-Agar-Agar-Powder-300x200.jpg 300w, https:\/\/wankonbiotech.com\/wp-content\/uploads\/2024\/08\/A-bowl-of-Agar-Agar-Powder-1024x682.jpg 1024w, https:\/\/wankonbiotech.com\/wp-content\/uploads\/2024\/08\/A-bowl-of-Agar-Agar-Powder-768x512.jpg 768w, https:\/\/wankonbiotech.com\/wp-content\/uploads\/2024\/08\/A-bowl-of-Agar-Agar-Powder-18x12.jpg 18w, https:\/\/wankonbiotech.com\/wp-content\/uploads\/2024\/08\/A-bowl-of-Agar-Agar-Powder-600x400.jpg 600w\" sizes=\"(max-width: 1193px) 100vw, 1193px\" \/><\/p>\n<h2><strong>Che cos'\u00e8 l'Agar-Agar in polvere?<\/strong><\/h2>\n<p><strong>Agar-Agar in polvere<\/strong> \u00e8 un polisaccaride naturale estratto dalle alghe rosse, in particolare dai generi Gelidium e Gracilaria. \u00c8 ampiamente utilizzato come gelificante, addensante e stabilizzante in vari prodotti alimentari. A differenza della gelatina, che \u00e8 di origine animale, l'agar agar \u00e8 completamente vegetale e quindi adatto a vegetariani e vegani. <strong>Agar-Agar in polvere<\/strong> ha forti propriet\u00e0 gelificanti, anche a basse concentrazioni, e pu\u00f2 resistere a temperature pi\u00f9 elevate senza sciogliersi, il che lo rende ideale per un'ampia gamma di applicazioni culinarie e industriali.<\/p>\n<h2><strong>Benefici dell'uso di Agar-Agar in polvere<\/strong><\/h2>\n<p><strong>Agar-Agar in polvere<\/strong> offre numerosi vantaggi che lo rendono una scelta eccellente sia per le applicazioni alimentari che per quelle non alimentari. La sua capacit\u00e0 di formare gel solidi ma flessibili lo rende ideale per dessert come gelatine, budini e creme. Inoltre, viene utilizzato nella produzione di caramelle, prodotti caseari e come stabilizzante nelle bevande.<\/p>\n<p><img decoding=\"async\" class=\"alignnone wp-image-930 size-full\" src=\"http:\/\/wankonbiotech.com\/wp-content\/uploads\/2024\/08\/A-bowl-scaled.jpg\" alt=\"Agar-Agar in polvere\" width=\"2560\" height=\"1709\" title=\"\" srcset=\"https:\/\/wankonbiotech.com\/wp-content\/uploads\/2024\/08\/A-bowl-scaled.jpg 2560w, https:\/\/wankonbiotech.com\/wp-content\/uploads\/2024\/08\/A-bowl-300x200.jpg 300w, https:\/\/wankonbiotech.com\/wp-content\/uploads\/2024\/08\/A-bowl-1024x684.jpg 1024w, https:\/\/wankonbiotech.com\/wp-content\/uploads\/2024\/08\/A-bowl-768x513.jpg 768w, https:\/\/wankonbiotech.com\/wp-content\/uploads\/2024\/08\/A-bowl-1536x1025.jpg 1536w, https:\/\/wankonbiotech.com\/wp-content\/uploads\/2024\/08\/A-bowl-2048x1367.jpg 2048w, https:\/\/wankonbiotech.com\/wp-content\/uploads\/2024\/08\/A-bowl-18x12.jpg 18w, https:\/\/wankonbiotech.com\/wp-content\/uploads\/2024\/08\/A-bowl-600x401.jpg 600w\" sizes=\"(max-width: 2560px) 100vw, 2560px\" \/><\/p>\n<p>Oltre il cibo, <strong>Agar-Agar in polvere<\/strong> \u00e8 apprezzato nell'industria cosmetica e farmaceutica per la sua capacit\u00e0 di trattenere l'umidit\u00e0 e stabilizzare le formulazioni. Si trova spesso nelle maschere per il viso, nelle creme e come vettore di ingredienti attivi in vari trattamenti.<\/p>\n<h2><strong>Applicazioni dell'Agar-Agar in polvere<\/strong><\/h2>\n<p><strong>Agar-Agar in polvere<\/strong> \u00e8 incredibilmente versatile e pu\u00f2 essere utilizzato in diversi settori:<\/p>\n<ul>\n<li><strong>Industria alimentare:<\/strong> Si usa per la preparazione di gelatine, budini, creme, gelati e come addensante per zuppe e salse.<\/li>\n<li><strong>Cosmetici:<\/strong> Agisce come addensante e stabilizzatore naturale in creme, lozioni e maschere per il viso.<\/li>\n<li><strong>Prodotti farmaceutici:<\/strong> Utilizzato come terreno di coltura in microbiologia e come legante nelle compresse.<\/li>\n<li><strong>Prodotti vegetali e vegani:<\/strong> Ideale per creare alternative vegane alla gelatina in pasticceria e nei dessert.<\/li>\n<\/ul>\n<h2><strong>Perch\u00e9 scegliere il nostro Agar-Agar in polvere?<\/strong><\/h2>\n<p>Scegliere il nostro <strong>Agar-Agar in polvere<\/strong> significa optare per la massima qualit\u00e0 e coerenza. Prodotto nella nostra struttura all'avanguardia di Xi'an, il nostro prodotto \u00e8 sottoposto a rigorosi controlli di qualit\u00e0 per garantire il rispetto degli standard pi\u00f9 elevati. Grazie alla nostra fabbrica, manteniamo il controllo sull'intero processo di produzione, assicurando che ogni lotto sia puro, potente e privo di impurit\u00e0. Il nostro <strong>Agar-Agar in polvere<\/strong> proviene da alghe marine raccolte in modo sostenibile, in linea con il nostro impegno per la responsabilit\u00e0 ambientale e le pratiche sostenibili.<\/p>\n<h2><strong>Garanzia di qualit\u00e0 e certificazione<\/strong><\/h2>\n<p>Il nostro <strong>Agar-Agar in polvere<\/strong> \u00e8 prodotto secondo rigorosi standard di controllo della qualit\u00e0, che ne garantiscono la conformit\u00e0 alle normative internazionali sulla sicurezza alimentare. \u00c8 certificato come non OGM, senza glutine e adatto ai vegani, il che lo rende una scelta sicura e affidabile per diverse applicazioni. Il nostro prodotto \u00e8 anche testato per la purezza e le prestazioni, per garantire risultati costanti ad ogni utilizzo.<\/p>\n<p>Per saperne di pi\u00f9 su questo e altri prodotti di alta qualit\u00e0, visitate il sito <a href=\"http:\/\/wankonbiotech.com\/it\/categoria-di-prodotto-2\/spezie-e-condimenti\/\" target=\"_new\" rel=\"noopener\">Categoria di prodotti di Wankon Biotech<\/a>.<\/p>","protected":false},"excerpt":{"rendered":"<p>Nel mondo degli ingredienti naturali, <strong>Agar-Agar in polvere<\/strong> si distingue per la sua versatilit\u00e0 e alta qualit\u00e0. Derivato dalle alghe rosse, questo gelificante naturale \u00e8 un punto fermo in diversi settori, tra cui quello alimentare, cosmetico e farmaceutico.<\/p>","protected":false},"featured_media":931,"template":"","meta":{"_acf_changed":false},"product_brand":[],"product_cat":[31],"product_tag":[],"class_list":{"0":"post-928","1":"product","2":"type-product","3":"status-publish","4":"has-post-thumbnail","6":"product_cat-spices-and-seasonings","8":"first","9":"instock","10":"shipping-taxable","11":"product-type-simple"},"acf":[],"_links":{"self":[{"href":"https:\/\/wankonbiotech.com\/it\/wp-json\/wp\/v2\/product\/928","targetHints":{"allow":["GET"]}}],"collection":[{"href":"https:\/\/wankonbiotech.com\/it\/wp-json\/wp\/v2\/product"}],"about":[{"href":"https:\/\/wankonbiotech.com\/it\/wp-json\/wp\/v2\/types\/product"}],"wp:featuredmedia":[{"embeddable":true,"href":"https:\/\/wankonbiotech.com\/it\/wp-json\/wp\/v2\/media\/931"}],"wp:attachment":[{"href":"https:\/\/wankonbiotech.com\/it\/wp-json\/wp\/v2\/media?parent=928"}],"wp:term":[{"taxonomy":"product_brand","embeddable":true,"href":"https:\/\/wankonbiotech.com\/it\/wp-json\/wp\/v2\/product_brand?post=928"},{"taxonomy":"product_cat","embeddable":true,"href":"https:\/\/wankonbiotech.com\/it\/wp-json\/wp\/v2\/product_cat?post=928"},{"taxonomy":"product_tag","embeddable":true,"href":"https:\/\/wankonbiotech.com\/it\/wp-json\/wp\/v2\/product_tag?post=928"}],"curies":[{"name":"wp","href":"https:\/\/api.w.org\/{rel}","templated":true}]}}