{"id":924,"date":"2024-08-17T05:01:26","date_gmt":"2024-08-17T05:01:26","guid":{"rendered":"http:\/\/wankonbiotech.com\/?post_type=product&#038;p=924"},"modified":"2024-08-17T05:04:57","modified_gmt":"2024-08-17T05:04:57","slug":"hot-sale-natural-sweetener-thaumatin-powder","status":"publish","type":"product","link":"https:\/\/wankonbiotech.com\/it\/prodotto-2\/vendita-calda-edulcorante-naturale-taumatina-in-polvere-2\/","title":{"rendered":"Vendita calda Dolcificante naturale Taumatina in polvere"},"content":{"rendered":"<table>\n<tbody>\n<tr>\n<td><strong>Nome del prodotto<\/strong><\/td>\n<td>Polvere di taumatina<\/td>\n<\/tr>\n<tr>\n<td><strong>Parte usata<\/strong><\/td>\n<td>Foglia<\/td>\n<\/tr>\n<tr>\n<td><strong>Specifiche<\/strong><\/td>\n<td colspan=\"3\">99%min<\/td>\n<\/tr>\n<tr>\n<td><strong>Immagazzinamento<\/strong><\/td>\n<td colspan=\"3\">Conservare in un contenitore ben chiuso al riparo dall'umidit\u00e0 e dalla luce solare diretta.<\/td>\n<\/tr>\n<tr>\n<td><strong>Durata di conservazione<\/strong><\/td>\n<td colspan=\"3\">24 mesi se sigillato e conservato correttamente<\/td>\n<\/tr>\n<tr>\n<td><strong>Metodo di sterilizzazione<\/strong><\/td>\n<td colspan=\"3\">Ad alta temperatura, non irradiato.<\/td>\n<\/tr>\n<\/tbody>\n<\/table>\n<h2><strong>Introduzione<\/strong><\/h2>\n<p>La taumatina \u00e8 un edulcorante e modificatore di sapore a basso contenuto calorico. La proteina viene spesso utilizzata soprattutto per le sue propriet\u00e0 di modifica del sapore e non esclusivamente come dolcificante. Estremamente dolce, la sua dolcezza come saccarosio 1600 volte la media, a seconda della concentrazione di diluizione: 0,00011 5500 ~ 8000 volte quando: 0,001 a 3.500 volte, 0,01 volte per 1300, 0,02 a 850 volte.<\/p>\n<p><img fetchpriority=\"high\" decoding=\"async\" class=\"alignnone wp-image-926 size-full\" src=\"http:\/\/wankonbiotech.com\/wp-content\/uploads\/2024\/08\/Thaumatin-Powder-Manufacturer.jpeg\" alt=\"Polvere di taumatina\" width=\"1000\" height=\"448\" title=\"\" srcset=\"https:\/\/wankonbiotech.com\/wp-content\/uploads\/2024\/08\/Thaumatin-Powder-Manufacturer.jpeg 1000w, https:\/\/wankonbiotech.com\/wp-content\/uploads\/2024\/08\/Thaumatin-Powder-Manufacturer-300x134.jpeg 300w, https:\/\/wankonbiotech.com\/wp-content\/uploads\/2024\/08\/Thaumatin-Powder-Manufacturer-768x344.jpeg 768w, https:\/\/wankonbiotech.com\/wp-content\/uploads\/2024\/08\/Thaumatin-Powder-Manufacturer-18x8.jpeg 18w, https:\/\/wankonbiotech.com\/wp-content\/uploads\/2024\/08\/Thaumatin-Powder-Manufacturer-600x269.jpeg 600w\" sizes=\"(max-width: 1000px) 100vw, 1000px\" \/><\/p>\n<p>La taumatina \u00e8 altamente solubile in acqua, stabile al riscaldamento e stabile in condizioni acide. La soluzione acquosa a pH 1,8-10 stabile del punto isoelettrico di circa 11 \u00e8 dovuta alla denaturazione delle proteine e alla perdita di calore pu\u00f2 verificarsi dolcezza.<\/p>\n<h2><strong>Che cos'\u00e8 la polvere di taumatina?<\/strong><\/h2>\n<p><strong>Polvere di taumatina<\/strong> deriva dal frutto del katemfe (Thaumatococcus daniellii). Questo frutto produce una proteina naturalmente dolce, con livelli di dolcezza di gran lunga superiori a quelli dello zucchero. Nonostante la sua dolcezza, la taumatina ha un impatto calorico minimo, il che la rende una scelta popolare nello sviluppo di prodotti ipocalorici e senza zucchero. La polvere viene creata estraendo e purificando la proteina, ottenendo un dolcificante fine e potente che pu\u00f2 essere utilizzato in quantit\u00e0 molto ridotte per ottenere la dolcezza desiderata.<\/p>\n<h2><strong>Benefici nutrizionali della taumatina in polvere<\/strong><\/h2>\n<p>Uno dei principali vantaggi di <strong>Polvere di taumatina<\/strong> \u00e8 il suo basso contenuto calorico. A differenza dello zucchero, che pu\u00f2 contribuire all'aumento di peso e ad altri problemi di salute, la taumatina consente di ottenere dolcezza senza calorie aggiuntive. Ci\u00f2 la rende una scelta vantaggiosa per le persone che gestiscono il proprio peso o che hanno restrizioni dietetiche come il diabete.<\/p>\n<p><img decoding=\"async\" class=\"wp-image-927 size-full aligncenter\" src=\"http:\/\/wankonbiotech.com\/wp-content\/uploads\/2024\/08\/Thaumatin-Powder.jpg\" alt=\"Polvere di taumatina\" width=\"720\" height=\"405\" title=\"\" srcset=\"https:\/\/wankonbiotech.com\/wp-content\/uploads\/2024\/08\/Thaumatin-Powder.jpg 720w, https:\/\/wankonbiotech.com\/wp-content\/uploads\/2024\/08\/Thaumatin-Powder-300x169.jpg 300w, https:\/\/wankonbiotech.com\/wp-content\/uploads\/2024\/08\/Thaumatin-Powder-18x10.jpg 18w, https:\/\/wankonbiotech.com\/wp-content\/uploads\/2024\/08\/Thaumatin-Powder-600x338.jpg 600w\" sizes=\"(max-width: 720px) 100vw, 720px\" \/><\/p>\n<p>Inoltre, <strong>Polvere di taumatina<\/strong> \u00e8 un prodotto naturale che offre un'alternativa ai dolcificanti artificiali. Non ha il retrogusto amaro che hanno alcuni dolcificanti sintetici, il che lo rende un'opzione pi\u00f9 piacevole per esaltare il sapore. Essendo una proteina, la taumatina viene metabolizzata in modo diverso dai carboidrati, garantendo una dolcezza che non fa impennare i livelli di zucchero nel sangue.<\/p>\n<h2><strong>Benefici per la salute della polvere di taumatina<\/strong><\/h2>\n<p>I benefici per la salute di <strong>Polvere di taumatina<\/strong> non si limita al ruolo di dolcificante. Non \u00e8 cariogeno, cio\u00e8 non contribuisce alla carie, il che rappresenta un vantaggio significativo rispetto agli zuccheri tradizionali. Questa caratteristica lo rende un dolcificante preferito in prodotti come gomme da masticare e dentifrici.<\/p>\n<p>Inoltre, la taumatina \u00e8 riconosciuta per la sua sicurezza, essendo stata approvata da diverse autorit\u00e0 sanitarie mondiali, tra cui la FDA e l'EFSA. Questa approvazione sottolinea la sua idoneit\u00e0 per un'ampia gamma di prodotti di consumo, dagli integratori alimentari agli snack per bambini.<\/p>","protected":false},"excerpt":{"rendered":"<p>La taumatina \u00e8 altamente solubile in acqua, stabile al riscaldamento e stabile in condizioni acide. La soluzione acquosa a pH 1,8-10 stabile del punto isoelettrico di circa 11 \u00e8 dovuta alla denaturazione delle proteine e alla perdita di calore pu\u00f2 verificarsi dolcezza.<\/p>","protected":false},"featured_media":925,"template":"","meta":{"_acf_changed":false},"product_brand":[],"product_cat":[31],"product_tag":[],"class_list":{"0":"post-924","1":"product","2":"type-product","3":"status-publish","4":"has-post-thumbnail","6":"product_cat-spices-and-seasonings","8":"first","9":"instock","10":"shipping-taxable","11":"product-type-simple"},"acf":[],"_links":{"self":[{"href":"https:\/\/wankonbiotech.com\/it\/wp-json\/wp\/v2\/product\/924","targetHints":{"allow":["GET"]}}],"collection":[{"href":"https:\/\/wankonbiotech.com\/it\/wp-json\/wp\/v2\/product"}],"about":[{"href":"https:\/\/wankonbiotech.com\/it\/wp-json\/wp\/v2\/types\/product"}],"wp:featuredmedia":[{"embeddable":true,"href":"https:\/\/wankonbiotech.com\/it\/wp-json\/wp\/v2\/media\/925"}],"wp:attachment":[{"href":"https:\/\/wankonbiotech.com\/it\/wp-json\/wp\/v2\/media?parent=924"}],"wp:term":[{"taxonomy":"product_brand","embeddable":true,"href":"https:\/\/wankonbiotech.com\/it\/wp-json\/wp\/v2\/product_brand?post=924"},{"taxonomy":"product_cat","embeddable":true,"href":"https:\/\/wankonbiotech.com\/it\/wp-json\/wp\/v2\/product_cat?post=924"},{"taxonomy":"product_tag","embeddable":true,"href":"https:\/\/wankonbiotech.com\/it\/wp-json\/wp\/v2\/product_tag?post=924"}],"curies":[{"name":"wp","href":"https:\/\/api.w.org\/{rel}","templated":true}]}}