{"id":878,"date":"2024-08-16T16:04:47","date_gmt":"2024-08-16T16:04:47","guid":{"rendered":"http:\/\/wankonbiotech.com\/?post_type=product&#038;p=878"},"modified":"2024-08-16T16:05:43","modified_gmt":"2024-08-16T16:05:43","slug":"abalone-collagen-peptide-raw-materials","status":"publish","type":"product","link":"https:\/\/wankonbiotech.com\/it\/prodotto-2\/materie-prime-del-peptide-di-collagene-di-abalone-2\/","title":{"rendered":"Materie prime del peptide di collagene di Abalone"},"content":{"rendered":"<table>\n<tbody>\n<tr>\n<td><strong>Nome del prodotto<\/strong><\/td>\n<td>Peptidi di collagene di Abalone<\/td>\n<\/tr>\n<tr>\n<td><strong>Fonte<\/strong><\/td>\n<td>Abalone naturale<\/td>\n<\/tr>\n<tr>\n<td><strong>Parte utilizzata<\/strong><\/td>\n<td>Corpo<\/td>\n<\/tr>\n<tr>\n<td><strong>Principi attivi<\/strong><\/td>\n<td>Abalone, polipeptide di abalone, polisaccaride di abalone, proteine, vitamine e aminoacidi<\/td>\n<\/tr>\n<\/tbody>\n<\/table>\n<h2><strong>Introduzione<\/strong><\/h2>\n<p><strong>Peptide di collagene di Abalone\u00a0<\/strong>\u00e8 un tipo di peptide del collagene derivato dall'abalone, un tipo di lumaca marina molto apprezzata per i suoi usi culinari e medicinali. I peptidi di collagene sono catene corte di aminoacidi che derivano dal collagene, la principale proteina presente nella pelle, nelle ossa e nei tessuti connettivi degli animali, compreso l'uomo.<\/p>\n<p><img fetchpriority=\"high\" decoding=\"async\" class=\"alignnone size-full wp-image-880\" src=\"http:\/\/wankonbiotech.com\/wp-content\/uploads\/2024\/08\/Abalone.webp\" alt=\"Polvere di collagene peptide di Abalone\" width=\"1200\" height=\"600\" title=\"\" srcset=\"https:\/\/wankonbiotech.com\/wp-content\/uploads\/2024\/08\/Abalone.webp 1200w, https:\/\/wankonbiotech.com\/wp-content\/uploads\/2024\/08\/Abalone-300x150.webp 300w, https:\/\/wankonbiotech.com\/wp-content\/uploads\/2024\/08\/Abalone-1024x512.webp 1024w, https:\/\/wankonbiotech.com\/wp-content\/uploads\/2024\/08\/Abalone-768x384.webp 768w, https:\/\/wankonbiotech.com\/wp-content\/uploads\/2024\/08\/Abalone-600x300.webp 600w\" sizes=\"(max-width: 1200px) 100vw, 1200px\" \/><\/p>\n<p>Questo peptide \u00e8 ricco di aminoacidi, in particolare glicina, prolina e idrossiprolina, essenziali per mantenere la salute e la struttura di pelle, capelli, unghie e articolazioni. Si ritiene che abbia diversi benefici, tra cui promuovere l'elasticit\u00e0 della pelle, ridurre l'aspetto delle rughe, rafforzare i capelli e le unghie e sostenere la salute delle articolazioni.<\/p>\n<p>Il peptide di collagene \u00e8 tipicamente idrolizzato, cio\u00e8 \u00e8 stato scomposto in peptidi pi\u00f9 piccoli, che ne facilitano l'assorbimento e l'utilizzo da parte dell'organismo. Viene comunemente utilizzato come ingrediente nei prodotti di bellezza e per la cura della pelle, oltre che negli integratori alimentari per la salute della pelle e delle articolazioni.<\/p>\n<h2><strong>Che cos'\u00e8 il peptide di collagene di Abalone?<\/strong><\/h2>\n<p><strong>Peptide di collagene di Abalone<\/strong> deriva dal collagene presente nei tessuti connettivi e nelle conchiglie dell'abalone, un mollusco apprezzato per il suo valore culinario e nutrizionale. Il collagene viene estratto attraverso un delicato processo enzimatico che lo scompone in peptidi pi\u00f9 piccoli, pi\u00f9 facili da assorbire e utilizzare per l'organismo. Questi peptidi vengono poi trasformati in una polvere fine che conserva i composti bioattivi e gli aminoacidi essenziali presenti nel collagene di abalone. Questo peptide del collagene \u00e8 ricco di glicina, prolina e idrossiprolina, aminoacidi essenziali per la sintesi del collagene e per il mantenimento di pelle, articolazioni e tessuti connettivi sani.<\/p>\n<h2><strong>Benefici nutrizionali del peptide di collagene di Abalone<\/strong><\/h2>\n<p><strong>Peptide di collagene di Abalone<\/strong> offre una serie di benefici nutrizionali che lo rendono un'aggiunta preziosa a qualsiasi regime di benessere. Il collagene \u00e8 la proteina pi\u00f9 abbondante nel corpo umano e svolge un ruolo cruciale nel mantenere la struttura e la funzione della pelle, delle articolazioni e dei tessuti connettivi. Con l'avanzare dell'et\u00e0, la produzione naturale di collagene dell'organismo diminuisce, provocando segni di invecchiamento come rughe, rilassamento cutaneo e disturbi articolari. L'integrazione con <strong>Peptide di collagene di Abalone<\/strong> pu\u00f2 aiutare a reintegrare i livelli di collagene dell'organismo, favorendo la salute della pelle, la solidit\u00e0 delle articolazioni e la vitalit\u00e0 generale.<\/p>\n<p>La forma peptidica del collagene di abalone \u00e8 altamente biodisponibile, cio\u00e8 viene facilmente assorbita e utilizzata dall'organismo. Ci\u00f2 lo rende pi\u00f9 efficace nel fornire gli aminoacidi essenziali necessari per la sintesi del collagene rispetto alle molecole di collagene pi\u00f9 grandi e intatte. Inoltre, <strong>Peptide di collagene di Abalone<\/strong> \u00e8 una buona fonte di aminoacidi essenziali che l'organismo non \u00e8 in grado di produrre da solo, il che lo rende un integratore proteico completo che favorisce la salute e il benessere generale.<\/p>\n<h2><strong>Benefici per la salute del peptide di collagene di Abalone<\/strong><\/h2>\n<p>I benefici per la salute di <strong>Peptide di collagene di Abalone<\/strong> sono numerosi e ben supportati dalla ricerca. Uno dei benefici pi\u00f9 riconosciuti \u00e8 la sua capacit\u00e0 di migliorare la salute della pelle. \u00c8 stato dimostrato che il consumo regolare di peptidi di collagene aumenta l'idratazione, l'elasticit\u00e0 e la levigatezza della pelle, riducendo la comparsa di linee sottili e rughe. Questo rende <strong>Peptide di collagene di Abalone<\/strong> un integratore eccellente per chi vuole migliorare la propria routine di bellezza dall'interno.<\/p>\n<p><strong>Peptide di collagene di Abalone<\/strong> \u00e8 utile anche per la salute delle articolazioni. Gli aminoacidi contenuti nei peptidi di collagene favoriscono il mantenimento e la riparazione della cartilagine, il tessuto che ammortizza le articolazioni e consente un movimento fluido. Ci\u00f2 pu\u00f2 contribuire a ridurre il dolore e la rigidit\u00e0 delle articolazioni, in particolare nei soggetti affetti da osteoartrite o impegnati in attivit\u00e0 fisiche ad alto impatto. Inoltre, le propriet\u00e0 antinfiammatorie dei peptidi di collagene dell'abalone possono contribuire a ridurre l'infiammazione delle articolazioni, favorendo ulteriormente la salute e la mobilit\u00e0 articolare.<\/p>\n<p>Per il benessere generale, <strong>Peptide di collagene di Abalone<\/strong> sostiene la salute dei tessuti connettivi di tutto il corpo, compresi tendini, legamenti e ossa. Questo lo rende un integratore prezioso per gli atleti, gli anziani e tutti coloro che desiderano sostenere la propria salute muscolo-scheletrica. Il contenuto di glicina nel collagene di abalone favorisce anche la salute del sonno e delle funzioni cognitive, rendendolo un integratore completo per la vitalit\u00e0 generale.<\/p>","protected":false},"excerpt":{"rendered":"<p><strong>Peptide di collagene di Abalone\u00a0<\/strong>\u00e8 un tipo di peptide del collagene derivato dall'abalone, un tipo di lumaca marina molto apprezzata per i suoi usi culinari e medicinali. I peptidi di collagene sono catene corte di aminoacidi che derivano dal collagene, la principale proteina presente nella pelle, nelle ossa e nei tessuti connettivi degli animali, compreso l'uomo.<\/p>","protected":false},"featured_media":879,"template":"","meta":{"_acf_changed":false},"product_brand":[],"product_cat":[41],"product_tag":[],"class_list":{"0":"post-878","1":"product","2":"type-product","3":"status-publish","4":"has-post-thumbnail","6":"product_cat-peptide","8":"first","9":"instock","10":"shipping-taxable","11":"product-type-simple"},"acf":[],"_links":{"self":[{"href":"https:\/\/wankonbiotech.com\/it\/wp-json\/wp\/v2\/product\/878","targetHints":{"allow":["GET"]}}],"collection":[{"href":"https:\/\/wankonbiotech.com\/it\/wp-json\/wp\/v2\/product"}],"about":[{"href":"https:\/\/wankonbiotech.com\/it\/wp-json\/wp\/v2\/types\/product"}],"wp:featuredmedia":[{"embeddable":true,"href":"https:\/\/wankonbiotech.com\/it\/wp-json\/wp\/v2\/media\/879"}],"wp:attachment":[{"href":"https:\/\/wankonbiotech.com\/it\/wp-json\/wp\/v2\/media?parent=878"}],"wp:term":[{"taxonomy":"product_brand","embeddable":true,"href":"https:\/\/wankonbiotech.com\/it\/wp-json\/wp\/v2\/product_brand?post=878"},{"taxonomy":"product_cat","embeddable":true,"href":"https:\/\/wankonbiotech.com\/it\/wp-json\/wp\/v2\/product_cat?post=878"},{"taxonomy":"product_tag","embeddable":true,"href":"https:\/\/wankonbiotech.com\/it\/wp-json\/wp\/v2\/product_tag?post=878"}],"curies":[{"name":"wp","href":"https:\/\/api.w.org\/{rel}","templated":true}]}}