{"id":874,"date":"2024-08-16T15:46:33","date_gmt":"2024-08-16T15:46:33","guid":{"rendered":"http:\/\/wankonbiotech.com\/?post_type=product&#038;p=874"},"modified":"2024-08-16T15:47:33","modified_gmt":"2024-08-16T15:47:33","slug":"avocado-fruit-powder","status":"publish","type":"product","link":"https:\/\/wankonbiotech.com\/it\/prodotto-2\/avocado-in-polvere-2\/","title":{"rendered":"Cina Avocado Fruit Powder Produttori"},"content":{"rendered":"<table>\n<tbody>\n<tr>\n<td>\n<div><strong>Nome dell'articolo<\/strong><\/div>\n<\/td>\n<td>\n<div>Avocado in polvere<\/div>\n<\/td>\n<\/tr>\n<tr>\n<td>\n<div><strong>Campione<\/strong><\/div>\n<\/td>\n<td>\n<div>\u00c8 disponibile un campione gratuito<\/div>\n<\/td>\n<\/tr>\n<tr>\n<td>\n<div><strong>Certificato<\/strong><\/div>\n<\/td>\n<td>\n<div>Certificato biologico ISO .EU e USDA<\/div>\n<\/td>\n<\/tr>\n<tr>\n<td>\n<div><strong>Tempo di campionamento<\/strong><\/div>\n<\/td>\n<td>\n<div>Circa 2-5 giorni<\/div>\n<\/td>\n<\/tr>\n<tr>\n<td>\n<div><strong>Spedizione<\/strong><\/div>\n<\/td>\n<td>\n<div>Supporto espresso, trasporto terrestre, trasporto marittimo, trasporto aereo.<\/div>\n<\/td>\n<\/tr>\n<\/tbody>\n<\/table>\n<h2><strong>Introduzione<\/strong><\/h2>\n<p><strong>Avocado in polvere<\/strong>\u00a0\u00e8 una forma concentrata di avocado che \u00e8 stato disidratato e macinato in una polvere fine con i metodi di essiccazione a spruzzo o di liofilizzazione. Conserva il sapore naturale e le propriet\u00e0 nutrizionali dell'avocado fresco, rendendolo un ingrediente comodo da usare in una variet\u00e0 di applicazioni alimentari e di bevande. La polvere di avocado pu\u00f2 essere utilizzata per aggiungere sapore, cremosit\u00e0 e benefici nutrizionali a frullati, salse, condimenti, salse, prodotti da forno e altro ancora. Viene spesso promossa come un modo conveniente per incorporare le propriet\u00e0 salutari dell'avocado nei prodotti senza dover ricorrere all'avocado fresco, e pu\u00f2 anche offrire una maggiore durata di conservazione e una pi\u00f9 facile archiviazione.<\/p>\n<p><img fetchpriority=\"high\" decoding=\"async\" class=\"alignnone size-full wp-image-876\" src=\"http:\/\/wankonbiotech.com\/wp-content\/uploads\/2024\/08\/Avocado-Fruit-Powder.jpg\" alt=\"Avocado in polvere\" width=\"1024\" height=\"683\" title=\"\" srcset=\"https:\/\/wankonbiotech.com\/wp-content\/uploads\/2024\/08\/Avocado-Fruit-Powder.jpg 1024w, https:\/\/wankonbiotech.com\/wp-content\/uploads\/2024\/08\/Avocado-Fruit-Powder-300x200.jpg 300w, https:\/\/wankonbiotech.com\/wp-content\/uploads\/2024\/08\/Avocado-Fruit-Powder-768x512.jpg 768w, https:\/\/wankonbiotech.com\/wp-content\/uploads\/2024\/08\/Avocado-Fruit-Powder-600x400.jpg 600w\" sizes=\"(max-width: 1024px) 100vw, 1024px\" \/><\/p>\n<h2><strong>Che cos'\u00e8 la polvere di frutta di avocado?<\/strong><\/h2>\n<p><strong>Avocado in polvere<\/strong> \u00e8 ottenuto da avocado maturi accuratamente essiccati e macinati in una polvere fine. Il processo inizia con la selezione di avocado maturi e di alta qualit\u00e0, che vengono poi disidratati per eliminare l'umidit\u00e0 e preservare il loro ricco contenuto di sostanze nutritive. Una volta essiccati, gli avocado vengono macinati in una polvere che conserva la consistenza cremosa, il sapore delicato e i benefici nutrizionali del frutto fresco. Questa polvere \u00e8 biologica, cio\u00e8 priva di pesticidi sintetici, erbicidi e OGM, ed \u00e8 un integratore puro e naturale che pu\u00f2 essere facilmente incorporato in varie routine dietetiche.<\/p>\n<h2><strong>Benefici nutrizionali dell'avocado in polvere<\/strong><\/h2>\n<p><strong>Avocado in polvere<\/strong> \u00e8 un concentrato di forza nutrizionale, in quanto offre una ricca fonte di grassi monoinsaturi sani, in particolare l'acido oleico, noto per sostenere la salute del cuore. Questi grassi sani contribuiscono a ridurre i livelli di colesterolo cattivo (LDL) e ad aumentare quelli di colesterolo buono (HDL), promuovendo la salute cardiovascolare in generale. Inoltre, l'avocado \u00e8 una buona fonte di fibre alimentari, che favoriscono la salute dell'apparato digerente promuovendo movimenti intestinali regolari e prevenendo la stitichezza.<\/p>\n<p><img decoding=\"async\" class=\"alignnone wp-image-877 size-full\" src=\"http:\/\/wankonbiotech.com\/wp-content\/uploads\/2024\/08\/Avocado-Fruit-Powder1.jpg\" alt=\"Avocado in polvere\" width=\"1024\" height=\"536\" title=\"\" srcset=\"https:\/\/wankonbiotech.com\/wp-content\/uploads\/2024\/08\/Avocado-Fruit-Powder1.jpg 1024w, https:\/\/wankonbiotech.com\/wp-content\/uploads\/2024\/08\/Avocado-Fruit-Powder1-300x157.jpg 300w, https:\/\/wankonbiotech.com\/wp-content\/uploads\/2024\/08\/Avocado-Fruit-Powder1-768x402.jpg 768w, https:\/\/wankonbiotech.com\/wp-content\/uploads\/2024\/08\/Avocado-Fruit-Powder1-600x314.jpg 600w\" sizes=\"(max-width: 1024px) 100vw, 1024px\" \/><\/p>\n<p>La polvere \u00e8 inoltre ricca di vitamine e minerali essenziali, tra cui le vitamine E, K e C, oltre a potassio, magnesio e folato. La vitamina E \u00e8 un potente antiossidante che protegge le cellule dai danni ossidativi, mentre la vitamina K svolge un ruolo fondamentale per la salute delle ossa e la coagulazione del sangue. La vitamina C favorisce la funzione immunitaria e la salute della pelle, mentre il potassio contenuto nell'avocado aiuta a regolare la pressione sanguigna e a mantenere l'equilibrio dei liquidi nell'organismo. La presenza di folato \u00e8 particolarmente benefica per le donne in gravidanza, in quanto favorisce un sano sviluppo del feto.<\/p>","protected":false},"excerpt":{"rendered":"<p><strong>Avocado in polvere<\/strong> \u00e8 ottenuto da avocado maturi accuratamente essiccati e macinati in una polvere fine. Il processo inizia con la selezione di avocado maturi e di alta qualit\u00e0, che vengono poi disidratati per eliminare l'umidit\u00e0 e preservare il loro ricco contenuto di sostanze nutritive.<\/p>","protected":false},"featured_media":875,"template":"","meta":{"_acf_changed":false},"product_brand":[],"product_cat":[37],"product_tag":[],"class_list":{"0":"post-874","1":"product","2":"type-product","3":"status-publish","4":"has-post-thumbnail","6":"product_cat-organic-fruit-and-vegetable-powder","8":"first","9":"instock","10":"shipping-taxable","11":"product-type-simple"},"acf":[],"_links":{"self":[{"href":"https:\/\/wankonbiotech.com\/it\/wp-json\/wp\/v2\/product\/874","targetHints":{"allow":["GET"]}}],"collection":[{"href":"https:\/\/wankonbiotech.com\/it\/wp-json\/wp\/v2\/product"}],"about":[{"href":"https:\/\/wankonbiotech.com\/it\/wp-json\/wp\/v2\/types\/product"}],"wp:featuredmedia":[{"embeddable":true,"href":"https:\/\/wankonbiotech.com\/it\/wp-json\/wp\/v2\/media\/875"}],"wp:attachment":[{"href":"https:\/\/wankonbiotech.com\/it\/wp-json\/wp\/v2\/media?parent=874"}],"wp:term":[{"taxonomy":"product_brand","embeddable":true,"href":"https:\/\/wankonbiotech.com\/it\/wp-json\/wp\/v2\/product_brand?post=874"},{"taxonomy":"product_cat","embeddable":true,"href":"https:\/\/wankonbiotech.com\/it\/wp-json\/wp\/v2\/product_cat?post=874"},{"taxonomy":"product_tag","embeddable":true,"href":"https:\/\/wankonbiotech.com\/it\/wp-json\/wp\/v2\/product_tag?post=874"}],"curies":[{"name":"wp","href":"https:\/\/api.w.org\/{rel}","templated":true}]}}