{"id":854,"date":"2024-08-14T16:19:00","date_gmt":"2024-08-14T16:19:00","guid":{"rendered":"http:\/\/wankonbiotech.com\/?post_type=product&#038;p=854"},"modified":"2024-08-14T16:19:00","modified_gmt":"2024-08-14T16:19:00","slug":"high-quality-bilberry-extract-powder-manufacturers","status":"publish","type":"product","link":"https:\/\/wankonbiotech.com\/it\/prodotto-2\/produttori-di-polvere-di-estratto-di-mirtillo-di-alta-qualita-2\/","title":{"rendered":"Alta qualit\u00e0 Estratto di mirtillo in polvere Produttori"},"content":{"rendered":"<table>\n<tbody>\n<tr>\n<td>\n<div><strong>Nome del prodotto<\/strong><\/div>\n<\/td>\n<td>Alta qualit\u00e0 Estratto di mirtillo in polvere Produttori<\/td>\n<\/tr>\n<tr>\n<td>\n<div><strong>Aspetto<\/strong><\/div>\n<\/td>\n<td>\n<div>polvere fine viola<\/div>\n<\/td>\n<\/tr>\n<tr>\n<td>\n<div><strong>durata di conservazione<\/strong><\/div>\n<\/td>\n<td>\n<div>24 mesi<\/div>\n<\/td>\n<\/tr>\n<\/tbody>\n<\/table>\n<h2><strong>Introduzione<\/strong><\/h2>\n<p>Con la crescita della domanda di integratori naturali e ricchi di sostanze nutritive, <strong>Estratto di mirtillo in polvere<\/strong> ha guadagnato popolarit\u00e0 per i suoi potenti benefici per la salute. Noto per il suo elevato contenuto di antiossidanti, in particolare di antociani, l'estratto di mirtillo \u00e8 ampiamente riconosciuto per il supporto della vista, della salute cardiovascolare e del benessere generale.<\/p>\n<p><img fetchpriority=\"high\" decoding=\"async\" class=\"aligncenter wp-image-857 size-full\" src=\"http:\/\/wankonbiotech.com\/wp-content\/uploads\/2024\/08\/Bilberry-Extract-Powder1.jpg\" alt=\"Estratto di mirtillo in polvere\" width=\"474\" height=\"355\" title=\"\" srcset=\"https:\/\/wankonbiotech.com\/wp-content\/uploads\/2024\/08\/Bilberry-Extract-Powder1.jpg 474w, https:\/\/wankonbiotech.com\/wp-content\/uploads\/2024\/08\/Bilberry-Extract-Powder1-300x225.jpg 300w\" sizes=\"(max-width: 474px) 100vw, 474px\" \/><\/p>\n<p>Che si tratti di un atleta che vuole migliorare le proprie prestazioni, di un individuo attento alla salute che vuole aumentare l'apporto di antiossidanti o di una persona che vuole sostenere la salute degli occhi, <strong>Estratto di mirtillo in polvere<\/strong> offre una soluzione comoda ed efficace.<\/p>\n<h2><strong>Che cos'\u00e8 l'estratto di mirtillo in polvere?<\/strong><\/h2>\n<p><strong>Estratto di mirtillo in polvere<\/strong> deriva dalle piccole bacche blu scuro della pianta del mirtillo, un parente stretto del mirtillo. Le bacche vengono raccolte, essiccate e poi macinate finemente in una polvere che conserva il colore viola intenso e il potente profilo nutritivo del frutto fresco. Questa polvere \u00e8 particolarmente ricca di antociani, un tipo di antiossidante che conferisce ai mirtilli il loro colore caratteristico e numerosi benefici per la salute. <strong>Estratto di mirtillo in polvere<\/strong> \u00e8 biologico, il che garantisce l'assenza di pesticidi sintetici, erbicidi e OGM, rendendolo un integratore puro e naturale che pu\u00f2 essere facilmente incorporato in una variet\u00e0 di routine dietetiche.<\/p>\n<h2><strong>Benefici nutrizionali dell'estratto di mirtillo in polvere<\/strong><\/h2>\n<p><strong>Estratto di mirtillo in polvere<\/strong> \u00e8 ricco di nutrienti e antiossidanti essenziali che contribuiscono alla salute e al benessere generale. I pi\u00f9 importanti sono gli antociani, potenti antiossidanti noti per il loro ruolo nella protezione delle cellule dallo stress ossidativo, nella riduzione delle infiammazioni e nel sostegno alla salute cardiovascolare. Questi composti sono anche benefici per la salute degli occhi, in quanto contribuiscono a rafforzare i capillari negli occhi e a migliorare la circolazione della retina.<\/p>\n<p><img decoding=\"async\" class=\"alignnone wp-image-856 size-full\" src=\"http:\/\/wankonbiotech.com\/wp-content\/uploads\/2024\/08\/Bilberry-Extract-Powder.jpg\" alt=\"Polvere di frutta biologica\" width=\"1000\" height=\"600\" title=\"\" srcset=\"https:\/\/wankonbiotech.com\/wp-content\/uploads\/2024\/08\/Bilberry-Extract-Powder.jpg 1000w, https:\/\/wankonbiotech.com\/wp-content\/uploads\/2024\/08\/Bilberry-Extract-Powder-300x180.jpg 300w, https:\/\/wankonbiotech.com\/wp-content\/uploads\/2024\/08\/Bilberry-Extract-Powder-768x461.jpg 768w, https:\/\/wankonbiotech.com\/wp-content\/uploads\/2024\/08\/Bilberry-Extract-Powder-600x360.jpg 600w\" sizes=\"(max-width: 1000px) 100vw, 1000px\" \/><\/p>\n<p>Oltre alle antocianine, <strong>Estratto di mirtillo in polvere<\/strong> contiene vitamine C ed E, fondamentali per la funzione immunitaria, la salute della pelle e la protezione cellulare generale. La polvere fornisce anche fibra alimentare, che favorisce la digestione e supporta un microbioma intestinale sano. Inoltre, i mirtilli sono una fonte di flavonoidi, un altro gruppo di antiossidanti che offre ulteriori benefici protettivi contro le malattie croniche.<\/p>\n<h2><strong>Benefici per la salute dell'estratto di mirtillo in polvere<\/strong><\/h2>\n<p>I benefici per la salute di <strong>Estratto di mirtillo in polvere<\/strong> sono ampie e ben documentate. Uno dei benefici pi\u00f9 riconosciuti \u00e8 la sua capacit\u00e0 di favorire la salute degli occhi. \u00c8 stato dimostrato che le antocianine dei mirtilli migliorano la visione notturna, riducono l'affaticamento degli occhi e proteggono da patologie come la degenerazione maculare e la cataratta. Questo rende <strong>Estratto di mirtillo in polvere<\/strong> un ottimo integratore per chi trascorre molte ore davanti agli schermi o ha una storia familiare di disturbi agli occhi.<\/p>\n<p><strong>Estratto di mirtillo in polvere<\/strong> \u00e8 utile anche per la salute cardiovascolare. Gli antiossidanti contenuti nei mirtilli contribuiscono ad abbassare i livelli di colesterolo cattivo (LDL), a ridurre la pressione sanguigna e a migliorare la funzionalit\u00e0 dei vasi sanguigni, riducendo il rischio di malattie cardiache. Inoltre, le propriet\u00e0 antinfiammatorie dell'estratto di mirtillo favoriscono la salute generale del cuore riducendo l'infiammazione delle arterie e prevenendo i danni ossidativi al sistema cardiovascolare.<\/p>\n<p>Per chi vuole sostenere il benessere generale, <strong>Estratto di mirtillo in polvere<\/strong> offre una potente spinta al sistema immunitario. La combinazione di vitamine, antiossidanti e flavonoidi aiuta a proteggere l'organismo dalle infezioni, a ridurre le infiammazioni e a promuovere un invecchiamento sano. Il contenuto di fibre della polvere favorisce inoltre la salute dell'apparato digerente, promuovendo movimenti intestinali regolari e prevenendo la stitichezza.<\/p>\n<h2><strong>Applicazioni dell'estratto di mirtillo in polvere nell'industria alimentare e delle bevande<\/strong><\/h2>\n<p><strong>Estratto di mirtillo in polvere<\/strong> \u00e8 incredibilmente versatile e pu\u00f2 essere incorporato in un'ampia variet\u00e0 di prodotti alimentari e bevande. Il suo sapore ricco e leggermente aspro lo rende un ingrediente ideale per frullati, succhi e centrifugati. Pu\u00f2 anche essere aggiunto a prodotti da forno come muffin, torte e barrette energetiche per migliorarne il sapore e il contenuto nutrizionale.<\/p>\n<p>Nel mercato in crescita degli alimenti funzionali e degli integratori, <strong>Estratto di mirtillo in polvere<\/strong> \u00e8 sempre pi\u00f9 utilizzato negli integratori alimentari, nelle bevande salutari e anche come colorante naturale grazie alla sua vibrante tonalit\u00e0 viola. Il suo profilo nutritivo naturale lo rende un ingrediente prezioso per i produttori alimentari che cercano di soddisfare la domanda di prodotti ad alto contenuto di antiossidanti, biologici e a marchio pulito. Inoltre, <strong>Estratto di mirtillo in polvere<\/strong> pu\u00f2 essere utilizzato in combinazione con altri superalimenti per creare potenti miscele antiossidanti che favoriscono la salute e il benessere generale.<\/p>","protected":false},"excerpt":{"rendered":"<p><strong>Estratto di mirtillo in polvere<\/strong> \u00e8 incredibilmente versatile e pu\u00f2 essere incorporato in un'ampia variet\u00e0 di prodotti alimentari e bevande. Il suo sapore ricco e leggermente aspro lo rende un ingrediente ideale per frullati, succhi e centrifugati. Pu\u00f2 anche essere aggiunto a prodotti da forno come muffin, torte e barrette energetiche per migliorarne il sapore e il contenuto nutrizionale.<\/p>","protected":false},"featured_media":855,"template":"","meta":{"_acf_changed":false},"product_brand":[],"product_cat":[37],"product_tag":[],"class_list":{"0":"post-854","1":"product","2":"type-product","3":"status-publish","4":"has-post-thumbnail","6":"product_cat-organic-fruit-and-vegetable-powder","8":"first","9":"instock","10":"shipping-taxable","11":"product-type-simple"},"acf":[],"_links":{"self":[{"href":"https:\/\/wankonbiotech.com\/it\/wp-json\/wp\/v2\/product\/854","targetHints":{"allow":["GET"]}}],"collection":[{"href":"https:\/\/wankonbiotech.com\/it\/wp-json\/wp\/v2\/product"}],"about":[{"href":"https:\/\/wankonbiotech.com\/it\/wp-json\/wp\/v2\/types\/product"}],"wp:featuredmedia":[{"embeddable":true,"href":"https:\/\/wankonbiotech.com\/it\/wp-json\/wp\/v2\/media\/855"}],"wp:attachment":[{"href":"https:\/\/wankonbiotech.com\/it\/wp-json\/wp\/v2\/media?parent=854"}],"wp:term":[{"taxonomy":"product_brand","embeddable":true,"href":"https:\/\/wankonbiotech.com\/it\/wp-json\/wp\/v2\/product_brand?post=854"},{"taxonomy":"product_cat","embeddable":true,"href":"https:\/\/wankonbiotech.com\/it\/wp-json\/wp\/v2\/product_cat?post=854"},{"taxonomy":"product_tag","embeddable":true,"href":"https:\/\/wankonbiotech.com\/it\/wp-json\/wp\/v2\/product_tag?post=854"}],"curies":[{"name":"wp","href":"https:\/\/api.w.org\/{rel}","templated":true}]}}