{"id":784,"date":"2024-08-12T14:10:42","date_gmt":"2024-08-12T14:10:42","guid":{"rendered":"http:\/\/wankonbiotech.com\/?post_type=product&#038;p=784"},"modified":"2024-08-12T14:12:55","modified_gmt":"2024-08-12T14:12:55","slug":"kale-extract-powder","status":"publish","type":"product","link":"https:\/\/wankonbiotech.com\/it\/prodotto-2\/estratto-di-cavolo-in-polvere-2\/","title":{"rendered":"Estratto organico puro di cavolo riccio in polvere Integratore di erbe in polvere di cavolo riccio 10:1 20:1 Estratto di cavolo riccio in polvere"},"content":{"rendered":"<table>\n<tbody>\n<tr style=\"height: 24px;\">\n<td style=\"height: 24px;\" colspan=\"1\" rowspan=\"1\">\n<div data-spm-anchor-id=\"a2700.details.0.i36.43f72463zzVohM\"><strong>Nome del prodotto<\/strong><\/div>\n<\/td>\n<td style=\"height: 24px;\" colspan=\"1\" rowspan=\"1\">\n<div data-spm-anchor-id=\"a2700.details.0.i38.43f72463zzVohM\">Cavolo in polvere<\/div>\n<\/td>\n<\/tr>\n<tr style=\"height: 24px;\">\n<td style=\"height: 24px;\" colspan=\"1\" rowspan=\"1\">\n<div><strong>Aspetto<\/strong><\/div>\n<\/td>\n<td style=\"height: 24px;\" colspan=\"1\" rowspan=\"1\">\n<div data-spm-anchor-id=\"a2700.details.0.i37.43f72463zzVohM\">Polvere verde<\/div>\n<\/td>\n<\/tr>\n<tr style=\"height: 24px;\">\n<td style=\"height: 24px;\" colspan=\"1\" rowspan=\"1\">\n<div><strong>Specifiche<\/strong><\/div>\n<\/td>\n<td style=\"height: 24px;\" colspan=\"1\" rowspan=\"1\">\n<div>succo di cavolo in polvere<\/div>\n<\/td>\n<\/tr>\n<tr style=\"height: 24px;\">\n<td style=\"height: 24px;\" colspan=\"1\" rowspan=\"1\">\n<div><strong>Immagazzinamento<\/strong><\/div>\n<\/td>\n<td style=\"height: 24px;\" colspan=\"1\" rowspan=\"1\">\n<div>Conservare in un luogo fresco, asciutto e buio, in un contenitore o cilindro ben chiuso.<\/div>\n<\/td>\n<\/tr>\n<\/tbody>\n<\/table>\n<h2><strong>Introduzione<\/strong><\/h2>\n<p>Nel regno dei superalimenti biologici, <strong>Estratto di cavolo in polvere<\/strong> si distingue come integratore potente e ricco di sostanze nutritive. Il cavolo, spesso definito un superalimento, \u00e8 ricco di vitamine, minerali e antiossidanti che favoriscono la salute e il benessere generale. Convertendo questa verde foglia in una comoda polvere, <strong>Estratto di cavolo in polvere<\/strong> rende pi\u00f9 facile che mai incorporare questi benefici per la salute nella vostra dieta quotidiana.<\/p>\n<p><img fetchpriority=\"high\" decoding=\"async\" class=\"alignnone size-full wp-image-786\" src=\"http:\/\/wankonbiotech.com\/wp-content\/uploads\/2024\/08\/Kale-Extract-Powder.jpg\" alt=\"Estratto di cavolo in polvere\" width=\"1404\" height=\"672\" title=\"\" srcset=\"https:\/\/wankonbiotech.com\/wp-content\/uploads\/2024\/08\/Kale-Extract-Powder.jpg 1404w, https:\/\/wankonbiotech.com\/wp-content\/uploads\/2024\/08\/Kale-Extract-Powder-300x144.jpg 300w, https:\/\/wankonbiotech.com\/wp-content\/uploads\/2024\/08\/Kale-Extract-Powder-1024x490.jpg 1024w, https:\/\/wankonbiotech.com\/wp-content\/uploads\/2024\/08\/Kale-Extract-Powder-768x368.jpg 768w, https:\/\/wankonbiotech.com\/wp-content\/uploads\/2024\/08\/Kale-Extract-Powder-600x287.jpg 600w\" sizes=\"(max-width: 1404px) 100vw, 1404px\" \/><\/p>\n<h2><strong>Che cos'\u00e8 l'estratto di cavolo nero in polvere?<\/strong><\/h2>\n<p><strong>Estratto di cavolo in polvere<\/strong> \u00e8 a base di foglie di cavolo disidratate e finemente macinate, una delle verdure pi\u00f9 ricche di sostanze nutritive. Il cavolo riccio fa parte della famiglia delle crucifere, che comprende anche broccoli, cavolfiori e cavoletti di Bruxelles. Per creare la polvere, le foglie fresche di cavolo riccio vengono raccolte, lavate e poi delicatamente essiccate a basse temperature per preservarne il contenuto nutritivo. Le foglie essiccate vengono poi macinate in una polvere fine, che mantiene il colore verde vibrante e il profilo nutritivo del cavolo fresco. Questa polvere \u00e8 biologica, cio\u00e8 priva di pesticidi sintetici, erbicidi e OGM, ed \u00e8 quindi un integratore pulito e naturale.<\/p>\n<h2><strong>Benefici nutrizionali dell'estratto di cavolo nero in polvere<\/strong><\/h2>\n<p><strong>Estratto di cavolo in polvere<\/strong> \u00e8 una fonte di energia nutrizionale, ricca di vitamine, minerali e antiossidanti essenziali. \u00c8 particolarmente ricco di vitamine A, C e K. La vitamina A favorisce la salute degli occhi e la funzione immunitaria, mentre la vitamina C \u00e8 fondamentale per la produzione di collagene, la salute della pelle e le difese immunitarie. La vitamina K svolge un ruolo fondamentale per la salute delle ossa e la coagulazione del sangue. Inoltre, il cavolo riccio \u00e8 una buona fonte di minerali come il calcio, il potassio e il magnesio, fondamentali per la forza delle ossa, la salute del cuore e la funzione muscolare.<\/p>\n<p><img decoding=\"async\" class=\"alignnone size-full wp-image-787\" src=\"http:\/\/wankonbiotech.com\/wp-content\/uploads\/2024\/08\/Kale-Extract-Powder1.jpg\" alt=\"Estratto di cavolo in polvere\" width=\"2500\" height=\"1667\" title=\"\" srcset=\"https:\/\/wankonbiotech.com\/wp-content\/uploads\/2024\/08\/Kale-Extract-Powder1.jpg 2500w, https:\/\/wankonbiotech.com\/wp-content\/uploads\/2024\/08\/Kale-Extract-Powder1-300x200.jpg 300w, https:\/\/wankonbiotech.com\/wp-content\/uploads\/2024\/08\/Kale-Extract-Powder1-1024x683.jpg 1024w, https:\/\/wankonbiotech.com\/wp-content\/uploads\/2024\/08\/Kale-Extract-Powder1-768x512.jpg 768w, https:\/\/wankonbiotech.com\/wp-content\/uploads\/2024\/08\/Kale-Extract-Powder1-1536x1024.jpg 1536w, https:\/\/wankonbiotech.com\/wp-content\/uploads\/2024\/08\/Kale-Extract-Powder1-2048x1366.jpg 2048w, https:\/\/wankonbiotech.com\/wp-content\/uploads\/2024\/08\/Kale-Extract-Powder1-600x400.jpg 600w\" sizes=\"(max-width: 2500px) 100vw, 2500px\" \/><\/p>\n<p>Una delle caratteristiche principali di <strong>Estratto di cavolo in polvere<\/strong> \u00e8 il suo elevato contenuto di antiossidanti, tra cui composti come la quercetina e il kaempferolo. Questi antiossidanti aiutano a combattere lo stress ossidativo, a ridurre l'infiammazione e a proteggere l'organismo dalle malattie croniche. Il cavolo \u00e8 anche ricco di fibre, che favoriscono la salute dell'apparato digerente promuovendo movimenti intestinali regolari e prevenendo la stitichezza. Inoltre, <strong>Estratto di cavolo in polvere<\/strong> \u00e8 a basso contenuto calorico ma ad alto contenuto di acqua, il che lo rende un integratore ideale per la gestione del peso e la salute generale.<\/p>","protected":false},"excerpt":{"rendered":"<p>Che siate atleti, consumatori attenti alla salute o semplicemente desiderosi di incrementare il vostro apporto nutrizionale, <strong>Estratto di cavolo in polvere<\/strong> offre un modo semplice ma potente per migliorare il benessere generale. Questo articolo ne esplora i vantaggi, gli usi e le ragioni per cui <strong>Estratto di cavolo in polvere<\/strong> sta diventando un elemento essenziale della categoria delle polveri di frutta e verdura biologiche.<\/p>","protected":false},"featured_media":785,"template":"","meta":{"_acf_changed":false},"product_brand":[],"product_cat":[37],"product_tag":[],"class_list":{"0":"post-784","1":"product","2":"type-product","3":"status-publish","4":"has-post-thumbnail","6":"product_cat-organic-fruit-and-vegetable-powder","8":"first","9":"instock","10":"shipping-taxable","11":"product-type-simple"},"acf":[],"_links":{"self":[{"href":"https:\/\/wankonbiotech.com\/it\/wp-json\/wp\/v2\/product\/784","targetHints":{"allow":["GET"]}}],"collection":[{"href":"https:\/\/wankonbiotech.com\/it\/wp-json\/wp\/v2\/product"}],"about":[{"href":"https:\/\/wankonbiotech.com\/it\/wp-json\/wp\/v2\/types\/product"}],"wp:featuredmedia":[{"embeddable":true,"href":"https:\/\/wankonbiotech.com\/it\/wp-json\/wp\/v2\/media\/785"}],"wp:attachment":[{"href":"https:\/\/wankonbiotech.com\/it\/wp-json\/wp\/v2\/media?parent=784"}],"wp:term":[{"taxonomy":"product_brand","embeddable":true,"href":"https:\/\/wankonbiotech.com\/it\/wp-json\/wp\/v2\/product_brand?post=784"},{"taxonomy":"product_cat","embeddable":true,"href":"https:\/\/wankonbiotech.com\/it\/wp-json\/wp\/v2\/product_cat?post=784"},{"taxonomy":"product_tag","embeddable":true,"href":"https:\/\/wankonbiotech.com\/it\/wp-json\/wp\/v2\/product_tag?post=784"}],"curies":[{"name":"wp","href":"https:\/\/api.w.org\/{rel}","templated":true}]}}