{"id":781,"date":"2024-08-12T13:55:43","date_gmt":"2024-08-12T13:55:43","guid":{"rendered":"http:\/\/wankonbiotech.com\/?post_type=product&#038;p=781"},"modified":"2024-08-12T13:58:58","modified_gmt":"2024-08-12T13:58:58","slug":"peanut-protein-powder-manufacturers","status":"publish","type":"product","link":"https:\/\/wankonbiotech.com\/it\/prodotto-2\/produttori-di-proteine-in-polvere-di-arachidi-2\/","title":{"rendered":"Produttori di proteine in polvere di arachidi"},"content":{"rendered":"<table>\n<tbody>\n<tr>\n<td width=\"284\"><strong>Nome del prodotto<\/strong><\/td>\n<td width=\"284\">Proteine in polvere di arachidi<\/td>\n<\/tr>\n<tr>\n<td width=\"284\"><strong>Specifiche<\/strong><\/td>\n<td width=\"284\">\u00a0Polvere fine gialla, odore e sapore caratteristici, Min. 50%Proteina (su base secca), basso contenuto di zuccheri, basso contenuto di grassi, assenza di colesterolo e alta nutrizione.<\/td>\n<\/tr>\n<tr>\n<td width=\"284\"><strong>Certificati<\/strong><\/td>\n<td width=\"284\">\u00a0ISO22000; Halal; Certificazione NON OGM<\/td>\n<\/tr>\n<tr>\n<td width=\"284\"><strong>Capacit\u00e0 di fornitura annuale<\/strong><\/td>\n<td width=\"284\">\u00a0Pi\u00f9 di 3000 tonnellate<\/td>\n<\/tr>\n<tr>\n<td width=\"284\"><strong>Caratteristiche<\/strong><\/td>\n<td width=\"284\">\u00a0Buona solubilit\u00e0; buona stabilit\u00e0; bassa viscosit\u00e0; facile da digerire e assorbire;<\/td>\n<\/tr>\n<tr>\n<td width=\"284\"><strong>Applicazione<\/strong><\/td>\n<td width=\"284\">\u00a0Alimenti nutrizionali, alimenti per gli atleti, alimenti per la salute di popolazioni speciali.<\/td>\n<\/tr>\n<\/tbody>\n<\/table>\n<h2><strong>Introduzione<\/strong><\/h2>\n<p><strong>Proteine in polvere di arachidi<\/strong>\u00a0\u00e8 un tipo di proteina vegetale che non subisce la denaturazione termica delle proteine e ha un elevato valore nutrizionale. Conserva completamente i nutrienti delle arachidi. Ha un elevato valore di proteine solubili e NSI, una buona solubilit\u00e0 in acqua, bianchezza, sapore leggero e la fragranza unica delle arachidi. Il suo valore nutrizionale pu\u00f2 essere paragonato a quello delle proteine animali. Le vitamine, gli oligoelementi e i minerali hanno un tasso di utilizzo effettivo di 98%, sono facilmente digeribili e assorbibili dal corpo umano e contengono meno fattori antinutrizionali rispetto alla soia. \u00c8 un prodotto nutrizionale naturale a basso contenuto di zuccheri, grassi, colesterolo e alta nutrizione.<\/p>\n<p><img fetchpriority=\"high\" decoding=\"async\" class=\"size-full wp-image-783 aligncenter\" src=\"http:\/\/wankonbiotech.com\/wp-content\/uploads\/2024\/08\/IMG_Peanuts.jpg\" alt=\"Proteine in polvere di arachidi\" width=\"1080\" height=\"720\" title=\"\" srcset=\"https:\/\/wankonbiotech.com\/wp-content\/uploads\/2024\/08\/IMG_Peanuts.jpg 1080w, https:\/\/wankonbiotech.com\/wp-content\/uploads\/2024\/08\/IMG_Peanuts-300x200.jpg 300w, https:\/\/wankonbiotech.com\/wp-content\/uploads\/2024\/08\/IMG_Peanuts-1024x683.jpg 1024w, https:\/\/wankonbiotech.com\/wp-content\/uploads\/2024\/08\/IMG_Peanuts-768x512.jpg 768w, https:\/\/wankonbiotech.com\/wp-content\/uploads\/2024\/08\/IMG_Peanuts-600x400.jpg 600w\" sizes=\"(max-width: 1080px) 100vw, 1080px\" \/><\/p>\n<h2><strong>Che cos'\u00e8 la polvere di proteine di arachidi?<\/strong><\/h2>\n<p><strong>Proteine in polvere di arachidi<\/strong> \u00e8 ottenuto da arachidi crude o tostate che sono state pressate per rimuovere la maggior parte dell'olio e poi macinate in una polvere fine. Il risultato \u00e8 un prodotto altamente proteico che conserva il ricco sapore di nocciola delle arachidi, pur essendo povero di grassi e carboidrati. Questa polvere proteica \u00e8 naturalmente priva di glutine e pu\u00f2 essere utilizzata in una variet\u00e0 di applicazioni culinarie, dai frullati e shake alla cottura e al forno. <strong>Proteine in polvere di arachidi<\/strong> \u00e8 un'eccellente fonte di proteine di origine vegetale, con un profilo aminoacidico equilibrato che favorisce la riparazione muscolare e la salute generale.<\/p>\n<h2><strong>Benefici nutrizionali delle proteine in polvere di arachidi<\/strong><\/h2>\n<p><strong>Proteine in polvere di arachidi<\/strong> \u00e8 un integratore denso di sostanze nutritive, con un elevato contenuto proteico che varia in genere da 40 a 50% in peso, a seconda del metodo di lavorazione. Questo la rende un'ottima fonte di proteine per vegani, vegetariani e per tutti coloro che desiderano aumentare l'apporto proteico senza ricorrere a prodotti animali. Oltre alle proteine, la polvere di arachidi \u00e8 ricca di vitamine e minerali essenziali, tra cui magnesio, fosforo e vitamine del gruppo B, che favoriscono la produzione di energia, la salute delle ossa e la vitalit\u00e0 generale.<\/p>\n<p>Le arachidi sono note anche per i loro grassi sani, in particolare quelli monoinsaturi e polinsaturi, che contribuiscono alla salute del cuore aiutando a ridurre i livelli di colesterolo cattivo. <strong>Proteine in polvere di arachidi<\/strong> Le arachidi conservano una parte di questi grassi sani, fornendo una fonte equilibrata di nutrimento. Inoltre, le arachidi sono una buona fonte di fibre, che favoriscono la digestione e aiutano a mantenere il senso di saziet\u00e0, facilitando la gestione del peso. <a href=\"http:\/\/wankonbiotech.com\/it\/categoria-di-prodotto-2\/proteine-biologiche-di-origine-vegetale-2\/\">Proteine biologiche di origine vegetale<\/a> Categoria.<\/p>","protected":false},"excerpt":{"rendered":"<p><strong>Proteine in polvere di arachidi<\/strong> \u00e8 ottenuto da arachidi crude o tostate che sono state pressate per rimuovere la maggior parte dell'olio e poi macinate in una polvere fine. Il risultato \u00e8 un prodotto altamente proteico che conserva il ricco sapore di nocciola delle arachidi, pur essendo povero di grassi e carboidrati. Questa polvere proteica \u00e8 naturalmente priva di glutine e pu\u00f2 essere utilizzata in una variet\u00e0 di applicazioni culinarie, dai frullati e shake alla cottura e al forno. <strong>Proteine in polvere di arachidi<\/strong> \u00e8 un'eccellente fonte di proteine di origine vegetale, con un profilo aminoacidico equilibrato che favorisce la riparazione muscolare e la salute generale.<\/p>","protected":false},"featured_media":782,"template":"","meta":{"_acf_changed":false},"product_brand":[],"product_cat":[39],"product_tag":[],"class_list":{"0":"post-781","1":"product","2":"type-product","3":"status-publish","4":"has-post-thumbnail","6":"product_cat-organic-plant-based-protein","8":"first","9":"instock","10":"shipping-taxable","11":"product-type-simple"},"acf":[],"_links":{"self":[{"href":"https:\/\/wankonbiotech.com\/it\/wp-json\/wp\/v2\/product\/781","targetHints":{"allow":["GET"]}}],"collection":[{"href":"https:\/\/wankonbiotech.com\/it\/wp-json\/wp\/v2\/product"}],"about":[{"href":"https:\/\/wankonbiotech.com\/it\/wp-json\/wp\/v2\/types\/product"}],"wp:featuredmedia":[{"embeddable":true,"href":"https:\/\/wankonbiotech.com\/it\/wp-json\/wp\/v2\/media\/782"}],"wp:attachment":[{"href":"https:\/\/wankonbiotech.com\/it\/wp-json\/wp\/v2\/media?parent=781"}],"wp:term":[{"taxonomy":"product_brand","embeddable":true,"href":"https:\/\/wankonbiotech.com\/it\/wp-json\/wp\/v2\/product_brand?post=781"},{"taxonomy":"product_cat","embeddable":true,"href":"https:\/\/wankonbiotech.com\/it\/wp-json\/wp\/v2\/product_cat?post=781"},{"taxonomy":"product_tag","embeddable":true,"href":"https:\/\/wankonbiotech.com\/it\/wp-json\/wp\/v2\/product_tag?post=781"}],"curies":[{"name":"wp","href":"https:\/\/api.w.org\/{rel}","templated":true}]}}