{"id":775,"date":"2024-08-12T05:39:30","date_gmt":"2024-08-12T05:39:30","guid":{"rendered":"http:\/\/wankonbiotech.com\/?post_type=product&#038;p=775"},"modified":"2024-08-12T05:39:30","modified_gmt":"2024-08-12T05:39:30","slug":"high-quality-instant-oat-protein-powder-oat-extract-oat-beta-glucan-powder","status":"publish","type":"product","link":"https:\/\/wankonbiotech.com\/it\/prodotto-2\/proteine-istantanee-di-avena-in-polvere-di-alta-qualita-estratto-di-avena-beta-glucano-in-polvere-2\/","title":{"rendered":"Polvere di proteine di avena istantanee di alta qualit\u00e0 Estratto di avena Beta Glucano in polvere"},"content":{"rendered":"<table>\n<tbody>\n<tr>\n<td width=\"284\"><strong>Nome latino<\/strong><\/td>\n<td width=\"284\">\u00a0Avena sativa L.<\/td>\n<\/tr>\n<tr>\n<td width=\"284\"><strong>Aspetto<\/strong><\/td>\n<td width=\"284\">\u00a0Polvere fine biancastra<\/td>\n<\/tr>\n<tr>\n<td width=\"284\"><strong>Specifiche<\/strong><\/td>\n<td width=\"284\">50%~80%<\/td>\n<\/tr>\n<\/tbody>\n<\/table>\n<h2><strong>Introduzione<\/strong><\/h2>\n<p>L'avena \u00e8 l'unico cereale che contiene una globulina o una proteina simile a quella dei legumi, l'avenalina, come principale proteina di stoccaggio (80%).\u00a0<strong>Proteine dell'avena in polvere<\/strong>\u00a0\u00e8 un concentrato naturale di proteine vegetali unico nel suo genere, a base di avena cinese non OGM, che aiuta i produttori a soddisfare la domanda in rapida crescita dei consumatori di alimenti e integratori nutrienti e arricchiti di proteine. \u00c8 vegano, ha un buon sapore ed \u00e8 un'ottima alternativa ad altre fonti proteiche di origine lattiero-casearia e vegetale. Tutto ci\u00f2 lo rende l'ingrediente ideale per aumentare il contenuto proteico in un'ampia gamma di prodotti. La sua qualit\u00e0 \u00e8 quasi equivalente a quella delle proteine della soia, che la ricerca dell'Organizzazione Mondiale della Sanit\u00e0 ha dimostrato essere pari alle proteine della carne, del latte e delle uova.<\/p>\n<p><img fetchpriority=\"high\" decoding=\"async\" class=\"wp-image-777 size-large aligncenter\" src=\"http:\/\/wankonbiotech.com\/wp-content\/uploads\/2024\/08\/Oat-Protein-Powder-1024x683.webp\" alt=\"Proteine dell&#039;avena in polvere\" width=\"1024\" height=\"683\" title=\"\" srcset=\"https:\/\/wankonbiotech.com\/wp-content\/uploads\/2024\/08\/Oat-Protein-Powder-1024x683.webp 1024w, https:\/\/wankonbiotech.com\/wp-content\/uploads\/2024\/08\/Oat-Protein-Powder-300x200.webp 300w, https:\/\/wankonbiotech.com\/wp-content\/uploads\/2024\/08\/Oat-Protein-Powder-768x512.webp 768w, https:\/\/wankonbiotech.com\/wp-content\/uploads\/2024\/08\/Oat-Protein-Powder-1536x1024.webp 1536w, https:\/\/wankonbiotech.com\/wp-content\/uploads\/2024\/08\/Oat-Protein-Powder-2048x1366.webp 2048w, https:\/\/wankonbiotech.com\/wp-content\/uploads\/2024\/08\/Oat-Protein-Powder-600x400.webp 600w\" sizes=\"(max-width: 1024px) 100vw, 1024px\" \/><\/p>\n<h2><strong>Che cos'\u00e8 la polvere di proteine dell'avena?<\/strong><\/h2>\n<p><strong>Proteine dell'avena in polvere<\/strong> deriva dall'avena integrale, un cereale noto per il suo elevato contenuto di fibre e per i suoi benefici per la salute del cuore. Le proteine vengono estratte dall'avena attraverso un processo che prevede la separazione delle proteine dall'amido e dalle fibre, ottenendo una polvere fine ricca di proteine e di nutrienti essenziali. Questa polvere proteica \u00e8 naturalmente priva di glutine e ipoallergenica, il che la rende un'opzione eccellente per le persone con sensibilit\u00e0 alimentari o che seguono una dieta priva di glutine. <strong>Proteine dell'avena in polvere<\/strong> offre un profilo aminoacidico completo, che lo rende un'aggiunta preziosa a una dieta equilibrata.<\/p>\n<h2><strong>Benefici nutrizionali delle proteine dell'avena in polvere<\/strong><\/h2>\n<p><strong>Proteine dell'avena in polvere<\/strong> \u00e8 un concentrato di energia nutrizionale, che fornisce una ricca fonte di proteine essenziali per la riparazione e la crescita muscolare e per la funzionalit\u00e0 generale dell'organismo. Ogni porzione contiene in genere circa 50-60% di proteine in peso, a seconda del metodo di lavorazione. Oltre alle proteine, la proteina d'avena \u00e8 ricca di fibre alimentari, in particolare di beta-glucano, noto per la sua capacit\u00e0 di abbassare i livelli di colesterolo e di favorire la salute del cuore. Questo rende <strong>Proteine dell'avena in polvere<\/strong> non solo una fonte di proteine, ma anche un ingrediente alimentare funzionale con ulteriori benefici per la salute.<\/p>\n<p><img decoding=\"async\" class=\"alignnone wp-image-778 size-full\" src=\"http:\/\/wankonbiotech.com\/wp-content\/uploads\/2024\/08\/Oat-Protein-Powder.jpg\" alt=\"Proteine dell&#039;avena in polvere\" width=\"1600\" height=\"896\" title=\"\" srcset=\"https:\/\/wankonbiotech.com\/wp-content\/uploads\/2024\/08\/Oat-Protein-Powder.jpg 1600w, https:\/\/wankonbiotech.com\/wp-content\/uploads\/2024\/08\/Oat-Protein-Powder-300x168.jpg 300w, https:\/\/wankonbiotech.com\/wp-content\/uploads\/2024\/08\/Oat-Protein-Powder-1024x573.jpg 1024w, https:\/\/wankonbiotech.com\/wp-content\/uploads\/2024\/08\/Oat-Protein-Powder-768x430.jpg 768w, https:\/\/wankonbiotech.com\/wp-content\/uploads\/2024\/08\/Oat-Protein-Powder-1536x860.jpg 1536w, https:\/\/wankonbiotech.com\/wp-content\/uploads\/2024\/08\/Oat-Protein-Powder-600x336.jpg 600w\" sizes=\"(max-width: 1600px) 100vw, 1600px\" \/><\/p>\n<p>Inoltre, <strong>Proteine dell'avena in polvere<\/strong> \u00e8 ricca di vitamine e minerali essenziali, tra cui ferro, magnesio e fosforo, che favoriscono la produzione di energia, la salute delle ossa e la vitalit\u00e0 generale. La presenza di antiossidanti nell'avena, come gli avenantramidi, migliora ulteriormente il profilo nutrizionale di questa polvere proteica, fornendo propriet\u00e0 antinfiammatorie e immunitarie.<\/p>","protected":false},"excerpt":{"rendered":"<p><strong>Proteine dell'avena in polvere<\/strong> \u00e8 ricca di vitamine e minerali essenziali, tra cui ferro, magnesio e fosforo, che favoriscono la produzione di energia, la salute delle ossa e la vitalit\u00e0 generale. La presenza di antiossidanti nell'avena, come gli avenantramidi, migliora ulteriormente il profilo nutrizionale di questa polvere proteica, fornendo propriet\u00e0 antinfiammatorie e immunitarie.<\/p>","protected":false},"featured_media":776,"template":"","meta":{"_acf_changed":false},"product_brand":[],"product_cat":[39],"product_tag":[],"class_list":{"0":"post-775","1":"product","2":"type-product","3":"status-publish","4":"has-post-thumbnail","6":"product_cat-organic-plant-based-protein","8":"first","9":"instock","10":"shipping-taxable","11":"product-type-simple"},"acf":[],"_links":{"self":[{"href":"https:\/\/wankonbiotech.com\/it\/wp-json\/wp\/v2\/product\/775","targetHints":{"allow":["GET"]}}],"collection":[{"href":"https:\/\/wankonbiotech.com\/it\/wp-json\/wp\/v2\/product"}],"about":[{"href":"https:\/\/wankonbiotech.com\/it\/wp-json\/wp\/v2\/types\/product"}],"wp:featuredmedia":[{"embeddable":true,"href":"https:\/\/wankonbiotech.com\/it\/wp-json\/wp\/v2\/media\/776"}],"wp:attachment":[{"href":"https:\/\/wankonbiotech.com\/it\/wp-json\/wp\/v2\/media?parent=775"}],"wp:term":[{"taxonomy":"product_brand","embeddable":true,"href":"https:\/\/wankonbiotech.com\/it\/wp-json\/wp\/v2\/product_brand?post=775"},{"taxonomy":"product_cat","embeddable":true,"href":"https:\/\/wankonbiotech.com\/it\/wp-json\/wp\/v2\/product_cat?post=775"},{"taxonomy":"product_tag","embeddable":true,"href":"https:\/\/wankonbiotech.com\/it\/wp-json\/wp\/v2\/product_tag?post=775"}],"curies":[{"name":"wp","href":"https:\/\/api.w.org\/{rel}","templated":true}]}}