{"id":770,"date":"2024-08-11T06:14:11","date_gmt":"2024-08-11T06:14:11","guid":{"rendered":"http:\/\/wankonbiotech.com\/?post_type=product&#038;p=770"},"modified":"2024-08-12T16:40:02","modified_gmt":"2024-08-12T16:40:02","slug":"vegan-potato-protein-powder-manufacturers","status":"publish","type":"product","link":"https:\/\/wankonbiotech.com\/it\/prodotto-2\/produttori-di-proteine-vegane-in-polvere-di-patate-2\/","title":{"rendered":"Proteine vegane di patate in polvere Produttori"},"content":{"rendered":"<table>\n<tbody>\n<tr>\n<td width=\"218\"><strong>Nome latino<\/strong><\/td>\n<td width=\"218\">\u00a0Solanum tuberosum L.<\/td>\n<\/tr>\n<tr>\n<td width=\"218\"><strong>Specifiche<\/strong><\/td>\n<td width=\"218\">70%~85%, 100%Pass80Mesh, polvere fine bianco sporco<\/td>\n<\/tr>\n<tr>\n<td width=\"218\"><strong>Certificati<\/strong><\/td>\n<td width=\"218\">\u00a0ISO22000; Halal; Certificazione NON OGM<\/td>\n<\/tr>\n<\/tbody>\n<\/table>\n<h3><strong>Introduzione<\/strong><\/h3>\n<p><strong>Proteine vegane di patate<\/strong><strong>\u00a0Polvere<\/strong>\u00a0\u00e8 ricca di proteine, fibre grezze e carboidrati e fornisce elementi nutrizionali all'uomo. La proteina organica della patata contiene molte proteine del corpo del bastone, la proteina del corpo di incollaggio \u00e8 una miscela di pi\u00f9 di un tipo di glicoproteine, che pu\u00f2 prevenire il sistema cardiovascolare di deposito di grasso, mantenere l'elasticit\u00e0 delle arterie, prevenire l'ateromatosi prematura, anche in grado di prevenire l'atrofia del tessuto connettivo nel fegato e nei reni, mantenere la lubrificazione del tratto respiratorio e digestivo. La prevenzione e il controllo della proteina di patata e della proteina di patata dolce possono collagare le malattie vascolari.<\/p>\n<p><img fetchpriority=\"high\" decoding=\"async\" class=\"size-full wp-image-772 aligncenter\" src=\"http:\/\/wankonbiotech.com\/wp-content\/uploads\/2024\/08\/potatoes.jpg\" alt=\"Proteine vegane della patata in polvere\" width=\"1200\" height=\"800\" title=\"\" srcset=\"https:\/\/wankonbiotech.com\/wp-content\/uploads\/2024\/08\/potatoes.jpg 1200w, https:\/\/wankonbiotech.com\/wp-content\/uploads\/2024\/08\/potatoes-300x200.jpg 300w, https:\/\/wankonbiotech.com\/wp-content\/uploads\/2024\/08\/potatoes-1024x683.jpg 1024w, https:\/\/wankonbiotech.com\/wp-content\/uploads\/2024\/08\/potatoes-768x512.jpg 768w, https:\/\/wankonbiotech.com\/wp-content\/uploads\/2024\/08\/potatoes-600x400.jpg 600w\" sizes=\"(max-width: 1200px) 100vw, 1200px\" \/><\/p>\n<p>La polvere di proteine di patata \u00e8 una sorta di alimento per la salute degli anziani di valore inestimabile e ha un'importante funzione fisiologica nella cura della salute. La proteina di patata \u00e8 adatta per essere utilizzata in un'ampia gamma di applicazioni di alimentazione animale di alta qualit\u00e0, come i mangimi per giovani animali, suinetti e vitelli, nonch\u00e9 i mangimi per il pollame e gli alimenti per animali domestici.<\/p>\n<p><strong>Che cos'\u00e8 la polvere di proteine di patata vegana?<\/strong><\/p>\n<p><strong>Proteine vegane della patata in polvere<\/strong> si ottiene estraendo le proteine dalle patate, in particolare dal succo delle patate bianche o gialle. Il processo prevede l'isolamento della proteina attraverso una serie di passaggi di filtrazione, ottenendo una polvere fine e dal sapore neutro. Questa polvere \u00e8 ricca di aminoacidi essenziali e rappresenta un'ottima fonte di proteine vegetali per vegani, vegetariani e per tutti coloro che desiderano integrare nella propria dieta fonti proteiche pi\u00f9 sostenibili. A differenza di altre proteine di origine vegetale, la proteina di patata \u00e8 facilmente digeribile e priva di allergeni comuni, il che la rende adatta a un'ampia gamma di esigenze dietetiche.<\/p>\n<p><strong>Benefici nutrizionali delle proteine vegane in polvere della patata<\/strong><\/p>\n<p><strong>Proteine vegane della patata in polvere<\/strong> \u00e8 altamente nutriente e offre un profilo aminoacidico completo che comprende tutti e nove gli aminoacidi essenziali richiesti dall'organismo umano. Questo la distingue da molte altre proteine di origine vegetale, che spesso devono essere combinate con altre fonti proteiche per fornire una nutrizione completa. Ogni porzione di <strong>Proteine vegane della patata in polvere<\/strong> In genere contiene circa 80-90% di proteine in peso, il che la rende una fonte proteica altamente concentrata. Inoltre, la proteina di patata \u00e8 povera di grassi e carboidrati, il che la rende ideale per chi segue diete a basso contenuto calorico o di carboidrati.<\/p>","protected":false},"excerpt":{"rendered":"<p><strong>Proteine vegane di patate<\/strong><strong>\u00a0Polvere<\/strong>\u00a0\u00e8 ricca di proteine, fibre grezze e carboidrati e fornisce elementi nutrizionali all'uomo. La proteina organica della patata contiene molte proteine del corpo del bastone, la proteina del corpo di incollaggio \u00e8 una miscela di pi\u00f9 di un tipo di glicoproteine, che pu\u00f2 prevenire il sistema cardiovascolare di deposito di grasso, mantenere l'elasticit\u00e0 delle arterie, prevenire l'ateromatosi prematura, anche in grado di prevenire l'atrofia del tessuto connettivo nel fegato e nei reni, mantenere la lubrificazione del tratto respiratorio e digestivo. La prevenzione e il controllo della proteina di patata e della proteina di patata dolce possono collagare le malattie vascolari.<\/p>","protected":false},"featured_media":771,"template":"","meta":{"_acf_changed":false},"product_brand":[],"product_cat":[39],"product_tag":[],"class_list":{"0":"post-770","1":"product","2":"type-product","3":"status-publish","4":"has-post-thumbnail","6":"product_cat-organic-plant-based-protein","8":"first","9":"instock","10":"shipping-taxable","11":"product-type-simple"},"acf":[],"_links":{"self":[{"href":"https:\/\/wankonbiotech.com\/it\/wp-json\/wp\/v2\/product\/770","targetHints":{"allow":["GET"]}}],"collection":[{"href":"https:\/\/wankonbiotech.com\/it\/wp-json\/wp\/v2\/product"}],"about":[{"href":"https:\/\/wankonbiotech.com\/it\/wp-json\/wp\/v2\/types\/product"}],"wp:featuredmedia":[{"embeddable":true,"href":"https:\/\/wankonbiotech.com\/it\/wp-json\/wp\/v2\/media\/771"}],"wp:attachment":[{"href":"https:\/\/wankonbiotech.com\/it\/wp-json\/wp\/v2\/media?parent=770"}],"wp:term":[{"taxonomy":"product_brand","embeddable":true,"href":"https:\/\/wankonbiotech.com\/it\/wp-json\/wp\/v2\/product_brand?post=770"},{"taxonomy":"product_cat","embeddable":true,"href":"https:\/\/wankonbiotech.com\/it\/wp-json\/wp\/v2\/product_cat?post=770"},{"taxonomy":"product_tag","embeddable":true,"href":"https:\/\/wankonbiotech.com\/it\/wp-json\/wp\/v2\/product_tag?post=770"}],"curies":[{"name":"wp","href":"https:\/\/api.w.org\/{rel}","templated":true}]}}