{"id":751,"date":"2024-08-10T15:44:27","date_gmt":"2024-08-10T15:44:27","guid":{"rendered":"http:\/\/wankonbiotech.com\/?post_type=product&#038;p=751"},"modified":"2024-08-11T04:47:02","modified_gmt":"2024-08-11T04:47:02","slug":"mankai-duckweed-powder","status":"publish","type":"product","link":"https:\/\/wankonbiotech.com\/it\/prodotto-2\/polvere-di-anatra-mankai-2\/","title":{"rendered":"Polvere di anatra Mankai"},"content":{"rendered":"<table>\n<tbody>\n<tr>\n<td colspan=\"1\" rowspan=\"1\"><strong>Nome del prodotto<\/strong><\/td>\n<td colspan=\"1\" rowspan=\"1\">Polvere di anatra<\/td>\n<\/tr>\n<tr>\n<td colspan=\"1\" rowspan=\"1\"><strong>Aspetto<\/strong><\/td>\n<td colspan=\"1\" rowspan=\"1\">Polvere fine<\/td>\n<\/tr>\n<tr>\n<td colspan=\"1\" rowspan=\"1\"><strong>Grado<\/strong><\/td>\n<td colspan=\"1\" rowspan=\"1\">Grado cosmetico\/grado medico\/grado alimentare<\/td>\n<\/tr>\n<tr>\n<td colspan=\"1\" rowspan=\"1\"><strong>Parte della pianta utilizzata<\/strong><\/td>\n<td colspan=\"1\" rowspan=\"1\">Lemna minor L. erba intera<\/td>\n<\/tr>\n<tr>\n<td colspan=\"1\" rowspan=\"1\"><strong>Specifiche<\/strong><\/td>\n<td colspan=\"1\" rowspan=\"1\">Capsula; polvere pura<\/td>\n<\/tr>\n<tr>\n<td colspan=\"1\" rowspan=\"1\"><strong>La purezza<\/strong><\/td>\n<td colspan=\"1\" rowspan=\"1\">99%<\/td>\n<\/tr>\n<\/tbody>\n<\/table>\n<h2><strong>Introduzione<\/strong><\/h2>\n<p><strong>Polvere di anatra Mankai\u00a0<\/strong>\u00e8<strong>\u00a0<\/strong>a base di una speciale anatra, chiamata anche\u00a0<strong>Lemna minor<\/strong>,\u00a0<strong>Lenticchia d'acqua<\/strong>,\u00a0<strong>LENTEIN<\/strong>, e\u00a0<strong>uomo kai<\/strong>\u00e8 una pianta acquatica che vive sulla superficie dell'acqua. Si tratta di piccole piante acquatiche fiorite, che crescono in acque dolci a temperatura calda e fanno parte della famiglia delle alghe Lemna e Wolffiaor. Secondo coloro che hanno avuto il privilegio di mettere le mani sulla forma cruda delle lenticchie d'acqua, il loro sapore \u00e8 simile a quello delle lenticchie normali (hanno un sapore dolce e delicato), ma crescono in acqua ricca di nutrienti anzich\u00e9 nel terreno.<\/p>\n<p><img fetchpriority=\"high\" decoding=\"async\" class=\"wp-image-753 size-full aligncenter\" src=\"http:\/\/wankonbiotech.com\/wp-content\/uploads\/2024\/08\/Mankai-Duckweed-superfood-GettyImages-1330156251-225893cb25d044c89b187173cd254cdd.jpg\" alt=\"Polvere di alghe Mankai in una ciotola circondata da piante di alghe.\" width=\"1500\" height=\"1000\" title=\"\" srcset=\"https:\/\/wankonbiotech.com\/wp-content\/uploads\/2024\/08\/Mankai-Duckweed-superfood-GettyImages-1330156251-225893cb25d044c89b187173cd254cdd.jpg 1500w, https:\/\/wankonbiotech.com\/wp-content\/uploads\/2024\/08\/Mankai-Duckweed-superfood-GettyImages-1330156251-225893cb25d044c89b187173cd254cdd-300x200.jpg 300w, https:\/\/wankonbiotech.com\/wp-content\/uploads\/2024\/08\/Mankai-Duckweed-superfood-GettyImages-1330156251-225893cb25d044c89b187173cd254cdd-1024x683.jpg 1024w, https:\/\/wankonbiotech.com\/wp-content\/uploads\/2024\/08\/Mankai-Duckweed-superfood-GettyImages-1330156251-225893cb25d044c89b187173cd254cdd-768x512.jpg 768w, https:\/\/wankonbiotech.com\/wp-content\/uploads\/2024\/08\/Mankai-Duckweed-superfood-GettyImages-1330156251-225893cb25d044c89b187173cd254cdd-600x400.jpg 600w, https:\/\/wankonbiotech.com\/wp-content\/uploads\/2024\/08\/elementor\/thumbs\/Mankai-Duckweed-superfood-GettyImages-1330156251-225893cb25d044c89b187173cd254cdd-qsesa5tgp5gq6j2r2m4ugvxnmzgbwgslqrajhrgb2g.jpg 750w\" sizes=\"(max-width: 1500px) 100vw, 1500px\" \/><\/p>\n<h2><strong>Che cos'\u00e8 la polvere di anatra Mankai?<\/strong><\/h2>\n<p>La polvere di anatra Mankai deriva dalla variet\u00e0 Mankai di anatra, una piccola pianta acquatica verde che cresce sulla superficie dell'acqua. Spesso chiamata \"lenticchia d'acqua\", l'alga anatra \u00e8 nota per la sua rapida crescita e l'elevato contenuto proteico. La variet\u00e0 Mankai, in particolare, \u00e8 nota per il suo profilo nutrizionale superiore. Per creare la polvere di anatra Mankai, le piante vengono raccolte, essiccate e macinate in una polvere fine che pu\u00f2 essere facilmente incorporata in vari alimenti e bevande. Questa polvere \u00e8 ricca di proteine, aminoacidi essenziali, vitamine, minerali e fibre alimentari, che la rendono un integratore completo e altamente nutriente.<\/p>\n<h2><strong>Benefici nutrizionali dell'anatra Mankai in polvere<\/strong><\/h2>\n<p>L'anatra in polvere di Mankai \u00e8 una fonte di energia nutrizionale che offre una ricca fonte di proteine di origine vegetale, paragonabile alle fonti di origine animale. Ogni porzione fornisce in genere circa 45-50% di proteine, oltre a un profilo aminoacidico completo, che comprende tutti e nove gli aminoacidi essenziali che il corpo non \u00e8 in grado di produrre da solo. Questo la rende un'ottima fonte proteica per vegani, vegetariani e per tutti coloro che vogliono ridurre la loro dipendenza dai prodotti animali.<\/p>\n<p>Oltre alle proteine, la polvere di anatra Mankai \u00e8 ricca di sostanze nutritive vitali come il ferro, la vitamina B12 e gli acidi grassi Omega-3. La presenza di vitamina B12 \u00e8 particolarmente degna di nota, poich\u00e9 \u00e8 rara negli alimenti di origine vegetale ed \u00e8 essenziale per la funzione nervosa e la produzione di DNA e globuli rossi. Gli acidi grassi Omega-3 favoriscono la salute del cuore, riducono le infiammazioni e svolgono un ruolo nella funzione cerebrale. La polvere di anatra Mankai \u00e8 anche una buona fonte di antiossidanti, che aiutano a proteggere l'organismo dallo stress ossidativo e a sostenere la salute generale.<\/p>","protected":false},"excerpt":{"rendered":"<p>L'anatra in polvere di Mankai \u00e8 una fonte di energia nutrizionale che offre una ricca fonte di proteine di origine vegetale, paragonabile alle fonti di origine animale. Ogni porzione fornisce in genere circa 45-50% di proteine, oltre a un profilo aminoacidico completo, che comprende tutti e nove gli aminoacidi essenziali che il corpo non \u00e8 in grado di produrre da solo. Questo la rende un'ottima fonte proteica per vegani, vegetariani e per tutti coloro che vogliono ridurre la loro dipendenza dai prodotti animali.<\/p>","protected":false},"featured_media":752,"template":"","meta":{"_acf_changed":false},"product_brand":[],"product_cat":[39],"product_tag":[],"class_list":{"0":"post-751","1":"product","2":"type-product","3":"status-publish","4":"has-post-thumbnail","6":"product_cat-organic-plant-based-protein","8":"first","9":"instock","10":"shipping-taxable","11":"product-type-simple"},"acf":[],"_links":{"self":[{"href":"https:\/\/wankonbiotech.com\/it\/wp-json\/wp\/v2\/product\/751","targetHints":{"allow":["GET"]}}],"collection":[{"href":"https:\/\/wankonbiotech.com\/it\/wp-json\/wp\/v2\/product"}],"about":[{"href":"https:\/\/wankonbiotech.com\/it\/wp-json\/wp\/v2\/types\/product"}],"wp:featuredmedia":[{"embeddable":true,"href":"https:\/\/wankonbiotech.com\/it\/wp-json\/wp\/v2\/media\/752"}],"wp:attachment":[{"href":"https:\/\/wankonbiotech.com\/it\/wp-json\/wp\/v2\/media?parent=751"}],"wp:term":[{"taxonomy":"product_brand","embeddable":true,"href":"https:\/\/wankonbiotech.com\/it\/wp-json\/wp\/v2\/product_brand?post=751"},{"taxonomy":"product_cat","embeddable":true,"href":"https:\/\/wankonbiotech.com\/it\/wp-json\/wp\/v2\/product_cat?post=751"},{"taxonomy":"product_tag","embeddable":true,"href":"https:\/\/wankonbiotech.com\/it\/wp-json\/wp\/v2\/product_tag?post=751"}],"curies":[{"name":"wp","href":"https:\/\/api.w.org\/{rel}","templated":true}]}}