{"id":747,"date":"2024-08-10T15:31:11","date_gmt":"2024-08-10T15:31:11","guid":{"rendered":"http:\/\/wankonbiotech.com\/?post_type=product&#038;p=747"},"modified":"2024-08-11T04:47:25","modified_gmt":"2024-08-11T04:47:25","slug":"factory-wholesale-quinoa-protein-powder-80-quinoa-powder","status":"publish","type":"product","link":"https:\/\/wankonbiotech.com\/it\/prodotto-2\/fabbrica-allingrosso-di-polvere-proteica-di-quinoa-80-polvere-di-quinoa-2\/","title":{"rendered":"Fabbrica all'ingrosso di polvere proteica di quinoa 80% polvere di quinoa"},"content":{"rendered":"<table>\n<tbody>\n<tr>\n<td><strong>Nome del prodotto<\/strong><\/td>\n<td>Proteine della quinoa in polvere<\/td>\n<\/tr>\n<tr>\n<td><strong>Modello<\/strong><\/td>\n<td>80%<\/td>\n<\/tr>\n<tr>\n<td><strong>Aspetto<\/strong><\/td>\n<td>Colore giallo chiaro<\/td>\n<\/tr>\n<tr>\n<td><strong>Parte usata<\/strong><\/td>\n<td>Semi di quinoa<\/td>\n<\/tr>\n<tr>\n<td><strong>Forma<\/strong><\/td>\n<td>Polvere<\/td>\n<\/tr>\n<tr>\n<td><strong>Tecnologia di produzione<\/strong><\/td>\n<td>Essiccato a spruzzo<\/td>\n<\/tr>\n<tr>\n<td><strong>Grado<\/strong><\/td>\n<td>Ingredienti alimentari<\/td>\n<\/tr>\n<tr>\n<td><strong>Immagazzinamento<\/strong><\/td>\n<td>in condizioni di conservazione ottimali e al riparo dalla luce diretta del sole.<\/td>\n<\/tr>\n<tr>\n<td><strong>Durata di conservazione<\/strong><\/td>\n<td>2 anni<\/td>\n<\/tr>\n<tr>\n<td><strong>Tempi di consegna<\/strong><\/td>\n<td>1-2 giorni dopo il pagamento<\/td>\n<\/tr>\n<\/tbody>\n<\/table>\n<h2><strong>Introduzione<\/strong><\/h2>\n<p><strong>Proteine della quinoa in polvere<\/strong>\u00a0\u00e8 uno degli unici alimenti di origine vegetale considerato una proteina completa, in quanto fornisce tutti gli aminoacidi essenziali. La quinoa contiene circa il 60% del chicco, mentre il germe di grano, in confronto, costituisce solo il 3% del chicco di grano. Questo rende la quinoa un sano sostituto delle proteine della carne e dei latticini, in particolare per controllare il peso, e il suo alto contenuto proteico aiuta a sentirsi sazi pi\u00f9 a lungo. La quinoa \u00e8 anche un'opzione senza glutine per le persone allergiche al grano.<\/p>\n<p><img fetchpriority=\"high\" decoding=\"async\" class=\"wp-image-750 size-full aligncenter\" src=\"http:\/\/wankonbiotech.com\/wp-content\/uploads\/2024\/08\/quinoa-protein-powder-1024x661-1.jpg\" alt=\"Proteine della quinoa in polvere\" width=\"1024\" height=\"661\" title=\"\" srcset=\"https:\/\/wankonbiotech.com\/wp-content\/uploads\/2024\/08\/quinoa-protein-powder-1024x661-1.jpg 1024w, https:\/\/wankonbiotech.com\/wp-content\/uploads\/2024\/08\/quinoa-protein-powder-1024x661-1-300x194.jpg 300w, https:\/\/wankonbiotech.com\/wp-content\/uploads\/2024\/08\/quinoa-protein-powder-1024x661-1-768x496.jpg 768w, https:\/\/wankonbiotech.com\/wp-content\/uploads\/2024\/08\/quinoa-protein-powder-1024x661-1-600x387.jpg 600w\" sizes=\"(max-width: 1024px) 100vw, 1024px\" \/><br \/>\nA differenza della maggior parte delle altre fonti proteiche di origine vegetale, la quinoa \u00e8 considerata una fonte proteica di alta qualit\u00e0 con tutti e nove gli aminoacidi essenziali. La quinoa contiene una quantit\u00e0 eccezionalmente elevata di lisina, un aminoacido solitamente carente nelle fonti a base vegetale, ed \u00e8 ricca di istidina e metionina. La digeribilit\u00e0 delle proteine della quinoa \u00e8 paragonabile a quella della caseina, una proteina di alta qualit\u00e0 contenuta nei prodotti caseari.<\/p>\n<h2><strong>Che cos'\u00e8 la polvere di proteine di quinoa?<\/strong><\/h2>\n<p>La polvere di proteine di quinoa \u00e8 prodotta dalla lavorazione dei semi di quinoa, uno pseudo-cereale originario della regione andina del Sud America. I semi vengono raccolti, puliti e poi macinati in una polvere fine, ricca di proteine, fibre e aminoacidi essenziali. A differenza di molte altre proteine di origine vegetale, la quinoa \u00e8 una proteina completa, cio\u00e8 contiene tutti e nove gli aminoacidi essenziali che il corpo non \u00e8 in grado di produrre da solo. Ci\u00f2 rende la polvere di proteine di quinoa una fonte proteica di grande valore, soprattutto per chi segue diete vegane o vegetariane.<\/p>\n<h2><strong>Benefici nutrizionali delle proteine in polvere della quinoa<\/strong><\/h2>\n<p>La polvere di proteine di quinoa \u00e8 un concentrato di energia nutrizionale e fornisce un'eccellente fonte di proteine di alta qualit\u00e0. Ogni porzione contiene in genere circa 12-15 grammi di proteine, a seconda del metodo di lavorazione. Oltre alle proteine, la quinoa \u00e8 anche ricca di fibre alimentari, che favoriscono la digestione e aiutano a mantenere un peso sano promuovendo il senso di saziet\u00e0. Inoltre, la polvere di proteine di quinoa \u00e8 ricca di vitamine e minerali essenziali, tra cui magnesio, ferro e vitamine del gruppo B, che favoriscono la produzione di energia, la salute delle ossa e la vitalit\u00e0 generale.<\/p>\n<p><img decoding=\"async\" class=\"wp-image-749 size-large aligncenter\" src=\"http:\/\/wankonbiotech.com\/wp-content\/uploads\/2024\/08\/quinoa-flour-scaled-1-1024x485.webp\" alt=\"Proteine della quinoa in polvere\" width=\"1024\" height=\"485\" title=\"\" srcset=\"https:\/\/wankonbiotech.com\/wp-content\/uploads\/2024\/08\/quinoa-flour-scaled-1-1024x485.webp 1024w, https:\/\/wankonbiotech.com\/wp-content\/uploads\/2024\/08\/quinoa-flour-scaled-1-300x142.webp 300w, https:\/\/wankonbiotech.com\/wp-content\/uploads\/2024\/08\/quinoa-flour-scaled-1-768x363.webp 768w, https:\/\/wankonbiotech.com\/wp-content\/uploads\/2024\/08\/quinoa-flour-scaled-1-1536x727.webp 1536w, https:\/\/wankonbiotech.com\/wp-content\/uploads\/2024\/08\/quinoa-flour-scaled-1-600x284.webp 600w, https:\/\/wankonbiotech.com\/wp-content\/uploads\/2024\/08\/quinoa-flour-scaled-1.webp 2048w\" sizes=\"(max-width: 1024px) 100vw, 1024px\" \/><\/p>\n<p>Un altro vantaggio notevole della polvere di proteine di quinoa \u00e8 il suo contenuto di antiossidanti, in particolare quercetina e kaempferolo, che aiutano a proteggere l'organismo dallo stress ossidativo e dall'infiammazione. I grassi sani presenti nella quinoa, tra cui gli acidi grassi omega-3 e omega-6, contribuiscono ulteriormente al suo profilo nutrizionale, favorendo la salute del cuore e riducendo il rischio di malattie croniche.<\/p>\n<p>Per saperne di pi\u00f9 su questa e altre proteine di origine vegetale, visitate il sito <a href=\"http:\/\/wankonbiotech.com\/it\/categoria-di-prodotto-2\/proteine-biologiche-di-origine-vegetale-2\/\" target=\"_new\" rel=\"noreferrer noopener\">La categoria delle proteine biologiche di origine vegetale di Wankon Biotech<\/a>.<\/p>","protected":false},"excerpt":{"rendered":"<p>La polvere proteica di quinoa \u00e8 uno degli unici alimenti di origine vegetale considerati una proteina completa, in quanto fornisce tutti gli aminoacidi essenziali. La quinoa contiene circa il 60% dei suoi chicchi, mentre il germe di grano, in confronto, costituisce solo il 3% del chicco di grano. Questo rende la quinoa un sano sostituto delle proteine della carne e dei latticini, in particolare per controllare il peso, e il suo alto contenuto proteico aiuta a sentirsi sazi pi\u00f9 a lungo. La quinoa \u00e8 anche un'opzione senza glutine per le persone allergiche al grano.<\/p>","protected":false},"featured_media":748,"template":"","meta":{"_acf_changed":false},"product_brand":[],"product_cat":[39],"product_tag":[],"class_list":{"0":"post-747","1":"product","2":"type-product","3":"status-publish","4":"has-post-thumbnail","6":"product_cat-organic-plant-based-protein","8":"first","9":"instock","10":"shipping-taxable","11":"product-type-simple"},"acf":[],"_links":{"self":[{"href":"https:\/\/wankonbiotech.com\/it\/wp-json\/wp\/v2\/product\/747","targetHints":{"allow":["GET"]}}],"collection":[{"href":"https:\/\/wankonbiotech.com\/it\/wp-json\/wp\/v2\/product"}],"about":[{"href":"https:\/\/wankonbiotech.com\/it\/wp-json\/wp\/v2\/types\/product"}],"wp:featuredmedia":[{"embeddable":true,"href":"https:\/\/wankonbiotech.com\/it\/wp-json\/wp\/v2\/media\/748"}],"wp:attachment":[{"href":"https:\/\/wankonbiotech.com\/it\/wp-json\/wp\/v2\/media?parent=747"}],"wp:term":[{"taxonomy":"product_brand","embeddable":true,"href":"https:\/\/wankonbiotech.com\/it\/wp-json\/wp\/v2\/product_brand?post=747"},{"taxonomy":"product_cat","embeddable":true,"href":"https:\/\/wankonbiotech.com\/it\/wp-json\/wp\/v2\/product_cat?post=747"},{"taxonomy":"product_tag","embeddable":true,"href":"https:\/\/wankonbiotech.com\/it\/wp-json\/wp\/v2\/product_tag?post=747"}],"curies":[{"name":"wp","href":"https:\/\/api.w.org\/{rel}","templated":true}]}}