{"id":718,"date":"2024-08-10T10:58:21","date_gmt":"2024-08-10T10:58:21","guid":{"rendered":"http:\/\/wankonbiotech.com\/?post_type=product&#038;p=718"},"modified":"2024-08-10T11:03:11","modified_gmt":"2024-08-10T11:03:11","slug":"high-purity-lupine-seed-protein","status":"publish","type":"product","link":"https:\/\/wankonbiotech.com\/it\/prodotto-2\/proteine-di-semi-di-lupino-di-elevata-purezza-2\/","title":{"rendered":"Proteine dei semi di lupino di elevata purezza"},"content":{"rendered":"<table>\n<tbody>\n<tr>\n<td width=\"284\"><strong>Un altro nome di prodotto<\/strong><\/td>\n<td width=\"284\">Proteine del lupino<\/td>\n<\/tr>\n<tr>\n<td width=\"284\"><strong>Nome latino<\/strong><\/td>\n<td width=\"284\">\u00a0Lupinus micranthus Guss.<\/td>\n<\/tr>\n<tr>\n<td width=\"284\"><strong>Specifiche<\/strong><\/td>\n<td width=\"284\">60%~65%<\/td>\n<\/tr>\n<tr>\n<td width=\"284\"><strong>Aspetto<\/strong><\/td>\n<td width=\"284\">\u00a0Polvere bianca spenta<\/td>\n<\/tr>\n<\/tbody>\n<\/table>\n<h2><strong>Introduzione<\/strong><\/h2>\n<p>La proteina dei semi di lupino \u00e8 una proteina derivata dai semi delle piante di lupino, che appartengono alla famiglia delle leguminose. La proteina dei semi di lupino \u00e8 considerata una proteina vegetale di alta qualit\u00e0, in quanto ricca di aminoacidi essenziali e con un elevato contenuto proteico. Pu\u00f2 essere utilizzata nei prodotti alimentari come fonte proteica, in particolare nei prodotti vegani e vegetariani, e ha anche potenziali applicazioni nell'industria dei mangimi. Inoltre, la proteina dei semi di lupino pu\u00f2 avere benefici per la salute, come sostenere la crescita muscolare e fornire una fonte di energia.<\/p>\n<p><img fetchpriority=\"high\" decoding=\"async\" class=\"alignnone wp-image-721 size-full\" src=\"http:\/\/wankonbiotech.com\/wp-content\/uploads\/2024\/08\/shutterstock_1758089033-scaled-e1657039272498.jpg\" alt=\"Proteine dei semi di lupino\" width=\"1600\" height=\"1067\" title=\"\" srcset=\"https:\/\/wankonbiotech.com\/wp-content\/uploads\/2024\/08\/shutterstock_1758089033-scaled-e1657039272498.jpg 1600w, https:\/\/wankonbiotech.com\/wp-content\/uploads\/2024\/08\/shutterstock_1758089033-scaled-e1657039272498-300x200.jpg 300w, https:\/\/wankonbiotech.com\/wp-content\/uploads\/2024\/08\/shutterstock_1758089033-scaled-e1657039272498-1024x683.jpg 1024w, https:\/\/wankonbiotech.com\/wp-content\/uploads\/2024\/08\/shutterstock_1758089033-scaled-e1657039272498-768x512.jpg 768w, https:\/\/wankonbiotech.com\/wp-content\/uploads\/2024\/08\/shutterstock_1758089033-scaled-e1657039272498-1536x1024.jpg 1536w, https:\/\/wankonbiotech.com\/wp-content\/uploads\/2024\/08\/shutterstock_1758089033-scaled-e1657039272498-600x400.jpg 600w\" sizes=\"(max-width: 1600px) 100vw, 1600px\" \/><br \/>\nLe proteine dei semi di lupino contengono una serie di principi attivi, costituiti principalmente da aminoacidi essenziali, come leucina, isoleucina, valina, lisina e altri. Questi aminoacidi sono componenti importanti delle proteine e svolgono ruoli cruciali in vari processi fisiologici dell'organismo. Inoltre, le proteine dei semi di lupino possono contenere sostanze fitochimiche, fibre e altri nutrienti naturalmente presenti nei semi di lupino. Questa fonte proteica \u00e8 spesso utilizzata in prodotti alimentari e integratori a base vegetale per il suo valore nutrizionale e le sue propriet\u00e0 funzionali.<\/p>\n<h2><strong>Che cos'\u00e8 la proteina dei semi di lupino?<\/strong><\/h2>\n<p>La Lupine Seed Protein \u00e8 una proteina di origine vegetale ricavata dai semi della pianta del lupino, appartenente alla famiglia delle leguminose. La proteina viene estratta attraverso un processo che prevede la decorticazione e la macinazione dei semi per creare una polvere fine e ricca di sostanze nutritive. Le proteine dei semi di lupino sono riconosciute per il loro elevato contenuto proteico, che pu\u00f2 variare da 60%~65%, rendendole una delle fonti proteiche vegetali pi\u00f9 ricche disponibili. Oltre ad essere ricca di proteine, la proteina di semi di lupino \u00e8 naturalmente priva di glutine, povera di grassi e ricca di fibre alimentari, aminoacidi essenziali e minerali importanti.<\/p>\n<h2><strong>Benefici nutrizionali delle proteine dei semi di lupino<\/strong><\/h2>\n<p>Una delle caratteristiche principali delle proteine dei semi di lupino \u00e8 il loro profilo nutrizionale completo. Questa proteina \u00e8 una fonte completa di aminoacidi essenziali, fondamentali per la riparazione muscolare, la funzione immunitaria e la salute generale. Grazie al suo elevato contenuto proteico, la proteina dei semi di lupino \u00e8 un'opzione eccellente per coloro che desiderano aumentare l'apporto proteico senza ricorrere a prodotti animali. \u00c8 inoltre ricca di fibre alimentari, che favoriscono la salute dell'apparato digerente, aiutano a mantenere stabili i livelli di zucchero nel sangue e favoriscono il senso di saziet\u00e0, contribuendo alla gestione del peso.<\/p>\n<p><img decoding=\"async\" class=\"wp-image-720 size-full aligncenter\" src=\"http:\/\/wankonbiotech.com\/wp-content\/uploads\/2024\/08\/kassey-downard-5s-ajSqziUE-unsplash.webp\" alt=\"Proteine dei semi di lupino\" width=\"1000\" height=\"662\" title=\"\" srcset=\"https:\/\/wankonbiotech.com\/wp-content\/uploads\/2024\/08\/kassey-downard-5s-ajSqziUE-unsplash.webp 1000w, https:\/\/wankonbiotech.com\/wp-content\/uploads\/2024\/08\/kassey-downard-5s-ajSqziUE-unsplash-300x199.webp 300w, https:\/\/wankonbiotech.com\/wp-content\/uploads\/2024\/08\/kassey-downard-5s-ajSqziUE-unsplash-768x508.webp 768w, https:\/\/wankonbiotech.com\/wp-content\/uploads\/2024\/08\/kassey-downard-5s-ajSqziUE-unsplash-600x397.webp 600w\" sizes=\"(max-width: 1000px) 100vw, 1000px\" \/><\/p>\n<p>Inoltre, le proteine dei semi di lupino sono una buona fonte di magnesio, calcio e potassio, minerali fondamentali per la salute delle ossa, la funzione muscolare e la salute cardiovascolare. A differenza di molte altre proteine di origine vegetale, la proteina di semi di lupino ha un basso indice glicemico, il che la rende una scelta ideale per i soggetti che gestiscono il diabete o che seguono diete a basso contenuto di carboidrati.<\/p>","protected":false},"excerpt":{"rendered":"<p>La proteina dei semi di lupino \u00e8 una proteina derivata dai semi delle piante di lupino, che appartengono alla famiglia delle leguminose. La proteina dei semi di lupino \u00e8 considerata una proteina vegetale di alta qualit\u00e0, in quanto ricca di aminoacidi essenziali e con un elevato contenuto proteico. Pu\u00f2 essere utilizzata nei prodotti alimentari come fonte proteica, in particolare nei prodotti vegani e vegetariani, e ha anche potenziali applicazioni nell'industria dei mangimi.<\/p>","protected":false},"featured_media":719,"template":"","meta":{"_acf_changed":false},"product_brand":[],"product_cat":[39],"product_tag":[],"class_list":{"0":"post-718","1":"product","2":"type-product","3":"status-publish","4":"has-post-thumbnail","6":"product_cat-organic-plant-based-protein","8":"first","9":"instock","10":"shipping-taxable","11":"product-type-simple"},"acf":[],"_links":{"self":[{"href":"https:\/\/wankonbiotech.com\/it\/wp-json\/wp\/v2\/product\/718","targetHints":{"allow":["GET"]}}],"collection":[{"href":"https:\/\/wankonbiotech.com\/it\/wp-json\/wp\/v2\/product"}],"about":[{"href":"https:\/\/wankonbiotech.com\/it\/wp-json\/wp\/v2\/types\/product"}],"wp:featuredmedia":[{"embeddable":true,"href":"https:\/\/wankonbiotech.com\/it\/wp-json\/wp\/v2\/media\/719"}],"wp:attachment":[{"href":"https:\/\/wankonbiotech.com\/it\/wp-json\/wp\/v2\/media?parent=718"}],"wp:term":[{"taxonomy":"product_brand","embeddable":true,"href":"https:\/\/wankonbiotech.com\/it\/wp-json\/wp\/v2\/product_brand?post=718"},{"taxonomy":"product_cat","embeddable":true,"href":"https:\/\/wankonbiotech.com\/it\/wp-json\/wp\/v2\/product_cat?post=718"},{"taxonomy":"product_tag","embeddable":true,"href":"https:\/\/wankonbiotech.com\/it\/wp-json\/wp\/v2\/product_tag?post=718"}],"curies":[{"name":"wp","href":"https:\/\/api.w.org\/{rel}","templated":true}]}}