{"id":709,"date":"2024-08-10T09:35:52","date_gmt":"2024-08-10T09:35:52","guid":{"rendered":"http:\/\/wankonbiotech.com\/?post_type=product&#038;p=709"},"modified":"2024-08-10T09:39:24","modified_gmt":"2024-08-10T09:39:24","slug":"pure-organic-almond-powder-cheap-high-quality-almond-protein-powder","status":"publish","type":"product","link":"https:\/\/wankonbiotech.com\/it\/prodotto-2\/polvere-di-mandorla-organica-pura-a-buon-mercato-polvere-proteica-di-mandorla-di-alta-qualita-2\/","title":{"rendered":"Polvere di mandorle organiche pure a buon mercato Polvere di proteine di mandorle di alta qualit\u00e0"},"content":{"rendered":"<table class=\"hight-light-first-column all magic-12\">\n<tbody>\n<tr>\n<td colspan=\"1\" rowspan=\"1\">\n<div><strong>Nome del prodotto<\/strong><\/div>\n<\/td>\n<td colspan=\"1\" rowspan=\"1\">\n<div>Proteine in polvere di mandorle<\/div>\n<\/td>\n<\/tr>\n<tr>\n<td colspan=\"1\" rowspan=\"1\">\n<div><strong>Aspetto<\/strong><\/div>\n<\/td>\n<td colspan=\"4\" rowspan=\"1\">\n<div>Polvere bianca spenta<\/div>\n<\/td>\n<\/tr>\n<tr>\n<td colspan=\"1\" rowspan=\"1\">\n<div><strong>Specifiche<\/strong><\/div>\n<\/td>\n<td colspan=\"4\" rowspan=\"1\">\n<div>90%<\/div>\n<\/td>\n<\/tr>\n<\/tbody>\n<\/table>\n<h2><strong>Introduzione<\/strong><\/h2>\n<p>Nel mondo in continua espansione dell'alimentazione a base vegetale, le proteine in polvere di mandorle sono emerse come un'alternativa unica e ricca di nutrienti alle fonti proteiche tradizionali. Derivata da mandorle finemente macinate, questa polvere proteica sta guadagnando popolarit\u00e0 tra i consumatori attenti alla salute e gli appassionati di fitness. Nota per il suo ricco profilo nutritivo e per la versatilit\u00e0 delle sue applicazioni, la polvere proteica di mandorle \u00e8 molto pi\u00f9 di una semplice fonte proteica: \u00e8 un concentrato di vitamine, minerali e grassi sani che contribuiscono al benessere generale. Questo articolo approfondisce i vari benefici, gli usi e i motivi per cui le proteine in polvere di mandorle sono una scelta superiore nel mercato delle proteine di origine vegetale.<\/p>\n<p><img fetchpriority=\"high\" decoding=\"async\" class=\"alignnone wp-image-712 size-full\" src=\"http:\/\/wankonbiotech.com\/wp-content\/uploads\/2024\/08\/Recipe-For-Almond-Meal-MSN-BCE.jpg\" alt=\"Proteine in polvere di mandorle\" width=\"1600\" height=\"900\" title=\"\" srcset=\"https:\/\/wankonbiotech.com\/wp-content\/uploads\/2024\/08\/Recipe-For-Almond-Meal-MSN-BCE.jpg 1600w, https:\/\/wankonbiotech.com\/wp-content\/uploads\/2024\/08\/Recipe-For-Almond-Meal-MSN-BCE-300x169.jpg 300w, https:\/\/wankonbiotech.com\/wp-content\/uploads\/2024\/08\/Recipe-For-Almond-Meal-MSN-BCE-1024x576.jpg 1024w, https:\/\/wankonbiotech.com\/wp-content\/uploads\/2024\/08\/Recipe-For-Almond-Meal-MSN-BCE-768x432.jpg 768w, https:\/\/wankonbiotech.com\/wp-content\/uploads\/2024\/08\/Recipe-For-Almond-Meal-MSN-BCE-1536x864.jpg 1536w, https:\/\/wankonbiotech.com\/wp-content\/uploads\/2024\/08\/Recipe-For-Almond-Meal-MSN-BCE-600x338.jpg 600w\" sizes=\"(max-width: 1600px) 100vw, 1600px\" \/><\/p>\n<h2><strong>Che cos'\u00e8 la polvere proteica di mandorle?<\/strong><\/h2>\n<p>La polvere proteica di mandorle \u00e8 ottenuta dalla lavorazione delle mandorle intere in una polvere fine dopo l'estrazione dell'olio. Questo processo preserva il contenuto proteico e conserva molti dei nutrienti benefici presenti nelle mandorle. Il risultato \u00e8 una polvere di colore chiaro con un leggero sapore di nocciola, che la rende un ingrediente versatile per una variet\u00e0 di applicazioni culinarie. A differenza di molte altre proteine in polvere, la polvere di proteine di mandorle \u00e8 naturalmente ricca di fibre, grassi sani e vitamine essenziali come la vitamina E, che la rendono un integratore alimentare olistico.<\/p>\n<h2><strong>Benefici nutrizionali delle proteine in polvere di mandorla<\/strong><\/h2>\n<p>Le proteine in polvere di mandorla non sono solo proteine, ma un integratore nutrizionale completo. Ogni porzione fornisce una buona quantit\u00e0 di proteine e di fibre alimentari, che aiutano la digestione e favoriscono il senso di saziet\u00e0. Inoltre, la polvere di proteine di mandorle \u00e8 un'ottima fonte di vitamina E, un antiossidante che favorisce la salute della pelle e del sistema immunitario. I grassi sani contenuti nelle mandorle, tra cui i grassi monoinsaturi, contribuiscono alla salute del cuore aiutando a ridurre i livelli di colesterolo cattivo. Questa polvere contiene anche minerali come magnesio, calcio e potassio, essenziali per la salute delle ossa e la funzione muscolare.<\/p>\n<h2><strong>Benefici per la salute delle proteine in polvere di mandorla<\/strong><\/h2>\n<p>I benefici per la salute delle proteine in polvere di mandorle vanno ben oltre il loro contenuto nutrizionale. \u00c8 noto che favorisce la salute del cuore, grazie agli alti livelli di grassi monoinsaturi e alla presenza di arginina, un aminoacido che aiuta a migliorare la circolazione sanguigna. La polvere di proteine di mandorle \u00e8 utile anche per chi gestisce il proprio peso, in quanto la combinazione di proteine, fibre e grassi sani favorisce il senso di saziet\u00e0 e riduce l'apporto calorico complessivo. Inoltre, gli antiossidanti contenuti nelle proteine di mandorla aiutano a combattere lo stress ossidativo, che pu\u00f2 portare a malattie croniche e all'invecchiamento precoce. Il basso contenuto di carboidrati e il basso indice glicemico ne fanno una scelta eccellente per chi gestisce i livelli di zucchero nel sangue.Benvenuto Esplora la nostra gamma completa di <a href=\"http:\/\/wankonbiotech.com\/it\/categoria-di-prodotto-2\/proteine-biologiche-di-origine-vegetale-2\/\">proteine in polvere a base vegetale<\/a>.<\/p>\n<p><img decoding=\"async\" class=\"wp-image-711 size-full\" src=\"http:\/\/wankonbiotech.com\/wp-content\/uploads\/2024\/08\/v2-8hk12-h3grk.jpg\" alt=\"Proteine in polvere di mandorle\" width=\"1213\" height=\"832\" title=\"\" srcset=\"https:\/\/wankonbiotech.com\/wp-content\/uploads\/2024\/08\/v2-8hk12-h3grk.jpg 1213w, https:\/\/wankonbiotech.com\/wp-content\/uploads\/2024\/08\/v2-8hk12-h3grk-300x206.jpg 300w, https:\/\/wankonbiotech.com\/wp-content\/uploads\/2024\/08\/v2-8hk12-h3grk-1024x702.jpg 1024w, https:\/\/wankonbiotech.com\/wp-content\/uploads\/2024\/08\/v2-8hk12-h3grk-768x527.jpg 768w, https:\/\/wankonbiotech.com\/wp-content\/uploads\/2024\/08\/v2-8hk12-h3grk-600x412.jpg 600w\" sizes=\"(max-width: 1213px) 100vw, 1213px\" \/><\/p>","protected":false},"excerpt":{"rendered":"<p>Nel mondo in continua espansione dell'alimentazione a base vegetale, le proteine in polvere di mandorle sono emerse come un'alternativa unica e ricca di nutrienti alle fonti proteiche tradizionali. Derivata da mandorle finemente macinate, questa polvere proteica sta guadagnando popolarit\u00e0 tra i consumatori attenti alla salute e gli appassionati di fitness.<\/p>","protected":false},"featured_media":710,"template":"","meta":{"_acf_changed":false},"product_brand":[],"product_cat":[39],"product_tag":[],"class_list":{"0":"post-709","1":"product","2":"type-product","3":"status-publish","4":"has-post-thumbnail","6":"product_cat-organic-plant-based-protein","8":"first","9":"instock","10":"shipping-taxable","11":"product-type-simple"},"acf":[],"_links":{"self":[{"href":"https:\/\/wankonbiotech.com\/it\/wp-json\/wp\/v2\/product\/709","targetHints":{"allow":["GET"]}}],"collection":[{"href":"https:\/\/wankonbiotech.com\/it\/wp-json\/wp\/v2\/product"}],"about":[{"href":"https:\/\/wankonbiotech.com\/it\/wp-json\/wp\/v2\/types\/product"}],"wp:featuredmedia":[{"embeddable":true,"href":"https:\/\/wankonbiotech.com\/it\/wp-json\/wp\/v2\/media\/710"}],"wp:attachment":[{"href":"https:\/\/wankonbiotech.com\/it\/wp-json\/wp\/v2\/media?parent=709"}],"wp:term":[{"taxonomy":"product_brand","embeddable":true,"href":"https:\/\/wankonbiotech.com\/it\/wp-json\/wp\/v2\/product_brand?post=709"},{"taxonomy":"product_cat","embeddable":true,"href":"https:\/\/wankonbiotech.com\/it\/wp-json\/wp\/v2\/product_cat?post=709"},{"taxonomy":"product_tag","embeddable":true,"href":"https:\/\/wankonbiotech.com\/it\/wp-json\/wp\/v2\/product_tag?post=709"}],"curies":[{"name":"wp","href":"https:\/\/api.w.org\/{rel}","templated":true}]}}