{"id":688,"date":"2024-08-09T15:46:58","date_gmt":"2024-08-09T15:46:58","guid":{"rendered":"http:\/\/wankonbiotech.com\/?post_type=product&#038;p=688"},"modified":"2024-08-09T16:11:53","modified_gmt":"2024-08-09T16:11:53","slug":"organic-pea-protein-powder-80-85-pea-protein-isolate","status":"publish","type":"product","link":"https:\/\/wankonbiotech.com\/it\/prodotto-2\/proteine-biologiche-di-pisello-in-polvere-80-85-proteine-isolate-di-pisello-2\/","title":{"rendered":"Polvere di proteine di pisello biologiche 80% 85% Proteine isolate di pisello"},"content":{"rendered":"<table class=\"hight-light-first-column all magic-7\">\n<tbody>\n<tr>\n<td colspan=\"1\" rowspan=\"1\">\n<div data-spm-anchor-id=\"a2700.details.0.i32.1a93ed4drhhEQY\"><strong>Nome del prodotto<\/strong><\/div>\n<\/td>\n<td style=\"width: 63.7821%;\" colspan=\"1\" rowspan=\"1\">\n<div>Proteine di pisello biologiche in polvere<\/div>\n<\/td>\n<\/tr>\n<tr>\n<td style=\"width: 33.9744%;\" colspan=\"1\" rowspan=\"1\">\n<div><strong>Parte usata<\/strong><\/div>\n<\/td>\n<td style=\"width: 63.7821%;\" colspan=\"1\" rowspan=\"1\">\n<div>Fagiolo<\/div>\n<\/td>\n<\/tr>\n<tr>\n<td style=\"width: 33.9744%;\" colspan=\"1\" rowspan=\"1\">\n<div><strong>Specifiche<\/strong><\/div>\n<\/td>\n<td style=\"width: 63.7821%;\" colspan=\"1\" rowspan=\"1\">\n<div data-spm-anchor-id=\"a2700.details.0.i33.1a93ed4drhhEQY\">80%<\/div>\n<\/td>\n<\/tr>\n<tr>\n<td style=\"width: 33.9744%;\" colspan=\"1\" rowspan=\"1\">\n<div><strong>Colore<\/strong><\/div>\n<\/td>\n<td style=\"width: 63.7821%;\" colspan=\"1\" rowspan=\"1\">\n<div>Polvere di colore giallo<\/div>\n<\/td>\n<\/tr>\n<tr>\n<td style=\"width: 33.9744%;\" colspan=\"1\" rowspan=\"1\">\n<div><strong>MOQ<\/strong><\/div>\n<\/td>\n<td style=\"width: 63.7821%;\" colspan=\"1\" rowspan=\"1\">\n<div>20 kg<\/div>\n<\/td>\n<\/tr>\n<tr>\n<td style=\"width: 33.9744%;\" colspan=\"1\" rowspan=\"1\">\n<div><strong>Campione<\/strong><\/div>\n<\/td>\n<td style=\"width: 63.7821%;\" colspan=\"1\" rowspan=\"1\">\n<div>Fornito gratuitamente<\/div>\n<\/td>\n<\/tr>\n<tr>\n<td style=\"width: 33.9744%;\" colspan=\"1\" rowspan=\"1\">\n<div><strong>Durata di conservazione<\/strong><\/div>\n<\/td>\n<td style=\"width: 63.7821%;\" colspan=\"1\" rowspan=\"1\">\n<div>24 mesi<\/div>\n<\/td>\n<\/tr>\n<\/tbody>\n<\/table>\n<h2><strong>Introduzione<\/strong><\/h2>\n<p>Nel panorama in evoluzione della salute e del benessere, la proteina di pisello biologica \u00e8 emersa come un'alternativa di primo piano per chi cerca una fonte proteica sostenibile e di origine vegetale. Questo prodotto non solo soddisfa le esigenze dietetiche di vegani e vegetariani, ma si rivolge anche a chiunque sia interessato a un'alimentazione pulita e a prodotti biologici. In questa esplorazione dettagliata, approfondiremo le propriet\u00e0, i benefici e le applicazioni uniche della proteina di pisello biologica, spiegando perch\u00e9 \u00e8 la scelta preferita dai consumatori attenti alla salute e dai produttori dell'industria alimentare e delle bevande.<\/p>\n<p><img fetchpriority=\"high\" decoding=\"async\" class=\"alignnone wp-image-692 size-full\" src=\"http:\/\/wankonbiotech.com\/wp-content\/uploads\/2024\/08\/pea-protein.jpg\" alt=\"Proteine del pisello biologiche\" width=\"1000\" height=\"500\" title=\"\" srcset=\"https:\/\/wankonbiotech.com\/wp-content\/uploads\/2024\/08\/pea-protein.jpg 1000w, https:\/\/wankonbiotech.com\/wp-content\/uploads\/2024\/08\/pea-protein-300x150.jpg 300w, https:\/\/wankonbiotech.com\/wp-content\/uploads\/2024\/08\/pea-protein-768x384.jpg 768w, https:\/\/wankonbiotech.com\/wp-content\/uploads\/2024\/08\/pea-protein-600x300.jpg 600w\" sizes=\"(max-width: 1000px) 100vw, 1000px\" \/><\/p>\n<h2><strong>Che cos'\u00e8 la proteina di pisello biologica?<\/strong><\/h2>\n<p>Le proteine di pisello biologiche derivano dai piselli gialli (Pisum sativum) e sono sottoposte a un attento processo di estrazione per rimuovere l'amido e le fibre, lasciando un concentrato proteico di alta qualit\u00e0. L'etichetta \"bio\" indica che i piselli utilizzati sono coltivati senza pesticidi sintetici, erbicidi o organismi geneticamente modificati (OGM), rendendoli una fonte proteica pi\u00f9 pulita ed ecologica. Il prodotto risultante \u00e8 una polvere fine e beige che pu\u00f2 essere facilmente incorporata in varie applicazioni di alimenti e bevande. <a href=\"http:\/\/wankonbiotech.com\/it\/categoria-di-prodotto-2\/proteine-biologiche-di-origine-vegetale-2\/\">proteine biologiche di origine vegetale<\/a>.<\/p>\n<h2><strong>Benefici nutrizionali della proteina di pisello biologica<\/strong><\/h2>\n<p>Le proteine biologiche del pisello sono un concentrato di nutrizione e offrono un profilo aminoacidico completo, compresi gli aminoacidi essenziali richiesti dall'organismo umano. \u00c8 particolarmente ricca di aminoacidi a catena ramificata (BCAA) come leucina, isoleucina e valina, fondamentali per la crescita e il recupero muscolare. Inoltre, le proteine di pisello biologiche sono ipoallergeniche, quindi adatte a persone con sensibilit\u00e0 o allergie alimentari, in particolare a latticini, soia o glutine. \u00c8 anche ricca di ferro, un minerale essenziale che spesso manca nelle diete a base vegetale.<\/p>\n<p><img decoding=\"async\" class=\"alignnone wp-image-691 size-full\" src=\"http:\/\/wankonbiotech.com\/wp-content\/uploads\/2024\/08\/pea_protein-1.webp\" alt=\"Proteine di origine vegetale\" width=\"1000\" height=\"684\" title=\"\" srcset=\"https:\/\/wankonbiotech.com\/wp-content\/uploads\/2024\/08\/pea_protein-1.webp 1000w, https:\/\/wankonbiotech.com\/wp-content\/uploads\/2024\/08\/pea_protein-1-300x205.webp 300w, https:\/\/wankonbiotech.com\/wp-content\/uploads\/2024\/08\/pea_protein-1-768x525.webp 768w, https:\/\/wankonbiotech.com\/wp-content\/uploads\/2024\/08\/pea_protein-1-600x410.webp 600w\" sizes=\"(max-width: 1000px) 100vw, 1000px\" \/><\/p>\n<h2><strong>Benefici per la salute delle proteine di pisello biologiche<\/strong><\/h2>\n<p>I benefici per la salute delle proteine biologiche del pisello vanno oltre il loro contenuto nutrizionale. Alcuni studi hanno dimostrato che pu\u00f2 aiutare a gestire la pressione sanguigna e a sostenere la salute del cuore grazie agli alti livelli di arginina, un aminoacido che favorisce il flusso sanguigno. La proteina di pisello biologica \u00e8 anche benefica per la salute dell'apparato digerente, in quanto \u00e8 facilmente digeribile e ha meno probabilit\u00e0 di causare gonfiore rispetto ad altre fonti proteiche. Il suo basso indice glicemico la rende una scelta eccellente per coloro che gestiscono i livelli di zucchero nel sangue, contribuendo a un'energia sostenuta senza picchi e crolli.<\/p>","protected":false},"excerpt":{"rendered":"<p>Nel panorama in evoluzione della salute e del benessere, la proteina di pisello biologica \u00e8 emersa come un'alternativa di primo piano per chi cerca una fonte proteica sostenibile e di origine vegetale. Questo prodotto non solo soddisfa le esigenze dietetiche di vegani e vegetariani, ma si rivolge anche a chiunque sia interessato a un'alimentazione pulita e a prodotti biologici. In questa esplorazione dettagliata, approfondiremo le propriet\u00e0, i benefici e le applicazioni uniche della proteina di pisello biologica, spiegando perch\u00e9 \u00e8 la scelta preferita dai consumatori attenti alla salute e dai produttori dell'industria alimentare e delle bevande.<\/p>","protected":false},"featured_media":689,"template":"","meta":{"_acf_changed":false},"product_brand":[],"product_cat":[39],"product_tag":[],"class_list":{"0":"post-688","1":"product","2":"type-product","3":"status-publish","4":"has-post-thumbnail","6":"product_cat-organic-plant-based-protein","8":"first","9":"instock","10":"shipping-taxable","11":"product-type-simple"},"acf":[],"_links":{"self":[{"href":"https:\/\/wankonbiotech.com\/it\/wp-json\/wp\/v2\/product\/688","targetHints":{"allow":["GET"]}}],"collection":[{"href":"https:\/\/wankonbiotech.com\/it\/wp-json\/wp\/v2\/product"}],"about":[{"href":"https:\/\/wankonbiotech.com\/it\/wp-json\/wp\/v2\/types\/product"}],"wp:featuredmedia":[{"embeddable":true,"href":"https:\/\/wankonbiotech.com\/it\/wp-json\/wp\/v2\/media\/689"}],"wp:attachment":[{"href":"https:\/\/wankonbiotech.com\/it\/wp-json\/wp\/v2\/media?parent=688"}],"wp:term":[{"taxonomy":"product_brand","embeddable":true,"href":"https:\/\/wankonbiotech.com\/it\/wp-json\/wp\/v2\/product_brand?post=688"},{"taxonomy":"product_cat","embeddable":true,"href":"https:\/\/wankonbiotech.com\/it\/wp-json\/wp\/v2\/product_cat?post=688"},{"taxonomy":"product_tag","embeddable":true,"href":"https:\/\/wankonbiotech.com\/it\/wp-json\/wp\/v2\/product_tag?post=688"}],"curies":[{"name":"wp","href":"https:\/\/api.w.org\/{rel}","templated":true}]}}