{"id":651,"date":"2024-08-09T07:57:55","date_gmt":"2024-08-09T07:57:55","guid":{"rendered":"http:\/\/wankonbiotech.com\/?post_type=product&#038;p=651"},"modified":"2024-08-20T02:00:11","modified_gmt":"2024-08-20T02:00:11","slug":"pure-isolate-soy-protein-isolate-powder-90-soy-protein-isolate","status":"publish","type":"product","link":"https:\/\/wankonbiotech.com\/it\/prodotto-2\/isolato-puro-di-proteine-di-soia-in-polvere-90-proteine-di-soia-isolate-2\/","title":{"rendered":"Pure Isolate Soy Protein Isolate Powder 90% Proteine isolate di soia in polvere"},"content":{"rendered":"<table>\n<tbody>\n<tr>\n<td colspan=\"1\" rowspan=\"1\">\n<div data-spm-anchor-id=\"a2700.details.0.i39.5eef1e8aNrPzX8\"><strong>Nome del prodotto<\/strong><\/div>\n<\/td>\n<td colspan=\"1\" rowspan=\"1\">\n<div>Proteine isolate della soia<\/div>\n<\/td>\n<\/tr>\n<tr>\n<td colspan=\"1\" rowspan=\"1\">\n<div><strong>Grado<\/strong><\/div>\n<\/td>\n<td colspan=\"1\" rowspan=\"1\">\n<div>Grado alimentare<\/div>\n<\/td>\n<\/tr>\n<tr>\n<td colspan=\"1\" rowspan=\"1\">\n<div><strong>Specifiche<\/strong><\/div>\n<\/td>\n<td colspan=\"1\" rowspan=\"1\">\n<div>Proteina 90%<\/div>\n<\/td>\n<\/tr>\n<tr>\n<td colspan=\"1\" rowspan=\"1\">\n<div><strong>Formula molecolare<\/strong><\/div>\n<\/td>\n<td colspan=\"1\" rowspan=\"1\">\n<div>C13H10N2<\/div>\n<\/td>\n<\/tr>\n<tr>\n<td colspan=\"1\" rowspan=\"1\">\n<div><strong>Aspetto<\/strong><\/div>\n<\/td>\n<td colspan=\"1\" rowspan=\"1\">\n<div>Polvere di colore bianco chiaro o bianco lattiginoso<\/div>\n<\/td>\n<\/tr>\n<tr>\n<td colspan=\"1\" rowspan=\"1\">\n<div><strong>Metodo di prova<\/strong><\/div>\n<\/td>\n<td colspan=\"1\" rowspan=\"1\">\n<div>HPLC<\/div>\n<\/td>\n<\/tr>\n<tr>\n<td colspan=\"1\" rowspan=\"1\">\n<div><strong>CAS<\/strong><\/div>\n<\/td>\n<td colspan=\"1\" rowspan=\"1\">\n<div>9010-10-0<\/div>\n<\/td>\n<\/tr>\n<\/tbody>\n<\/table>\n<h2><strong>Introduzione<\/strong><\/h2>\n<p>Nel dinamico mondo della salute e della nutrizione, la domanda di fonti proteiche di origine vegetale \u00e8 in aumento e le proteine isolate della soia si distinguono come un'opzione superiore. In quanto proteina in polvere di origine vegetale, offre numerosi benefici che la rendono un ingrediente essenziale per gli individui attenti alla salute, gli atleti e coloro che cercano un'alternativa alle proteine di origine animale. Esplora la nostra gamma di <a href=\"http:\/\/wankonbiotech.com\/it\/categoria-di-prodotto-2\/proteine-biologiche-di-origine-vegetale-2\/\">Proteine biologiche di origine vegetale<\/a>. Questo approfondimento sul prodotto esplorer\u00e0 le propriet\u00e0, i benefici e le applicazioni uniche delle proteine isolate della soia, evidenziando perch\u00e9 sono una scelta eccellente sia per i consumatori che per le aziende.<\/p>\n<p><img fetchpriority=\"high\" decoding=\"async\" class=\"alignnone wp-image-682 size-full\" src=\"http:\/\/wankonbiotech.com\/wp-content\/uploads\/2024\/08\/soyproviso4-min_1_1200x.jpg\" alt=\"\" width=\"1199\" height=\"600\" title=\"\" srcset=\"https:\/\/wankonbiotech.com\/wp-content\/uploads\/2024\/08\/soyproviso4-min_1_1200x.jpg 1199w, https:\/\/wankonbiotech.com\/wp-content\/uploads\/2024\/08\/soyproviso4-min_1_1200x-300x150.jpg 300w, https:\/\/wankonbiotech.com\/wp-content\/uploads\/2024\/08\/soyproviso4-min_1_1200x-1024x512.jpg 1024w, https:\/\/wankonbiotech.com\/wp-content\/uploads\/2024\/08\/soyproviso4-min_1_1200x-768x384.jpg 768w, https:\/\/wankonbiotech.com\/wp-content\/uploads\/2024\/08\/soyproviso4-min_1_1200x-600x300.jpg 600w\" sizes=\"(max-width: 1199px) 100vw, 1199px\" \/><\/p>\n<h2><strong>Che cos'\u00e8 la proteina di soia isolata?<\/strong><\/h2>\n<p>Le proteine isolate della soia sono una forma altamente raffinata di proteine della soia, derivate da fiocchi di soia sgrassati. Attraverso un processo meticoloso di lavaggio dei semi di soia con acqua e alcol, la proteina viene estratta e purificata, ottenendo un prodotto con un contenuto proteico superiore a 90% in peso. Questo processo rimuove la maggior parte dei grassi e dei carboidrati, lasciando una fonte proteica concentrata con livelli minimi di grassi e carboidrati.<\/p>\n<p><img decoding=\"async\" class=\"alignnone wp-image-683 size-full\" src=\"http:\/\/wankonbiotech.com\/wp-content\/uploads\/2024\/08\/soy-protein-powder-with-soybeans-isolated-white-background_264757-86.jpg\" alt=\"\" width=\"1380\" height=\"920\" title=\"\" srcset=\"https:\/\/wankonbiotech.com\/wp-content\/uploads\/2024\/08\/soy-protein-powder-with-soybeans-isolated-white-background_264757-86.jpg 1380w, https:\/\/wankonbiotech.com\/wp-content\/uploads\/2024\/08\/soy-protein-powder-with-soybeans-isolated-white-background_264757-86-300x200.jpg 300w, https:\/\/wankonbiotech.com\/wp-content\/uploads\/2024\/08\/soy-protein-powder-with-soybeans-isolated-white-background_264757-86-1024x683.jpg 1024w, https:\/\/wankonbiotech.com\/wp-content\/uploads\/2024\/08\/soy-protein-powder-with-soybeans-isolated-white-background_264757-86-768x512.jpg 768w, https:\/\/wankonbiotech.com\/wp-content\/uploads\/2024\/08\/soy-protein-powder-with-soybeans-isolated-white-background_264757-86-600x400.jpg 600w\" sizes=\"(max-width: 1380px) 100vw, 1380px\" \/><\/p>\n<p>&nbsp;<\/p>\n<h2><strong>Benefici nutrizionali delle proteine isolate della soia<\/strong><\/h2>\n<p>Le proteine isolate della soia non solo hanno un elevato contenuto proteico, ma sono anche proteine complete, in quanto contengono tutti e nove gli aminoacidi essenziali richiesti dall'organismo umano. Questo la rende un'opzione eccellente per chi vuole soddisfare il proprio fabbisogno proteico giornaliero, in particolare in una dieta a base vegetale. Inoltre, le proteine isolate della soia hanno un basso contenuto di grassi e carboidrati, il che le rende adatte a chi segue una dieta a basso contenuto calorico. La presenza di isoflavoni, un tipo di fitoestrogeno, ne arricchisce il profilo nutrizionale, offrendo potenziali benefici per la salute, come la riduzione dei livelli di colesterolo e il miglioramento della salute del cuore. <a href=\"http:\/\/wankonbiotech.com\/it\/perche-le-proteine-della-soia-dovrebbero-essere-un-punto-fermo-del-vostro-piano-alimentare-sano-2\/\">sui benefici della proteina di soia nella vostra dieta<\/a>.<\/p>\n<p><iframe title=\"Esposizione di proteine isolate di soia in polvere\" width=\"800\" height=\"450\" src=\"https:\/\/www.youtube.com\/embed\/tydPOFkIi8k?feature=oembed\" frameborder=\"0\" allow=\"accelerometer; autoplay; clipboard-write; encrypted-media; gyroscope; picture-in-picture; web-share\" referrerpolicy=\"strict-origin-when-cross-origin\" allowfullscreen><\/iframe><\/p>\n<p>&nbsp;<\/p>","protected":false},"excerpt":{"rendered":"<p>Nel dinamico mondo della salute e della nutrizione, la domanda di fonti proteiche di origine vegetale \u00e8 in aumento e le proteine isolate della soia si distinguono come un'opzione superiore. In quanto proteina in polvere di origine vegetale, offre numerosi vantaggi che la rendono un ingrediente essenziale per gli individui attenti alla salute, gli atleti e coloro che cercano un'alternativa alle proteine di origine animale. Questo approfondimento sul prodotto esplorer\u00e0 le propriet\u00e0, i benefici e le applicazioni uniche delle proteine isolate della soia, evidenziando perch\u00e9 sono una scelta eccellente sia per i consumatori che per le aziende.<\/p>","protected":false},"featured_media":679,"template":"","meta":{"_acf_changed":false},"product_brand":[],"product_cat":[39],"product_tag":[],"class_list":{"0":"post-651","1":"product","2":"type-product","3":"status-publish","4":"has-post-thumbnail","6":"product_cat-organic-plant-based-protein","8":"first","9":"instock","10":"shipping-taxable","11":"product-type-simple"},"acf":[],"_links":{"self":[{"href":"https:\/\/wankonbiotech.com\/it\/wp-json\/wp\/v2\/product\/651","targetHints":{"allow":["GET"]}}],"collection":[{"href":"https:\/\/wankonbiotech.com\/it\/wp-json\/wp\/v2\/product"}],"about":[{"href":"https:\/\/wankonbiotech.com\/it\/wp-json\/wp\/v2\/types\/product"}],"wp:featuredmedia":[{"embeddable":true,"href":"https:\/\/wankonbiotech.com\/it\/wp-json\/wp\/v2\/media\/679"}],"wp:attachment":[{"href":"https:\/\/wankonbiotech.com\/it\/wp-json\/wp\/v2\/media?parent=651"}],"wp:term":[{"taxonomy":"product_brand","embeddable":true,"href":"https:\/\/wankonbiotech.com\/it\/wp-json\/wp\/v2\/product_brand?post=651"},{"taxonomy":"product_cat","embeddable":true,"href":"https:\/\/wankonbiotech.com\/it\/wp-json\/wp\/v2\/product_cat?post=651"},{"taxonomy":"product_tag","embeddable":true,"href":"https:\/\/wankonbiotech.com\/it\/wp-json\/wp\/v2\/product_tag?post=651"}],"curies":[{"name":"wp","href":"https:\/\/api.w.org\/{rel}","templated":true}]}}